{"id":59168,"date":"2026-05-13T15:29:59","date_gmt":"2026-05-13T20:29:59","guid":{"rendered":"https:\/\/www.grandsalondeguitare.com\/?post_type=product&#038;p=59168"},"modified":"2026-05-13T16:35:54","modified_gmt":"2026-05-13T21:35:54","slug":"c-861-david-ryer-canada-copy","status":"publish","type":"product","link":"https:\/\/www.grandsalondeguitare.com\/fr\/produit\/c-861-david-ryer-canada-copy\/","title":{"rendered":"C-870, Jose Marques (Portugal)"},"content":{"rendered":"<p>Nouvelle guitare classique \u00ab\u00a0Double Table\u00a0\u00bb de concert<\/p>\n<p>Ann\u00e9e 2026<\/p>\n<p>N-125<\/p>\n<p>Diapason de 650 mm, largeur au sillet de 52 mm<\/p>\n<p>Table en \u00e9pic\u00e9a Engelmann sur C\u00e8dre rouge de l&rsquo;ouest<\/p>\n<p>Barrage en \u00e9ventail avec \u00e2me en Nomex<\/p>\n<p>Fond et \u00e9clisses en palissandre du Br\u00e9sil lamin\u00e9 avec acajou<\/p>\n<p>Manche en \u00e9rable ond\u00e9<\/p>\n<p>Touche en \u00e9b\u00e8ne avec 20e frette<\/p>\n<p>Port de son<\/p>\n<p>Placage de la t\u00eate et du chevalet en palissandre indien<\/p>\n<p>Repose-bras en \u00e9b\u00e8ne<\/p>\n<p>M\u00e9caniques Kraken avec rouleaux en aluminium &amp; boutons en \u00e9b\u00e8ne<\/p>\n<p>Finition vernis nitrocellulosique mat sur la table<\/p>\n<p>Finition vernis polyur\u00e9thane pour le reste de la guitare<\/p>\n<p>\u00c9tui De Cascia en fibre de verre inclus<\/p>\n<p>&nbsp;<\/p>\n<p>Poids : 1,8 kg<\/p>\n<p>Longueur de caisse : 48 cm<\/p>\n<p>Largeur de la caisse (haut) : 27,5 cm<\/p>\n<p>Largeur de la caisse (bas) : 36,5 cm<\/p>\n<p>Profondeur du corps : 9,8 cm<\/p>\n<p>&nbsp;<\/p>\n<h4>\u00c0 propos du luthier<\/h4>\n<p class=\"isSelectedEnd\">N\u00e9 au Portugal, Jos\u00e9 Marques d\u00e9veloppe tr\u00e8s t\u00f4t un lien profond avec la musique et le travail du bois \u2014 deux univers qui d\u00e9finiront plus tard sa vocation. Apr\u00e8s une premi\u00e8re carri\u00e8re dans l\u2019\u00e9b\u00e9nisterie, il choisit de se consacrer pleinement \u00e0 la lutherie et entreprend sa formation aupr\u00e8s du luthier portugais Daniel Luz.<\/p>\n<p class=\"isSelectedEnd\">Ses premiers instruments s\u2019inspirent profond\u00e9ment de la tradition musicale portugaise, notamment de la <em>guitarra portuguesa<\/em> et de la <em>viola campani\u00e7a<\/em>. Au fil du temps, son int\u00e9r\u00eat se tourne vers la guitare classique, un domaine dans lequel il peut conjuguer savoir-faire traditionnel et recherche acoustique contemporaine.<\/p>\n<p class=\"isSelectedEnd\">Apr\u00e8s plusieurs exp\u00e9riences professionnelles au Royaume-Uni, o\u00f9 il enrichit ses connaissances techniques au sein de diff\u00e9rents ateliers, Jos\u00e9 Marques revient au Portugal et fonde son propre atelier \u00e0 Corti\u00e7ois. Il s\u2019y consacre \u00e0 la fabrication de guitares classiques de concert, caract\u00e9ris\u00e9es par une lutherie raffin\u00e9e, une grande r\u00e9activit\u00e9 et une conception sonore r\u00e9solument moderne. Son travail t\u00e9moigne d\u2019un \u00e9quilibre subtil entre tradition et innovation, avec une attention particuli\u00e8re port\u00e9e \u00e0 la projection, au confort de jeu et au potentiel expressif de l\u2019instrument.<\/p>\n<h4>\u00c0 propos de la guitare<\/h4>\n<p class=\"isSelectedEnd\">Construite en 2026, cette guitare de concert illustre parfaitement l\u2019approche contemporaine de Jos\u00e9 Marques en mati\u00e8re de lutherie classique. R\u00e9alis\u00e9e selon une conception <em>double table<\/em> en \u00e9pic\u00e9a, l\u2019instrument associe une table d\u2019harmonie finement travaill\u00e9e \u00e0 un noyau interne ultral\u00e9ger, cr\u00e9ant une structure d\u2019une remarquable sensibilit\u00e9 et efficacit\u00e9 acoustique. Le r\u00e9sultat est une guitare d\u2019une r\u00e9ponse imm\u00e9diate, capable de conserver stabilit\u00e9 et ma\u00eetrise sur une large palette dynamique.<\/p>\n<p class=\"isSelectedEnd\">Le dos et les \u00e9clisses en palissandre indien apportent chaleur, profondeur et richesse harmonique, compl\u00e9tant la vivacit\u00e9 de la double table par une r\u00e9sonance ample et soutenue. Les basses se distinguent par leur ampleur et leur d\u00e9finition, tandis que les aigus offrent clart\u00e9, pr\u00e9cision et un excellent pouvoir de projection. Sur l\u2019ensemble du registre, l\u2019instrument conserve une coh\u00e9rence tonale remarquable, avec des transitions fluides entre les voix et une pr\u00e9sence harmonique ma\u00eetris\u00e9e et raffin\u00e9e.<\/p>\n<p class=\"isSelectedEnd\">En jeu, la guitare se distingue par une projection exceptionnelle, un sustain g\u00e9n\u00e9reux et une r\u00e9ponse d\u2019une grande facilit\u00e9. Elle permet aussi bien les nuances les plus d\u00e9licates qu\u2019une attaque plus affirm\u00e9e de type concert, sans jamais perdre en clart\u00e9 ni en \u00e9quilibre. Sa construction l\u00e9g\u00e8re contribue \u00e9galement \u00e0 un confort de jeu remarquable lors des longues sessions, renfor\u00e7ant le caract\u00e8re pratique et sophistiqu\u00e9 de cet instrument de concert moderne.<\/p>\n<p>La Double Top 2026 de Jos\u00e9 Marques constitue un remarquable exemple de la lutherie portugaise contemporaine \u2014 un instrument o\u00f9 se rencontrent pr\u00e9cision, puissance et raffinement. Pens\u00e9e pour r\u00e9pondre aux exigences du guitariste de concert moderne, elle offre une r\u00e9ponse imm\u00e9diate, un \u00e9quilibre tonal exemplaire et une grande richesse expressive.<\/p>\n","protected":false},"excerpt":{"rendered":"<p>La Double Top 2026 de Jos\u00e9 Marques constitue un remarquable exemple de la lutherie contemporaine \u2014 un instrument o\u00f9 se rencontrent pr\u00e9cision, puissance et raffinement.<\/p>\n<p>Pens\u00e9e pour r\u00e9pondre aux exigences du guitariste de concert moderne, elle offre une r\u00e9ponse imm\u00e9diate, un \u00e9quilibre tonal exemplaire et une grande richesse expressive.<\/p>\n<p>Un essaie s&rsquo;impose !!<\/p>\n","protected":false},"featured_media":59170,"comment_status":"closed","ping_status":"closed","template":"","meta":{"_mo_disable_npp":""},"product_brand":[],"product_cat":[2258,1058,1057],"product_tag":[1881],"class_list":{"0":"post-59168","1":"product","2":"type-product","3":"status-publish","4":"has-post-thumbnail","6":"product_cat-double-tops","7":"product_cat-guitares","8":"product_cat-guitares-classique","9":"product_tag-luthier-jose-marques-portugal-fr","10":"sales-flash-overlay","11":"woocommerce-text-align-left","12":"woocommerce-image-align-center","13":"do-quantity-buttons","14":"wc-has-gallery","16":"first","17":"instock","18":"taxable","19":"shipping-taxable","20":"purchasable","21":"product-type-simple"},"_links":{"self":[{"href":"https:\/\/www.grandsalondeguitare.com\/fr\/wp-json\/wp\/v2\/product\/59168","targetHints":{"allow":["GET"]}}],"collection":[{"href":"https:\/\/www.grandsalondeguitare.com\/fr\/wp-json\/wp\/v2\/product"}],"about":[{"href":"https:\/\/www.grandsalondeguitare.com\/fr\/wp-json\/wp\/v2\/types\/product"}],"replies":[{"embeddable":true,"href":"https:\/\/www.grandsalondeguitare.com\/fr\/wp-json\/wp\/v2\/comments?post=59168"}],"wp:featuredmedia":[{"embeddable":true,"href":"https:\/\/www.grandsalondeguitare.com\/fr\/wp-json\/wp\/v2\/media\/59170"}],"wp:attachment":[{"href":"https:\/\/www.grandsalondeguitare.com\/fr\/wp-json\/wp\/v2\/media?parent=59168"}],"wp:term":[{"taxonomy":"product_brand","embeddable":true,"href":"https:\/\/www.grandsalondeguitare.com\/fr\/wp-json\/wp\/v2\/product_brand?post=59168"},{"taxonomy":"product_cat","embeddable":true,"href":"https:\/\/www.grandsalondeguitare.com\/fr\/wp-json\/wp\/v2\/product_cat?post=59168"},{"taxonomy":"product_tag","embeddable":true,"href":"https:\/\/www.grandsalondeguitare.com\/fr\/wp-json\/wp\/v2\/product_tag?post=59168"}],"curies":[{"name":"wp","href":"https:\/\/api.w.org\/{rel}","templated":true}]}}