{"id":59083,"date":"2026-05-01T16:04:42","date_gmt":"2026-05-01T21:04:42","guid":{"rendered":"https:\/\/www.grandsalondeguitare.com\/?post_type=product&#038;p=59083"},"modified":"2026-05-01T16:50:54","modified_gmt":"2026-05-01T21:50:54","slug":"c-867-marco-lijoi-italie-copy","status":"publish","type":"product","link":"https:\/\/www.grandsalondeguitare.com\/fr\/produit\/c-867-marco-lijoi-italie-copy\/","title":{"rendered":"C-869, Marco Lijoi (Italie)"},"content":{"rendered":"<p>Nouvelle guitare classique double table de concert<\/p>\n<p>Mod\u00e8le \u00ab Galattica \u00bb<\/p>\n<p>Ann\u00e9e 2025<\/p>\n<p>N-036D<\/p>\n<p>Diapason de 650 mm, sillet de 52,5 mm<\/p>\n<p>Tables en \u00e9pic\u00e8a \u00ab\u00a0Val di Fiemme\u00a0\u00bb<\/p>\n<p>Noyau interne et barrages en \u00ab\u00a0Balsa\u00a0\u00bb \u00e0 7 pans renforc\u00e9 au carbone<\/p>\n<p>Fond et \u00e9clisses en palissandre indien<\/p>\n<p>Manche en c\u00e8dre du Br\u00e9sil<\/p>\n<p>Touche en \u00e9b\u00e8ne<\/p>\n<p>Placage de t\u00eate et de chevalet en palissandre<\/p>\n<p>Rosace d&rsquo;inspiration c\u00e9leste \u00e9voquant la Voie lact\u00e9e\u00a0!<\/p>\n<p>M\u00e9caniques Der Jung 306GX (rapport de transmission 18:1)<\/p>\n<p>Finition vernis au laque \u00e0 base d&rsquo;eau<\/p>\n<p>\u00c9tui rigide ABS inclus<\/p>\n<p>&nbsp;<\/p>\n<p>Poids de la guitare : 1,5 kg<\/p>\n<p>Longueur du corps : 48 cm<\/p>\n<p>\u00c9paisseur du corps : 9,8 cm<\/p>\n<p>Largeur de la caisse (haut) : 28 cm<\/p>\n<p>Largeur de la caisse (bas) : 37 cm<\/p>\n<p>&nbsp;<\/p>\n<p>Marco Lijoi est un luthier italien prometteur dont la passion pour la musique et le travail du bois remonte \u00e0 sa plus tendre enfance. Apr\u00e8s des \u00e9tudes initiales de guitare selon la m\u00e9thode Suzuki, il s&rsquo;est form\u00e9 aupr\u00e8s d&rsquo;Aldo Illotta \u00e0 Biella avant de terminer sa formation \u00e0 la prestigieuse Civica Scuola di Liuteria de Milan, o\u00f9 il a obtenu son dipl\u00f4me et ouvert son propre atelier.<\/p>\n<p>Marco Lijoi fabrique des guitares de concert d&rsquo;une facture m\u00e9ticuleuse, reconnues pour leur sonorit\u00e9 \u00e9quilibr\u00e9e, leur projection claire et leur caract\u00e8re acoustique raffin\u00e9. Alliant expertise scientifique et savoir-faire traditionnel, il s&rsquo;est rapidement impos\u00e9 comme une figure incontournable de la lutherie italienne contemporaine.<\/p>\n<p data-start=\"38\" data-end=\"81\"><strong data-start=\"38\" data-end=\"81\">D\u00e9tails de construction par Marco Lijoi<\/strong><\/p>\n<p data-start=\"83\" data-end=\"404\">Cet instrument s\u2019inscrit dans un projet personnel d\u00e9velopp\u00e9 apr\u00e8s de nombreuses tentatives visant \u00e0 obtenir une voix moderne et contemporaine, sans pour autant renoncer \u00e0 la tradition et au caract\u00e8re de la guitare classique. La principale diff\u00e9rence avec le mod\u00e8le Hybrid r\u00e9side dans la conception de la table d\u2019harmonie.<\/p>\n<p data-start=\"406\" data-end=\"726\">Cette approche est moins extr\u00eame que celle du mod\u00e8le Hybrid. La table est construite en sandwich d\u2019\u00e9pic\u00e9a avec une \u00e2me en balsa. J\u2019ai choisi le balsa plut\u00f4t que le Nomex, car je pr\u00e9f\u00e8re travailler exclusivement avec du bois et n\u2019appr\u00e9cie pas particuli\u00e8rement les caract\u00e9ristiques sonores g\u00e9n\u00e9ralement associ\u00e9es au Nomex.<\/p>\n<p data-start=\"728\" data-end=\"1021\">Le r\u00e9sultat est un concept diff\u00e9rent : une guitare puissante, tout en conservant les qualit\u00e9s essentielles d\u2019un instrument traditionnel. Comme pour mon autre mod\u00e8le, l\u2019objectif est de r\u00e9duire la masse tout en maintenant la rigidit\u00e9 \u2014 ici obtenue par des solutions de construction alternatives.<\/p>\n<p data-start=\"1023\" data-end=\"1304\">Le barrage reste un syst\u00e8me en \u00e9ventail \u00e0 7 brins, mais sans la barre transversale sous le chevalet. Dans la partie inf\u00e9rieure, le sandwich est ferm\u00e9 par une couche d\u2019\u00e9pic\u00e9a de 0,7 mm \u00e0 fil crois\u00e9, permettant d\u2019atteindre une r\u00e9sistance structurelle comparable \u00e0 celle d\u2019un barrage.<\/p>\n<p data-start=\"1306\" data-end=\"1464\">Dans son ensemble, ce projet trouve un \u00e9quilibre entre innovation et tradition, en combinant des performances modernes avec un caract\u00e8re sonore plus familier.<\/p>\n<p data-start=\"1466\" data-end=\"1763\">La finition est un vernis \u00e0 base d\u2019eau, d\u00e9velopp\u00e9 sur mesure en collaboration avec un fabricant, sp\u00e9cifiquement pour mon usage. Il est con\u00e7u pour \u00eatre aussi fin et l\u00e9ger que possible, tout en offrant une excellente r\u00e9sistance \u00e0 l\u2019usure et aux rayures, et en restant respectueux de l\u2019environnement.<\/p>\n<p data-start=\"1765\" data-end=\"2095\" data-is-last-node=\"\" data-is-only-node=\"\">En r\u00e9sum\u00e9, ce projet r\u00e9unit des technologies contemporaines et une vision tourn\u00e9e vers l\u2019avenir. Il refl\u00e8te mon approche de la guitare classique moderne : un \u00e9quilibre r\u00e9fl\u00e9chi entre tradition et innovation, donnant naissance \u00e0 un instrument offrant une projection remarquable, du confort, de la l\u00e9g\u00e8ret\u00e9 et une grande r\u00e9activit\u00e9.<\/p>\n<p>Nous sommes fiers d&rsquo;\u00eatre le distributeur nord-am\u00e9ricain des guitares Marco Lijoi.<\/p>\n","protected":false},"excerpt":{"rendered":"<p>Directement d&rsquo;Italie\u00a0!<\/p>\n<p>Nouvelle guitare double table \u00ab Galattica \u00bb par Marco Lijoi<\/p>\n<p>Marco est un luthier italien prometteur dont la passion pour la musique et le travail du bois remonte \u00e0 sa plus tendre enfance.<\/p>\n<p>Il fabrique des guitares de concert d&rsquo;une facture m\u00e9ticuleuse, reconnues pour leur sonorit\u00e9 \u00e9quilibr\u00e9e, leur projection claire et leur caract\u00e8re acoustique raffin\u00e9. Alliant savoir-faire scientifique et artisanat traditionnel, il est rapidement devenu une figure incontournable de la lutherie italienne contemporaine.<\/p>\n<p>Un manche tr\u00e8s confortable avec une action basse offrant une excellente jouabilit\u00e9 et une projection digne d&rsquo;une salle de concert&#8230;<\/p>\n<p>Un essaie s&rsquo;impose !!<\/p>\n","protected":false},"featured_media":59085,"comment_status":"closed","ping_status":"closed","template":"","meta":{"_mo_disable_npp":""},"product_brand":[],"product_cat":[2258,1058,1057],"product_tag":[1062],"class_list":{"0":"post-59083","1":"product","2":"type-product","3":"status-publish","4":"has-post-thumbnail","6":"product_cat-double-tops","7":"product_cat-guitares","8":"product_cat-guitares-classique","9":"product_tag-high-end-guitar-showroom-montreal-canada-fr","10":"sales-flash-overlay","11":"woocommerce-text-align-left","12":"woocommerce-image-align-center","13":"do-quantity-buttons","14":"wc-has-gallery","16":"first","17":"instock","18":"sold-individually","19":"taxable","20":"shipping-taxable","21":"purchasable","22":"product-type-simple"},"_links":{"self":[{"href":"https:\/\/www.grandsalondeguitare.com\/fr\/wp-json\/wp\/v2\/product\/59083","targetHints":{"allow":["GET"]}}],"collection":[{"href":"https:\/\/www.grandsalondeguitare.com\/fr\/wp-json\/wp\/v2\/product"}],"about":[{"href":"https:\/\/www.grandsalondeguitare.com\/fr\/wp-json\/wp\/v2\/types\/product"}],"replies":[{"embeddable":true,"href":"https:\/\/www.grandsalondeguitare.com\/fr\/wp-json\/wp\/v2\/comments?post=59083"}],"wp:featuredmedia":[{"embeddable":true,"href":"https:\/\/www.grandsalondeguitare.com\/fr\/wp-json\/wp\/v2\/media\/59085"}],"wp:attachment":[{"href":"https:\/\/www.grandsalondeguitare.com\/fr\/wp-json\/wp\/v2\/media?parent=59083"}],"wp:term":[{"taxonomy":"product_brand","embeddable":true,"href":"https:\/\/www.grandsalondeguitare.com\/fr\/wp-json\/wp\/v2\/product_brand?post=59083"},{"taxonomy":"product_cat","embeddable":true,"href":"https:\/\/www.grandsalondeguitare.com\/fr\/wp-json\/wp\/v2\/product_cat?post=59083"},{"taxonomy":"product_tag","embeddable":true,"href":"https:\/\/www.grandsalondeguitare.com\/fr\/wp-json\/wp\/v2\/product_tag?post=59083"}],"curies":[{"name":"wp","href":"https:\/\/api.w.org\/{rel}","templated":true}]}}