{"id":59025,"date":"2026-04-30T15:29:14","date_gmt":"2026-04-30T20:29:14","guid":{"rendered":"https:\/\/www.grandsalondeguitare.com\/?post_type=product&#038;p=59025"},"modified":"2026-05-01T09:35:21","modified_gmt":"2026-05-01T14:35:21","slug":"c-828-allan-bull-australie-copy","status":"publish","type":"product","link":"https:\/\/www.grandsalondeguitare.com\/fr\/produit\/c-828-allan-bull-australie-copy\/","title":{"rendered":"C-868, Allan Bull (Australie)"},"content":{"rendered":"<p>Guitare classique de concert neuve<\/p>\n<p>ID CLG226, fabriqu\u00e9e en 2026<\/p>\n<p>Diapason de 650 mm avec sillet de t\u00eate de 52 mm<\/p>\n<p>Table en c\u00e8dre blond canadien<\/p>\n<p><em>(L\u00e9g\u00e8re et effil\u00e9e sur les bords pour une efficacit\u00e9 optimale)<\/em><\/p>\n<p><em>(Barrage en c\u00e8dre + \u00e9pic\u00e9a avec grille asym\u00e9trique, compos\u00e9 de 6 barreaux longitudinaux et de 5 barreaux lat\u00e9raux)<\/em><\/p>\n<p>Dos et \u00e9clisses en \u00ab\u00a0Black-Heart Sassafras\u00a0\u00bb de Tasmanie<\/p>\n<p><em>(Le dos bomb\u00e9 est sans barreaux et, pour am\u00e9liorer la projection et le sustain, le dos et les eclisses sont renforc\u00e9s par 3 lamelles suppl\u00e9mentaires)<\/em><\/p>\n<p>Manche sur\u00e9lev\u00e9 en c\u00e8dre australien<\/p>\n<p><em>(Renforc\u00e9 par un canal en fibre de carbone en V et un insert en bois dur)<\/em><\/p>\n<p>Touche en \u00e9b\u00e8ne ouest africain<\/p>\n<p><em>(20 frettes, Do aigu sur la 1re corde et Sol sur la 2e corde)<\/em><\/p>\n<p>Repose-bras<\/p>\n<p>Port de son avec tornavoz<\/p>\n<p>Chevalet, repose-bras et placage de la t\u00eate en Ziricote<\/p>\n<p>Bloc de fixation \u00e0 12 trous avec d\u00e9corations assorties<\/p>\n<p>Embouts individuels en laiton pour prot\u00e9ger les bords des trous de fixation contre l&rsquo;usure<\/p>\n<p>Filets en \u00e9b\u00e8ne du Nouvelle Guin\u00e9e<\/p>\n<p>M\u00e9caniques Barnett fabriqu\u00e9es \u00e0 la main avec boutons en \u00e9b\u00e8ne<\/p>\n<p>Finition : vernis tampon et vernis pr\u00e9catalys\u00e9.<\/p>\n<p>La table d&rsquo;harmonie est vernie satin\u00e9e et le reste de la guitare est brillant.<\/p>\n<p>\u00c9tui noir Visesnut Active inclus.<\/p>\n<p>&nbsp;<\/p>\n<p>Largeur du manche au sillet : 52 mm<\/p>\n<p>Largeur du manche au corps : 62 mm<\/p>\n<p>Profondeur du corps : 100 \u00e0 105 mm<\/p>\n<p>Largeur du corps \u00e0 la partie inf\u00e9rieure : 360 mm<\/p>\n<p>Largeur du corps \u00e0 la partie sup\u00e9rieure : 280 mm<\/p>\n<p>Largeur au niveau de la taille : 245 mm<\/p>\n<p>Longueur du corps : 485 mm<\/p>\n<p>Poids : 2,4 kg<\/p>\n<p>&nbsp;<\/p>\n<p>La construction de cette guitare pr\u00e9sente plusieurs caract\u00e9ristiques propres aux guitares Bull.<\/p>\n<p>Tout d&rsquo;abord, le manche est amovible et fix\u00e9 au manche. Ce syst\u00e8me, dot\u00e9 d&rsquo;un bloc\/berceau et de vis \u00e0 six pans creux, pr\u00e9sente des avantages en termes de construction et d&rsquo;entretien \u00e0 long terme. Il assure \u00e9galement une jonction manche\/corps tr\u00e8s rigide avec un soutien important sous la touche sup\u00e9rieure, ce qui am\u00e9liore les performances gr\u00e2ce \u00e0 un sustain accru.<\/p>\n<p>La guitare est \u00e9quip\u00e9e d&rsquo;un port de son qui offre au musicien une meilleure perception du son, un peu comme un petit haut-parleur de repli. Cet \u00e9vent est \u00e9quip\u00e9 d&rsquo;un tornavoz pour abaisser la fr\u00e9quence de r\u00e9sonance de l&rsquo;air de la cavit\u00e9 et augmenter le support des graves.<\/p>\n<p>Le diapason est compens\u00e9 individuellement sur chaque corde, au sillet de t\u00eate pour l&rsquo;\u00e9tirement des frettes et au chevalet pour l&rsquo;\u00e9tirement des frettes. Cela garantit une intonation pr\u00e9cise sur toutes les cordes.<\/p>\n<p>La finition est une combinaison de vernis au tampon et de vernis pr\u00e9catalys\u00e9. Un vernis satin\u00e9 est utilis\u00e9 sur la table d&rsquo;harmonie et un vernis brillant sur le reste de la guitare. Ce vernis est flexible mais relativement dur et r\u00e9sistant aux rayures. Cependant, il n&rsquo;est pas plus dur que le support sur lequel il est appliqu\u00e9. Le rev\u00eatement de la table d&rsquo;harmonie est assez fin pour r\u00e9duire le poids et am\u00e9liorer le son. Il doit \u00eatre trait\u00e9 avec un soin particulier.<\/p>\n","protected":false},"excerpt":{"rendered":"<p data-start=\"71\" data-end=\"104\">Direct de Lindisfarne, Tasmanie \u2014<\/p>\n<p data-start=\"106\" data-end=\"162\">Nouvelle guitare classique de concert sign\u00e9e Allan Bull.<\/p>\n<p data-start=\"164\" data-end=\"341\">Un instrument remarquable tant sur le plan visuel que sonore, offrant une voix chantante et expressive, avec une excellente projection, une grande clart\u00e9 et un sustain g\u00e9n\u00e9reux.<\/p>\n<p data-start=\"343\" data-end=\"567\">Sa table d\u2019harmonie l\u00e9g\u00e8re, soutenue par un barrage asym\u00e9trique en \u00e9pic\u00e9a, assure une attaque rapide et r\u00e9active ainsi qu\u2019un \u00e9quilibre remarquable sur toute la tessiture, tout en conservant une grande int\u00e9grit\u00e9 structurelle.<\/p>\n<p data-start=\"569\" data-end=\"689\">Allan ne produit que six guitares par an. Le prochain instrument attribu\u00e9 \u00e0 notre salon devrait \u00eatre disponible en 2027.<\/p>\n<p data-start=\"691\" data-end=\"779\">Les demandes anticip\u00e9es sont vivement encourag\u00e9es afin de saisir cette rare opportunit\u00e9.<\/p>\n","protected":false},"featured_media":59029,"comment_status":"closed","ping_status":"closed","template":"","meta":{"_mo_disable_npp":""},"product_brand":[],"product_cat":[1058,1057],"product_tag":[],"class_list":{"0":"post-59025","1":"product","2":"type-product","3":"status-publish","4":"has-post-thumbnail","6":"product_cat-guitares","7":"product_cat-guitares-classique","8":"sales-flash-overlay","9":"woocommerce-text-align-left","10":"woocommerce-image-align-center","11":"do-quantity-buttons","12":"wc-has-gallery","14":"first","15":"instock","16":"sold-individually","17":"taxable","18":"shipping-taxable","19":"purchasable","20":"product-type-simple"},"_links":{"self":[{"href":"https:\/\/www.grandsalondeguitare.com\/fr\/wp-json\/wp\/v2\/product\/59025","targetHints":{"allow":["GET"]}}],"collection":[{"href":"https:\/\/www.grandsalondeguitare.com\/fr\/wp-json\/wp\/v2\/product"}],"about":[{"href":"https:\/\/www.grandsalondeguitare.com\/fr\/wp-json\/wp\/v2\/types\/product"}],"replies":[{"embeddable":true,"href":"https:\/\/www.grandsalondeguitare.com\/fr\/wp-json\/wp\/v2\/comments?post=59025"}],"wp:featuredmedia":[{"embeddable":true,"href":"https:\/\/www.grandsalondeguitare.com\/fr\/wp-json\/wp\/v2\/media\/59029"}],"wp:attachment":[{"href":"https:\/\/www.grandsalondeguitare.com\/fr\/wp-json\/wp\/v2\/media?parent=59025"}],"wp:term":[{"taxonomy":"product_brand","embeddable":true,"href":"https:\/\/www.grandsalondeguitare.com\/fr\/wp-json\/wp\/v2\/product_brand?post=59025"},{"taxonomy":"product_cat","embeddable":true,"href":"https:\/\/www.grandsalondeguitare.com\/fr\/wp-json\/wp\/v2\/product_cat?post=59025"},{"taxonomy":"product_tag","embeddable":true,"href":"https:\/\/www.grandsalondeguitare.com\/fr\/wp-json\/wp\/v2\/product_tag?post=59025"}],"curies":[{"name":"wp","href":"https:\/\/api.w.org\/{rel}","templated":true}]}}