{"id":58952,"date":"2026-04-24T13:04:14","date_gmt":"2026-04-24T18:04:14","guid":{"rendered":"https:\/\/www.grandsalondeguitare.com\/?post_type=product&#038;p=58952"},"modified":"2026-04-24T13:47:55","modified_gmt":"2026-04-24T18:47:55","slug":"c-859-jean-noel-lebreton-france-copy","status":"publish","type":"product","link":"https:\/\/www.grandsalondeguitare.com\/fr\/produit\/c-859-jean-noel-lebreton-france-copy\/","title":{"rendered":"C-867, Marco Lijoi (Italie)"},"content":{"rendered":"<p>Nouvelle guitare classique double table de concert<\/p>\n<p>Mod\u00e8le hybride \u00ab\u00a0Galattica\u00a0\u00bb<\/p>\n<p>Ann\u00e9e 2025<\/p>\n<p>N-035H<\/p>\n<p>Diapason de 650 mm, sillet de 52,5 mm<\/p>\n<p>Table en c\u00e8dre rouge de l&rsquo;Ouest canadien<\/p>\n<p>Barrage en balsa \u00e0 7 pans renforc\u00e9 au carbone<\/p>\n<p>Fond et \u00e9clisses en palissandre indien<\/p>\n<p>Manche en c\u00e8dre du Br\u00e9sil<\/p>\n<p>Touche en \u00e9b\u00e8ne<\/p>\n<p>Placage de t\u00eate et de chevalet en palissandre<\/p>\n<p>Rosace d&rsquo;inspiration c\u00e9leste \u00e9voquant la Voie lact\u00e9e\u00a0!<\/p>\n<p>M\u00e9caniques Der Jung 306GX (rapport de transmission 18:1)<\/p>\n<p>Finition vernis au laque \u00e0 base d&rsquo;eau<\/p>\n<p>\u00c9tui rigide ABS inclus<\/p>\n<p>&nbsp;<\/p>\n<p>Poids de la guitare : 1,4 kg<\/p>\n<p>Longueur du corps : 48 cm<\/p>\n<p>\u00c9paisseur du corps : 9,8 cm<\/p>\n<p>Largeur de la caisse (haut) : 28 cm<\/p>\n<p>Largeur de la caisse (bas) : 37 cm<\/p>\n<p>&nbsp;<\/p>\n<p>Marco Lijoi est un luthier italien prometteur dont la passion pour la musique et le travail du bois remonte \u00e0 sa plus tendre enfance. Apr\u00e8s des \u00e9tudes initiales de guitare selon la m\u00e9thode Suzuki, il s&rsquo;est form\u00e9 aupr\u00e8s d&rsquo;Aldo Illotta \u00e0 Biella avant de terminer sa formation \u00e0 la prestigieuse Civica Scuola di Liuteria de Milan, o\u00f9 il a obtenu son dipl\u00f4me et ouvert son propre atelier.<\/p>\n<p>Marco Lijoi fabrique des guitares de concert d&rsquo;une facture m\u00e9ticuleuse, reconnues pour leur sonorit\u00e9 \u00e9quilibr\u00e9e, leur projection claire et leur caract\u00e8re acoustique raffin\u00e9. Alliant expertise scientifique et savoir-faire traditionnel, il s&rsquo;est rapidement impos\u00e9 comme une figure incontournable de la lutherie italienne contemporaine.<\/p>\n<p>D\u00e9tails de construction par Marco Lijoi\u00a0:<\/p>\n<p>Il s&rsquo;agit d&rsquo;un projet personnel, fruit de nombreuses tentatives pour obtenir une sonorit\u00e9 moderne et contemporaine sans renoncer \u00e0 la tradition et au caract\u00e8re de la guitare classique.<\/p>\n<p>La principale caract\u00e9ristique r\u00e9side dans la table d&rsquo;harmonie, et plus particuli\u00e8rement dans la partie inf\u00e9rieure. Le barrage est compos\u00e9 d&rsquo;un syst\u00e8me \u00e0 sept barres en balsa, renforc\u00e9 de fibres de carbone. Une petite barre transversale sous le chevalet contribue \u00e9galement \u00e0 homog\u00e9n\u00e9iser la r\u00e9ponse de l&rsquo;instrument. Entre les barres, de nombreux petits reliefs ont \u00e9t\u00e9 r\u00e9alis\u00e9s afin d&rsquo;all\u00e9ger la guitare.<\/p>\n<p>L&rsquo;objectif est pr\u00e9cis\u00e9ment de minimiser la masse tout en conservant la m\u00eame rigidit\u00e9 qu&rsquo;une table d&rsquo;harmonie traditionnelle.<\/p>\n<p>Le r\u00e9sultat est une guitare puissante et d&rsquo;une grande dynamique\u00a0: plus on la sollicite, plus elle r\u00e9pond.<\/p>\n<p>Le reste de l&rsquo;instrument est construit selon la tradition espagnole, mais avec un fond plus rigide, con\u00e7u pour une meilleure r\u00e9flexion du son et une projection accrue.<\/p>\n<p>Enfin, la finition est un vernis \u00e0 base d&rsquo;eau. Il ne s&rsquo;agit pas d&rsquo;un produit commercial, mais d&rsquo;un instrument d\u00e9velopp\u00e9 sp\u00e9cifiquement en collaboration avec une entreprise pour mon usage personnel. L&rsquo;objectif est d&rsquo;obtenir une finition la plus fine possible avec un poids minimal, tout en garantissant une excellente r\u00e9sistance aux rayures. Il est \u00e9galement respectueux de l&rsquo;environnement.<\/p>\n<p>En bref, ce projet allie technologie contemporaine et vision d&rsquo;avenir. Il refl\u00e8te mon approche de la lutherie classique moderne\u00a0: fusionner tradition et innovation pour cr\u00e9er un instrument offrant une projection, un confort, une l\u00e9g\u00e8ret\u00e9 et une r\u00e9activit\u00e9 exceptionnels.<\/p>\n<p>Nous sommes fiers d&rsquo;\u00eatre le distributeur nord-am\u00e9ricain des guitares Marco Lijoi.<\/p>\n","protected":false},"excerpt":{"rendered":"<p>Directement d&rsquo;Italie\u00a0!<\/p>\n<p>Nouvelle guitare double table \u00ab Galattica \u00bb Hybrid par Marco Lijoi<\/p>\n<p>Marco est un luthier italien prometteur dont la passion pour la musique et le travail du bois remonte \u00e0 sa plus tendre enfance.<\/p>\n<p>Il fabrique des guitares de concert d&rsquo;une facture m\u00e9ticuleuse, reconnues pour leur sonorit\u00e9 \u00e9quilibr\u00e9e, leur projection claire et leur caract\u00e8re acoustique raffin\u00e9. Alliant savoir-faire scientifique et artisanat traditionnel, il est rapidement devenu une figure incontournable de la lutherie italienne contemporaine.<\/p>\n<p>Un manche tr\u00e8s confortable avec une action basse offrant une excellente jouabilit\u00e9 et une projection digne d&rsquo;une salle de concert&#8230;<\/p>\n<p>Un essaie s&rsquo;impose !!<\/p>\n","protected":false},"featured_media":58954,"comment_status":"closed","ping_status":"closed","template":"","meta":{"_mo_disable_npp":""},"product_brand":[],"product_cat":[2258,1058,1057],"product_tag":[1062],"class_list":{"0":"post-58952","1":"product","2":"type-product","3":"status-publish","4":"has-post-thumbnail","6":"product_cat-double-tops","7":"product_cat-guitares","8":"product_cat-guitares-classique","9":"product_tag-high-end-guitar-showroom-montreal-canada-fr","10":"sales-flash-overlay","11":"woocommerce-text-align-left","12":"woocommerce-image-align-center","13":"do-quantity-buttons","14":"wc-has-gallery","16":"first","17":"instock","18":"sold-individually","19":"taxable","20":"shipping-taxable","21":"purchasable","22":"product-type-simple"},"_links":{"self":[{"href":"https:\/\/www.grandsalondeguitare.com\/fr\/wp-json\/wp\/v2\/product\/58952","targetHints":{"allow":["GET"]}}],"collection":[{"href":"https:\/\/www.grandsalondeguitare.com\/fr\/wp-json\/wp\/v2\/product"}],"about":[{"href":"https:\/\/www.grandsalondeguitare.com\/fr\/wp-json\/wp\/v2\/types\/product"}],"replies":[{"embeddable":true,"href":"https:\/\/www.grandsalondeguitare.com\/fr\/wp-json\/wp\/v2\/comments?post=58952"}],"wp:featuredmedia":[{"embeddable":true,"href":"https:\/\/www.grandsalondeguitare.com\/fr\/wp-json\/wp\/v2\/media\/58954"}],"wp:attachment":[{"href":"https:\/\/www.grandsalondeguitare.com\/fr\/wp-json\/wp\/v2\/media?parent=58952"}],"wp:term":[{"taxonomy":"product_brand","embeddable":true,"href":"https:\/\/www.grandsalondeguitare.com\/fr\/wp-json\/wp\/v2\/product_brand?post=58952"},{"taxonomy":"product_cat","embeddable":true,"href":"https:\/\/www.grandsalondeguitare.com\/fr\/wp-json\/wp\/v2\/product_cat?post=58952"},{"taxonomy":"product_tag","embeddable":true,"href":"https:\/\/www.grandsalondeguitare.com\/fr\/wp-json\/wp\/v2\/product_tag?post=58952"}],"curies":[{"name":"wp","href":"https:\/\/api.w.org\/{rel}","templated":true}]}}