{"id":58830,"date":"2026-04-20T12:56:03","date_gmt":"2026-04-20T17:56:03","guid":{"rendered":"https:\/\/www.grandsalondeguitare.com\/?post_type=product&#038;p=58830"},"modified":"2026-04-20T17:27:34","modified_gmt":"2026-04-20T22:27:34","slug":"f-794-vda-y-sobrinos-de-domingo-esteso-copy","status":"publish","type":"product","link":"https:\/\/www.grandsalondeguitare.com\/fr\/produit\/f-794-vda-y-sobrinos-de-domingo-esteso-copy\/","title":{"rendered":"F-865, Hermanos Conde (Espagne)"},"content":{"rendered":"<p>Hermanos Conde<\/p>\n<p>Sobrinos De Esteso<\/p>\n<p>Guitare flamenco fabriqu\u00e9e en 1999<\/p>\n<p>Diapason de 660 mm, largeur au sillet de 52 mm<\/p>\n<p>Table en \u00e9pic\u00e9a<\/p>\n<p>Fond et \u00e9clisses en palissandre Indien<\/p>\n<p>Manche en c\u00e8dre<\/p>\n<p>Touche en \u00e9b\u00e8ne<\/p>\n<p>Chevalet et placage de t\u00eate en palissandre<\/p>\n<p>T\u00eate Media Luna<\/p>\n<p>M\u00e9caniques Gotoh<\/p>\n<p>Finition vernie teint\u00e9e orange<\/p>\n<p>\u00c9tui rigide inclus<\/p>\n<p>&nbsp;<\/p>\n<p>Poids : 1,7 kg<\/p>\n<p>Longueur totale : 100 cm<\/p>\n<p>Longueur de la caisse : 49 cm<\/p>\n<p>Largeur de la caisse (haut) : 28,5 cm<\/p>\n<p>Largeur de la caisse (bas) : 37,5 cm<\/p>\n<p>\u00c9paisseur : 10 cm<\/p>\n<p>&nbsp;<\/p>\n<p>L&rsquo;h\u00e9ritage de la famille Conde remonte \u00e0 Domingo Esteso, qui fonda la dynastie \u00e0 Madrid en 1915.<\/p>\n<p>Apr\u00e8s son d\u00e9c\u00e8s en 1937, ses neveux \u2013 Mariano Conde Sr., Faustino Conde et Julio Conde \u2013 poursuivirent l&rsquo;activit\u00e9 de l&rsquo;atelier sous le nom de Viuda y Sobrinos de Esteso jusqu&rsquo;en 1960, pr\u00e9servant ainsi les traditions et le savoir-faire du ma\u00eetre.<\/p>\n<p>Au d\u00e9but des ann\u00e9es 1950, Julio Conde ouvrit son propre atelier au 53, rue Atocha.<\/p>\n<p>Parall\u00e8lement, Mariano Conde Sr. et Faustino Conde continu\u00e8rent \u00e0 travailler dans l&rsquo;atelier d&rsquo;origine d&rsquo;Esteso, adoptant plus tard le nom renomm\u00e9 de Sobrinos de Domingo Esteso Conde Hermanos.<\/p>\n<p>Apr\u00e8s avoir travaill\u00e9 ensemble pendant des ann\u00e9es dans la rue Gravina 7, Mariano Conde a d\u00e9cid\u00e9 de quitter son fr\u00e8re Faustino et d&rsquo;ouvrir son propre atelier \u00e0 Calle Felipe V, 2, o\u00f9 ses fils, Felipe et Mariano Jr., ont commenc\u00e9 leur formation \u00e0 l&rsquo;\u00e2ge de quinze ans, perp\u00e9tuant ainsi la tradition familiale \u00e0 la g\u00e9n\u00e9ration suivante.<\/p>\n","protected":false},"excerpt":{"rendered":"<p>Fabriqu\u00e9e en 1999 dans l&rsquo;atelier historique du 7, rue Gravina, cette guitare flamenca d&rsquo;exception pr\u00e9sente une table en \u00e9pic\u00e9a soigneusement s\u00e9lectionn\u00e9e et la t\u00eate embl\u00e9matique \u00ab Media Luna \u00bb signature du style Conde !!<\/p>\n<p>Elle est orn\u00e9e d&rsquo;une rosace traditionnelle exclusive \u00e0 la famille et fabriqu\u00e9e \u00e0 partir de bois de r\u00e9sonance de la plus haute qualit\u00e9, soigneusement vieillis pendant plusieurs d\u00e9cennies.<\/p>\n<p>Faisant partie de notre collection priv\u00e9e de guitares, elle n&rsquo;est pas \u00e0 vendre.<\/p>\n","protected":false},"featured_media":58832,"comment_status":"open","ping_status":"closed","template":"","meta":{"_mo_disable_npp":""},"product_brand":[],"product_cat":[1058,1053],"product_tag":[],"class_list":{"0":"post-58830","1":"product","2":"type-product","3":"status-publish","4":"has-post-thumbnail","6":"product_cat-guitares","7":"product_cat-guitares-flamenco","8":"sales-flash-overlay","9":"woocommerce-text-align-left","10":"woocommerce-image-align-center","11":"do-quantity-buttons","12":"wc-has-gallery","14":"first","15":"instock","16":"taxable","17":"shipping-taxable","18":"product-type-simple"},"_links":{"self":[{"href":"https:\/\/www.grandsalondeguitare.com\/fr\/wp-json\/wp\/v2\/product\/58830","targetHints":{"allow":["GET"]}}],"collection":[{"href":"https:\/\/www.grandsalondeguitare.com\/fr\/wp-json\/wp\/v2\/product"}],"about":[{"href":"https:\/\/www.grandsalondeguitare.com\/fr\/wp-json\/wp\/v2\/types\/product"}],"replies":[{"embeddable":true,"href":"https:\/\/www.grandsalondeguitare.com\/fr\/wp-json\/wp\/v2\/comments?post=58830"}],"wp:featuredmedia":[{"embeddable":true,"href":"https:\/\/www.grandsalondeguitare.com\/fr\/wp-json\/wp\/v2\/media\/58832"}],"wp:attachment":[{"href":"https:\/\/www.grandsalondeguitare.com\/fr\/wp-json\/wp\/v2\/media?parent=58830"}],"wp:term":[{"taxonomy":"product_brand","embeddable":true,"href":"https:\/\/www.grandsalondeguitare.com\/fr\/wp-json\/wp\/v2\/product_brand?post=58830"},{"taxonomy":"product_cat","embeddable":true,"href":"https:\/\/www.grandsalondeguitare.com\/fr\/wp-json\/wp\/v2\/product_cat?post=58830"},{"taxonomy":"product_tag","embeddable":true,"href":"https:\/\/www.grandsalondeguitare.com\/fr\/wp-json\/wp\/v2\/product_tag?post=58830"}],"curies":[{"name":"wp","href":"https:\/\/api.w.org\/{rel}","templated":true}]}}