{"id":58703,"date":"2026-04-08T11:50:35","date_gmt":"2026-04-08T16:50:35","guid":{"rendered":"https:\/\/www.grandsalondeguitare.com\/?post_type=product&#038;p=58703"},"modified":"2026-05-08T17:49:14","modified_gmt":"2026-05-08T22:49:14","slug":"c-732-w-jellinghaus-modelo-se-43-copy","status":"publish","type":"product","link":"https:\/\/www.grandsalondeguitare.com\/fr\/produit\/c-732-w-jellinghaus-modelo-se-43-copy\/","title":{"rendered":"C-864, W. Jellinghaus \u00ab\u00a0Freiderich\u00a0\u00bb"},"content":{"rendered":"<p>Guitare Classique Neuve<\/p>\n<p>R\u00e9plique, Daniel Friederich (1932-2020)<\/p>\n<p>Diapason de 650 mm, largeur au sillet de 52 mm<\/p>\n<p>Table en c\u00e8dre rouge de l&rsquo;Ouest<\/p>\n<p>Fond et \u00e9clisses en palissandre indien<\/p>\n<p>Manche en c\u00e8dre<\/p>\n<p>Touche en \u00e9b\u00e8ne<\/p>\n<p>Rosace d&rsquo;origine Friederich avec son bloc de fixation assorti<\/p>\n<p>Placage du chevalet et de la t\u00eate en palissandre<\/p>\n<p>Sillet en os<\/p>\n<p>M\u00e9caniques Der Jung, ratio 18:1<\/p>\n<p>Finition vernie au tampon \u00e0 la main<\/p>\n<p>\u00c9tui rigide inclus<\/p>\n<p>&nbsp;<\/p>\n<p>Poids de la guitare : 1,5 kg<\/p>\n<p>Longueur de la caisse : 48,5 cm<\/p>\n<p>Largeur de la caisse (haut) : 28 cm<\/p>\n<p>Largeur de la caisse (bas) : 36,5 cm<\/p>\n<p>Profondeur de la caisse : 10,16 cm<\/p>\n<p>&nbsp;<\/p>\n<p>*** Veuillez noter que les photos utilis\u00e9es pour cette annonce sont des photos d&rsquo;illustration. La guitare exacte pr\u00e9sent\u00e9e n&rsquo;est plus disponible et la nouvelle guitare propos\u00e9e diff\u00e9rera l\u00e9g\u00e8rement des photos actuelles. ***<\/p>\n<p>&nbsp;<\/p>\n<p>R\u00e9plique fid\u00e8le d&rsquo;une guitare classique Daniel Friederich, fabriqu\u00e9e chez Milestones Luthier Center, inspir\u00e9 par l&rsquo;un des luthiers fran\u00e7ais les plus influents du XXe si\u00e8cle.<\/p>\n<p>Form\u00e9 initialement comme \u00e9b\u00e9niste, Friederich construisit sa premi\u00e8re guitare en 1955 et se distingua rapidement par une approche rigoureuse et scientifique de la lutherie. Il documentait m\u00e9ticuleusement chaque instrument cr\u00e9\u00e9, perfectionnant ses mod\u00e8les et ses m\u00e9thodes de construction avec une pr\u00e9cision exceptionnelle.<\/p>\n<p>Ses guitares sont r\u00e9put\u00e9es pour leur sonorit\u00e9 chaleureuse et ronde, leur \u00e9quilibre remarquable et leur fabrication raffin\u00e9e. Alliant clart\u00e9 et profondeur, elles offrent un son \u00e0 la fois ma\u00eetris\u00e9 et expressif, parfaitement adapt\u00e9 \u00e0 la sc\u00e8ne.<\/p>\n<p>Son h\u00e9ritage demeure une r\u00e9f\u00e9rence d&rsquo;excellence dans la lutherie moderne.<\/p>\n<p>&nbsp;<\/p>\n<p>Milestone Luthier Centre a \u00e9t\u00e9 fond\u00e9 en 2013 par Wolfgang Jellinghaus et Michael Zhang.<\/p>\n<p>Le Centre de Luthiers Milestone a pour mission de faire revivre l&rsquo;histoire de la lutherie classique en s\u00e9lectionnant diff\u00e9rents ma\u00eetres luthiers des 230 derni\u00e8res ann\u00e9es qui ont \u00e9tabli de nouvelles normes en mati\u00e8re de construction et de sonorit\u00e9.<\/p>\n<p>Le centre de recherche et d\u00e9veloppement est situ\u00e9 \u00e0 Dortmund, en Allemagne, et l&rsquo;atelier de fabrication de guitares \u00e0 Guangzhou, en Chine.<\/p>\n<p>Nous sommes fiers d&rsquo;\u00eatre le distributeur canadien des guitares Wolfgang Jellinghaus.<\/p>\n","protected":false},"excerpt":{"rendered":"<p data-start=\"0\" data-end=\"67\">[youtube v=lhjNAnV-xRM maxwidth=\"800px\"]<\/p>\n<p data-start=\"0\" data-end=\"67\">D\u00e9di\u00e9e \u00e0 rendre hommage au travail de Daniel Friederich (1932\u20132020)<\/p>\n<p data-start=\"69\" data-end=\"300\">Cette r\u00e9plique incarne une sonorit\u00e9 chaleureuse et velout\u00e9e, un \u00e9quilibre remarquable et un savoir-faire d\u2019une grande finesse.<\/p>\n<p data-start=\"69\" data-end=\"300\">Elle allie clart\u00e9 et profondeur, offrant une voix d\u2019un contr\u00f4le raffin\u00e9 et d\u2019une expressivit\u00e9 nuanc\u00e9e !!<\/p>\n<p>Un essaie s&rsquo;impose !<\/p>\n","protected":false},"featured_media":58709,"comment_status":"closed","ping_status":"closed","template":"","meta":{"_mo_disable_npp":""},"product_brand":[],"product_cat":[1058,1057],"product_tag":[1186],"class_list":{"0":"post-58703","1":"product","2":"type-product","3":"status-publish","4":"has-post-thumbnail","6":"product_cat-guitares","7":"product_cat-guitares-classique","8":"product_tag-wolfgang-jellinghaus-german-luthier-fr","9":"sales-flash-overlay","10":"woocommerce-text-align-left","11":"woocommerce-image-align-center","12":"do-quantity-buttons","13":"wc-has-gallery","15":"first","16":"instock","17":"sold-individually","18":"taxable","19":"shipping-taxable","20":"purchasable","21":"product-type-simple"},"_links":{"self":[{"href":"https:\/\/www.grandsalondeguitare.com\/fr\/wp-json\/wp\/v2\/product\/58703","targetHints":{"allow":["GET"]}}],"collection":[{"href":"https:\/\/www.grandsalondeguitare.com\/fr\/wp-json\/wp\/v2\/product"}],"about":[{"href":"https:\/\/www.grandsalondeguitare.com\/fr\/wp-json\/wp\/v2\/types\/product"}],"replies":[{"embeddable":true,"href":"https:\/\/www.grandsalondeguitare.com\/fr\/wp-json\/wp\/v2\/comments?post=58703"}],"wp:featuredmedia":[{"embeddable":true,"href":"https:\/\/www.grandsalondeguitare.com\/fr\/wp-json\/wp\/v2\/media\/58709"}],"wp:attachment":[{"href":"https:\/\/www.grandsalondeguitare.com\/fr\/wp-json\/wp\/v2\/media?parent=58703"}],"wp:term":[{"taxonomy":"product_brand","embeddable":true,"href":"https:\/\/www.grandsalondeguitare.com\/fr\/wp-json\/wp\/v2\/product_brand?post=58703"},{"taxonomy":"product_cat","embeddable":true,"href":"https:\/\/www.grandsalondeguitare.com\/fr\/wp-json\/wp\/v2\/product_cat?post=58703"},{"taxonomy":"product_tag","embeddable":true,"href":"https:\/\/www.grandsalondeguitare.com\/fr\/wp-json\/wp\/v2\/product_tag?post=58703"}],"curies":[{"name":"wp","href":"https:\/\/api.w.org\/{rel}","templated":true}]}}