{"id":58637,"date":"2026-04-03T10:32:41","date_gmt":"2026-04-03T15:32:41","guid":{"rendered":"https:\/\/www.grandsalondeguitare.com\/?post_type=product&#038;p=58637"},"modified":"2026-04-10T05:55:18","modified_gmt":"2026-04-10T10:55:18","slug":"c-831-daniel-stark-allemagne-copy","status":"publish","type":"product","link":"https:\/\/www.grandsalondeguitare.com\/fr\/produit\/c-831-daniel-stark-allemagne-copy\/","title":{"rendered":"C-863, Daniel Stark (Allemagne)"},"content":{"rendered":"<p>Guitare\u00a0classique double table<\/p>\n<p>Mod\u00e8le concert<\/p>\n<p>Fabriqu\u00e9 en Allemagne<\/p>\n<p>N-176<\/p>\n<p>Ann\u00e9e 2026<\/p>\n<p>\u00c9chelle de 650 mm avec sillet de 52 mm et 58 mm au chevalet<\/p>\n<p>Double table \u00c9pic\u00e8a\/c\u00e8dre<\/p>\n<p>Membrane int\u00e9rieure Balsa avec 7 barrage en \u00e9ventail asym\u00e9trique<\/p>\n<p>Dos &amp; \u00e9clisses en palissandre du Madagascar (Master grade)<\/p>\n<p>Manche en c\u00e8dre br\u00e9silien sur\u00e9lever avec 2 renforts en carbone<\/p>\n<p>Touche en \u00e9b\u00e8ne africain<\/p>\n<p>Rosace inspir\u00e9 de Torres avec filets et bloc de fixation assortis<\/p>\n<p>Chevalet et placage de la t\u00eate en palissandre Indien<\/p>\n<p>Filets en Madagascar<\/p>\n<p>Repose bras<\/p>\n<p>Port de son avec couvert magn\u00e9tique ajustable<\/p>\n<p>Sillets en os de mammouth<\/p>\n<p>M\u00e9caniques Rubner \u00ab\u00a0Stark\u00a0\u00bb avec boutons \u00ab\u00a0snakewood\u00a0\u00bb<\/p>\n<p>Finition a l&rsquo;huile poli \u00e0 la main<\/p>\n<p>Etuis \u00ab\u00a0Stark\u00a0\u00bb<\/p>\n<p>Certificat signe par le luthier inclus<\/p>\n<p>&nbsp;<\/p>\n<p>Le poids de la guitare est de 1,6 kg<\/p>\n<p>La longueur du corps est de 49 cm \/ 19,29 pouces<\/p>\n<p>La profondeur du corps est de 9,8 cm \/ 3,85 pouces<\/p>\n<p>Le bout sup\u00e9rieur mesure 27,5\u00a0cm\u00a0\/\u00a010,826\u00a0pouces<\/p>\n<p>Le bout inf\u00e9rieur est de 37 cm \/ 14,56 pouces<\/p>\n<p>&nbsp;<\/p>\n<p>Le parcours de Daniel Stark dans le monde de la lutherie a commenc\u00e9 par une passion pr\u00e9coce pour la musique, cultiv\u00e9e par l&rsquo;\u00e9tude de la guitare classique.<\/p>\n<p>Apr\u00e8s avoir obtenu son dipl\u00f4me d&rsquo;\u00e9tudes secondaires, il a affin\u00e9 et perfectionn\u00e9 son savoir-faire lors d&rsquo;un stage d&rsquo;un an aupr\u00e8s du c\u00e9l\u00e8bre luthier Stephan Schlemper, s&rsquo;inspirant du l\u00e9gendaire Antonio de Torres.<\/p>\n<p>En 2006, Daniel a obtenu son dipl\u00f4me de l&rsquo;Universit\u00e9 des sciences appliqu\u00e9es de fabrication d&rsquo;instruments de musique de Markneukirchen, o\u00f9 son talent a acquis une reconnaissance internationale.<\/p>\n<p>Des musiciens r\u00e9put\u00e9s tels que le professeur Eric Franceries et le professeur Jan Labant ont \u00e9t\u00e9 parmi les premiers \u00e0 adopter ses instruments, ouvrant la voie \u00e0 une carri\u00e8re florissante.<\/p>\n<p>Aujourd&rsquo;hui, Daniel g\u00e8re son atelier \u00e0 Friedrichsfehn, en Allemagne, o\u00f9 ses guitares sont r\u00e9put\u00e9es pour leur qualit\u00e9 sonore et leur savoir-faire irr\u00e9prochables.<\/p>\n<p>&nbsp;<\/p>\n<p>*** Nous sommes fiers d&rsquo;\u00eatre le revendeur en Am\u00e9rique du Nord des guitares Daniel Stark ***<\/p>\n","protected":false},"excerpt":{"rendered":"<p data-start=\"100\" data-end=\"467\">La toute nouvelle guitare double table \u00c9pic\u00e9a\/C\u00e8dre de Daniel Stark, avec \u00e2me en balsa, est une v\u00e9ritable puissance\u2014tout en conservant une voix chantante traditionnelle d\u2019une grande finesse. Des basses chaleureuses et bois\u00e9es se marient harmonieusement \u00e0 des aigus lyriques et une sustain exceptionnelle, offrant \u00e0 la fois profondeur et clart\u00e9 sur toute la tessiture.<\/p>\n<p data-start=\"469\" data-end=\"751\">Encore un instrument remarquable \u00e0 tous \u00e9gards sign\u00e9 Stark, r\u00e9alis\u00e9 \u00e0 partir de bois de r\u00e9sonance d\u2019une qualit\u00e9 exquise. Cette guitare incarne la force, la nuance et une richesse sonore exceptionnelle\u2014des qualit\u00e9s hautement pris\u00e9es par les guitaristes de concert \u00e0 travers le monde.<\/p>\n<p data-start=\"753\" data-end=\"922\">Les guitares de Stark sont jou\u00e9es et enregistr\u00e9es par de nombreux artistes professionnels, t\u00e9moignant de leur constance remarquable et de leur grande int\u00e9grit\u00e9 musicale.<\/p>\n<p data-start=\"924\" data-end=\"1161\">Avec un d\u00e9lai d\u2019attente actuel d\u2019environ quatre ans, le prochain instrument qui nous est attribu\u00e9 devrait \u00eatre disponible en 2027. Les demandes anticip\u00e9es sont vivement encourag\u00e9es afin de saisir cette opportunit\u00e9 rare et exceptionnelle.<\/p>\n","protected":false},"featured_media":58641,"comment_status":"closed","ping_status":"closed","template":"","meta":{"_mo_disable_npp":""},"product_brand":[],"product_cat":[2258,1058,1057],"product_tag":[1059,1060,1061,1062],"class_list":{"0":"post-58637","1":"product","2":"type-product","3":"status-publish","4":"has-post-thumbnail","6":"product_cat-double-tops","7":"product_cat-guitares","8":"product_cat-guitares-classique","9":"product_tag-balsa-inner-core-double-top-guitars-montreal-canada-fr","10":"product_tag-daniel-stark-german-luthier-montreal-canada-fr","11":"product_tag-double-top-guitars-montreal-canada-fr","12":"product_tag-high-end-guitar-showroom-montreal-canada-fr","13":"sales-flash-overlay","14":"woocommerce-text-align-left","15":"woocommerce-image-align-center","16":"do-quantity-buttons","17":"wc-has-gallery","19":"first","20":"outofstock","21":"sold-individually","22":"taxable","23":"shipping-taxable","24":"product-type-simple"},"_links":{"self":[{"href":"https:\/\/www.grandsalondeguitare.com\/fr\/wp-json\/wp\/v2\/product\/58637","targetHints":{"allow":["GET"]}}],"collection":[{"href":"https:\/\/www.grandsalondeguitare.com\/fr\/wp-json\/wp\/v2\/product"}],"about":[{"href":"https:\/\/www.grandsalondeguitare.com\/fr\/wp-json\/wp\/v2\/types\/product"}],"replies":[{"embeddable":true,"href":"https:\/\/www.grandsalondeguitare.com\/fr\/wp-json\/wp\/v2\/comments?post=58637"}],"wp:featuredmedia":[{"embeddable":true,"href":"https:\/\/www.grandsalondeguitare.com\/fr\/wp-json\/wp\/v2\/media\/58641"}],"wp:attachment":[{"href":"https:\/\/www.grandsalondeguitare.com\/fr\/wp-json\/wp\/v2\/media?parent=58637"}],"wp:term":[{"taxonomy":"product_brand","embeddable":true,"href":"https:\/\/www.grandsalondeguitare.com\/fr\/wp-json\/wp\/v2\/product_brand?post=58637"},{"taxonomy":"product_cat","embeddable":true,"href":"https:\/\/www.grandsalondeguitare.com\/fr\/wp-json\/wp\/v2\/product_cat?post=58637"},{"taxonomy":"product_tag","embeddable":true,"href":"https:\/\/www.grandsalondeguitare.com\/fr\/wp-json\/wp\/v2\/product_tag?post=58637"}],"curies":[{"name":"wp","href":"https:\/\/api.w.org\/{rel}","templated":true}]}}