{"id":58574,"date":"2026-03-27T16:45:58","date_gmt":"2026-03-27T21:45:58","guid":{"rendered":"https:\/\/www.grandsalondeguitare.com\/?post_type=product&#038;p=58574"},"modified":"2026-04-24T15:55:04","modified_gmt":"2026-04-24T20:55:04","slug":"c-854-jeremy-cooper-etats-unis-copy","status":"publish","type":"product","link":"https:\/\/www.grandsalondeguitare.com\/fr\/produit\/c-854-jeremy-cooper-etats-unis-copy\/","title":{"rendered":"C-862, Achim-Peter Gropius (Allemagne)"},"content":{"rendered":"<p>Nouvelle guitare classique double table de concert<\/p>\n<p>Terminer en mars 2026<\/p>\n<p>Diapason de 650 mm, largeur au sillet de 52 mm<\/p>\n<p>\u00c9pic\u00e9a allemand sur \u00e9pic\u00e9a<\/p>\n<p>Barrage en \u00e9ventail avec \u00e2me en Nomex<\/p>\n<p>Fond et \u00e9clisses en palissandre indien<\/p>\n<p>Double \u00e9clisses<\/p>\n<p>Manche en acajou l\u00e9g\u00e8rement sur\u00e9lev\u00e9<\/p>\n<p>Touche en \u00e9b\u00e8ne africain<\/p>\n<p>Reliure en \u00e9b\u00e8ne avec filets en \u00e9rable<\/p>\n<p>Rosette r\u00e9alis\u00e9e \u00e0 la main<\/p>\n<p>Chevalet en palissandre Indien<\/p>\n<p>M\u00e9caniques Alessi avec boutons en \u00e9b\u00e8ne<\/p>\n<p>Finition vernie au tampon<\/p>\n<p>\u00c9tui Hiscox Liteflite PRO-II inclus<\/p>\n<p>&nbsp;<\/p>\n<p>Poids : 1,8 kg<\/p>\n<p>Longueur de la caisse : 48 cm<\/p>\n<p>\u00c9paisseur de la caisse : 10,3 cm<\/p>\n<p>Largeur de la caisse (haut) : 28 cm<\/p>\n<p>Largeur de la caisse (bas) : 37 cm<\/p>\n<p data-start=\"115\" data-end=\"138\"><strong data-start=\"115\" data-end=\"138\">Achim-Peter Gropius<\/strong><\/p>\n<p data-start=\"140\" data-end=\"416\">Achim-Peter Gropius est n\u00e9 le 25 f\u00e9vrier 1967 \u00e0 Berlin, o\u00f9 il d\u00e9bute l\u2019\u00e9tude de la guitare \u00e0 l\u2019\u00e2ge de neuf ans. Apr\u00e8s ses \u00e9tudes secondaires, il choisit de suivre sa passion pour l\u2019artisanat en se formant \u00e0 la lutherie, plut\u00f4t que de poursuivre des \u00e9tudes musicales formelles.<\/p>\n<p data-start=\"418\" data-end=\"905\">De 1991 \u00e0 1994, il \u00e9tudie \u00e0 la prestigieuse \u00c9cole de lutherie de Mittenwald, o\u00f9 il obtient son dipl\u00f4me en 1994. Il acquiert ensuite une pr\u00e9cieuse exp\u00e9rience dans l\u2019atelier du luthier Max Strohmer \u00e0 Nuremberg. Plus tard la m\u00eame ann\u00e9e, il s\u2019installe \u00e0 Reutlingen, o\u00f9 il travaille aupr\u00e8s d\u2019un ma\u00eetre luthier sp\u00e9cialis\u00e9 dans la restauration des instruments de la famille du violon. Durant cette p\u00e9riode, il poursuit le d\u00e9veloppement et le perfectionnement de ses propres mod\u00e8les de guitares.<\/p>\n<p data-start=\"907\" data-end=\"1056\">En ao\u00fbt 1996, Gropius fonde son propre atelier \u00e0 Reutlingen. Deux ans plus tard, en f\u00e9vrier 1998, il obtient avec succ\u00e8s son titre de Ma\u00eetre luthier.<\/p>\n<p data-start=\"1058\" data-end=\"1427\">Aujourd\u2019hui, Achim-Peter Gropius est reconnu \u00e0 l\u2019\u00e9chelle internationale pour ses guitares de concert enti\u00e8rement fabriqu\u00e9es \u00e0 la main. Fort de plus de 25 ans d\u2019exp\u00e9rience, il marie avec finesse les traditions de la lutherie aux techniques les plus innovantes, donnant naissance \u00e0 des instruments remarquables par leur richesse sonore, leur projection et leur pr\u00e9cision.<\/p>\n<p data-start=\"1429\" data-end=\"1900\">Ses guitares int\u00e8grent souvent des tables d\u2019harmonie \u00e0 double table (double-top), des manches renforc\u00e9s en fibre de carbone, ainsi qu\u2019une s\u00e9lection rigoureuse de bois de r\u00e9sonance de premi\u00e8re qualit\u00e9. Il en r\u00e9sulte des instruments d\u2019une clart\u00e9, d\u2019une puissance et d\u2019une r\u00e9activit\u00e9 exceptionnelles\u2014des qualit\u00e9s tr\u00e8s recherch\u00e9es par les guitaristes de concert en Europe, en Asie et aux \u00c9tats-Unis. Ses guitares sont pr\u00e9sentes sur de nombreux enregistrements professionnels.<\/p>\n<hr data-start=\"1902\" data-end=\"1905\" \/>\n<p data-start=\"1907\" data-end=\"1946\"><strong data-start=\"1907\" data-end=\"1946\">Dans les mots d\u2019Achim-Peter Gropius<\/strong><\/p>\n<p data-start=\"1948\" data-end=\"2377\">Pour moi, l\u2019un des aspects les plus essentiels de mon travail r\u00e9side dans la part importante de travail manuel investie dans chaque instrument. Une guitare v\u00e9ritablement fabriqu\u00e9e \u00e0 la main poss\u00e8de un caract\u00e8re et une pr\u00e9sence visuelle profond\u00e9ment diff\u00e9rents de ceux d\u2019un instrument fa\u00e7onn\u00e9 principalement par des machines. Cela explique, selon moi, en grande partie la fascination durable exerc\u00e9e par les instruments anciens.<\/p>\n<p data-start=\"2379\" data-end=\"2853\">Ce sont souvent de subtiles irr\u00e9gularit\u00e9s\u2014qu\u2019il ne faut en aucun cas confondre avec un manque de pr\u00e9cision\u2014qui conf\u00e8rent \u00e0 ces instruments leur charme unique. Ces nuances, presque imperceptibles \u00e0 l\u2019\u0153il nu, enrichissent leur dimension esth\u00e9tique et artistique, donnant \u00e0 chaque pi\u00e8ce une identit\u00e9 propre, impossible \u00e0 reproduire. Les instruments fabriqu\u00e9s \u00e0 la main vieillissent \u00e9galement avec \u00e9l\u00e9gance, d\u00e9veloppant une patine naturelle sans jamais para\u00eetre us\u00e9s ou alt\u00e9r\u00e9s.<\/p>\n<p data-start=\"2855\" data-end=\"3069\">Plus important encore, le savoir-faire artisanal ne peut \u00eatre remplac\u00e9, m\u00eame par les machines les plus perfectionn\u00e9es\u2014en particulier lorsqu\u2019il s\u2019agit d\u2019obtenir un \u00e9quilibre tonal raffin\u00e9 et une jouabilit\u00e9 optimale.<\/p>\n<p data-start=\"3071\" data-end=\"3453\">Le choix des bois de r\u00e9sonance est tout aussi fondamental. Une attention particuli\u00e8re est port\u00e9e non seulement \u00e0 leur s\u00e9lection, mais aussi \u00e0 leur s\u00e9chage et \u00e0 leur maturation. Dans la mesure du possible, je privil\u00e9gie l\u2019approvisionnement en bois \u00e0 l\u2019\u00e9tat le plus brut\u2014parfois m\u00eame sous forme de billes enti\u00e8res\u2014afin de conserver un contr\u00f4le total sur le d\u00e9bitage et la pr\u00e9paration.<\/p>\n<p data-start=\"3071\" data-end=\"3453\">Nous sommes fiers d&rsquo;\u00eatre le distributeur exclusif en Am\u00e9rique du Nord des guitares Achim-Peter Gropius<\/p>\n","protected":false},"excerpt":{"rendered":"<p data-start=\"110\" data-end=\"456\">[youtube v=xYg_t3cv_nQ maxwidth=\"800px\"]<\/p>\n<p data-start=\"110\" data-end=\"456\">\n<p data-start=\"110\" data-end=\"456\">[youtube v=tVi-FC4v7qs maxwidth=\"800px\"]<\/p>\n<p data-start=\"110\" data-end=\"456\">\n<p data-start=\"110\" data-end=\"456\">Achim-Peter Gropius est reconnu \u00e0 l\u2019\u00e9chelle internationale pour ses guitares de concert m\u00e9ticuleusement fabriqu\u00e9es \u00e0 la main. Fort de plus de 25 ans d\u2019exp\u00e9rience, il marie avec finesse le savoir-faire traditionnel aux techniques les plus innovantes, cr\u00e9ant des instruments remarquables par leur richesse sonore, leur projection et leur pr\u00e9cision.<\/p>\n<p data-start=\"458\" data-end=\"658\">Cette guitare \u00e0 double table en \u00e9pic\u00e9a incarne la puissance, la nuance et la profondeur musicale\u2014des qualit\u00e9s hautement recherch\u00e9es par les guitaristes de concert en Europe, en Asie et aux \u00c9tats-Unis.<\/p>\n<p data-start=\"660\" data-end=\"737\">Ses instruments sont pr\u00e9sents sur de nombreux enregistrements professionnels.<\/p>\n<p data-start=\"739\" data-end=\"984\">Avec une liste d\u2019attente actuelle d\u2019environ cinq ans, la prochaine guitare d\u2019Achim-Peter Gropius attribu\u00e9e \u00e0 notre salon devrait \u00eatre disponible en 2027. Nous vous invitons \u00e0 nous contacter d\u00e8s maintenant afin de r\u00e9server cette opportunit\u00e9 rare.<\/p>\n","protected":false},"featured_media":58600,"comment_status":"closed","ping_status":"closed","template":"","meta":{"_mo_disable_npp":""},"product_brand":[],"product_cat":[2258,1058,1057],"product_tag":[],"class_list":{"0":"post-58574","1":"product","2":"type-product","3":"status-publish","4":"has-post-thumbnail","6":"product_cat-double-tops","7":"product_cat-guitares","8":"product_cat-guitares-classique","9":"sales-flash-overlay","10":"woocommerce-text-align-left","11":"woocommerce-image-align-center","12":"do-quantity-buttons","13":"wc-has-gallery","15":"first","16":"outofstock","17":"sold-individually","18":"taxable","19":"shipping-taxable","20":"product-type-simple"},"_links":{"self":[{"href":"https:\/\/www.grandsalondeguitare.com\/fr\/wp-json\/wp\/v2\/product\/58574","targetHints":{"allow":["GET"]}}],"collection":[{"href":"https:\/\/www.grandsalondeguitare.com\/fr\/wp-json\/wp\/v2\/product"}],"about":[{"href":"https:\/\/www.grandsalondeguitare.com\/fr\/wp-json\/wp\/v2\/types\/product"}],"replies":[{"embeddable":true,"href":"https:\/\/www.grandsalondeguitare.com\/fr\/wp-json\/wp\/v2\/comments?post=58574"}],"wp:featuredmedia":[{"embeddable":true,"href":"https:\/\/www.grandsalondeguitare.com\/fr\/wp-json\/wp\/v2\/media\/58600"}],"wp:attachment":[{"href":"https:\/\/www.grandsalondeguitare.com\/fr\/wp-json\/wp\/v2\/media?parent=58574"}],"wp:term":[{"taxonomy":"product_brand","embeddable":true,"href":"https:\/\/www.grandsalondeguitare.com\/fr\/wp-json\/wp\/v2\/product_brand?post=58574"},{"taxonomy":"product_cat","embeddable":true,"href":"https:\/\/www.grandsalondeguitare.com\/fr\/wp-json\/wp\/v2\/product_cat?post=58574"},{"taxonomy":"product_tag","embeddable":true,"href":"https:\/\/www.grandsalondeguitare.com\/fr\/wp-json\/wp\/v2\/product_tag?post=58574"}],"curies":[{"name":"wp","href":"https:\/\/api.w.org\/{rel}","templated":true}]}}