{"id":58016,"date":"2026-02-01T15:24:10","date_gmt":"2026-02-01T20:24:10","guid":{"rendered":"https:\/\/www.grandsalondeguitare.com\/?post_type=product&#038;p=58016"},"modified":"2026-03-27T16:53:01","modified_gmt":"2026-03-27T21:53:01","slug":"c-825-jean-noel-lebreton-france-copy-3","status":"publish","type":"product","link":"https:\/\/www.grandsalondeguitare.com\/fr\/produit\/c-825-jean-noel-lebreton-france-copy-3\/","title":{"rendered":"C-854, Jeremy Cooper (\u00c9tats-Unis)"},"content":{"rendered":"<p>Nouvelle guitare classique double table de concert<\/p>\n<p>Mod\u00e8le br\u00e9silien (Fr\u00e8res Assad)<\/p>\n<p>Ann\u00e9e 2025<\/p>\n<p>N-124<\/p>\n<p>Diapason de 650 mm avec un sillet de 52 mm<\/p>\n<p>Table en c\u00e8dre rouge de l&rsquo;Ouest sur \u00e9pic\u00e9a d&rsquo;Engelmann<\/p>\n<p>\u00c2me int\u00e9rieure en balsa (design Matrix)<\/p>\n<p>Fond et \u00e9clisses en \u00e9b\u00e8ne africain<\/p>\n<p>Manche sur\u00e9lev\u00e9 en acajou<\/p>\n<p>Touche en \u00ab\u00a0Blackwood\u00a0\u00bb africain<\/p>\n<p>Filets en palissandre Burmese<\/p>\n<p>Rosette faite a la main avec bloc de fixation assorti<\/p>\n<p>Chevalet en palissandre du Br\u00e9sil<\/p>\n<p>M\u00e9caniques Scheller faites a la main<\/p>\n<p>Finition sp\u00e9ciale en polyester tr\u00e8s fin sur du gomme-laque<\/p>\n<p>\u00c9tui Visesnut s\u00e9rie Active inclus<\/p>\n<p>&nbsp;<\/p>\n<p>Poids de la guitare : 1,8 kg<\/p>\n<p>Longueur de la caisse : 49,5 cm<\/p>\n<p>\u00c9paisseur de la caisse : 10 cm<\/p>\n<p>Largeur de la partie sup\u00e9rieure : 28 cm<\/p>\n<p>Largeur de la partie inf\u00e9rieure : 37 cm<\/p>\n<p>&nbsp;<\/p>\n<p>La guitare 2025 de Jeremy Cooper repr\u00e9sente l&rsquo;apog\u00e9e actuelle de son travail renomm\u00e9 sur les guitares \u00e0 double table et illustre parfaitement pourquoi ses instruments sont si pris\u00e9s des concertistes d&rsquo;aujourd&rsquo;hui. Fort de plus de vingt ans d&rsquo;exp\u00e9rience en lutherie et de plus d&rsquo;une d\u00e9cennie consacr\u00e9e au perfectionnement de sa conception de guitare \u00e0 double table en balsa, Cooper a d\u00e9velopp\u00e9 une sonorit\u00e9 qui allie puissance, richesse sonore et une r\u00e9activit\u00e9 exceptionnelle.<\/p>\n<p>Le mod\u00e8le n\u00b0 124 est dot\u00e9 d&rsquo;une double table en balsa, avec une table d&rsquo;harmonie ext\u00e9rieure en c\u00e8dre rouge de l&rsquo;Ouest et une table int\u00e9rieure en \u00e9pic\u00e9a, offrant une sonorit\u00e9 lumineuse et riche, sensible au moindre effleurement. Le dos et les \u00e9clisses en \u00e9b\u00e8ne ajoutent profondeur et autorit\u00e9 tout en pr\u00e9servant des aigus doux et ronds, pour une sonorit\u00e9 \u00e0 la fois ample et raffin\u00e9e.<\/p>\n<p>Le son est dense, r\u00e9sonnant et profond\u00e9ment immersif, avec un excellent sustain et une r\u00e9ponse parfaitement \u00e9quilibr\u00e9e sur toute la tessiture. Contrairement \u00e0 de nombreuses guitares \u00e0 double table, celle-ci conserve chaleur et douceur tout en offrant une excellente projection, avec des m\u00e9diums riches et un registre aigu chantant qui invitent \u00e0 un phras\u00e9 nuanc\u00e9 et \u00e0 une ma\u00eetrise dynamique.<\/p>\n<p>Un manche en acajou avec une touche sur\u00e9lev\u00e9e en \u00e9b\u00e8ne africain \u2013 inspir\u00e9e du mod\u00e8le utilis\u00e9 par Cooper pour les fr\u00e8res Assad \u2013 am\u00e9liore la projection et le sustain tout en offrant un confort et une \u00e9l\u00e9gance exceptionnels \u00e0 la main gauche.<\/p>\n<p>Dot\u00e9e de m\u00e9caniques Scheller, d&rsquo;une t\u00eate en V et b\u00e9n\u00e9ficiant du souci du d\u00e9tail caract\u00e9ristique de Cooper, cette guitare de 2025 incarne la puissance, le raffinement et la profondeur musicale recherch\u00e9s par les guitaristes exigeants au Grand Salon de la Guitare.<\/p>\n","protected":false},"excerpt":{"rendered":"<div class=\"woocommerce-product-details__short-description\">\n[youtube v=uQCFzDNJHNc maxwidth=\"800px\"]\n<p>&nbsp;<\/p>\n[youtube v=1Aasq8Rra-E maxwidth=\"800px\"]\n<p>&nbsp;<\/p>\n<p>Cette guitare de 2025 sign\u00e9e Jeremy Cooper, de Tucson en Arizonie, refl\u00e8te la maturit\u00e9 aboutie de l\u2019une des voix les plus marquantes de la lutherie double table contemporaine.<\/p>\n<p>Fort de plus de vingt ans d\u2019exp\u00e9rience et de plus d\u2019une d\u00e9cennie consacr\u00e9e au perfectionnement de sa conception \u00e0 double table avec \u00e2me en balsa, Cooper a d\u00e9velopp\u00e9 un son caract\u00e9ris\u00e9 par la chaleur, la clart\u00e9 et une r\u00e9activit\u00e9 d\u2019une grande facilit\u00e9.<\/p>\n<p data-start=\"533\" data-end=\"886\">Tr\u00e8s recherch\u00e9es par les musiciens exigeants du monde entier, ses guitares sont souvent compar\u00e9es \u00e0 celles de M\u00fcller, Dammann et Tolz pour leur puissance, leur richesse de timbre et leur large palette musicale. Cet exemplaire de 2025 incarne la force, le raffinement et la profondeur expressive que recherchent les guitaristes au Grand Salon De Guitare<\/p>\n<\/div>\n<p>Avec un d\u00e9lai d\u2019attente de quatre ans, la prochaine guitare de Jeremy destin\u00e9e \u00e0 notre salon sera disponible en 2027&#8230;<\/p>\n","protected":false},"featured_media":58018,"comment_status":"closed","ping_status":"closed","template":"","meta":{"_mo_disable_npp":""},"product_brand":[],"product_cat":[2258,1058,1057],"product_tag":[1062],"class_list":{"0":"post-58016","1":"product","2":"type-product","3":"status-publish","4":"has-post-thumbnail","6":"product_cat-double-tops","7":"product_cat-guitares","8":"product_cat-guitares-classique","9":"product_tag-high-end-guitar-showroom-montreal-canada-fr","10":"sales-flash-overlay","11":"woocommerce-text-align-left","12":"woocommerce-image-align-center","13":"do-quantity-buttons","14":"wc-has-gallery","16":"first","17":"outofstock","18":"sold-individually","19":"taxable","20":"shipping-taxable","21":"product-type-simple"},"_links":{"self":[{"href":"https:\/\/www.grandsalondeguitare.com\/fr\/wp-json\/wp\/v2\/product\/58016","targetHints":{"allow":["GET"]}}],"collection":[{"href":"https:\/\/www.grandsalondeguitare.com\/fr\/wp-json\/wp\/v2\/product"}],"about":[{"href":"https:\/\/www.grandsalondeguitare.com\/fr\/wp-json\/wp\/v2\/types\/product"}],"replies":[{"embeddable":true,"href":"https:\/\/www.grandsalondeguitare.com\/fr\/wp-json\/wp\/v2\/comments?post=58016"}],"wp:featuredmedia":[{"embeddable":true,"href":"https:\/\/www.grandsalondeguitare.com\/fr\/wp-json\/wp\/v2\/media\/58018"}],"wp:attachment":[{"href":"https:\/\/www.grandsalondeguitare.com\/fr\/wp-json\/wp\/v2\/media?parent=58016"}],"wp:term":[{"taxonomy":"product_brand","embeddable":true,"href":"https:\/\/www.grandsalondeguitare.com\/fr\/wp-json\/wp\/v2\/product_brand?post=58016"},{"taxonomy":"product_cat","embeddable":true,"href":"https:\/\/www.grandsalondeguitare.com\/fr\/wp-json\/wp\/v2\/product_cat?post=58016"},{"taxonomy":"product_tag","embeddable":true,"href":"https:\/\/www.grandsalondeguitare.com\/fr\/wp-json\/wp\/v2\/product_tag?post=58016"}],"curies":[{"name":"wp","href":"https:\/\/api.w.org\/{rel}","templated":true}]}}