{"id":57943,"date":"2025-12-19T16:55:55","date_gmt":"2025-12-19T21:55:55","guid":{"rendered":"https:\/\/www.grandsalondeguitare.com\/?post_type=product&#038;p=57943"},"modified":"2026-03-16T14:29:56","modified_gmt":"2026-03-16T19:29:56","slug":"a-406-woodside-gs4-lev-pro-copy","status":"publish","type":"product","link":"https:\/\/www.grandsalondeguitare.com\/fr\/produit\/a-406-woodside-gs4-lev-pro-copy\/","title":{"rendered":"A-411, Woodside GS4-PCL"},"content":{"rendered":"<h4 data-section-id=\"1lbouo8\" data-start=\"185\" data-end=\"223\"><strong>Support de guitare Woodside GS4-PCL<\/strong><\/h4>\n<p data-start=\"225\" data-end=\"501\">La plus r\u00e9cente \u00e9volution du c\u00e9l\u00e8bre support de guitare <strong data-start=\"281\" data-end=\"288\">GS4<\/strong>, reconnu comme l\u2019un des plus <strong data-start=\"318\" data-end=\"357\">adaptables et confortables au monde<\/strong>, est d\u00e9sormais am\u00e9lior\u00e9e avec le <strong data-start=\"391\" data-end=\"419\">collier de serrage \u201cPro\u201d<\/strong>. Cette nouvelle version offre une <strong data-start=\"454\" data-end=\"500\">pr\u00e9cision et une stabilit\u00e9 exceptionnelles<\/strong>.<\/p>\n<p data-start=\"503\" data-end=\"688\">Profitez imm\u00e9diatement d\u2019une <strong data-start=\"532\" data-end=\"579\">meilleure performance et d\u2019un confort accru<\/strong>, tout en b\u00e9n\u00e9ficiant \u00e0 long terme d\u2019une <strong data-start=\"620\" data-end=\"685\">posture am\u00e9lior\u00e9e et d\u2019une r\u00e9duction des tensions corporelles<\/strong>.<\/p>\n<p data-start=\"690\" data-end=\"910\">Ses caract\u00e9ristiques brevet\u00e9es, test\u00e9es par des musiciens professionnels, incluent notamment un <strong data-start=\"786\" data-end=\"831\">syst\u00e8me de griffes enti\u00e8rement pivotantes<\/strong>, compatible avec les guitares \u00e0 <strong data-start=\"864\" data-end=\"909\">touche traditionnelle ou touche sur\u00e9lev\u00e9e<\/strong>.<\/p>\n<h4 data-section-id=\"haviiy\" data-start=\"912\" data-end=\"944\"><strong>Caract\u00e9ristiques principales<\/strong><\/h4>\n<p data-start=\"946\" data-end=\"1306\">\u2022 Syst\u00e8me <strong data-start=\"956\" data-end=\"998\">\u00e0 rotule verrouillable (Ball &amp; Socket)<\/strong> permettant un ajustement pr\u00e9cis de l\u2019angle par rapport au pilier de support<br data-start=\"1074\" data-end=\"1077\" \/>\u2022 Le <strong data-start=\"1082\" data-end=\"1110\">berceau pivote librement<\/strong> par rapport au repose-jambe<br data-start=\"1138\" data-end=\"1141\" \/>\u2022 Large choix <strong data-start=\"1155\" data-end=\"1172\">d\u2019accessoires<\/strong> pour une personnalisation et un positionnement optimaux<br data-start=\"1228\" data-end=\"1231\" \/>\u2022 <strong data-start=\"1233\" data-end=\"1253\">D\u00e9montage facile<\/strong> pour un rangement compact et un transport pratique<\/p>\n<hr data-start=\"1308\" data-end=\"1311\" \/>\n<h4 data-section-id=\"1ifi0ht\" data-start=\"1313\" data-end=\"1376\"><strong>Woodside vous permet de trouver VOTRE position de jeu id\u00e9ale<\/strong><\/h4>\n<p data-start=\"1378\" data-end=\"1537\">Il offre la <strong data-start=\"1390\" data-end=\"1436\">libert\u00e9 et la flexibilit\u00e9 d\u2019un repose-pied<\/strong>, combin\u00e9es aux <strong data-start=\"1452\" data-end=\"1536\">avantages ergonomiques et au maintien de posture d\u2019un support de guitare moderne<\/strong>.<\/p>\n<p data-start=\"1539\" data-end=\"1559\">R\u00e9glages possibles :<\/p>\n<p data-start=\"1561\" data-end=\"1675\">\u2022 Position verticale<br data-start=\"1581\" data-end=\"1584\" \/>\u2022 Angle frontal<br data-start=\"1599\" data-end=\"1602\" \/>\u2022 Inclinaison de la caisse de la guitare (vers l\u2019avant ou vers l\u2019arri\u00e8re)<\/p>\n<p data-start=\"1677\" data-end=\"1825\">Le support Woodside permet <strong data-start=\"1704\" data-end=\"1728\">tous ces ajustements<\/strong>, dont certains <strong data-start=\"1744\" data-end=\"1782\">impossibles avec d\u2019autres supports<\/strong>, notamment les mod\u00e8les \u00e0 plaque plastique.<\/p>\n<p data-start=\"1827\" data-end=\"1967\">Une fois r\u00e9gl\u00e9, le Woodside <strong data-start=\"1855\" data-end=\"1882\">m\u00e9morise votre position<\/strong> : il suffit litt\u00e9ralement d\u2019un <strong data-start=\"1914\" data-end=\"1929\">simple clic<\/strong> pour installer ou retirer le support.<\/p>\n<hr data-start=\"1969\" data-end=\"1972\" \/>\n<h4 data-section-id=\"yx03go\" data-start=\"1974\" data-end=\"2022\"><strong>Le seul support avec syst\u00e8me d\u2019attache rapide<\/strong><\/h4>\n<p data-start=\"2024\" data-end=\"2191\">Une fois l\u2019ouverture du <strong data-start=\"2048\" data-end=\"2059\">berceau<\/strong> ajust\u00e9e \u00e0 la largeur de votre guitare, il suffit <strong data-start=\"2109\" data-end=\"2133\">d\u2019abaisser le levier<\/strong> pour obtenir un serrage <strong data-start=\"2158\" data-end=\"2190\">ferme et parfaitement stable<\/strong>.<\/p>\n<p data-start=\"2193\" data-end=\"2337\">Remarque : le syst\u00e8me de serrage <strong data-start=\"2226\" data-end=\"2267\">n\u2019endommage en aucun cas l\u2019instrument<\/strong> (n\u2019h\u00e9sitez pas \u00e0 consulter votre luthier si vous avez des questions).<\/p>\n<p data-start=\"2339\" data-end=\"2468\">Le r\u00e9glage de base se fait simplement en <strong data-start=\"2380\" data-end=\"2421\">vissant ou d\u00e9vissant la vis du levier<\/strong> afin de l\u2019adapter \u00e0 la largeur de la caisse.<\/p>\n<p data-start=\"2470\" data-end=\"2648\">Ce syst\u00e8me est <strong data-start=\"2485\" data-end=\"2524\">extr\u00eamement pr\u00e9cis et reproductible<\/strong>. Si vous utilisez plusieurs guitares, il suffit de <strong data-start=\"2576\" data-end=\"2616\">noter le nombre de tours n\u00e9cessaires<\/strong> pour passer de l\u2019une \u00e0 l\u2019autre.<\/p>\n<hr data-start=\"2650\" data-end=\"2653\" \/>\n<h4 data-section-id=\"11nh8s0\" data-start=\"2655\" data-end=\"2694\"><strong>Syst\u00e8me exclusif de griffes Woodside<\/strong><\/h4>\n<p data-start=\"2696\" data-end=\"2778\">Le <strong data-start=\"2699\" data-end=\"2749\">syst\u00e8me brevet\u00e9 de griffes pivotantes Woodside<\/strong> offre des avantages uniques.<\/p>\n<p data-start=\"2780\" data-end=\"2958\">En plus d\u2019\u00eatre compatible avec les <strong data-start=\"2815\" data-end=\"2846\">guitares \u00e0 touche sur\u00e9lev\u00e9e<\/strong>, les griffes s\u2019ajustent automatiquement aux <strong data-start=\"2891\" data-end=\"2957\">variations de profondeur de caisse propres \u00e0 chaque instrument<\/strong>.<\/p>\n<p data-start=\"2960\" data-end=\"2970\">R\u00e9sultat :<\/p>\n<p data-start=\"2972\" data-end=\"3084\">\u2022 <strong data-start=\"2974\" data-end=\"3002\">Force de serrage r\u00e9duite<\/strong><br data-start=\"3002\" data-end=\"3005\" \/>\u2022 <strong data-start=\"3007\" data-end=\"3057\">Contact uniforme sur les quatre points d\u2019appui<\/strong><br data-start=\"3057\" data-end=\"3060\" \/>\u2022 <strong data-start=\"3062\" data-end=\"3084\">Stabilit\u00e9 optimale<\/strong><\/p>\n<p data-start=\"3086\" data-end=\"3146\">Aucun autre support de guitare ne propose cette technologie.<\/p>\n<hr data-start=\"3148\" data-end=\"3151\" \/>\n<h4 data-section-id=\"itxyv1\" data-start=\"3153\" data-end=\"3179\"><strong>Accessoires disponibles<\/strong><\/h4>\n<p data-start=\"3181\" data-end=\"3325\">Lorsque les r\u00e9glages standards doivent \u00eatre \u00e9tendus, Woodside propose <strong data-start=\"3251\" data-end=\"3292\">plusieurs accessoires compl\u00e9mentaires<\/strong> pouvant \u00eatre ajout\u00e9s au support.<\/p>\n<p data-start=\"3327\" data-end=\"3416\">Vous \u00eates ainsi assur\u00e9 d\u2019obtenir <strong data-start=\"3360\" data-end=\"3415\">la position et l\u2019ajustement parfaits pour votre jeu<\/strong>.<\/p>\n<hr data-start=\"3418\" data-end=\"3421\" \/>\n<h4 data-section-id=\"oey6vb\" data-start=\"3423\" data-end=\"3440\"><strong>Sp\u00e9cifications<\/strong><\/h4>\n<p data-start=\"3442\" data-end=\"3496\"><strong data-start=\"3442\" data-end=\"3466\">Largeur de serrage :<\/strong> 79 \u2013 113 mm \/ 3,1 \u2013 4,45 po<\/p>\n<p data-start=\"3498\" data-end=\"3593\"><strong data-start=\"3498\" data-end=\"3518\">Plage de hauteur<\/strong>* (du haut du repose-jambe \u00e0 la position de l\u2019instrument) :<br data-start=\"3577\" data-end=\"3580\" \/>90 \u2013 178 mm<\/p>\n<p data-start=\"3595\" data-end=\"3701\"><strong data-start=\"3595\" data-end=\"3617\">Angle de r\u00e9glage :<\/strong> 13\u00b0 (rotule Ball &amp; Socket) dans toutes les directions<br data-start=\"3671\" data-end=\"3674\" \/>(base avec d\u00e9calage de 14\u00b0)<\/p>\n<p data-start=\"3703\" data-end=\"3730\"><strong data-start=\"3703\" data-end=\"3714\">Poids :<\/strong> environ 182 g<\/p>\n<p data-start=\"3732\" data-end=\"3821\"><strong data-start=\"3732\" data-end=\"3747\">Mat\u00e9riaux :<\/strong> aluminium anodis\u00e9, laiton, acier inoxydable, PC\/ABS moul\u00e9 par injection<\/p>\n<p data-start=\"3823\" data-end=\"3886\"><strong data-start=\"3823\" data-end=\"3856\">Dimensions pli\u00e9 (rangement) :<\/strong><br data-start=\"3856\" data-end=\"3859\" \/>130 \u00d7 100 \u00d7 59 mm (hauteur)<\/p>\n<p data-start=\"3888\" data-end=\"3968\"><em data-start=\"3888\" data-end=\"3968\">Les sp\u00e9cifications sont approximatives et peuvent \u00eatre modifi\u00e9es sans pr\u00e9avis.<\/em><\/p>\n<hr data-start=\"3970\" data-end=\"3973\" \/>\n<h4 data-section-id=\"1kx8fp5\" data-start=\"3975\" data-end=\"4017\"><strong>L\u2019accessoire id\u00e9al pour tout guitariste<\/strong><\/h4>\n<p data-start=\"4019\" data-end=\"4042\">Chaque unit\u00e9 comprend :<\/p>\n<p data-start=\"4044\" data-end=\"4246\">\u2022 l\u2019assemblage du <strong data-start=\"4062\" data-end=\"4091\">berceau (Cradle Assembly)<\/strong><br data-start=\"4091\" data-end=\"4094\" \/>\u2022 le <strong data-start=\"4099\" data-end=\"4115\">repose-jambe<\/strong><br data-start=\"4115\" data-end=\"4118\" \/>\u2022 le <strong data-start=\"4123\" data-end=\"4149\">collier de serrage Pro<\/strong><br data-start=\"4149\" data-end=\"4152\" \/>\u2022 l\u2019<strong data-start=\"4156\" data-end=\"4180\">extension de collier<\/strong><br data-start=\"4180\" data-end=\"4183\" \/>\u2022 la <strong data-start=\"4188\" data-end=\"4215\">tige \u00e0 embout sph\u00e9rique<\/strong><br data-start=\"4215\" data-end=\"4218\" \/>\u2022 la <strong data-start=\"4223\" data-end=\"4246\">coupelle de retenue<\/strong><\/p>\n<hr data-start=\"4248\" data-end=\"4251\" \/>\n<h4 data-section-id=\"48go22\" data-start=\"4253\" data-end=\"4323\"><strong>Diff\u00e9rences entre le mod\u00e8le PCL et les mod\u00e8les pr\u00e9c\u00e9dents GS3 \/ GS4<\/strong><\/h4>\n<p data-start=\"4325\" data-end=\"4711\">\u2022 <strong data-start=\"4327\" data-end=\"4347\">Navette modifi\u00e9e<\/strong> pour am\u00e9liorer la surface de contact avec la base \u2014 facilite le glissement dans les positions tr\u00e8s ferm\u00e9es<br data-start=\"4454\" data-end=\"4457\" \/>\u2022 <strong data-start=\"4459\" data-end=\"4501\">Profil de contact des griffes am\u00e9lior\u00e9<\/strong>, assurant une <strong data-start=\"4516\" data-end=\"4545\">ligne de contact optimale<\/strong> entre les griffes et la caisse de la guitare<br data-start=\"4590\" data-end=\"4593\" \/>\u2022 <strong data-start=\"4595\" data-end=\"4619\">Nouveau profil avant<\/strong>, avec une \u00e9l\u00e9gante <strong data-start=\"4639\" data-end=\"4663\">plaque logo Woodside<\/strong><br data-start=\"4663\" data-end=\"4666\" \/>\u2022 <strong data-start=\"4668\" data-end=\"4711\">Esth\u00e9tique g\u00e9n\u00e9rale nettement am\u00e9lior\u00e9e<\/strong><\/p>\n<hr data-start=\"4713\" data-end=\"4716\" \/>\n<h4 data-section-id=\"qxide4\" data-start=\"4718\" data-end=\"4754\"><strong>Collier de serrage avanc\u00e9 \u00ab PRO \u00bb<\/strong><\/h4>\n<p data-start=\"4756\" data-end=\"4907\">Nouvelle g\u00e9n\u00e9ration de <strong data-start=\"4779\" data-end=\"4819\">collier de serrage haute performance<\/strong>, offrant une <strong data-start=\"4833\" data-end=\"4906\">stabilit\u00e9 accrue, une pr\u00e9cision sup\u00e9rieure et une durabilit\u00e9 optimale<\/strong>.<\/p>\n<p><a href=\"https:\/\/www.grandsalondeguitare.com\/wp-content\/uploads\/2025\/09\/GS4-Pro-Brochure.pdf\">GS4-Pro Brochure<\/a><\/p>\n","protected":false},"excerpt":{"rendered":"[youtube v=zpvwnuEm_Nk maxwidth=\"800px\"]\n<p>&nbsp;<\/p>\n<p><strong>Woodside GS4-PCL<\/strong><\/p>\n<p>&nbsp;<\/p>\n<p><a href=\"https:\/\/www.grandsalondeguitare.com\/wp-content\/uploads\/2025\/09\/GS4-Pro-Brochure.pdf\">GS4-Pro Brochure<\/a><\/p>\n","protected":false},"featured_media":57176,"comment_status":"closed","ping_status":"closed","template":"","meta":{"_mo_disable_npp":""},"product_brand":[],"product_cat":[1052,1069],"product_tag":[1075,1073],"class_list":{"0":"post-57943","1":"product","2":"type-product","3":"status-publish","4":"has-post-thumbnail","6":"product_cat-accessoires","7":"product_cat-supports-pour-guitare","8":"product_tag-lever-adjustment-guitar-support-fr","9":"product_tag-woodside-guitar-supports-fr","10":"sales-flash-overlay","11":"woocommerce-text-align-left","12":"woocommerce-image-align-center","13":"do-quantity-buttons","14":"wc-has-gallery","16":"first","17":"instock","18":"sold-individually","19":"taxable","20":"shipping-taxable","21":"purchasable","22":"product-type-simple"},"_links":{"self":[{"href":"https:\/\/www.grandsalondeguitare.com\/fr\/wp-json\/wp\/v2\/product\/57943","targetHints":{"allow":["GET"]}}],"collection":[{"href":"https:\/\/www.grandsalondeguitare.com\/fr\/wp-json\/wp\/v2\/product"}],"about":[{"href":"https:\/\/www.grandsalondeguitare.com\/fr\/wp-json\/wp\/v2\/types\/product"}],"replies":[{"embeddable":true,"href":"https:\/\/www.grandsalondeguitare.com\/fr\/wp-json\/wp\/v2\/comments?post=57943"}],"wp:featuredmedia":[{"embeddable":true,"href":"https:\/\/www.grandsalondeguitare.com\/fr\/wp-json\/wp\/v2\/media\/57176"}],"wp:attachment":[{"href":"https:\/\/www.grandsalondeguitare.com\/fr\/wp-json\/wp\/v2\/media?parent=57943"}],"wp:term":[{"taxonomy":"product_brand","embeddable":true,"href":"https:\/\/www.grandsalondeguitare.com\/fr\/wp-json\/wp\/v2\/product_brand?post=57943"},{"taxonomy":"product_cat","embeddable":true,"href":"https:\/\/www.grandsalondeguitare.com\/fr\/wp-json\/wp\/v2\/product_cat?post=57943"},{"taxonomy":"product_tag","embeddable":true,"href":"https:\/\/www.grandsalondeguitare.com\/fr\/wp-json\/wp\/v2\/product_tag?post=57943"}],"curies":[{"name":"wp","href":"https:\/\/api.w.org\/{rel}","templated":true}]}}