{"id":57892,"date":"2025-12-18T15:22:17","date_gmt":"2025-12-18T20:22:17","guid":{"rendered":"https:\/\/www.grandsalondeguitare.com\/?post_type=product&#038;p=57892"},"modified":"2026-01-02T10:01:28","modified_gmt":"2026-01-02T15:01:28","slug":"c-803-douglass-scott-canada-copy","status":"publish","type":"product","link":"https:\/\/www.grandsalondeguitare.com\/fr\/produit\/c-803-douglass-scott-canada-copy\/","title":{"rendered":"C-853, Douglass Scott (Canada)"},"content":{"rendered":"<p>Guitare classique de concert<\/p>\n<p>N-124<\/p>\n<p>Fabriquer en 2022<\/p>\n<p>\u00c9chelle de 650 mm avec largeur de sillet de 52 mm<\/p>\n<p>Table en \u00e9pic\u00e9a europ\u00e9en<\/p>\n<p>Dos et \u00e9clisses en palissandre Indien<\/p>\n<p>Manche en acajou<\/p>\n<p>Touche en \u00e9b\u00e8ne africain avec 20e frette<\/p>\n<p>Bloc d&rsquo;attache avec 12 trous<\/p>\n<p>M\u00e9caniques Scheller avec boutons en bois de serpent<\/p>\n<p>Finition au tampon en polis fran\u00e7ais<\/p>\n<p>\u00c9tui Hiscox Liteflite PRO-II inclus<\/p>\n<p>&nbsp;<\/p>\n<p>Le poids de la guitare est de 1,5 kg \/ 3,306 lb<\/p>\n<p>La longueur du corps est de 48,5 cm \/ 19,09 pouces<\/p>\n<p>La profondeur du corps est de 9,5 cm \/ 3,74 pouces<\/p>\n<p>La partie sup\u00e9rieure est de 28,5 cm \/ 10,826 pouces<\/p>\n<p>La partie inf\u00e9rieure est de 36,5 cm \/ 14,37 pouces<\/p>\n<p>&nbsp;<\/p>\n<p>Directement de Scott&#8230;<\/p>\n<p>Je suis n\u00e9 \u00e0 Paris, en France, et j&rsquo;ai grandi en vivant et en voyageant dans divers pays avec ma famille avant de m&rsquo;installer au Canada.<\/p>\n<p>J&rsquo;ai commenc\u00e9 \u00e0 apprendre \u00e0 jouer de la guitare classique \u00e0 Singapour \u00e0 l&rsquo;\u00e2ge de sept ans, sans savoir que cet instrument deviendrait une pr\u00e9sence majeure dans ma vie. C&rsquo;\u00e9tait en 1998 lorsque j&rsquo;ai construit ma premi\u00e8re guitare, puis quelques autres, alors que j&rsquo;\u00e9tais \u00e0 l&rsquo;universit\u00e9 en me sp\u00e9cialisant en musique.<\/p>\n<p>Pendant cette p\u00e9riode, je suis devenu amoureux du d\u00e9fi et du myst\u00e8re de la cr\u00e9ation d\u2019instruments de musique et je savais que je continuerais \u00e0 construire des guitares dans une certaine mesure pour toujours. J&rsquo;ai fr\u00e9quent\u00e9 une \u00e9cole de construction de guitares afin d&rsquo;en apprendre davantage.<\/p>\n<p>Peu de temps apr\u00e8s, j&rsquo;ai eu l&rsquo;opportunit\u00e9 de travailler dans un atelier de r\u00e9paration de guitares sur l&rsquo;\u00eele de Vancouver pendant quelques ann\u00e9es, puis d&rsquo;\u00e9tudier et de travailler en \u00e9troite collaboration pendant quelques ann\u00e9es avec deux luthiers chevronn\u00e9s.<\/p>\n<p>Je fabrique des guitares \u00e0 plein temps depuis 2004 et je trouve toujours ce m\u00e9tier aussi captivant. Mais d\u00e9sormais, plus que son d\u00e9fi et son myst\u00e8re, c&rsquo;est davantage l&rsquo;appr\u00e9ciation que mes clients ont pour ce que je fais qui donne du sens \u00e0 ce travail.<\/p>\n<p>Le design de ma guitare est fondamentalement tr\u00e8s traditionnel, vous pourrez reconna\u00eetre l&rsquo;inspiration de\u00a0Friederich, Fleta et Torres par exemple dans la construction.<\/p>\n<p>C\u2019est la meilleure fa\u00e7on que je connaisse d\u2019obtenir un instrument avec beaucoup de vitalit\u00e9, de mall\u00e9abilit\u00e9 et de couleur, et de cr\u00e9er le caract\u00e8re global du son que j\u2019aime entendre. Cela signifie une r\u00e9ponse large, lin\u00e9aire et intuitive \u00e0 la fois en termes de couleur tonale et de niveau dynamique, une qualit\u00e9 sonore disciplin\u00e9e et noble avec un sustain uniforme de note \u00e0 note et une brillance exceptionnelle.<\/p>\n","protected":false},"excerpt":{"rendered":"[youtube v=ew9nkmS7T5E maxwidth=\"800px\"]\n<p>&nbsp;<\/p>\n<p>En excellent \u00e9tat, un instrument exceptionnel \u00e0 tous points de vue\u00a0!<\/p>\n<p>La table en \u00e9pic\u00e9a l\u00e9g\u00e8rement vieillie offre des basses riches et chaleureuses, des aigus chantants et cristallins, une clart\u00e9, une s\u00e9paration et un sustain remarquables\u2026<\/p>\n<p>Un essaie s&rsquo;impose !!<\/p>\n<p>Veuillez noter que je ne re\u00e7ois qu\u2019une ou deux guitares de Scott par an, n\u2019h\u00e9sitez pas \u00e0 me contacter pour r\u00e9server les prochains instruments. Merci.<\/p>\n","protected":false},"featured_media":57894,"comment_status":"closed","ping_status":"closed","template":"","meta":{"_mo_disable_npp":""},"product_brand":[],"product_cat":[1058,1057],"product_tag":[1260,1261,1262,1250,1263],"class_list":{"0":"post-57892","1":"product","2":"type-product","3":"status-publish","4":"has-post-thumbnail","6":"product_cat-guitares","7":"product_cat-guitares-classique","8":"product_tag-douglass-scott-concert-classical-guitars-fr","9":"product_tag-hand-made-classical-guitars-in-montreal-canada-fr","10":"product_tag-luthier-douglass-scott-fr","11":"product_tag-montreal-hand-made-guitar-showroom-fr","12":"product_tag-scott-classical-guitars-fr","13":"sales-flash-overlay","14":"woocommerce-text-align-left","15":"woocommerce-image-align-center","16":"do-quantity-buttons","17":"wc-has-gallery","19":"first","20":"outofstock","21":"taxable","22":"shipping-taxable","23":"product-type-simple"},"_links":{"self":[{"href":"https:\/\/www.grandsalondeguitare.com\/fr\/wp-json\/wp\/v2\/product\/57892","targetHints":{"allow":["GET"]}}],"collection":[{"href":"https:\/\/www.grandsalondeguitare.com\/fr\/wp-json\/wp\/v2\/product"}],"about":[{"href":"https:\/\/www.grandsalondeguitare.com\/fr\/wp-json\/wp\/v2\/types\/product"}],"replies":[{"embeddable":true,"href":"https:\/\/www.grandsalondeguitare.com\/fr\/wp-json\/wp\/v2\/comments?post=57892"}],"wp:featuredmedia":[{"embeddable":true,"href":"https:\/\/www.grandsalondeguitare.com\/fr\/wp-json\/wp\/v2\/media\/57894"}],"wp:attachment":[{"href":"https:\/\/www.grandsalondeguitare.com\/fr\/wp-json\/wp\/v2\/media?parent=57892"}],"wp:term":[{"taxonomy":"product_brand","embeddable":true,"href":"https:\/\/www.grandsalondeguitare.com\/fr\/wp-json\/wp\/v2\/product_brand?post=57892"},{"taxonomy":"product_cat","embeddable":true,"href":"https:\/\/www.grandsalondeguitare.com\/fr\/wp-json\/wp\/v2\/product_cat?post=57892"},{"taxonomy":"product_tag","embeddable":true,"href":"https:\/\/www.grandsalondeguitare.com\/fr\/wp-json\/wp\/v2\/product_tag?post=57892"}],"curies":[{"name":"wp","href":"https:\/\/api.w.org\/{rel}","templated":true}]}}