{"id":57813,"date":"2025-12-05T14:43:58","date_gmt":"2025-12-05T19:43:58","guid":{"rendered":"https:\/\/www.grandsalondeguitare.com\/?post_type=product&#038;p=57813"},"modified":"2026-03-17T11:58:45","modified_gmt":"2026-03-17T16:58:45","slug":"c-786-jeff-sigurdson-canada-copy","status":"publish","type":"product","link":"https:\/\/www.grandsalondeguitare.com\/fr\/produit\/c-786-jeff-sigurdson-canada-copy\/","title":{"rendered":"C-852, Jeff Sigurdson (Canada)"},"content":{"rendered":"<p>Guitar Classique De Concert<\/p>\n<p>Guitare N-625<\/p>\n<p>Terminer en d\u00e9cembre 2025<\/p>\n<p>\u00c9chelle de 640mm avec sillet de 51mm<\/p>\n<p>Double Table c\u00e8dre\/c\u00e8dre<\/p>\n<p>Noyau int\u00e9rieur en Balsa<\/p>\n<p>Fond et \u00e9clisses en palissandre Indien<\/p>\n<p>Les c\u00f4t\u00e9s sont doubl\u00e9s a l&rsquo;int\u00e9rieur avec de l&rsquo;\u00e9rable<\/p>\n<p>Manche sur\u00e9lev\u00e9 en c\u00e8dre Espagnol<\/p>\n<p>Touche en \u00e9b\u00e8ne avec 20\u00e8me demi-frette<\/p>\n<p>Rosace en \u00e9rable \u00e9clabouss\u00e9<\/p>\n<p>Repose bras<\/p>\n<p>Port de son avec couvert magn\u00e9tique ajustable<\/p>\n<p>Chevalet et placage de la t\u00eate en palissandre Indien<\/p>\n<p>M\u00e9caniques Gotoh s\u00e9ries 510 avec boutons en \u00e9b\u00e8ne<\/p>\n<p>Finition au tampon \u00e0 la main en polis Fran\u00e7ais<\/p>\n<p>\u00c9tuis en fibre de verre De Cascia inclus<\/p>\n<p>&nbsp;<\/p>\n<p>La longueur totale de la guitare est de 98,5 cm \/ 38,78 pouces<\/p>\n<p>La longueur du corps est de 48 cm \/ 18,8976 pouces<\/p>\n<p>Le bout sup\u00e9rieur est de 28 cm \/ 11,02 pouces<\/p>\n<p>Le bout inf\u00e9rieur est de 36,5 cm \/ 14,37 pouces<\/p>\n<p>La largeur est de 10 cm \/ 3,93 pouces<\/p>\n<p>Le poids de la guitare est de 1,5kg \/ 3,30lb<\/p>\n","protected":false},"excerpt":{"rendered":"[youtube v=RgFNmUnztNs maxwidth=\"800px\"]\n<p>&nbsp;<\/p>\n[youtube v=sgGtY8NJTUc maxwidth=\"800px\"]\n<p>&nbsp;<\/p>\n<p>Une autre double table au son et \u00e0 l&rsquo;apparence incroyables de Jeff avec \u00e9chelle de 640mm !!<\/p>\n<p>Table en c\u00e8dre fonc\u00e9 de qualit\u00e9 AAAA ! Offrant des basses puissantes et profondes, des aigus chantants et cristallins\u2026 un son parfaitement \u00e9quilibr\u00e9, une pr\u00e9sence remarquable et un sustain exceptionnel !<\/p>\n<p>Un jeu d&rsquo;une grande facilit\u00e9, une sonorit\u00e9 traditionnelle magnifique et une projection digne d&rsquo;une salle de concert\u00a0!<\/p>\n<p>Avec une liste d\u2019attente d\u2019environ trois ans, les nouvelles guitares double table Sigurdson sont pr\u00e9vues pour 2026\u20132027. N\u2019h\u00e9sitez pas \u00e0 me contacter afin de r\u00e9server l\u2019un de ces instruments \u00e0 venir.<\/p>\n","protected":false},"featured_media":57815,"comment_status":"closed","ping_status":"closed","template":"","meta":{"_mo_disable_npp":""},"product_brand":[],"product_cat":[2258,1058,1057],"product_tag":[1141,1142,1143,1144],"class_list":{"0":"post-57813","1":"product","2":"type-product","3":"status-publish","4":"has-post-thumbnail","6":"product_cat-double-tops","7":"product_cat-guitares","8":"product_cat-guitares-classique","9":"product_tag-concert-classical-guitars-in-montreal-canada-fr","10":"product_tag-jeff-sigurdson-classical-guitars-fr","11":"product_tag-sigurdson-balsa-inner-core-double-top-fr","12":"product_tag-sigurdson-double-top-guitar-fr","13":"sales-flash-overlay","14":"woocommerce-text-align-left","15":"woocommerce-image-align-center","16":"do-quantity-buttons","17":"wc-has-gallery","19":"first","20":"outofstock","21":"sold-individually","22":"taxable","23":"shipping-taxable","24":"product-type-simple"},"_links":{"self":[{"href":"https:\/\/www.grandsalondeguitare.com\/fr\/wp-json\/wp\/v2\/product\/57813","targetHints":{"allow":["GET"]}}],"collection":[{"href":"https:\/\/www.grandsalondeguitare.com\/fr\/wp-json\/wp\/v2\/product"}],"about":[{"href":"https:\/\/www.grandsalondeguitare.com\/fr\/wp-json\/wp\/v2\/types\/product"}],"replies":[{"embeddable":true,"href":"https:\/\/www.grandsalondeguitare.com\/fr\/wp-json\/wp\/v2\/comments?post=57813"}],"wp:featuredmedia":[{"embeddable":true,"href":"https:\/\/www.grandsalondeguitare.com\/fr\/wp-json\/wp\/v2\/media\/57815"}],"wp:attachment":[{"href":"https:\/\/www.grandsalondeguitare.com\/fr\/wp-json\/wp\/v2\/media?parent=57813"}],"wp:term":[{"taxonomy":"product_brand","embeddable":true,"href":"https:\/\/www.grandsalondeguitare.com\/fr\/wp-json\/wp\/v2\/product_brand?post=57813"},{"taxonomy":"product_cat","embeddable":true,"href":"https:\/\/www.grandsalondeguitare.com\/fr\/wp-json\/wp\/v2\/product_cat?post=57813"},{"taxonomy":"product_tag","embeddable":true,"href":"https:\/\/www.grandsalondeguitare.com\/fr\/wp-json\/wp\/v2\/product_tag?post=57813"}],"curies":[{"name":"wp","href":"https:\/\/api.w.org\/{rel}","templated":true}]}}