{"id":57646,"date":"2025-11-25T11:58:18","date_gmt":"2025-11-25T16:58:18","guid":{"rendered":"https:\/\/www.grandsalondeguitare.com\/?post_type=product&#038;p=57646"},"modified":"2025-12-10T10:37:09","modified_gmt":"2025-12-10T15:37:09","slug":"c-738-aboutalebian-saeid-espagne-copy","status":"publish","type":"product","link":"https:\/\/www.grandsalondeguitare.com\/fr\/produit\/c-738-aboutalebian-saeid-espagne-copy\/","title":{"rendered":"C-849, Aboutalebian Saeid (Espagne)"},"content":{"rendered":"<p>Nouvelle guitare classique de concert<\/p>\n<p>Double table, N-66<\/p>\n<p>Fabriqu\u00e9 en 2025<\/p>\n<p>\u00c9chelle de 650\u00a0mm avec sillet de 52\u00a0mm<\/p>\n<p>C\u00e8dre rouge de l&rsquo;ouest\/c\u00e8dre<\/p>\n<p>Noyau interne en balsa<\/p>\n<p>7 barres en \u00e9ventail + 1 barre transversal<\/p>\n<p>Fond et \u00e9clisses en palissandre Indien<\/p>\n<p>Manche sur\u00e9lev\u00e9 en c\u00e8dre Espagnol<\/p>\n<p>Touche en \u00e9b\u00e8ne Africain<\/p>\n<p>Chevalet et placage de la tete en palissandre Indien<\/p>\n<p>M\u00e9caniques Gotoh 35G1800 avec boutons en \u00e9b\u00e8ne<\/p>\n<p>Finition au tampon en polis Fran\u00e7ais<\/p>\n<p>\u00c9tui rigide SKB en ABS inclus<\/p>\n<p>&nbsp;<\/p>\n<p>Le poids de la guitare est de 1,5 kg \/ 3,30 lbs<\/p>\n<p>La longueur du corps est de 49 cm \/ 19,29 pouces<\/p>\n<p>La profondeur du corps est de 9,5 cm \/ 3,74 pouces<\/p>\n<p>Le bout sup\u00e9rieur mesure 28\u00a0cm\u00a0\/\u00a011,02\u00a0pouces<\/p>\n<p>Le bout inf\u00e9rieur est de 37,5 cm \/ 14,76 pouces<\/p>\n<p>&nbsp;<\/p>\n<p>Saeid Aboutalebian, un talent \u00e9mergent dans le monde de la lutherie, est originaire d&rsquo;Iran et fabrique actuellement ses instruments \u00e0 Barcelone, en Espagne.<\/p>\n<p>Son parcours dans le domaine des instruments \u00e0 cordes a commenc\u00e9 en Iran, o\u00f9 il a pass\u00e9 des ann\u00e9es \u00e0 ma\u00eetriser l&rsquo;art de la facture d&rsquo;instruments traditionnels.<\/p>\n<p>En 2017, Saeid a \u00e9largi son expertise pour inclure la fabrication de guitares, \u00e9tablissant ainsi rapidement une r\u00e9putation d&rsquo;excellence. Sa guitare \u00e0 double table, avec le Balsa comme noyau interne, est acclam\u00e9e pour son son chaud mais puissant.<\/p>\n<p>Des musiciens r\u00e9put\u00e9s comme Alvaro Pierri de l&rsquo;Universit\u00e9 de Vienne, Guillem P\u00e9rez, directeur du d\u00e9partement de guitare au conservatoire du Liceu de Barcelone, et le Duo Resonantia compos\u00e9 de Bernadeta Midzia\u0142ek et Guy-Jean Maggio, ont choisi ses guitares pour leurs performances.<\/p>\n<p>Ce qui distingue ses instruments, en particulier ses doubles tables fabriqu\u00e9es \u00e0 Barcelone, est leur qualit\u00e9 sonore et leur jouabilit\u00e9 exceptionnelles, caract\u00e9ris\u00e9es par un m\u00e9lange parfait de chaleur et de luminosit\u00e9, rivalisant m\u00eame avec les cr\u00e9ations de luthiers renomm\u00e9s.<\/p>\n<p>Nous sommes fiers d&rsquo;\u00eatre le revendeur canadien officiel des guitares Saeid Aboutalebian.<\/p>\n","protected":false},"excerpt":{"rendered":"[youtube v=KWK1Pfsd_-o maxwidth=\"800px\"]\n<p>&nbsp;<\/p>\n<p>Directement d&rsquo;Espagne !!!<\/p>\n<p>Une fantastique double c\u00e8dre avec noyau interne en balsa, offrant une grande pr\u00e9sence, des basses profondes et puissantes avec de tr\u00e8s beaux aigus chantants&#8230;<\/p>\n<p>Excellent jouabilit\u00e9, sustain &amp; projection de niveau concert<\/p>\n<p>Ses guitares ont \u00e9t\u00e9 choisies par de grands musiciens tels que Maestro Alvaro Pierri, Bernadeta MIDZIA\u0141EK &amp; Guy-Jean MAGGIO du Duo Resonantia&#8230;<\/p>\n<p>SVP me contacter pour r\u00e9server les guitares \u00e0 venir en 2026-27<\/p>\n","protected":false},"featured_media":57648,"comment_status":"closed","ping_status":"closed","template":"","meta":{"_mo_disable_npp":""},"product_brand":[],"product_cat":[2258,1058,1057],"product_tag":[1062],"class_list":{"0":"post-57646","1":"product","2":"type-product","3":"status-publish","4":"has-post-thumbnail","6":"product_cat-double-tops","7":"product_cat-guitares","8":"product_cat-guitares-classique","9":"product_tag-high-end-guitar-showroom-montreal-canada-fr","10":"sales-flash-overlay","11":"woocommerce-text-align-left","12":"woocommerce-image-align-center","13":"do-quantity-buttons","14":"wc-has-gallery","16":"first","17":"outofstock","18":"sold-individually","19":"taxable","20":"shipping-taxable","21":"product-type-simple"},"_links":{"self":[{"href":"https:\/\/www.grandsalondeguitare.com\/fr\/wp-json\/wp\/v2\/product\/57646","targetHints":{"allow":["GET"]}}],"collection":[{"href":"https:\/\/www.grandsalondeguitare.com\/fr\/wp-json\/wp\/v2\/product"}],"about":[{"href":"https:\/\/www.grandsalondeguitare.com\/fr\/wp-json\/wp\/v2\/types\/product"}],"replies":[{"embeddable":true,"href":"https:\/\/www.grandsalondeguitare.com\/fr\/wp-json\/wp\/v2\/comments?post=57646"}],"wp:featuredmedia":[{"embeddable":true,"href":"https:\/\/www.grandsalondeguitare.com\/fr\/wp-json\/wp\/v2\/media\/57648"}],"wp:attachment":[{"href":"https:\/\/www.grandsalondeguitare.com\/fr\/wp-json\/wp\/v2\/media?parent=57646"}],"wp:term":[{"taxonomy":"product_brand","embeddable":true,"href":"https:\/\/www.grandsalondeguitare.com\/fr\/wp-json\/wp\/v2\/product_brand?post=57646"},{"taxonomy":"product_cat","embeddable":true,"href":"https:\/\/www.grandsalondeguitare.com\/fr\/wp-json\/wp\/v2\/product_cat?post=57646"},{"taxonomy":"product_tag","embeddable":true,"href":"https:\/\/www.grandsalondeguitare.com\/fr\/wp-json\/wp\/v2\/product_tag?post=57646"}],"curies":[{"name":"wp","href":"https:\/\/api.w.org\/{rel}","templated":true}]}}