{"id":57593,"date":"2025-11-18T12:40:17","date_gmt":"2025-11-18T17:40:17","guid":{"rendered":"https:\/\/www.grandsalondeguitare.com\/?post_type=product&#038;p=57593"},"modified":"2025-11-18T13:50:54","modified_gmt":"2025-11-18T18:50:54","slug":"a-407-daccordo-standard-noir-copy","status":"publish","type":"product","link":"https:\/\/www.grandsalondeguitare.com\/fr\/produit\/a-407-daccordo-standard-noir-copy\/","title":{"rendered":"A-409, D&rsquo;Accordo-Pro Noir"},"content":{"rendered":"<div class=\"description mt1\">\n<div id=\"ProductAccordion-243ca2ed-7d5a-40c6-b77f-e14c42de3507-template--24812570968390__main\" class=\"accordion__content rte\">\n<div id=\"ProductAccordion-collapsible-row-2-template--24812570968390__main\" class=\"accordion__content rte\">\n<p><strong>Repose-bras pour guitare D\u2019accordo Mod\u00e8le Pro Noir<\/strong><\/p>\n<p><strong>D\u2019accordo Pro<\/strong> \u2013 Conception optimis\u00e9e pour un jeu et un son exceptionnels<\/p>\n<p>Pour les guitaristes exigeants, le <strong>D\u2019accordo Pro<\/strong> est la solution id\u00e9ale. Ce mod\u00e8le am\u00e9liore le confort physique et sur\u00e9l\u00e8ve la position du bras pour un angle de poignet plus sain et une sonorit\u00e9 plus riche et profonde. Con\u00e7u pour un contr\u00f4le pr\u00e9cis et une projection sonore optimale, le Pro offre une ergonomie irr\u00e9prochable.<\/p>\n<p>Position du bras sur\u00e9lev\u00e9e pour un meilleur alignement du poignet<\/p>\n<p>R\u00e9duit les risques de fatigue lors des longues sessions<\/p>\n<p>Am\u00e9liore la clart\u00e9 sonore en minimisant le contact avec la table d\u2019harmonie<\/p>\n<p>R\u00e9glage pr\u00e9cis pour un ajustement personnalis\u00e9<\/p>\n<p>Fabriqu\u00e9 \u00e0 partir de mat\u00e9riaux haut de gamme pour une durabilit\u00e9 et un style incomparables<\/p>\n<p><strong>Un savoir-faire d\u2019exception.<\/strong><\/p>\n<p>Tous les repose-bras D\u2019accordo partagent un engagement commun\u00a0: une fabrication de haute qualit\u00e9, une installation facile et une compatibilit\u00e9 universelle. Con\u00e7us avec soin et test\u00e9s par des musiciens, chaque mod\u00e8le est pens\u00e9 pour s\u2019int\u00e9grer parfaitement \u00e0 votre instrument tout en am\u00e9liorant sensiblement le confort, la technique et le son.<\/p>\n<p>Conception ergonomique ax\u00e9e sur le musicien<\/p>\n<p>Fixation s\u00e9curis\u00e9e et antid\u00e9rapante<\/p>\n<p>Compatible avec toutes les tailles de guitares classiques standard<\/p>\n<p>Finition haut de gamme et qualit\u00e9 de fabrication durable<\/p>\n<p>Choisissez le repose-bras adapt\u00e9 \u00e0 votre style de jeu et \u00e0 la sc\u00e8ne. Que vous soyez d\u00e9butant ou que vous cherchiez \u00e0 perfectionner votre son, la collection de repose-bras D\u2019accordo vous aide \u00e0 jouer au mieux de vos capacit\u00e9s, avec confort, confiance et pr\u00e9cision.<\/p>\n<p><strong>Mat\u00e9riaux<\/strong><\/p>\n<p>Le PLA+ (acide polylactique) est un bioplastique innovant. Ce mat\u00e9riau est issu de la transformation de sucres pr\u00e9sents dans le ma\u00efs, la betterave, la canne \u00e0 sucre et d&rsquo;autres mati\u00e8res premi\u00e8res naturelles et renouvelables, et non du p\u00e9trole (contrairement aux plastiques traditionnels).<\/p>\n<p>Ce bioplastique est biod\u00e9gradable\u00a0: il se d\u00e9grade rapidement dans le sol une fois les conditions de temp\u00e9rature et d&rsquo;humidit\u00e9 requises atteintes.<\/p>\n<p><strong>M\u00e9thode de production<\/strong><\/p>\n<p>L&rsquo;impression FDM (mod\u00e9lisation par d\u00e9p\u00f4t de fil fondu) est une technologie d&rsquo;impression 3D qui consiste \u00e0 faire fondre et \u00e0 extruder un filament thermoplastique couche par couche pour cr\u00e9er un objet physique. C&rsquo;est une m\u00e9thode courante pour la cr\u00e9ation de mod\u00e8les et de produits finis gr\u00e2ce \u00e0 la personnalisation qu&rsquo;elle permet d&rsquo;obtenir, tout en garantissant des r\u00e9sultats de haute qualit\u00e9.<\/p>\n<p><strong>Dimensions<\/strong><\/p>\n<p>Ce repose-bras convient \u00e0 toutes les guitares d&rsquo;une \u00e9paisseur de 8 \u00e0 11 cm et p\u00e8se 0,065 kg.<\/p>\n<p><strong>Conseils d&rsquo;entretien<\/strong><\/p>\n<p>Serrez d\u00e9licatement le repose-bras sur l&rsquo;instrument jusqu&rsquo;\u00e0 ce qu&rsquo;il soit bien fix\u00e9 et ne glisse pas.<\/p>\n<p><strong>Repose-bras<\/strong><\/p>\n<p>Le repose-bras est solidement fix\u00e9 \u00e0 l&rsquo;\u00e9tau inf\u00e9rieur \u00e0 l&rsquo;aide de deux vis m\u00e9talliques. Les parties sup\u00e9rieures (Standard, Pro-low, Pro-high, Easy-Start) sont interchangeables, tandis que la partie inf\u00e9rieure reste la m\u00eame. Sa conception polyvalente permet de l&rsquo;installer sur toutes les guitares d&rsquo;une \u00e9paisseur comprise entre 8 et 11 cm.<\/p>\n<p><strong>Rembourrage<\/strong><\/p>\n<p>L&rsquo;\u00e9tau pour repose-bras est con\u00e7u pour s&rsquo;adapter parfaitement au c\u00f4t\u00e9 de votre guitare sans l&rsquo;ab\u00eemer. Une couche souple de n\u00e9opr\u00e8ne assure une prise ferme et prot\u00e8ge votre instrument.<\/p>\n<p>Le rembourrage du repose-bras est minimal afin de garantir une adh\u00e9rence optimale sans alt\u00e9rer la r\u00e9sonance de la guitare. La pression exerc\u00e9e sur l&rsquo;instrument est ainsi consid\u00e9rablement r\u00e9duite par rapport \u00e0 une utilisation sans repose-bras, pr\u00e9servant ainsi la qualit\u00e9 sonore de votre guitare.<\/p>\n<p><strong>Forme<\/strong><\/p>\n<p>La conception inclin\u00e9e du repose-bras a \u00e9t\u00e9 soigneusement \u00e9tudi\u00e9e pour permettre au musicien de garder le bras lev\u00e9 en position normale, tout en lui offrant la possibilit\u00e9 d&rsquo;utiliser la technique \u00ab\u00a0sul tasto\u00a0\u00bb si n\u00e9cessaire.<\/p>\n<p>Sa forme arrondie permet de le positionner sur le c\u00f4t\u00e9 de l&rsquo;instrument \u00e0 l&rsquo;endroit le plus confortable et appropri\u00e9 pour chaque musicien. Ceci garantit une exp\u00e9rience de jeu personnalis\u00e9e et agr\u00e9able.<\/p>\n<p><strong>Hauteur (2,25 cm)<\/strong><\/p>\n<p><strong>Conception durable<\/strong><\/p>\n<p>Le repose-bras D\u2019accordo est fabriqu\u00e9 en PLA+, un bioplastique issu de ressources v\u00e9g\u00e9tales renouvelables comme l&rsquo;amidon de ma\u00efs. Contrairement aux plastiques d\u00e9riv\u00e9s du p\u00e9trole, le PLA+ offre une alternative plus durable, r\u00e9duisant la d\u00e9pendance aux \u00e9nergies fossiles et l&rsquo;impact environnemental.<\/p>\n<p>R\u00e9sistant et durable, le PLA+ est \u00e9galement compostable et recyclable industriellement, ce qui en fait un choix \u00e9co-responsable pour les musiciens d&rsquo;aujourd&rsquo;hui soucieux de l&rsquo;avenir de la plan\u00e8te.<\/p>\n<p>&nbsp;<\/p>\n<\/div>\n<\/div>\n<div id=\"erdyt-6a0087524ba4d\" data-id=\"fqvqmlNxyHU\" class=\"erd-youtube-responsive\" style=\"display:block;position:relative;clear:both;width:100%;max-width:800px;margin-left:auto;margin-right:auto;\"><div style=\"padding-bottom:56.25%;\"><div class=\"erd-ytplay\" id=\"erdytp-fqvqmlNxyHU-6a0087524ba4d\" data-vid=\"fqvqmlNxyHU\"   data-src=\"https:\/\/www.youtube.com\/embed\/fqvqmlNxyHU?loop=1&#038;autoplay=1&#038;rel=0\" data-allowfullscreen=\"true\"><img decoding=\"async\" src=\"https:\/\/i.ytimg.com\/vi\/fqvqmlNxyHU\/hqdefault.jpg\" alt=\"YouTube Video\" \/><\/div><\/div><\/div>\n<\/div>\n","protected":false},"excerpt":{"rendered":"[youtube v=KwH2EFOdVgs maxwidth=\"800px\"]\n<p>&nbsp;<\/p>\n<p>Pour les guitaristes exigeants, le <strong>D\u2019accordo Pro<\/strong> est la solution id\u00e9ale. Ce mod\u00e8le am\u00e9liore le confort physique et sur\u00e9l\u00e8ve la position du bras pour un angle de poignet plus sain et une sonorit\u00e9 plus riche et profonde. Con\u00e7u pour un contr\u00f4le pr\u00e9cis et une projection sonore optimale, le Pro offre une ergonomie irr\u00e9prochable.<\/p>\n<p><strong>Confort au quotidien, con\u00e7u pour durer\u00a0!<\/strong><\/p>\n","protected":false},"featured_media":57605,"comment_status":"closed","ping_status":"closed","template":"","meta":{"_mo_disable_npp":""},"product_brand":[],"product_cat":[1052,1252],"product_tag":[1253,2268,1254],"class_list":{"0":"post-57593","1":"product","2":"type-product","3":"status-publish","4":"has-post-thumbnail","6":"product_cat-accessoires","7":"product_cat-accoudoir","8":"product_tag-classical-guitar-armrest-fr","9":"product_tag-daccordo-guitar-armrests-2","10":"product_tag-guitar-armrest-fr","11":"sales-flash-overlay","12":"woocommerce-text-align-left","13":"woocommerce-image-align-center","14":"do-quantity-buttons","15":"wc-has-gallery","17":"first","18":"instock","19":"taxable","20":"shipping-taxable","21":"purchasable","22":"product-type-simple"},"_links":{"self":[{"href":"https:\/\/www.grandsalondeguitare.com\/fr\/wp-json\/wp\/v2\/product\/57593","targetHints":{"allow":["GET"]}}],"collection":[{"href":"https:\/\/www.grandsalondeguitare.com\/fr\/wp-json\/wp\/v2\/product"}],"about":[{"href":"https:\/\/www.grandsalondeguitare.com\/fr\/wp-json\/wp\/v2\/types\/product"}],"replies":[{"embeddable":true,"href":"https:\/\/www.grandsalondeguitare.com\/fr\/wp-json\/wp\/v2\/comments?post=57593"}],"wp:featuredmedia":[{"embeddable":true,"href":"https:\/\/www.grandsalondeguitare.com\/fr\/wp-json\/wp\/v2\/media\/57605"}],"wp:attachment":[{"href":"https:\/\/www.grandsalondeguitare.com\/fr\/wp-json\/wp\/v2\/media?parent=57593"}],"wp:term":[{"taxonomy":"product_brand","embeddable":true,"href":"https:\/\/www.grandsalondeguitare.com\/fr\/wp-json\/wp\/v2\/product_brand?post=57593"},{"taxonomy":"product_cat","embeddable":true,"href":"https:\/\/www.grandsalondeguitare.com\/fr\/wp-json\/wp\/v2\/product_cat?post=57593"},{"taxonomy":"product_tag","embeddable":true,"href":"https:\/\/www.grandsalondeguitare.com\/fr\/wp-json\/wp\/v2\/product_tag?post=57593"}],"curies":[{"name":"wp","href":"https:\/\/api.w.org\/{rel}","templated":true}]}}