{"id":57413,"date":"2025-10-22T11:03:24","date_gmt":"2025-10-22T16:03:24","guid":{"rendered":"https:\/\/www.grandsalondeguitare.com\/?post_type=product&#038;p=57413"},"modified":"2025-12-08T18:47:00","modified_gmt":"2025-12-08T23:47:00","slug":"c-705-carlos-gomes-valentim-bresil-copy","status":"publish","type":"product","link":"https:\/\/www.grandsalondeguitare.com\/fr\/produit\/c-705-carlos-gomes-valentim-bresil-copy\/","title":{"rendered":"C-847, Renan Aouam (France)"},"content":{"rendered":"<p>Directement de France<\/p>\n<p>Guitare classique de concert par le luthier<\/p>\n<p>Renan Aouam<\/p>\n<p>Fabriqu\u00e9e en 2025<\/p>\n<p>Diapason de 650 mm avec sillet de t\u00eate de 52 mm<\/p>\n<p>Table en \u00e9pic\u00e9a allemand (vieillie plus de 20 ans !)<\/p>\n<p>Dos et \u00e9clisses en palissandre du Br\u00e9sil (des ann\u00e9es 60 !)<\/p>\n<p>Manche en c\u00e8dre<\/p>\n<p>Touche en \u00e9b\u00e8ne<\/p>\n<p>Chevalet et t\u00eate plaqu\u00e9s en palissandre du Br\u00e9sil<\/p>\n<p>M\u00e9caniques Alessi fabriqu\u00e9es a la main avec boutons en \u00e9b\u00e8ne<\/p>\n<p>Finition vernis au tampon<\/p>\n<p>Flight-case BAM \u00ab La D\u00e9fense \u00bb en aluminium bross\u00e9<\/p>\n<p>&nbsp;<\/p>\n<p>Poids de la guitare\u00a0: 1,620 kg<\/p>\n<p>Longueur du corps\u00a0: 48,5 cm<\/p>\n<p>Profondeur du corps\u00a0: 9,5 cm<\/p>\n<p>Hauteur du haut\u00a0: 28 cm<\/p>\n<p>Hauteur du bas\u00a0: 36,7 cm pouces<\/p>\n<p>&nbsp;<\/p>\n<p>Renan Aouam, n\u00e9 en 1986, s&rsquo;est passionn\u00e9 pour la musique d\u00e8s son plus jeune \u00e2ge, en commen\u00e7ant par le piano\u2026<\/p>\n<p>Adolescent, il s&rsquo;est d\u00e9couvert une passion pour le travail du bois lors d&rsquo;un stage chez un \u00e9b\u00e9niste sp\u00e9cialis\u00e9 dans la restauration de meubles anciens.<\/p>\n<p>Curieux, il a commenc\u00e9 \u00e0 fabriquer des guitares en autodidacte avant de suivre une formation \u00e0 Madrid.<\/p>\n<p>En 2018, il a ouvert son premier atelier \u00e0 Pampelune, marquant ainsi le d\u00e9but de son parcours professionnel.<\/p>\n<p>Le mot du luthier\u2026<\/p>\n<p data-start=\"301\" data-end=\"770\">Les deux luthiers qui m\u2019ont le plus inspir\u00e9 sont sans aucun doute <strong data-start=\"367\" data-end=\"385\">Jean-No\u00ebl Rohe<\/strong>, qui a profond\u00e9ment influenc\u00e9 ma vision de la conception instrumentale, et <strong data-start=\"461\" data-end=\"481\">Jean-Pierre Maz\u00e9<\/strong>, successeur de Robert Bouchet. \u00c0 mon retour en France, ce dernier m\u2019a pris sous son aile et m\u2019a transmis l\u2019h\u00e9ritage de la grande tradition de la lutherie fran\u00e7aise, apprise aupr\u00e8s de son ma\u00eetre. J\u2019ai aujourd\u2019hui la chance d\u2019\u00eatre son <strong data-start=\"715\" data-end=\"729\">seul \u00e9l\u00e8ve<\/strong>, et je continue d\u2019apprendre \u00e0 ses c\u00f4t\u00e9s.<\/p>\n<p data-start=\"772\" data-end=\"1129\">Comme je te le disais, j\u2019aime suivre <strong data-start=\"809\" data-end=\"827\">ma propre voie<\/strong> dans la conception de mes guitares. Je recherche un <strong data-start=\"880\" data-end=\"897\">son singulier<\/strong>, \u00e0 la fois enracin\u00e9 dans la tradition et ouvert \u00e0 la modernit\u00e9 \u2014 un son qui refl\u00e8te ce que j\u2019aime entendre des grandes guitares classiques, mais avec une <strong data-start=\"1052\" data-end=\"1076\">touche contemporaine<\/strong> r\u00e9pondant aux besoins des musiciens d\u2019aujourd\u2019hui.<\/p>\n<p data-start=\"1131\" data-end=\"1508\">Mes <strong data-start=\"1135\" data-end=\"1145\">vernis<\/strong> s\u2019inscrivent dans la m\u00eame philosophie. J\u2019\u00e9labore mes m\u00e9langes \u00e0 partir de diff\u00e9rentes <strong data-start=\"1232\" data-end=\"1252\">gommes v\u00e9g\u00e9tales<\/strong> \u2014 dammar, oliban, copal \u2014 associ\u00e9es \u00e0 de la gomme-laque. Chaque gomme poss\u00e8de ses propres propri\u00e9t\u00e9s visco\u00e9lastiques, et j\u2019adapte mes pr\u00e9parations en fonction du bois utilis\u00e9. Je n\u2019ai donc pas de recette fig\u00e9e : tout est affaire d\u2019\u00e9coute et d\u2019\u00e9quilibre.<\/p>\n<p data-start=\"1510\" data-end=\"1635\">Je crois profond\u00e9ment qu\u2019en lutherie, <strong data-start=\"1548\" data-end=\"1599\">l\u2019essentiel est d\u2019\u00eatre \u00e0 l\u2019\u00e9coute de la mati\u00e8re<\/strong> et de <strong data-start=\"1606\" data-end=\"1634\">suivre son propre chemin<\/strong>.<\/p>\n","protected":false},"excerpt":{"rendered":"<p data-start=\"166\" data-end=\"248\">[youtube v=xk3TpdvvssA maxwidth=\"800px\"]<\/p>\n<p data-start=\"166\" data-end=\"248\">\n<p data-start=\"166\" data-end=\"248\"><strong data-start=\"166\" data-end=\"246\">Directement de France \u2013 une toute nouvelle guitare de concert sign\u00e9e Renan !<\/strong><\/p>\n<p data-start=\"250\" data-end=\"499\">Cet instrument exceptionnel pr\u00e9sente une table en \u00e9pic\u00e9a allemand magnifiquement travaill\u00e9e, accompagn\u00e9e d\u2019un jeu spectaculaire de dos et \u00e9clisses en palissandre de Rio, le tout r\u00e9alis\u00e9 dans la plus pure tradition de la lutherie fran\u00e7aise.<\/p>\n<p data-start=\"501\" data-end=\"753\">Elle offre une voix chaude, riche et chantante, pleine de couleur et de profondeur expressive. Chaque note se distingue par sa clart\u00e9, sa vitalit\u00e9 et sa richesse harmonique, offrant d\u2019infinies possibilit\u00e9s de nuances et de contr\u00f4le dynamique.<\/p>\n<p data-start=\"755\" data-end=\"882\">Une guitare puissante et parfaitement \u00e9quilibr\u00e9e, incarnant toute l\u2019\u00e9l\u00e9gance et le raffinement de la tradition fran\u00e7aise.<\/p>\n<p data-start=\"884\" data-end=\"910\">Un essaie s&rsquo;impose !<\/p>\n","protected":false},"featured_media":57415,"comment_status":"open","ping_status":"closed","template":"","meta":{"_mo_disable_npp":""},"product_brand":[],"product_cat":[1058,1057],"product_tag":[],"class_list":{"0":"post-57413","1":"product","2":"type-product","3":"status-publish","4":"has-post-thumbnail","6":"product_cat-guitares","7":"product_cat-guitares-classique","8":"sales-flash-overlay","9":"woocommerce-text-align-left","10":"woocommerce-image-align-center","11":"do-quantity-buttons","12":"wc-has-gallery","14":"first","15":"outofstock","16":"taxable","17":"shipping-taxable","18":"product-type-simple"},"_links":{"self":[{"href":"https:\/\/www.grandsalondeguitare.com\/fr\/wp-json\/wp\/v2\/product\/57413","targetHints":{"allow":["GET"]}}],"collection":[{"href":"https:\/\/www.grandsalondeguitare.com\/fr\/wp-json\/wp\/v2\/product"}],"about":[{"href":"https:\/\/www.grandsalondeguitare.com\/fr\/wp-json\/wp\/v2\/types\/product"}],"replies":[{"embeddable":true,"href":"https:\/\/www.grandsalondeguitare.com\/fr\/wp-json\/wp\/v2\/comments?post=57413"}],"wp:featuredmedia":[{"embeddable":true,"href":"https:\/\/www.grandsalondeguitare.com\/fr\/wp-json\/wp\/v2\/media\/57415"}],"wp:attachment":[{"href":"https:\/\/www.grandsalondeguitare.com\/fr\/wp-json\/wp\/v2\/media?parent=57413"}],"wp:term":[{"taxonomy":"product_brand","embeddable":true,"href":"https:\/\/www.grandsalondeguitare.com\/fr\/wp-json\/wp\/v2\/product_brand?post=57413"},{"taxonomy":"product_cat","embeddable":true,"href":"https:\/\/www.grandsalondeguitare.com\/fr\/wp-json\/wp\/v2\/product_cat?post=57413"},{"taxonomy":"product_tag","embeddable":true,"href":"https:\/\/www.grandsalondeguitare.com\/fr\/wp-json\/wp\/v2\/product_tag?post=57413"}],"curies":[{"name":"wp","href":"https:\/\/api.w.org\/{rel}","templated":true}]}}