{"id":57267,"date":"2025-10-07T11:35:58","date_gmt":"2025-10-07T16:35:58","guid":{"rendered":"https:\/\/www.grandsalondeguitare.com\/?post_type=product&#038;p=57267"},"modified":"2026-04-22T11:27:34","modified_gmt":"2026-04-22T16:27:34","slug":"c-844-victor-lozano-espagne-copy","status":"publish","type":"product","link":"https:\/\/www.grandsalondeguitare.com\/fr\/produit\/c-844-victor-lozano-espagne-copy\/","title":{"rendered":"C-845, Victor Lozano (Espagne)"},"content":{"rendered":"<p>\u00ab\u00a0<strong>Casimiro Lozano<\/strong>\u00a0\u00bb<\/p>\n<p>Nouvelle guitare \u00ab\u00a0Double Table\u00a0\u00bb de concert par Victor Lozano<\/p>\n<p>Ann\u00e9e 2025<\/p>\n<p>Diapason de 650 mm avec sillet de t\u00eate a 52 mm<\/p>\n<p>\u00c9pic\u00e8a europ\u00e9en sur c\u00e8dre rouge de l&rsquo;ouest canadien<\/p>\n<p>7 barres en \u00e9ventail avec \u00e2me interne de Nomex<\/p>\n<p>Fond et \u00e9clisses en palissandre Indien<\/p>\n<p>Manche en c\u00e8dre Espagnol<\/p>\n<p>Touche en \u00e9b\u00e8ne<\/p>\n<p>Chevalet et plaquage de la t\u00eate en palissandre Indien<\/p>\n<p>M\u00e9caniques Gotoh 35AR110PP<\/p>\n<p>Finition vernis au tampon frott\u00e9 \u00e0 la main<\/p>\n<p>\u00c9tui en ABS par Cibeles inclus<\/p>\n<p>&nbsp;<\/p>\n<p>Poids de la guitare\u00a0: 1,60 kg<\/p>\n<p>Longueur du corps\u00a0: 49 cm<\/p>\n<p>Profondeur du corps\u00a0: 10 cm<\/p>\n<p>Hauteur du haut\u00a0: 28,5 cm<\/p>\n<p>Hauteur du bas\u00a0: 37,5 cm<\/p>\n<p>&nbsp;<\/p>\n<p><strong>Casimiro Lozano<\/strong> a consacr\u00e9 sa longue vie \u00e0 la fabrication artisanale de ses guitares.<\/p>\n<p>En 1969, \u00e0 l&rsquo;\u00e2ge de 15 ans, il a commenc\u00e9 \u00e0 travailler dans l&rsquo;atelier de Vicente Carillo, alors dirig\u00e9 par sa veuve. Il a collabor\u00e9 avec plusieurs luthiers et est finalement devenu contrema\u00eetre de l&rsquo;atelier. En 1992, il a finalement ouvert son propre atelier o\u00f9 il travaille encore aujourd&rsquo;hui avec son fils Victor&#8230;<\/p>\n<p>Son obsession insatiable pour l&rsquo;am\u00e9lioration continue de son travail et sa qu\u00eate de perfection lui ont valu une r\u00e9putation bien m\u00e9rit\u00e9e parmi les luthiers les plus illustres.<\/p>\n<p>Sa grande capacit\u00e9 d&rsquo;observation et d&rsquo;apprentissage, combin\u00e9e \u00e0 une volont\u00e9 constante de s&rsquo;am\u00e9liorer, l&rsquo;ont rapidement conduit \u00e0 d\u00e9velopper des guitares de haute qualit\u00e9 aux finitions exquises.<\/p>\n<p>En prenant la guitare Fleta comme r\u00e9f\u00e9rence initiale et en la faisant \u00e9voluer avec son propre syst\u00e8me de construction, fruit de l&rsquo;exp\u00e9rimentation, de la ma\u00eetrise compl\u00e8te de tous les processus de construction et des commentaires de grands guitaristes, il a obtenu des guitares d&rsquo;une puissance et d&rsquo;un son clair, profond et enveloppant, qui les ont rendues tr\u00e8s appr\u00e9ci\u00e9es par des musiciens du monde entier tels que\u00a0: <strong>S\u00f6llscher, Fernando Esp\u00ed, Pedro Jes\u00fas G\u00f3mez, Takeshi Tezuka, Edgar Petejo, Wim Brioen, Hans Palier, Reza Solimani, Carsten Grondahl, Carlos Cunha, Miguel Carvalhinho, Ricardo Barcel\u00f3&#8230;<\/strong><\/p>\n<p>Depuis quelques ann\u00e9es, son fils <strong>Victor Lozano<\/strong> travaille m\u00e9ticuleusement aux c\u00f4t\u00e9s de son p\u00e8re, construisant ses propres guitares sous sa tutelle, suivant ses m\u00eames m\u00e9thodes de construction et manifestant un int\u00e9r\u00eat et une pr\u00e9occupation pour ses \u0153uvres comparables \u00e0 ceux de son p\u00e8re.<\/p>\n<p>Casimiro Lozano est devenu une figure embl\u00e9matique de la construction de guitares \u00e0 double table en Espagne, gr\u00e2ce \u00e0 sa t\u00e9nacit\u00e9, sa patience et l&rsquo;exigence qu&rsquo;il attache \u00e0 chaque d\u00e9tail.<\/p>\n<p>Les guitares Casimiro Lozano sont aujourd&rsquo;hui synonymes du meilleur savoir-faire espagnol, fruit d&rsquo;une longue histoire o\u00f9 l&rsquo;am\u00e9lioration continue de tous les processus de fabrication a \u00e9t\u00e9, est et restera une constante.<\/p>\n<p>Nous sommes fiers d&rsquo;\u00eatre le distributeur exclusif au Canada des guitares Casimiro Lozano<\/p>\n","protected":false},"excerpt":{"rendered":"[youtube v=XFZC7LmBOhw maxwidth=\"800px\"]\n<p>&nbsp;<\/p>\n[youtube v=6w-AV_7hWEc maxwidth=\"800px\"]\n<p>&nbsp;<\/p>\n<p>Directement d&rsquo;Espagne\u00a0!<\/p>\n<p>Nouvelle double table \u00e9pic\u00e8a sur c\u00e8dre par Victor Lozano !!<\/p>\n<p>Une v\u00e9ritable bombe de puissance avec des basses profondes et puissantes et de magnifiques aigus per\u00e7ants.<\/p>\n<p>Excellent \u00e9quilibre, sustain et projection de niveau concert !<\/p>\n<p>Un essaie s&rsquo;impose !!<\/p>\n","protected":false},"featured_media":57271,"comment_status":"closed","ping_status":"closed","template":"","meta":{"_mo_disable_npp":""},"product_brand":[],"product_cat":[2258,1058,1057],"product_tag":[1062],"class_list":{"0":"post-57267","1":"product","2":"type-product","3":"status-publish","4":"has-post-thumbnail","6":"product_cat-double-tops","7":"product_cat-guitares","8":"product_cat-guitares-classique","9":"product_tag-high-end-guitar-showroom-montreal-canada-fr","10":"sales-flash-overlay","11":"woocommerce-text-align-left","12":"woocommerce-image-align-center","13":"do-quantity-buttons","14":"wc-has-gallery","16":"first","17":"instock","18":"sold-individually","19":"taxable","20":"shipping-taxable","21":"purchasable","22":"product-type-simple"},"_links":{"self":[{"href":"https:\/\/www.grandsalondeguitare.com\/fr\/wp-json\/wp\/v2\/product\/57267","targetHints":{"allow":["GET"]}}],"collection":[{"href":"https:\/\/www.grandsalondeguitare.com\/fr\/wp-json\/wp\/v2\/product"}],"about":[{"href":"https:\/\/www.grandsalondeguitare.com\/fr\/wp-json\/wp\/v2\/types\/product"}],"replies":[{"embeddable":true,"href":"https:\/\/www.grandsalondeguitare.com\/fr\/wp-json\/wp\/v2\/comments?post=57267"}],"wp:featuredmedia":[{"embeddable":true,"href":"https:\/\/www.grandsalondeguitare.com\/fr\/wp-json\/wp\/v2\/media\/57271"}],"wp:attachment":[{"href":"https:\/\/www.grandsalondeguitare.com\/fr\/wp-json\/wp\/v2\/media?parent=57267"}],"wp:term":[{"taxonomy":"product_brand","embeddable":true,"href":"https:\/\/www.grandsalondeguitare.com\/fr\/wp-json\/wp\/v2\/product_brand?post=57267"},{"taxonomy":"product_cat","embeddable":true,"href":"https:\/\/www.grandsalondeguitare.com\/fr\/wp-json\/wp\/v2\/product_cat?post=57267"},{"taxonomy":"product_tag","embeddable":true,"href":"https:\/\/www.grandsalondeguitare.com\/fr\/wp-json\/wp\/v2\/product_tag?post=57267"}],"curies":[{"name":"wp","href":"https:\/\/api.w.org\/{rel}","templated":true}]}}