{"id":57079,"date":"2025-09-20T09:04:30","date_gmt":"2025-09-20T14:04:30","guid":{"rendered":"https:\/\/www.grandsalondeguitare.com\/?post_type=product&#038;p=57079"},"modified":"2025-10-21T08:54:01","modified_gmt":"2025-10-21T13:54:01","slug":"c-788-valerio-licari-italie-copy","status":"publish","type":"product","link":"https:\/\/www.grandsalondeguitare.com\/fr\/produit\/c-788-valerio-licari-italie-copy\/","title":{"rendered":"C-843, Daniele Chiesa (Espagne)"},"content":{"rendered":"<p>Guitare classique de concert double table<\/p>\n<p>Fabriqu\u00e9e en 2024<\/p>\n<p>Diapason de 650 mm avec sillet de t\u00eate de 52 mm<\/p>\n<p>Double table c\u00e8dre\/c\u00e8dre<\/p>\n<p>Barrage en \u00e9ventail avec \u00e2me en Nomex<\/p>\n<p>Dos et \u00e9clisses en palissandre Est Indien<\/p>\n<p>Manche l\u00e9g\u00e8rement sur\u00e9lev\u00e9 en c\u00e8dre espagnol<\/p>\n<p>Touche en \u00e9b\u00e8ne avec 20e frette<\/p>\n<p>Chevalet en palissandre de Madagascar avec cale-cordes 12 trous<\/p>\n<p>M\u00e9caniques Alessi \u00ab\u00a0Exclusif\u00a0\u00bb Daniele Chiesa avec boutons en \u00e9b\u00e8ne<\/p>\n<p>Finition gomme-laque vernis au tampon<\/p>\n<p>\u00c9tui rigide inclus<\/p>\n<p>&nbsp;<\/p>\n<p>Poids de la guitare\u00a0: 1,6 kg<\/p>\n<p>Longueur du corps\u00a0: 48,5 cm<\/p>\n<p>Hauteur inf\u00e9rieure\u00a0: 37 cm<\/p>\n<p>Hauteur sup\u00e9rieure\u00a0: 28 cm<\/p>\n<p>Profondeur du corps\u00a0: 9,5 cm<\/p>\n<p>&nbsp;<\/p>\n<p>Le luthier italien Daniele Chiesa est n\u00e9 \u00e0 Bergame. N\u00e9 en Italie en 1973, Daniele commence la guitare classique et jazz \u00e0 l&rsquo;\u00e2ge de douze ans. En 1994, il apprend la lutherie \u00e0 la Violin Building School de Cr\u00e9mone et obtient son dipl\u00f4me en 1998. Peu apr\u00e8s, il part pour la Californie, o\u00f9 il travaille dans l&rsquo;atelier de Kenny Hill pendant un an. Il retourne ensuite en Italie pour travailler avec le luthier Paolo Viscardi.<\/p>\n<p>Cependant, il est ensuite attir\u00e9 par la Californie, o\u00f9 il travaille avec Tom Ribbecke. Finalement, en 2002, Daniele s&rsquo;installe en Espagne pour participer \u00e0 un atelier avec Francisco Santiago Marin. Cette exp\u00e9rience est si marquante pour lui qu&rsquo;il d\u00e9cide de s&rsquo;installer \u00e0 Grenade pour ouvrir son atelier et, simultan\u00e9ment, apprendre aupr\u00e8s de ma\u00eetres luthiers tels que Paco Santiago Marin, Antonio Marin, Jos\u00e9 Plazuelo et Rolf Eichinger.<\/p>\n<p>La guitare Daniele Chiesa de 2024 s&rsquo;impose comme un joyau de la lutherie, alliant savoir-faire in\u00e9gal\u00e9 et design innovant. Troisi\u00e8me volet de l&rsquo;exploration de Daniele dans la construction \u00e0 double table avec \u00e2me en Nomex, cette guitare t\u00e9moigne de son d\u00e9vouement et de son savoir-faire.<\/p>\n<p>Cet instrument repr\u00e9sente non seulement un pont entre la tradition luthi\u00e8re espagnole et les innovations contemporaines, mais pr\u00e9sente \u00e9galement une esth\u00e9tique unique gr\u00e2ce \u00e0 sa rosace sp\u00e9cialement con\u00e7ue.<\/p>\n<p>La spirale ADN, exclusive \u00e0 ce projet, symbolise la profondeur du parcours de Daniele et son engagement dans cette entreprise, qui a occup\u00e9 la moiti\u00e9 de sa vie. Cette rosace, avec son style contemporain, parvient \u00e0 incarner l&rsquo;\u00e2me de l&rsquo;artisanat traditionnel espagnol, faisant de cette guitare non seulement un instrument de musique, mais une \u0153uvre d&rsquo;art.<\/p>\n<p>Sur le plan acoustique, la guitare d\u00e9passe les attentes et \u00e9tablit une nouvelle r\u00e9f\u00e9rence pour les guitares contemporaines. Elle conserve les aigus vibrants et le timbre robuste caract\u00e9ristiques des guitares espagnoles, tandis que sa jouabilit\u00e9 et son volume la hissent au premier plan de la lutherie moderne.<\/p>\n<p>La conception soign\u00e9e se refl\u00e8te \u00e9galement dans la jouabilit\u00e9 de la guitare, facilit\u00e9e par un manche confortable et une touche sur\u00e9lev\u00e9e, permettant aux musiciens d&rsquo;acc\u00e9der facilement aux frettes les plus aigu\u00ebs. Cette guitare est une merveille d&rsquo;ing\u00e9nierie et de design, alliant harmonieusement tradition et innovation, pour un instrument d&rsquo;une facilit\u00e9 de jeu exceptionnelle.<\/p>\n<p>Sa cr\u00e9ation marque une \u00e9tape importante dans la lutherie, offrant aux guitaristes un m\u00e9lange rare de beaut\u00e9 esth\u00e9tique, de respect historique et de performances de pointe.<\/p>\n","protected":false},"excerpt":{"rendered":"[youtube v=60kVbx-IaJ4 maxwidth=\"800px\"]\n<p>&nbsp;<\/p>\n<p>Cette guitare fait partie de notre \u00ab Collection priv\u00e9e \u00bb non destin\u00e9e \u00e0 la revente !!<\/p>\n<p>La guitare Daniele Chiesa de 2024 s&rsquo;impose comme un joyau de la lutherie, alliant savoir-faire in\u00e9gal\u00e9 et design innovant. Troisi\u00e8me volet de l&rsquo;exploration de Daniele dans la construction \u00e0 double table avec \u00e2me en Nomex, cette guitare t\u00e9moigne de son d\u00e9vouement et de son savoir-faire.<\/p>\n<p>Cet instrument repr\u00e9sente non seulement un pont entre la tradition luthi\u00e8re espagnole et les innovations contemporaines, mais pr\u00e9sente \u00e9galement une esth\u00e9tique unique gr\u00e2ce \u00e0 sa rosace sp\u00e9cialement con\u00e7ue.<\/p>\n","protected":false},"featured_media":57081,"comment_status":"closed","ping_status":"closed","template":"","meta":{"_mo_disable_npp":""},"product_brand":[],"product_cat":[2257,1058,1057],"product_tag":[1883,1250],"class_list":{"0":"post-57079","1":"product","2":"type-product","3":"status-publish","4":"has-post-thumbnail","6":"product_cat-double-tables","7":"product_cat-guitares","8":"product_cat-guitares-classique","9":"product_tag-concert-classical-guitars-fr","10":"product_tag-montreal-hand-made-guitar-showroom-fr","11":"sales-flash-overlay","12":"woocommerce-text-align-left","13":"woocommerce-image-align-center","14":"do-quantity-buttons","15":"wc-has-gallery","17":"first","18":"instock","19":"taxable","20":"shipping-taxable","21":"product-type-simple"},"_links":{"self":[{"href":"https:\/\/www.grandsalondeguitare.com\/fr\/wp-json\/wp\/v2\/product\/57079","targetHints":{"allow":["GET"]}}],"collection":[{"href":"https:\/\/www.grandsalondeguitare.com\/fr\/wp-json\/wp\/v2\/product"}],"about":[{"href":"https:\/\/www.grandsalondeguitare.com\/fr\/wp-json\/wp\/v2\/types\/product"}],"replies":[{"embeddable":true,"href":"https:\/\/www.grandsalondeguitare.com\/fr\/wp-json\/wp\/v2\/comments?post=57079"}],"wp:featuredmedia":[{"embeddable":true,"href":"https:\/\/www.grandsalondeguitare.com\/fr\/wp-json\/wp\/v2\/media\/57081"}],"wp:attachment":[{"href":"https:\/\/www.grandsalondeguitare.com\/fr\/wp-json\/wp\/v2\/media?parent=57079"}],"wp:term":[{"taxonomy":"product_brand","embeddable":true,"href":"https:\/\/www.grandsalondeguitare.com\/fr\/wp-json\/wp\/v2\/product_brand?post=57079"},{"taxonomy":"product_cat","embeddable":true,"href":"https:\/\/www.grandsalondeguitare.com\/fr\/wp-json\/wp\/v2\/product_cat?post=57079"},{"taxonomy":"product_tag","embeddable":true,"href":"https:\/\/www.grandsalondeguitare.com\/fr\/wp-json\/wp\/v2\/product_tag?post=57079"}],"curies":[{"name":"wp","href":"https:\/\/api.w.org\/{rel}","templated":true}]}}