{"id":56817,"date":"2025-09-05T08:34:22","date_gmt":"2025-09-05T13:34:22","guid":{"rendered":"https:\/\/www.grandsalondeguitare.com\/?post_type=product&#038;p=56817"},"modified":"2026-04-24T18:23:35","modified_gmt":"2026-04-24T23:23:35","slug":"c-682-masaki-sakurai-concert-j-copy-2","status":"publish","type":"product","link":"https:\/\/www.grandsalondeguitare.com\/fr\/produit\/c-682-masaki-sakurai-concert-j-copy-2\/","title":{"rendered":"C-839, SAKURAI KOHNO (Special)"},"content":{"rendered":"<p>Nouvelle guitare classique<\/p>\n<p>SAKURAI KOHNO<\/p>\n<p>Mod\u00e8le \u00ab\u00a0Special\u00a0\u00bb construit en 2025<\/p>\n<p>\u00c9chelle de 640 mm avec sillet de 51 mm<\/p>\n<p>Table en c\u00e8dre rouge Canadien<\/p>\n<p>Fond et \u00e9clisses en palissandre du Madagascar<\/p>\n<p>Manche en c\u00e8dre espagnol avec renfort en \u00e9b\u00e8ne<\/p>\n<p>Chevalet et placage de la t\u00eate en palissandre du Madagascar<\/p>\n<p>M\u00e9caniques Gotoh 35ARB510K-M avec boutons en nacre<\/p>\n<p>Finition \u00e0 l&rsquo;huile de cajou<\/p>\n<p>\u00c9tui rigide Kohno inclus<\/p>\n<p>&nbsp;<\/p>\n<p>Longueur totale de la guitare\u00a0: 98\u00a0cm<\/p>\n<p>Longueur du corps\u00a0: 48\u00a0cm<\/p>\n<p>Hauteur de la partie sup\u00e9rieure\u00a0: 28\u00a0cm<\/p>\n<p>Hauteur de la partie inf\u00e9rieure\u00a0: 36,5\u00a0cm<\/p>\n<p>Largeur\u00a0: 10\u00a0cm<\/p>\n<p>Poids\u00a0: 1,70\u00a0kg<\/p>\n<p>&nbsp;<\/p>\n<p>Masaki Sakurai (1944-2025) \u00e9tait le neveu du plus grand luthier japonais, Masaru Kohno, avec qui il a travaill\u00e9 et appris l&rsquo;art de la lutherie.<\/p>\n<p>Bien que clairement influenc\u00e9 par son oncle, Sakurai a \u00e9galement insuffl\u00e9 sa propre personnalit\u00e9 \u00e0 ses guitares.<\/p>\n<p>Il a \u00e9tudi\u00e9 l&rsquo;ing\u00e9nierie \u00e9lectrique \u00e0 l&rsquo;Universit\u00e9 Sophia et a rejoint \u00ab\u00a0Kohno Guitar Manufacturing\u00a0\u00bb apr\u00e8s l&rsquo;obtention de son dipl\u00f4me en 1967.<\/p>\n<p>En 1988, il a remport\u00e9 le prestigieux premier prix du Quatri\u00e8me Concours International de lutherie de Paris.<\/p>\n<p>Un simple coup d&rsquo;\u0153il \u00e0 cet instrument r\u00e9v\u00e8le une belle conception classique, parfaitement ex\u00e9cut\u00e9e\u00a0!<\/p>\n<p>Les doubles bandes de renfort en \u00e9b\u00e8ne \u00e0 l&rsquo;arri\u00e8re du manche permettent un r\u00e9glage tr\u00e8s pr\u00e9cis, pour une action basse et facile, sans bourdonnement. Le manche plus rigide am\u00e9liore \u00e9galement le sustain.<\/p>\n<p>La table en c\u00e8dre offre beaucoup de chaleur et de profondeur, et la puissance est amplement suffisante pour toutes les situations de concert, y compris les ensembles.<\/p>\n<p>Ce mod\u00e8le se d\u00e9marque du Concert-J par la finition soign\u00e9e (notamment les filets et la rosace) et le choix des mat\u00e9riaux. Son dos et ses \u00e9clisses \u00e9pais, ainsi que son manche renforc\u00e9 en \u00e9b\u00e8ne double, en font un instrument tr\u00e8s stable pour les voyages.<\/p>\n<p>En r\u00e9sum\u00e9, un instrument unique et charmant que nous recommandons \u00e0 tous ceux qui recherchent un instrument de concert de qualit\u00e9 sup\u00e9rieure.<\/p>\n<p>&nbsp;<\/p>\n<div id=\"erdyt-6a007c62442e8\" data-id=\"N_BjjcOE1jg\" class=\"erd-youtube-responsive\" style=\"display:block;position:relative;clear:both;width:100%;max-width:800px;margin-left:auto;margin-right:auto;\"><div style=\"padding-bottom:56.25%;\"><div class=\"erd-ytplay\" id=\"erdytp-N_BjjcOE1jg-6a007c62442e8\" data-vid=\"N_BjjcOE1jg\"   data-src=\"https:\/\/www.youtube.com\/embed\/N_BjjcOE1jg?loop=1&#038;autoplay=1&#038;rel=0\" data-allowfullscreen=\"true\"><img decoding=\"async\" src=\"https:\/\/i.ytimg.com\/vi\/N_BjjcOE1jg\/hqdefault.jpg\" alt=\"YouTube Video\" \/><\/div><\/div><\/div>\n","protected":false},"excerpt":{"rendered":"[youtube v=PNtJAxMaeFI maxwidth=\"800px\"]\n<p>&nbsp;<\/p>\n[youtube v=11fK0QvARhk maxwidth=\"800px\"]\n<p>&nbsp;<\/p>\n<p>Nouveau mod\u00e8le \u00ab Sp\u00e9cial \u00bb avec table en c\u00e8dre et diapason de 640 mm !!<\/p>\n<p>Construite avec l&rsquo;extr\u00eame pr\u00e9cision et le souci du d\u00e9tail propres au plus haut savoir-faire Japonais\u2026<\/p>\n<p>Ce superbe mod\u00e8le \u00ab\u00a0Sp\u00e9cial\u00a0\u00bb est reconnaissable \u00e0 son chevalet asym\u00e9trique et \u00e0 sa t\u00eate sculpt\u00e9e. Il met en valeur l&rsquo;esth\u00e9tique, la marqueterie, les d\u00e9tails de sculpture et la sonorit\u00e9 exceptionnelle des guitares Kohno.<\/p>\n<p>Cet instrument se caract\u00e9rise par son \u00e9quilibre parfait et l&rsquo;\u00e9galit\u00e9 des timbres sur toute la tessiture. Le son est chaud et puissant, avec des r\u00e9sonances sympathiques ma\u00eetris\u00e9es.<\/p>\n<p>Bien qu&rsquo;il s&rsquo;agisse d&rsquo;une guitare neuve, elle offre d\u00e9j\u00e0 une sonorit\u00e9 tr\u00e8s ouverte et promet donc d&rsquo;\u00eatre un instrument de concert exceptionnel \u00e0 l&rsquo;avenir&#8230;<\/p>\n<p>Un essaie s&rsquo;impose !!<\/p>\n","protected":false},"featured_media":56819,"comment_status":"closed","ping_status":"closed","template":"","meta":{"_mo_disable_npp":""},"product_brand":[],"product_cat":[1058,1057],"product_tag":[1904,1905],"class_list":{"0":"post-56817","1":"product","2":"type-product","3":"status-publish","4":"has-post-thumbnail","6":"product_cat-guitares","7":"product_cat-guitares-classique","8":"product_tag-sakurai-guitars-japan-fr","9":"product_tag-sakurai-kohno-guitars-available-in-canada-fr","10":"sales-flash-overlay","11":"woocommerce-text-align-left","12":"woocommerce-image-align-center","13":"do-quantity-buttons","14":"wc-has-gallery","16":"first","17":"instock","18":"taxable","19":"shipping-taxable","20":"purchasable","21":"product-type-simple"},"_links":{"self":[{"href":"https:\/\/www.grandsalondeguitare.com\/fr\/wp-json\/wp\/v2\/product\/56817","targetHints":{"allow":["GET"]}}],"collection":[{"href":"https:\/\/www.grandsalondeguitare.com\/fr\/wp-json\/wp\/v2\/product"}],"about":[{"href":"https:\/\/www.grandsalondeguitare.com\/fr\/wp-json\/wp\/v2\/types\/product"}],"replies":[{"embeddable":true,"href":"https:\/\/www.grandsalondeguitare.com\/fr\/wp-json\/wp\/v2\/comments?post=56817"}],"wp:featuredmedia":[{"embeddable":true,"href":"https:\/\/www.grandsalondeguitare.com\/fr\/wp-json\/wp\/v2\/media\/56819"}],"wp:attachment":[{"href":"https:\/\/www.grandsalondeguitare.com\/fr\/wp-json\/wp\/v2\/media?parent=56817"}],"wp:term":[{"taxonomy":"product_brand","embeddable":true,"href":"https:\/\/www.grandsalondeguitare.com\/fr\/wp-json\/wp\/v2\/product_brand?post=56817"},{"taxonomy":"product_cat","embeddable":true,"href":"https:\/\/www.grandsalondeguitare.com\/fr\/wp-json\/wp\/v2\/product_cat?post=56817"},{"taxonomy":"product_tag","embeddable":true,"href":"https:\/\/www.grandsalondeguitare.com\/fr\/wp-json\/wp\/v2\/product_tag?post=56817"}],"curies":[{"name":"wp","href":"https:\/\/api.w.org\/{rel}","templated":true}]}}