{"id":56752,"date":"2025-08-30T12:32:31","date_gmt":"2025-08-30T17:32:31","guid":{"rendered":"https:\/\/www.grandsalondeguitare.com\/?post_type=product&#038;p=56752"},"modified":"2025-10-21T08:55:15","modified_gmt":"2025-10-21T13:55:15","slug":"c-826-victor-lozano-espagne-copy","status":"publish","type":"product","link":"https:\/\/www.grandsalondeguitare.com\/fr\/produit\/c-826-victor-lozano-espagne-copy\/","title":{"rendered":"C-838, John H. Dick (Etats-Unis)"},"content":{"rendered":"<p>Nouvelle guitare classique de concert \u00e0 double table<\/p>\n<p>\u00ab The Double Forte \u00bb<\/p>\n<p>Commenc\u00e9 en 2022 et termin\u00e9 en ao\u00fbt 2025\u00a0!<\/p>\n<p>Diapason de 650mm avec sillet de t\u00eate de 51mm<\/p>\n<p>\u00c9pic\u00e9a Italien sur \u00e9pic\u00e8a<\/p>\n<p>Barrage en \u00e9ventail avec \u00e2me interne en Nomex<\/p>\n<p>Dos et \u00e9clisses en cocobolo<\/p>\n<p>Manche en acajou africain avec renforts en \u00e9b\u00e8ne de Makassar<\/p>\n<p>Touche en \u00e9b\u00e8ne avec 20e demi-frette<\/p>\n<p>Chevalet en weng\u00e9<\/p>\n<p>Reliure et placage de la t\u00eate en cocobolo<\/p>\n<p>Filets en \u00e9rable<\/p>\n<p>M\u00e9caniques Alessi fabriqu\u00e9es \u00e0 la main en Italie<\/p>\n<p>Vernis au tampon frott\u00e9 \u00e0 la main sur la table<\/p>\n<p>Dos et \u00e9clisses avec du vernis nytrocellulose<\/p>\n<p>Dos du manche avec un finis satin\u00e9<\/p>\n<p>\u00c9tui en fibre de verre De Cascia inclus<\/p>\n<p>&nbsp;<\/p>\n<p>Poids de la guitare : 1,8 kg<\/p>\n<p>Longueur du corps : 49,5 cm<\/p>\n<p>Profondeur du corps : 10,795 cm<\/p>\n<p>Hauteur du haut : 29 cm<\/p>\n<p>Hauteur du bas : 38 cm \/ 14,96 pouces<\/p>\n","protected":false},"excerpt":{"rendered":"<p>Nouvelle guitare classique de concert \u00e0 double table<\/p>\n<p>Commenc\u00e9e en 2022 et termin\u00e9e en ao\u00fbt 2025\u00a0!<\/p>\n<p>J&rsquo;\u00e9tais ravi d&rsquo;avoir enfin des nouvelles de John ! Il avait arr\u00eat\u00e9 mes commandes annuelles \u00e0 cause de blessures au dos ! Et apr\u00e8s trois longues ann\u00e9es, il est enfin de retour\u2026 produisant \u00e0 nouveau ces incroyables mod\u00e8les\u00a0 \u00ab Double Forte \u00bb<\/p>\n<p>Une guitare puissante avec des basses chaudes et des aigus per\u00e7ants !<\/p>\n<p>Jouabilit\u00e9 sans effort avec excellent \u00e9quilibre, projection digne d&rsquo;un concert et l&rsquo;un des meilleurs sustains que l&rsquo;on puisse obtenir sur une double table !<\/p>\n<p>Un\u00a0essaie s&rsquo;impose !!<\/p>\n","protected":false},"featured_media":56754,"comment_status":"closed","ping_status":"closed","template":"","meta":{"_mo_disable_npp":""},"product_brand":[],"product_cat":[2257,1058,1057],"product_tag":[],"class_list":{"0":"post-56752","1":"product","2":"type-product","3":"status-publish","4":"has-post-thumbnail","6":"product_cat-double-tables","7":"product_cat-guitares","8":"product_cat-guitares-classique","9":"sales-flash-overlay","10":"woocommerce-text-align-left","11":"woocommerce-image-align-center","12":"do-quantity-buttons","13":"wc-has-gallery","15":"first","16":"outofstock","17":"sold-individually","18":"taxable","19":"shipping-taxable","20":"product-type-simple"},"_links":{"self":[{"href":"https:\/\/www.grandsalondeguitare.com\/fr\/wp-json\/wp\/v2\/product\/56752","targetHints":{"allow":["GET"]}}],"collection":[{"href":"https:\/\/www.grandsalondeguitare.com\/fr\/wp-json\/wp\/v2\/product"}],"about":[{"href":"https:\/\/www.grandsalondeguitare.com\/fr\/wp-json\/wp\/v2\/types\/product"}],"replies":[{"embeddable":true,"href":"https:\/\/www.grandsalondeguitare.com\/fr\/wp-json\/wp\/v2\/comments?post=56752"}],"wp:featuredmedia":[{"embeddable":true,"href":"https:\/\/www.grandsalondeguitare.com\/fr\/wp-json\/wp\/v2\/media\/56754"}],"wp:attachment":[{"href":"https:\/\/www.grandsalondeguitare.com\/fr\/wp-json\/wp\/v2\/media?parent=56752"}],"wp:term":[{"taxonomy":"product_brand","embeddable":true,"href":"https:\/\/www.grandsalondeguitare.com\/fr\/wp-json\/wp\/v2\/product_brand?post=56752"},{"taxonomy":"product_cat","embeddable":true,"href":"https:\/\/www.grandsalondeguitare.com\/fr\/wp-json\/wp\/v2\/product_cat?post=56752"},{"taxonomy":"product_tag","embeddable":true,"href":"https:\/\/www.grandsalondeguitare.com\/fr\/wp-json\/wp\/v2\/product_tag?post=56752"}],"curies":[{"name":"wp","href":"https:\/\/api.w.org\/{rel}","templated":true}]}}