{"id":56689,"date":"2025-08-26T07:52:17","date_gmt":"2025-08-26T12:52:20","guid":{"rendered":"https:\/\/www.grandsalondeguitare.com\/?post_type=product&#038;p=56689"},"modified":"2025-09-11T07:22:35","modified_gmt":"2025-09-11T12:22:35","slug":"c-588-carlos-gomes-valentim-bresil-copy","status":"publish","type":"product","link":"https:\/\/www.grandsalondeguitare.com\/fr\/produit\/c-588-carlos-gomes-valentim-bresil-copy\/","title":{"rendered":"C-837, Carlos Gomes Valentim (Br\u00e9sil)"},"content":{"rendered":"<p>Direct du Br\u00e9sil<\/p>\n<p>Guitare classique de concert<\/p>\n<p>Carlos Gomes Valentim<\/p>\n<p>\u00ab Hommage \u00e0 Daniel Friederich \u00bb (91)<\/p>\n<p>Guitare N-234 fabriqu\u00e9e en 2025<\/p>\n<p>\u00c9chelle de 650 mm<\/p>\n<p>Table en c\u00e8dre Canadien<\/p>\n<p>Fond et \u00e9clisses en palissandre Est Indien<\/p>\n<p>Manche en c\u00e8dre<\/p>\n<p>Touche en \u00e9b\u00e8ne<\/p>\n<p>Chevalet et placage de la t\u00eate en palissandre Br\u00e9silien<\/p>\n<p>M\u00e9caniques \u00ab\u00a0VS Tuners\u00a0\u00bb du Br\u00e9sil<\/p>\n<p>Finition au tampon en polis Fran\u00e7ais<\/p>\n<p>\u00c9tui rigide et 2 sillets en os ajustable inclusent<\/p>\n<p>&nbsp;<\/p>\n<p>Le poids de la guitare est de 1,70 kg<\/p>\n<p>La longueur du corps est de 48,3\u00a0cm \/ 19 pouces<\/p>\n<p>La profondeur du corps est de 10,795 cm \/ 4,25 pouces<\/p>\n<p>Le bout sup\u00e9rieur mesure 27,94\u00a0cm\u00a0\/ 11\u00a0pouces<\/p>\n<p>Le bout inf\u00e9rieur est de 37 cm \/ 14,56 pouces<\/p>\n<p>&nbsp;<\/p>\n<p>Valentim Carlos Gomes, un luthier talentueux bas\u00e9 \u00e0 Ribeir\u00e3o Preto, S\u00e3o Paulo, au Br\u00e9sil, est n\u00e9 en 1965. Son parcours dans la lutherie a commenc\u00e9 en 1999 avec la fabrication de guitares populaires. En 2005, il s&rsquo;est concentr\u00e9 sur les guitares de concert classiques, se plongeant dans l&rsquo;\u00e9tude de leur son et de leurs subtilit\u00e9s.<\/p>\n<p>En 2014, Valentim s&rsquo;est lanc\u00e9 dans un nouveau d\u00e9fi : fabriquer un mod\u00e8le inspir\u00e9 du c\u00e9l\u00e8bre luthier fran\u00e7ais Daniel Friederich. Cette entreprise a n\u00e9cessit\u00e9 des recherches approfondies, notamment la lecture d&rsquo;articles sur le travail de Friederich, l&rsquo;\u00e9tude d&rsquo;entretiens r\u00e9v\u00e9lant les philosophies et les techniques du ma\u00eetre, et m\u00eame l&rsquo;acquisition de vid\u00e9os internes et de plans des conceptions embl\u00e9matiques de Friederich.<\/p>\n<p>Depuis lors, Valentim a cr\u00e9\u00e9 environ 80 guitares \u00ab Tribute to Daniel Friederich \u00bb. Si ces mod\u00e8les sont fid\u00e8les \u00e0 l&rsquo;essence des cr\u00e9ations de Friederich, ils se distinguent par leurs basses vibrantes, leur plage dynamique exceptionnelle et leurs aigus clairs et caract\u00e9ristiques, rappelant le son l\u00e9gendaire de Friederich.<\/p>\n<p>Le travail de Valentim repr\u00e9sente un profond respect pour les traditions de la fabrication de guitares de qualit\u00e9, associ\u00e9 \u00e0 son propre d\u00e9vouement \u00e0 l&rsquo;artisanat et \u00e0 l&rsquo;innovation.<\/p>\n<p>&nbsp;<\/p>\n<p>*** Daniel Friederich \u00e9tait un v\u00e9ritable ma\u00eetre qui a transform\u00e9 \u00e0 jamais la guitare classique moderne. Au cours de six d\u00e9cennies, le d\u00e9veloppement de son m\u00e9tier a \u00e9tabli de nouvelles normes pour la guitare de concert traditionnelle et son statut de luthier a atteint des proportions l\u00e9gendaires. ***<\/p>\n<p>&nbsp;<\/p>\n<div id=\"erdyt-6a007c38d64c2\" data-id=\"eE4V2iLkNw0\" class=\"erd-youtube-responsive\" style=\"display:block;position:relative;clear:both;width:100%;max-width:800px;margin-left:auto;margin-right:auto;\"><div style=\"padding-bottom:56.25%;\"><div class=\"erd-ytplay\" id=\"erdytp-eE4V2iLkNw0-6a007c38d64c2\" data-vid=\"eE4V2iLkNw0\"   data-src=\"https:\/\/www.youtube.com\/embed\/eE4V2iLkNw0?loop=1&#038;autoplay=1&#038;rel=0\" data-allowfullscreen=\"true\"><img decoding=\"async\" src=\"https:\/\/i.ytimg.com\/vi\/eE4V2iLkNw0\/hqdefault.jpg\" alt=\"YouTube Video\" \/><\/div><\/div><\/div>\n","protected":false},"excerpt":{"rendered":"[youtube v=4tTwr2eWlWI maxwidth=\"800px\"]\n<p>&nbsp;<\/p>\n<p>Quelques mots directement d&rsquo;un client satisfait W.D.J \u00ab\u00a0Grand Bretagne\u00a0\u00bb<\/p>\n<p>Je poss\u00e8de une Friederich originale de 1972, le N-329, \u00e9galement un mod\u00e8le avec les \u00e9clisses doubler&#8230; apr\u00e8s avoir re\u00e7us l&rsquo;hommage de Valentim et avoir fait des heures de comparaisons entre les deux, je ne peux tout simplement pas croire \u00e0 quel point elles sont similaires en termes de sonorit\u00e9 et de volume, c&rsquo;est tout simplement incroyable !!! J&rsquo;ai \u00e9galement jou\u00e9 sur des copies Hommage de Steve Eden et Giovanni Tacchi, mais la Valentim est vraiment \u00e0 un autre niveau et beaucoup plus proche de l&rsquo;original ! Cette guitare m&rsquo;a \u00e9poustoufl\u00e9 !!!<\/p>\n<p>\u00ab\u00a0Hommage a Daniel Friederich\u00a0\u00bb<\/p>\n<p>Musicalit\u00e9 et un ton magique !!! V\u00e9ritable Hommage \u00e0 tous points de vue aux guitares Friederich \u00a0!!!<\/p>\n<p>De nombreux nouveaux mod\u00e8les avec table en \u00e9pic\u00e9a et en c\u00e8dre arriveront en 2025-26<\/p>\n<p>Merci de me contacter pour r\u00e9server les prochaines guitares<\/p>\n","protected":false},"featured_media":56691,"comment_status":"open","ping_status":"closed","template":"","meta":{"_mo_disable_npp":""},"product_brand":[],"product_cat":[1058,1057],"product_tag":[1230,1231,1232,1233],"class_list":{"0":"post-56689","1":"product","2":"type-product","3":"status-publish","4":"has-post-thumbnail","6":"product_cat-guitares","7":"product_cat-guitares-classique","8":"product_tag-brazilian-luthier-valentim-carlos-gomes-fr","9":"product_tag-daniel-friederich-replica-guitars-fr","10":"product_tag-hommage-a-daniel-friederich-fr","11":"product_tag-valentim-carlos-gomes-luthier-fr","12":"sales-flash-overlay","13":"woocommerce-text-align-left","14":"woocommerce-image-align-center","15":"do-quantity-buttons","16":"wc-has-gallery","18":"first","19":"outofstock","20":"taxable","21":"shipping-taxable","22":"product-type-simple"},"_links":{"self":[{"href":"https:\/\/www.grandsalondeguitare.com\/fr\/wp-json\/wp\/v2\/product\/56689","targetHints":{"allow":["GET"]}}],"collection":[{"href":"https:\/\/www.grandsalondeguitare.com\/fr\/wp-json\/wp\/v2\/product"}],"about":[{"href":"https:\/\/www.grandsalondeguitare.com\/fr\/wp-json\/wp\/v2\/types\/product"}],"replies":[{"embeddable":true,"href":"https:\/\/www.grandsalondeguitare.com\/fr\/wp-json\/wp\/v2\/comments?post=56689"}],"wp:featuredmedia":[{"embeddable":true,"href":"https:\/\/www.grandsalondeguitare.com\/fr\/wp-json\/wp\/v2\/media\/56691"}],"wp:attachment":[{"href":"https:\/\/www.grandsalondeguitare.com\/fr\/wp-json\/wp\/v2\/media?parent=56689"}],"wp:term":[{"taxonomy":"product_brand","embeddable":true,"href":"https:\/\/www.grandsalondeguitare.com\/fr\/wp-json\/wp\/v2\/product_brand?post=56689"},{"taxonomy":"product_cat","embeddable":true,"href":"https:\/\/www.grandsalondeguitare.com\/fr\/wp-json\/wp\/v2\/product_cat?post=56689"},{"taxonomy":"product_tag","embeddable":true,"href":"https:\/\/www.grandsalondeguitare.com\/fr\/wp-json\/wp\/v2\/product_tag?post=56689"}],"curies":[{"name":"wp","href":"https:\/\/api.w.org\/{rel}","templated":true}]}}