{"id":56553,"date":"2025-08-20T14:17:08","date_gmt":"2025-08-20T19:17:08","guid":{"rendered":"https:\/\/www.grandsalondeguitare.com\/?post_type=product&#038;p=56553"},"modified":"2025-08-21T08:22:16","modified_gmt":"2025-08-21T13:22:16","slug":"a-325-visesnut-active-gris-pale-copy","status":"publish","type":"product","link":"https:\/\/www.grandsalondeguitare.com\/fr\/produit\/a-325-visesnut-active-gris-pale-copy\/","title":{"rendered":"A-402, \u00c9tuis Fibre de Carbone De Cascia"},"content":{"rendered":"<p data-start=\"814\" data-end=\"854\"><strong data-start=\"814\" data-end=\"852\">\u00c9tui en fibre de carbone De Cascia<\/strong><\/p>\n<p data-start=\"857\" data-end=\"899\">4\/4 pour guitares classique et flamenco<\/p>\n<p data-start=\"902\" data-end=\"925\">Couleur : Carbone mat<\/p>\n<p data-start=\"928\" data-end=\"977\">Mat\u00e9riau int\u00e9rieur\/ext\u00e9rieur : Fibre de carbone<\/p>\n<p data-start=\"980\" data-end=\"1031\">Rembourrage int\u00e9rieur : Mousse et velours premium<\/p>\n<p data-start=\"1034\" data-end=\"1079\">Mat\u00e9riau de la poign\u00e9e : Cuir et similicuir<\/p>\n<p data-start=\"1082\" data-end=\"1099\">Un compartiment<\/p>\n<p data-start=\"1102\" data-end=\"1132\">Hygrom\u00e8tre num\u00e9rique int\u00e9gr\u00e9 (batterie LR44 incluse)<\/p>\n<p data-start=\"1135\" data-end=\"1241\">Total de quatre fermoirs (dont un avec serrure)<\/p>\n<p data-start=\"1135\" data-end=\"1241\">(Deux cl\u00e9s incluses pour le fermoir verrouillable)<\/p>\n<p data-start=\"1244\" data-end=\"1290\">Deux bretelles dorsales rembourr\u00e9es incluses<\/p>\n<p data-start=\"1244\" data-end=\"1290\">Anneaux de s\u00e9curit\u00e9 en fil m\u00e9tallique en cas de d\u00e9faillance du fermoir de bretelle dorsale<\/p>\n<p data-start=\"1293\" data-end=\"1356\">Position debout verticale \/ Pied en PU pour position lat\u00e9rale<\/p>\n<p data-start=\"1293\" data-end=\"1356\"><strong data-start=\"1363\" data-end=\"1389\">DIMENSIONS EXT\u00c9RIEURES<\/strong><\/p>\n<p data-start=\"1394\" data-end=\"1432\">\u00c9clisse sup\u00e9rieure : 13 1\/2\u2033 \u2013 34 cm<\/p>\n<p data-start=\"1435\" data-end=\"1473\">\u00c9clisse inf\u00e9rieure : 16 1\/2\u2033 \u2013 42 cm<\/p>\n<p data-start=\"1476\" data-end=\"1522\">Longueur totale de l\u2019\u00e9tui : 41 3\/4\u2033 \u2013 106 cm<\/p>\n<p data-start=\"1476\" data-end=\"1522\">Profondeur ext\u00e9rieure : 6 11\/16\u2033 \u2013 17 cm<\/p>\n<p data-start=\"1525\" data-end=\"1583\">Poids net (\u00e9tui vide sans bretelles) : 6,82 lb \/ 3,10 kg<\/p>\n<p data-start=\"1585\" data-end=\"1613\"><strong data-start=\"1585\" data-end=\"1611\">DIMENSIONS INT\u00c9RIEURES<\/strong><\/p>\n<p data-start=\"1616\" data-end=\"1654\">\u00c9clisse sup\u00e9rieure : 11 1\/2\u2033 \u2013 29 cm<\/p>\n<p data-start=\"1657\" data-end=\"1683\">Taille : 10 1\/2\u2033 \u2013 26 cm<\/p>\n<p data-start=\"1686\" data-end=\"1722\">\u00c9clisse inf\u00e9rieure : 15\u2033 \u2013 38,5 cm<\/p>\n<p data-start=\"1725\" data-end=\"1766\">Profondeur de caisse : 4 1\/8\u2033 \u2013 10,5 cm<\/p>\n<p data-start=\"1769\" data-end=\"1810\">Longueur de caisse : 19 3\/8\u2033 \u2013 49,21 cm<\/p>\n<p data-start=\"1813\" data-end=\"1863\">Longueur totale de la guitare : 40 1\/8\u2033 \u2013 102 cm<\/p>\n<p data-start=\"1870\" data-end=\"1934\"><strong data-start=\"1870\" data-end=\"1932\">Instructions de verrouillage\/d\u00e9verrouillage (Approuv\u00e9 TSA)<\/strong><\/p>\n<p data-start=\"1936\" data-end=\"1953\"><em data-start=\"1936\" data-end=\"1951\">Pour ouvrir :<\/em><\/p>\n<ol data-start=\"1954\" data-end=\"2121\">\n<li data-start=\"1954\" data-end=\"2073\">\n<p data-start=\"1957\" data-end=\"2073\">Ins\u00e9rez la cl\u00e9 dans la serrure et tournez-la jusqu\u2019\u00e0 ce que la fl\u00e8che soit orient\u00e9e vers l\u2019ic\u00f4ne \u00ab d\u00e9verrouill\u00e9 \u00bb.<\/p>\n<\/li>\n<li data-start=\"2074\" data-end=\"2121\">\n<p data-start=\"2077\" data-end=\"2121\">Soulevez le bouton pour ouvrir la serrure.<\/p>\n<\/li>\n<\/ol>\n<p data-start=\"2123\" data-end=\"2140\"><em data-start=\"2123\" data-end=\"2138\">Pour fermer :<\/em><\/p>\n<ol data-start=\"2141\" data-end=\"2305\">\n<li data-start=\"2141\" data-end=\"2244\">\n<p data-start=\"2144\" data-end=\"2244\">Appuyez sur le bouton et verrouillez-le, ins\u00e9rez la cl\u00e9 et tournez-la vers l\u2019ic\u00f4ne \u00ab verrouill\u00e9 \u00bb.<\/p>\n<\/li>\n<li data-start=\"2245\" data-end=\"2305\">\n<p data-start=\"2248\" data-end=\"2305\">Retirez la cl\u00e9 \u2014 votre serrure est d\u00e9sormais s\u00e9curis\u00e9e.<\/p>\n<\/li>\n<\/ol>\n<p>&nbsp;<\/p>\n<p><strong style=\"font-size: inherit; font-family: -apple-system, system-ui, BlinkMacSystemFont, 'Segoe UI', Helvetica, Arial, sans-serif, 'Apple Color Emoji', 'Segoe UI Emoji', 'Segoe UI Symbol';\" data-start=\"2312\" data-end=\"2340\">Garantie limit\u00e9e de 1 an<\/strong><\/p>\n<p data-start=\"2312\" data-end=\"2524\">Un probl\u00e8me avec votre \u00e9tui ? Nous offrons une garantie limit\u00e9e couvrant les d\u00e9fauts de fabrication et de main-d\u2019\u0153uvre.<\/p>\n<p data-start=\"2312\" data-end=\"2524\">Pour plus d\u2019informations, visitez <strong data-start=\"2499\" data-end=\"2522\">Decasciaguitars.com<\/strong><\/p>\n","protected":false},"excerpt":{"rendered":"<p data-start=\"134\" data-end=\"605\"><strong data-start=\"134\" data-end=\"193\">\u00c9tui guitare classique\/flamenco 4\/4 en fibre de carbone<\/strong><\/p>\n<p data-start=\"134\" data-end=\"605\">D\u00e9couvrez une l\u00e9g\u00e8ret\u00e9 in\u00e9gal\u00e9e sans compromettre la protection gr\u00e2ce \u00e0 notre \u00e9tui 100 % fibre de carbone.<\/p>\n<p data-start=\"134\" data-end=\"605\">Le joint en caoutchouc assure une \u00e9tanch\u00e9it\u00e9 totale, prot\u00e9geant votre instrument contre les variations d\u2019humidit\u00e9 et de temp\u00e9rature une fois l\u2019\u00e9tui ferm\u00e9.<\/p>\n<p data-start=\"134\" data-end=\"605\">L\u2019hygrom\u00e8tre int\u00e9gr\u00e9 vous permet de surveiller en permanence le taux d\u2019humidit\u00e9, afin de maintenir les conditions id\u00e9ales pour votre guitare.<\/p>\n<p data-start=\"607\" data-end=\"807\"><strong data-start=\"607\" data-end=\"632\">Serrure approuv\u00e9e TSA<\/strong><\/p>\n<p data-start=\"607\" data-end=\"807\">Votre \u00e9tui est pr\u00eat pour voyager ! Notre serrure approuv\u00e9e TSA prot\u00e8ge votre instrument tout en permettant une inspection rapide et sans tracas par les agents d\u2019a\u00e9roport.<\/p>\n","protected":false},"featured_media":56557,"comment_status":"closed","ping_status":"closed","template":"","meta":{"_mo_disable_npp":""},"product_brand":[],"product_cat":[1052,1187,1057,1053],"product_tag":[],"class_list":{"0":"post-56553","1":"product","2":"type-product","3":"status-publish","4":"has-post-thumbnail","6":"product_cat-accessoires","7":"product_cat-etuis","8":"product_cat-guitares-classique","9":"product_cat-guitares-flamenco","10":"sales-flash-overlay","11":"woocommerce-text-align-left","12":"woocommerce-image-align-center","13":"do-quantity-buttons","14":"wc-has-gallery","16":"first","17":"instock","18":"sold-individually","19":"taxable","20":"shipping-taxable","21":"purchasable","22":"product-type-simple"},"_links":{"self":[{"href":"https:\/\/www.grandsalondeguitare.com\/fr\/wp-json\/wp\/v2\/product\/56553","targetHints":{"allow":["GET"]}}],"collection":[{"href":"https:\/\/www.grandsalondeguitare.com\/fr\/wp-json\/wp\/v2\/product"}],"about":[{"href":"https:\/\/www.grandsalondeguitare.com\/fr\/wp-json\/wp\/v2\/types\/product"}],"replies":[{"embeddable":true,"href":"https:\/\/www.grandsalondeguitare.com\/fr\/wp-json\/wp\/v2\/comments?post=56553"}],"wp:featuredmedia":[{"embeddable":true,"href":"https:\/\/www.grandsalondeguitare.com\/fr\/wp-json\/wp\/v2\/media\/56557"}],"wp:attachment":[{"href":"https:\/\/www.grandsalondeguitare.com\/fr\/wp-json\/wp\/v2\/media?parent=56553"}],"wp:term":[{"taxonomy":"product_brand","embeddable":true,"href":"https:\/\/www.grandsalondeguitare.com\/fr\/wp-json\/wp\/v2\/product_brand?post=56553"},{"taxonomy":"product_cat","embeddable":true,"href":"https:\/\/www.grandsalondeguitare.com\/fr\/wp-json\/wp\/v2\/product_cat?post=56553"},{"taxonomy":"product_tag","embeddable":true,"href":"https:\/\/www.grandsalondeguitare.com\/fr\/wp-json\/wp\/v2\/product_tag?post=56553"}],"curies":[{"name":"wp","href":"https:\/\/api.w.org\/{rel}","templated":true}]}}