{"id":56494,"date":"2025-08-15T13:01:19","date_gmt":"2025-08-15T18:01:19","guid":{"rendered":"https:\/\/www.grandsalondeguitare.com\/?post_type=product&#038;p=56494"},"modified":"2025-10-21T08:55:38","modified_gmt":"2025-10-21T13:55:38","slug":"c-779-jean-rompre-canada-copy-2","status":"publish","type":"product","link":"https:\/\/www.grandsalondeguitare.com\/fr\/produit\/c-779-jean-rompre-canada-copy-2\/","title":{"rendered":"C-836, Jean-Rompre (Canada)"},"content":{"rendered":"<p>Guitare classique double table de concert<\/p>\n<p>N-146<\/p>\n<p>Fabriqu\u00e9e en 2014<\/p>\n<p>Diapason de 650 mm avec sillet de t\u00eate de 52 mm<\/p>\n<p>Double table c\u00e8dre sur c\u00e8dre avec membrane interne en balsa<\/p>\n<p>Barrages radiant avec quelques barres transversales suppl\u00e9mentaires<\/p>\n<p>Dos et \u00e9clisses en palissandre Indien (Dalbergia Latifolia)<\/p>\n<p>Manche sur\u00e9lev\u00e9 en acajou du Honduras (Swietenia mahagoni)<\/p>\n<p>Touche en \u00e9b\u00e8ne avec 20e frette (Dyospyros ebenum \/ Afrique de l&rsquo;Ouest)<\/p>\n<p>Rosace en \u00e9rable rouge (Acer rubrum \/ Canada) et makor\u00e9 (Tieghemella heckelii \/ Afrique de l&rsquo;Ouest)<\/p>\n<p>Tornavoz a l&rsquo;interieur du rosace<\/p>\n<p>Chevalet et t\u00eate en palissandre indien<\/p>\n<p>M\u00e9caniques Gotoh avec boutons MOP noire<\/p>\n<p>Finition au tampon en polis francais<\/p>\n<p>\u00c9tui rigide inclus<\/p>\n<p>&nbsp;<\/p>\n<p>La longueur totale de la guitare est de 100 cm \/39,37 pouces<\/p>\n<p>La longueur du corps est de 49 cm \/ 19,29 pouces<\/p>\n<p>La partie sup\u00e9rieure mesure 28,5 cm \/ 11,22 pouces<\/p>\n<p>La partie inf\u00e9rieure mesure 37 cm \/ 14,56 pouces<\/p>\n<p>La largeur est de 9,8 cm \/ 3,85 pouces<\/p>\n<p>Le poids de la guitare est de 1,75 kg \/ 3,85 livres<\/p>\n","protected":false},"excerpt":{"rendered":"<p>Double table N-146 en excellent \u00e9tat, enti\u00e8rement restaur\u00e9e par Jean !!<\/p>\n<p>Tr\u00e8s facile \u00e0 jouer, elle b\u00e9n\u00e9ficie du barrage radial sp\u00e9cial de Rompr\u00e9 compos\u00e9 de bois et de barres de carbone.<\/p>\n<p>Basses puissantes et sombres, avec des aigus et un sustain tr\u00e8s agr\u00e9ables, un son riche et ample, digne d&rsquo;une bonne double table !<\/p>\n<p>Un essaie s&rsquo;impose !!<\/p>\n","protected":false},"featured_media":56496,"comment_status":"closed","ping_status":"closed","template":"","meta":{"_mo_disable_npp":""},"product_brand":[],"product_cat":[2258,1058,1057],"product_tag":[1141],"class_list":{"0":"post-56494","1":"product","2":"type-product","3":"status-publish","4":"has-post-thumbnail","6":"product_cat-double-tops","7":"product_cat-guitares","8":"product_cat-guitares-classique","9":"product_tag-concert-classical-guitars-in-montreal-canada-fr","10":"sales-flash-overlay","11":"woocommerce-text-align-left","12":"woocommerce-image-align-center","13":"do-quantity-buttons","14":"wc-has-gallery","16":"first","17":"instock","18":"sold-individually","19":"taxable","20":"shipping-taxable","21":"purchasable","22":"product-type-simple"},"_links":{"self":[{"href":"https:\/\/www.grandsalondeguitare.com\/fr\/wp-json\/wp\/v2\/product\/56494","targetHints":{"allow":["GET"]}}],"collection":[{"href":"https:\/\/www.grandsalondeguitare.com\/fr\/wp-json\/wp\/v2\/product"}],"about":[{"href":"https:\/\/www.grandsalondeguitare.com\/fr\/wp-json\/wp\/v2\/types\/product"}],"replies":[{"embeddable":true,"href":"https:\/\/www.grandsalondeguitare.com\/fr\/wp-json\/wp\/v2\/comments?post=56494"}],"wp:featuredmedia":[{"embeddable":true,"href":"https:\/\/www.grandsalondeguitare.com\/fr\/wp-json\/wp\/v2\/media\/56496"}],"wp:attachment":[{"href":"https:\/\/www.grandsalondeguitare.com\/fr\/wp-json\/wp\/v2\/media?parent=56494"}],"wp:term":[{"taxonomy":"product_brand","embeddable":true,"href":"https:\/\/www.grandsalondeguitare.com\/fr\/wp-json\/wp\/v2\/product_brand?post=56494"},{"taxonomy":"product_cat","embeddable":true,"href":"https:\/\/www.grandsalondeguitare.com\/fr\/wp-json\/wp\/v2\/product_cat?post=56494"},{"taxonomy":"product_tag","embeddable":true,"href":"https:\/\/www.grandsalondeguitare.com\/fr\/wp-json\/wp\/v2\/product_tag?post=56494"}],"curies":[{"name":"wp","href":"https:\/\/api.w.org\/{rel}","templated":true}]}}