{"id":56439,"date":"2025-08-12T15:26:40","date_gmt":"2025-08-12T20:26:40","guid":{"rendered":"https:\/\/www.grandsalondeguitare.com\/?post_type=product&#038;p=56439"},"modified":"2025-10-04T14:48:08","modified_gmt":"2025-10-04T19:48:08","slug":"f-757-graciliano-perez-espagne-copy","status":"publish","type":"product","link":"https:\/\/www.grandsalondeguitare.com\/fr\/produit\/f-757-graciliano-perez-espagne-copy\/","title":{"rendered":"F-835, Graciliano Perez (Espagne)"},"content":{"rendered":"<p>Guitare Flamenca Negra<\/p>\n<p>Fabriqu\u00e9 en 2018<\/p>\n<p>\u00c9chelle de 650 mm avec sillet de 52mm<\/p>\n<p>Table en \u00e9pic\u00e9a Allemande (des ann\u00e9es 70&rsquo;s !!!)<\/p>\n<p>Dos et \u00e9clisses en palissandre du Madagascar !!<\/p>\n<p>Manche en c\u00e8dre Espagnole<\/p>\n<p>Touche en \u00e9b\u00e8ne<\/p>\n<p>Chevalet et placage de la t\u00eate en palissandre indien<\/p>\n<p>M\u00e9caniques Gotoh<\/p>\n<p>Finition au laque nitrocellulose tr\u00e8s fine teint\u00e9e orange<\/p>\n<p>\u00c9tui rigide en cuir inclus<\/p>\n<p>&nbsp;<\/p>\n<p>Le poids de la guitare est 1,60 kg \/ 3,527 lb<\/p>\n<p>Mesure 101,6 cm \/ 40 pouces de hauteur<\/p>\n<p>La longueur du corps est de 49\u00a0cm \/ 19,29\u00a0pouces<\/p>\n<p>La profondeur du corps est de 9,5 cm \/ 3,74 pouces<\/p>\n<p>Le bout sup\u00e9rieur mesure 28,5\u00a0cm\u00a0\/ 11,22\u00a0pouces<\/p>\n<p>Le bout inf\u00e9rieur est de 36,5 cm \/ 14,17 pouces<\/p>\n","protected":false},"excerpt":{"rendered":"[youtube v=wBBwgm0OEC4 maxwidth=\"800px\"]\n<p>&nbsp;<\/p>\n<p>L\u00e9g\u00e8rement utilis\u00e9e en tr\u00e8s bon \u00e9tat, une autre excellente guitare de Graciliano !!<\/p>\n<p>Cet instrument poss\u00e8de un stock de bois ancien &amp; tr\u00e8s rare qui appartenait a Miguel Rodriguez, Graciliano \u00e9tait un ami tr\u00e8s proche de Miguel et ses guitares sont fortement influenc\u00e9es par lui.<\/p>\n<p>Cette negra a beaucoup de profondeur, de projection et de sustain&#8230; une attaque et une r\u00e9ponse rapides&#8230; une belle action basse, offrant au guitariste une excellente jouabilit\u00e9 !!<\/p>\n<p>Un tres beau timbre captivant !!<\/p>\n","protected":false},"featured_media":56441,"comment_status":"closed","ping_status":"closed","template":"","meta":{"_mo_disable_npp":""},"product_brand":[],"product_cat":[1058,1053],"product_tag":[1161,1162,1163,1164,1119],"class_list":{"0":"post-56439","1":"product","2":"type-product","3":"status-publish","4":"has-post-thumbnail","6":"product_cat-guitares","7":"product_cat-guitares-flamenco","8":"product_tag-flamenco-guitars-from-spain-fr","9":"product_tag-graciliano-perez-cordoba-spain-fr","10":"product_tag-high-end-guitar-showroom-montreal-fr","11":"product_tag-luthier-guitars-in-montreal-canada-fr","12":"product_tag-spanish-guitars-in-montreal-canada-fr","13":"sales-flash-overlay","14":"woocommerce-text-align-left","15":"woocommerce-image-align-center","16":"do-quantity-buttons","17":"wc-has-gallery","19":"first","20":"instock","21":"taxable","22":"shipping-taxable","23":"purchasable","24":"product-type-simple"},"_links":{"self":[{"href":"https:\/\/www.grandsalondeguitare.com\/fr\/wp-json\/wp\/v2\/product\/56439","targetHints":{"allow":["GET"]}}],"collection":[{"href":"https:\/\/www.grandsalondeguitare.com\/fr\/wp-json\/wp\/v2\/product"}],"about":[{"href":"https:\/\/www.grandsalondeguitare.com\/fr\/wp-json\/wp\/v2\/types\/product"}],"replies":[{"embeddable":true,"href":"https:\/\/www.grandsalondeguitare.com\/fr\/wp-json\/wp\/v2\/comments?post=56439"}],"wp:featuredmedia":[{"embeddable":true,"href":"https:\/\/www.grandsalondeguitare.com\/fr\/wp-json\/wp\/v2\/media\/56441"}],"wp:attachment":[{"href":"https:\/\/www.grandsalondeguitare.com\/fr\/wp-json\/wp\/v2\/media?parent=56439"}],"wp:term":[{"taxonomy":"product_brand","embeddable":true,"href":"https:\/\/www.grandsalondeguitare.com\/fr\/wp-json\/wp\/v2\/product_brand?post=56439"},{"taxonomy":"product_cat","embeddable":true,"href":"https:\/\/www.grandsalondeguitare.com\/fr\/wp-json\/wp\/v2\/product_cat?post=56439"},{"taxonomy":"product_tag","embeddable":true,"href":"https:\/\/www.grandsalondeguitare.com\/fr\/wp-json\/wp\/v2\/product_tag?post=56439"}],"curies":[{"name":"wp","href":"https:\/\/api.w.org\/{rel}","templated":true}]}}