{"id":56422,"date":"2021-06-08T12:55:50","date_gmt":"2021-06-08T17:55:50","guid":{"rendered":"https:\/\/www.grandsalondeguitare.com\/product\/c-545-yamaha-slg200n-japan\/"},"modified":"2025-08-02T13:15:19","modified_gmt":"2025-08-02T18:15:19","slug":"c-545-yamaha-slg200n-japan","status":"publish","type":"product","link":"https:\/\/www.grandsalondeguitare.com\/fr\/produit\/c-545-yamaha-slg200n-japan\/","title":{"rendered":"C-545, Yamaha SLG200N (Japon)"},"content":{"rendered":"<div id=\"erdyt-6a007b8aa774b\" data-id=\"870j8ZVM8XQ\" class=\"erd-youtube-responsive\" style=\"display:block;position:relative;clear:both;width:100%;max-width:800px;margin-left:auto;margin-right:auto;\"><div style=\"padding-bottom:56.25%;\"><div class=\"erd-ytplay\" id=\"erdytp-870j8ZVM8XQ-6a007b8aa774b\" data-vid=\"870j8ZVM8XQ\"   data-src=\"https:\/\/www.youtube.com\/embed\/870j8ZVM8XQ?loop=1&#038;autoplay=1&#038;rel=0\" data-allowfullscreen=\"true\"><img decoding=\"async\" src=\"https:\/\/i.ytimg.com\/vi\/870j8ZVM8XQ\/hqdefault.jpg\" alt=\"YouTube Video\" \/><\/div><\/div><\/div>\n<p>&nbsp;<\/p>\n<p>SLG200N Guitare \u00ab\u00a0Silent Yamaha\u00a0\u00bb<\/p>\n<div class=\"clearfix\">\n<p>Diapason de 650 mm avec sillet de t\u00eate de 50 mm<\/p>\n<p>Espacement des cordes de 11,5 mm<\/p>\n<p>Cadre palissandre\/\u00e9rable<\/p>\n<p>Manche en acajou<\/p>\n<p>Corps en acajou<\/p>\n<p>Touche palissandre (plate)<\/p>\n<p>Chevalet palissandre<\/p>\n<p>Sillet de t\u00eate et chevalet Urea<\/p>\n<p>M\u00e9caniques RM1188NB-7B<\/p>\n<p>Plaque de protection noire<\/p>\n<p>Syst\u00e8me de micros amplifi\u00e9s Yamaha SRT d&rsquo;origine avec capteur pi\u00e9zo\u00e9lectrique<\/p>\n<p>Commandes\u00a0: Interrupteur marche\/arr\u00eat, accordeur, volume, aigus, graves, mixage (P.U. &#8211; Mic), effets (Rev1, Rev2 &#8211; Cho), auxiliaire<\/p>\n<p>Prises d&rsquo;entr\u00e9e\/sortie\u00a0: Sortie ligne, casque, entr\u00e9e auxiliaire, entr\u00e9e CC<\/p>\n<p>Alimentation\u00a0: 2 piles alcalines AA<\/p>\n<p>Consommation\u00a0: 22\u00a0heures d&rsquo;utilisation continue<\/p>\n<p>Dimensions\u00a0: 970\u00a0mm (L) x 356\u00a0mm (l) x 87\u00a0mm (H) 3-7\/16&Prime;<\/p>\n<p>Environ 2,1 kg (4 lb 10 oz)<\/p>\n<p>Sac de transport Yamaha d&rsquo;origine inclus<\/p>\n<p>&nbsp;<\/p>\n<p>*** Veuillez noter que des photos d&rsquo;archives sont utilis\u00e9es pour la description de ce mod\u00e8le. La guitare pr\u00e9sent\u00e9e n&rsquo;est plus disponible et la nouvelle guitare propos\u00e9e sera l\u00e9g\u00e8rement diff\u00e9rente des photos actuelles ***<\/p>\n<p>Son SRT Powered<\/p>\n<p>SRT Powered est un nouveau syst\u00e8me con\u00e7u pour recr\u00e9er la r\u00e9sonance du corps d&rsquo;une guitare acoustique dans une guitare sans corps. Yamaha a d\u00e9velopp\u00e9 SRT Powered en collaboration avec des artistes afin de cr\u00e9er un syst\u00e8me adapt\u00e9 aux propri\u00e9t\u00e9s uniques du nouveau corps SLG et mod\u00e9lis\u00e9 d&rsquo;apr\u00e8s les sonorit\u00e9s d&rsquo;une guitare acoustique Yamaha haut de gamme, captur\u00e9es \u00e0 l&rsquo;aide d&rsquo;un microphone soigneusement s\u00e9lectionn\u00e9 dans un studio d&rsquo;enregistrement professionnel. En reproduisant fid\u00e8lement le son d&rsquo;une guitare acoustique, jusqu&rsquo;\u00e0 son sustain et son d\u00e9clin naturels, Yamaha permet aux guitaristes de ressentir la r\u00e9sonance, le timbre et l&rsquo;ambiance authentiques d&rsquo;une guitare acoustique.<\/p>\n<p>Le son SRT Powered peut m\u00eame \u00eatre mix\u00e9 avec celui des micros pi\u00e9zo de l&rsquo;instrument, permettant ainsi aux guitaristes de profiter pleinement de la r\u00e9sonance du corps, du timbre et de l&rsquo;ambiance d&rsquo;une guitare acoustique. pour une plus grande flexibilit\u00e9 dans leurs cr\u00e9ations.<\/p>\n<p>Parce que le SLG peut reproduire virtuellement le son d&rsquo;une guitare enregistr\u00e9e avec un microphone, les musiciens sont lib\u00e9r\u00e9s des proc\u00e9dures complexes li\u00e9es \u00e0 la prise de son d&rsquo;une guitare lors d&rsquo;enregistrements \u00e0 domicile ou dans d&rsquo;autres environnements.<\/p>\n<\/div>\n","protected":false},"excerpt":{"rendered":"<p>La \u00ab\u00a0Silent Guitar\u00a0\u00bb SLG200N \u00e0 cordes nylon a toujours \u00e9t\u00e9 un instrument id\u00e9al pour la pratique, les voyages et les concerts. Sa nouvelle finition Crimson Red Burst lui conf\u00e8re une esth\u00e9tique audacieuse et moderne.<\/p>\n<p>Syst\u00e8me de micros Yamaha SRT pour un son exceptionnel<\/p>\n<p>Ultra-compact, avec cadre amovible pour un transport facile<\/p>\n<p>Largeur au sillet\u00a0: 50\u00a0mm<\/p>\n<p>Prise casque pour une pratique ultra-silencieuse<\/p>\n<p>Accordeur int\u00e9gr\u00e9<\/p>\n<p>Housse de transport robuste<\/p>\n","protected":false},"featured_media":18677,"comment_status":"open","ping_status":"closed","template":"","meta":{"_mo_disable_npp":""},"product_brand":[],"product_cat":[1058,1057],"product_tag":[],"class_list":{"0":"post-56422","1":"product","2":"type-product","3":"status-publish","4":"has-post-thumbnail","6":"product_cat-guitares","7":"product_cat-guitares-classique","8":"sales-flash-overlay","9":"woocommerce-text-align-left","10":"woocommerce-image-align-center","11":"do-quantity-buttons","12":"wc-has-gallery","14":"first","15":"outofstock","16":"taxable","17":"shipping-taxable","18":"product-type-simple"},"_links":{"self":[{"href":"https:\/\/www.grandsalondeguitare.com\/fr\/wp-json\/wp\/v2\/product\/56422","targetHints":{"allow":["GET"]}}],"collection":[{"href":"https:\/\/www.grandsalondeguitare.com\/fr\/wp-json\/wp\/v2\/product"}],"about":[{"href":"https:\/\/www.grandsalondeguitare.com\/fr\/wp-json\/wp\/v2\/types\/product"}],"replies":[{"embeddable":true,"href":"https:\/\/www.grandsalondeguitare.com\/fr\/wp-json\/wp\/v2\/comments?post=56422"}],"wp:featuredmedia":[{"embeddable":true,"href":"https:\/\/www.grandsalondeguitare.com\/fr\/wp-json\/wp\/v2\/media\/18677"}],"wp:attachment":[{"href":"https:\/\/www.grandsalondeguitare.com\/fr\/wp-json\/wp\/v2\/media?parent=56422"}],"wp:term":[{"taxonomy":"product_brand","embeddable":true,"href":"https:\/\/www.grandsalondeguitare.com\/fr\/wp-json\/wp\/v2\/product_brand?post=56422"},{"taxonomy":"product_cat","embeddable":true,"href":"https:\/\/www.grandsalondeguitare.com\/fr\/wp-json\/wp\/v2\/product_cat?post=56422"},{"taxonomy":"product_tag","embeddable":true,"href":"https:\/\/www.grandsalondeguitare.com\/fr\/wp-json\/wp\/v2\/product_tag?post=56422"}],"curies":[{"name":"wp","href":"https:\/\/api.w.org\/{rel}","templated":true}]}}