{"id":56230,"date":"2025-07-04T07:58:08","date_gmt":"2025-07-04T12:58:08","guid":{"rendered":"https:\/\/www.grandsalondeguitare.com\/?post_type=product&#038;p=56230"},"modified":"2025-12-17T13:19:55","modified_gmt":"2025-12-17T18:19:55","slug":"c-778-dan-kellaway-australie-copy-2","status":"publish","type":"product","link":"https:\/\/www.grandsalondeguitare.com\/fr\/produit\/c-778-dan-kellaway-australie-copy-2\/","title":{"rendered":"C-833, Dan Kellaway (Australie)"},"content":{"rendered":"<p>Guitare classique de concert<\/p>\n<p>Ann\u00e9e 2025<\/p>\n<p>Diapason de 650 mm avec sillet de t\u00eate de 52 mm<\/p>\n<p>Table en c\u00e8dre canadien (Thuja plicatas) avec barrage lattice tout bois<\/p>\n<p>Barrage du table avec de l&rsquo;\u00e9pic\u00e9a des Carpates<\/p>\n<p>Dos et \u00e9clisses en Ziricote<\/p>\n<p>Dos lamin\u00e9 sur une \u00e2me en c\u00e8dre et moul\u00e9 en forme de vo\u00fbte l\u00e9g\u00e8re<\/p>\n<p>\u00c9clisses lamin\u00e9es en Ziricote en 5 couches<\/p>\n<p>Manche en c\u00e8dre Cubain<\/p>\n<p>Touche et t\u00eate plaqu\u00e9es en \u00e9b\u00e8ne noir indien<\/p>\n<p>Chevalet en palissandre br\u00e9silien, style Gilbert avec attache cordes 12 trous<\/p>\n<p>Repose-bras en palissandre d&rsquo;Australie<\/p>\n<p>M\u00e9caniques Gotoh 35ARB510QC avec boutons en \u00e9b\u00e8ne<\/p>\n<p>Filets en \u00e9rable am\u00e9ricain cintr\u00e9 \u00e0 la vapeur avec doubles garnitures<\/p>\n<p>Finition enti\u00e8rement vernie au lacque<\/p>\n<p>\u00c9tuis Visesnut s\u00e9rie Active inclus<\/p>\n<p>&nbsp;<\/p>\n<p>La longueur totale de la guitare est de 100 cm \/ 39,3 pouces<\/p>\n<p>La longueur du corps est de 48 cm \/ 18,8976 pouces<\/p>\n<p>La partie sup\u00e9rieure mesure 29 cm \/ 11,41 pouces<\/p>\n<p>La partie inf\u00e9rieure mesure 37,5 cm \/ 14,76 pouces<\/p>\n<p>La largeur est de 10,4 cm \/ 4,09 pouces<\/p>\n<p>Le poids de la guitare est de 2,05 kg \/ 4,529 livres<\/p>\n<p>&nbsp;<\/p>\n<p>Parfois d\u00e9crit comme un croisement entre un Simon Marty et un Greg Smallman, Dan Kellaway construit des instruments \u00e0 dos arqu\u00e9 avec renfort en treillis \u00ab\u00a0lattice\u00a0\u00bb, mais utilise le m\u00eame bois que la table d&rsquo;harmonie pour le renfort, par opposition au balsa renforc\u00e9 de fibres de carbone plus courant.<\/p>\n<p>Le r\u00e9sultat est un caract\u00e8re plus \u00ab bois\u00e9 \u00bb avec des couleurs de tons plus traditionnelles sur les cordes mais avec l&rsquo;uniformit\u00e9 et la sensibilit\u00e9 d&rsquo;une barrage \u00ab\u00a0lattice\u00a0\u00bb<\/p>\n","protected":false},"excerpt":{"rendered":"[youtube v=VGzEY-aNfRY maxwidth=\"800px\"]\n<p>&nbsp;<\/p>\n<p>Directement d&rsquo;Australie !!<\/p>\n<p>Nouvelle guitare avec table en c\u00e8dre de Dan Kellaway !!<\/p>\n<p>Une guitare de concert au son et \u00e0 l&rsquo;apparence incroyables, qui offre une tres belle voix chantante, projection de niveau concert et excellent sustain !!<\/p>\n<p>Parfois d\u00e9crit comme un croisement entre un Simon Marty et un Greg Smallman, Dan construit des instruments \u00e0 dos arqu\u00e9 avec renfort en treillis \u00ab\u00a0lattice\u00a0\u00bb mais utilise le m\u00eame bois que la table d&rsquo;harmonie pour les barrages, par opposition au balsa renforc\u00e9 de fibres de carbone plus courant&#8230;<\/p>\n<p>Le r\u00e9sultat est un caract\u00e8re plus \u00ab bois\u00e9 \u00bb avec des couleurs de tons plus traditionnelles sur les cordes mais avec l&rsquo;uniformit\u00e9 et la sensibilit\u00e9 d&rsquo;une barrage \u00ab\u00a0lattice\u00a0\u00bb<\/p>\n","protected":false},"featured_media":56232,"comment_status":"closed","ping_status":"closed","template":"","meta":{"_mo_disable_npp":""},"product_brand":[],"product_cat":[1058,1057],"product_tag":[],"class_list":{"0":"post-56230","1":"product","2":"type-product","3":"status-publish","4":"has-post-thumbnail","6":"product_cat-guitares","7":"product_cat-guitares-classique","8":"sales-flash-overlay","9":"woocommerce-text-align-left","10":"woocommerce-image-align-center","11":"do-quantity-buttons","12":"wc-has-gallery","14":"first","15":"outofstock","16":"sold-individually","17":"taxable","18":"shipping-taxable","19":"product-type-simple"},"_links":{"self":[{"href":"https:\/\/www.grandsalondeguitare.com\/fr\/wp-json\/wp\/v2\/product\/56230","targetHints":{"allow":["GET"]}}],"collection":[{"href":"https:\/\/www.grandsalondeguitare.com\/fr\/wp-json\/wp\/v2\/product"}],"about":[{"href":"https:\/\/www.grandsalondeguitare.com\/fr\/wp-json\/wp\/v2\/types\/product"}],"replies":[{"embeddable":true,"href":"https:\/\/www.grandsalondeguitare.com\/fr\/wp-json\/wp\/v2\/comments?post=56230"}],"wp:featuredmedia":[{"embeddable":true,"href":"https:\/\/www.grandsalondeguitare.com\/fr\/wp-json\/wp\/v2\/media\/56232"}],"wp:attachment":[{"href":"https:\/\/www.grandsalondeguitare.com\/fr\/wp-json\/wp\/v2\/media?parent=56230"}],"wp:term":[{"taxonomy":"product_brand","embeddable":true,"href":"https:\/\/www.grandsalondeguitare.com\/fr\/wp-json\/wp\/v2\/product_brand?post=56230"},{"taxonomy":"product_cat","embeddable":true,"href":"https:\/\/www.grandsalondeguitare.com\/fr\/wp-json\/wp\/v2\/product_cat?post=56230"},{"taxonomy":"product_tag","embeddable":true,"href":"https:\/\/www.grandsalondeguitare.com\/fr\/wp-json\/wp\/v2\/product_tag?post=56230"}],"curies":[{"name":"wp","href":"https:\/\/api.w.org\/{rel}","templated":true}]}}