{"id":56177,"date":"2025-07-03T10:23:27","date_gmt":"2025-07-03T15:23:27","guid":{"rendered":"https:\/\/www.grandsalondeguitare.com\/?post_type=product&#038;p=56177"},"modified":"2025-07-21T08:59:14","modified_gmt":"2025-07-21T13:59:14","slug":"c-780-edoardo-piccioni-italie-copy","status":"publish","type":"product","link":"https:\/\/www.grandsalondeguitare.com\/fr\/produit\/c-780-edoardo-piccioni-italie-copy\/","title":{"rendered":"C-832, Edoardo Piccioni (Italie)"},"content":{"rendered":"<p>Nouvelle guitare classique de concert<\/p>\n<p>Mod\u00e8le \u00ab Grand Concert \u00e0 barrage lattice \u00bb<\/p>\n<p>Ann\u00e9e 2025<\/p>\n<p>Diapason de 650\u00a0mm avec sillet de t\u00eate de 52\u00a0mm<\/p>\n<p>Table en c\u00e8dre canadien (de 1969)<\/p>\n<p>Table \u00e0 barrage en treillis avec balsa et fibre de carbone<\/p>\n<p>Dos et \u00e9clisses en \u00e9b\u00e8ne de Macassar (de 1951)<\/p>\n<p>Manche sur\u00e9lev\u00e9 en acajou du Honduras (style Humphrey)<\/p>\n<p>Touche en \u00e9b\u00e8ne du Gabon<\/p>\n<p>Chevalet et t\u00eate plaqu\u00e9s en \u00e9b\u00e8ne de Macassar<\/p>\n<p>Incrustation et filets de fixation assortis \u00e0 la magnifique rosace<\/p>\n<p>Contour du bloc de fixation en nacre<\/p>\n<p>M\u00e9caniques Alessi avec boutons en \u00e9b\u00e8ne<\/p>\n<p>Finition vernis au tampon \u00e0 la main<\/p>\n<p>\u00c9tui rigide en cuir sur mesure<\/p>\n<p>Certificat sign\u00e9 du luthier inclus<\/p>\n<p>&nbsp;<\/p>\n<p>Poids de la guitare\u00a0: 1,65\u00a0kg<\/p>\n<p>Longueur totale de la guitare\u00a0: 99\u00a0cm 38,976 pouces<\/p>\n<p>Longueur du corps\u00a0: 48,8 cm \/ 19,21 pouces<\/p>\n<p>Profondeur du corps\u00a0: 9 cm \/ 3,54 pouces<\/p>\n<p>Hauteur du manche\u00a0: 27,8 cm \/ 10,94 pouces<\/p>\n<p>Hauteur du manche\u00a0: 37,4 cm \/ 14,72 pouces<\/p>\n<p>&nbsp;<\/p>\n<p>\u00c0 l&rsquo;\u00e2ge de 7 ans, il commence \u00e0 \u00e9tudier la guitare classique, poursuivant sa formation jusqu&rsquo;au dipl\u00f4me \u00e0 l&rsquo;Istituto Superiore di Studi Musicali G. Briccialdi de Terni.<\/p>\n<p>Jouant sur des guitares prestigieuses au Conservatoire de Musique et dans de nombreux cours de perfectionnement, il fut anim\u00e9 par une grande passion qui le conduisit \u00e0 une \u00e9tude rigoureuse de la physique du son appliqu\u00e9e aux mod\u00e8les de construction par les grands ma\u00eetres luthiers, puis \u00e0 la construction de guitares \u00e0 travers l&rsquo;acquisition patiente de l&rsquo;art ancien gr\u00e2ce \u00e0 l&rsquo;enseignement pr\u00e9cieux des ouvriers qui transmettent ce savoir depuis des g\u00e9n\u00e9rations dans les laboratoires des luthiers.<\/p>\n<p><span class=\"tlid-translation translation photoswipe-wrapper\"><a class=\"dt-pswp-item pspw-wrap-ready\" href=\"https:\/\/www.edoardopiccioniliutaio.com\/wp-content\/uploads\/2013\/08\/BIOGRAFIA-EDOARDO.jpg\" data-dt-img-description=\"\" data-large_image_width=\"225\" data-large_image_height=\"300\"><img loading=\"lazy\" decoding=\"async\" class=\" wp-image-1479 alignleft\" src=\"https:\/\/www.edoardopiccioniliutaio.com\/wp-content\/uploads\/2013\/08\/BIOGRAFIA-EDOARDO-225x300.jpg\" alt=\"\" width=\"187\" height=\"249\" \/><\/a><\/span><\/p>\n<p>Depuis 2004, dans son Laboratoire de Vallerano (VT), il cr\u00e9e des instruments traditionnels sur une id\u00e9e et un design personnels, recherchant un \u00e9tat m\u00e9taphysique id\u00e9al de l&rsquo;\u00e9quilibre entre le son, les timbres et les diverses dynamiques.<\/p>\n<p>Bois pr\u00e9cieux et s\u00e9ch\u00e9s de vingt-cinq \u00e0 plus de cinquante ans: sapin du Val di Fiemme, c\u00e8dre du Canada, sapin de Sitka, palissandre indien, santos, amarante, \u00e9b\u00e8ne de makassar et du gabon, cocobolo, \u00e9rable marbr\u00e9 et oeill\u00e9, peuplier marbr\u00e9, cypr\u00e8s, acajou du honduras, cedrella, donc bois pour toute demande.<\/p>\n<p>Les colles sont d&rsquo;origine animale, les vernis \u00e0 base de gomme laque, et de nombreux outils du pass\u00e9 sont son mat\u00e9riel de travail.<\/p>\n<p>Ses guitares sont construites une \u00e0 la fois, d\u00e9di\u00e9es \u00e0 des personnes et \u00e0 des \u00e9v\u00e9nements particuliers, li\u00e9s \u00e0 des philosophies herm\u00e9tiques, qui ont inspir\u00e9 la construction.<\/p>\n<p>Ce sont des instruments appr\u00e9ci\u00e9s par de nombreux concertistes de renomm\u00e9e nationale et internationale.<\/p>\n<p>&nbsp;<\/p>\n<p>*** Nous sommes fiers d&rsquo;\u00eatre le revendeur exclusif en Am\u00e9rique du Nord des guitares Edoardo Piccioni ***<\/p>\n<p>&nbsp;<\/p>\n","protected":false},"excerpt":{"rendered":"[youtube v=37bJvuct3-k maxwidth=\"800px\"]\n<p>&nbsp;<\/p>\n<p>Directement de Vallerano, Italie, une toute nouvelle et magnifique guitare de concert est arriv\u00e9e\u00a0!<\/p>\n<p>Inspir\u00e9e par Thomas Humphrey, cette guitare offre une magnifique voix chantante, un excellent \u00e9quilibre, une attaque et une r\u00e9ponse rapides, excellente jouabilit\u00e9 et une projection de niveau concert !<\/p>\n<p>N&rsquo;oublions pas ses magnifiques bois anciens !<\/p>\n<p>Une autre superbe guitare sign\u00e9e Edoardo !<\/p>\n","protected":false},"featured_media":56179,"comment_status":"closed","ping_status":"closed","template":"","meta":{"_mo_disable_npp":""},"product_brand":[],"product_cat":[1058,1057],"product_tag":[],"class_list":{"0":"post-56177","1":"product","2":"type-product","3":"status-publish","4":"has-post-thumbnail","6":"product_cat-guitares","7":"product_cat-guitares-classique","8":"sales-flash-overlay","9":"woocommerce-text-align-left","10":"woocommerce-image-align-center","11":"do-quantity-buttons","12":"wc-has-gallery","14":"first","15":"instock","16":"sold-individually","17":"taxable","18":"shipping-taxable","19":"purchasable","20":"product-type-simple"},"_links":{"self":[{"href":"https:\/\/www.grandsalondeguitare.com\/fr\/wp-json\/wp\/v2\/product\/56177","targetHints":{"allow":["GET"]}}],"collection":[{"href":"https:\/\/www.grandsalondeguitare.com\/fr\/wp-json\/wp\/v2\/product"}],"about":[{"href":"https:\/\/www.grandsalondeguitare.com\/fr\/wp-json\/wp\/v2\/types\/product"}],"replies":[{"embeddable":true,"href":"https:\/\/www.grandsalondeguitare.com\/fr\/wp-json\/wp\/v2\/comments?post=56177"}],"wp:featuredmedia":[{"embeddable":true,"href":"https:\/\/www.grandsalondeguitare.com\/fr\/wp-json\/wp\/v2\/media\/56179"}],"wp:attachment":[{"href":"https:\/\/www.grandsalondeguitare.com\/fr\/wp-json\/wp\/v2\/media?parent=56177"}],"wp:term":[{"taxonomy":"product_brand","embeddable":true,"href":"https:\/\/www.grandsalondeguitare.com\/fr\/wp-json\/wp\/v2\/product_brand?post=56177"},{"taxonomy":"product_cat","embeddable":true,"href":"https:\/\/www.grandsalondeguitare.com\/fr\/wp-json\/wp\/v2\/product_cat?post=56177"},{"taxonomy":"product_tag","embeddable":true,"href":"https:\/\/www.grandsalondeguitare.com\/fr\/wp-json\/wp\/v2\/product_tag?post=56177"}],"curies":[{"name":"wp","href":"https:\/\/api.w.org\/{rel}","templated":true}]}}