{"id":56064,"date":"2025-06-26T08:06:22","date_gmt":"2025-06-26T13:06:22","guid":{"rendered":"https:\/\/www.grandsalondeguitare.com\/?post_type=product&#038;p=56064"},"modified":"2025-06-26T08:26:44","modified_gmt":"2025-06-26T13:26:44","slug":"c-723-alhambra-linea-profesional-copy-2","status":"publish","type":"product","link":"https:\/\/www.grandsalondeguitare.com\/fr\/produit\/c-723-alhambra-linea-profesional-copy-2\/","title":{"rendered":"C-830, Alhambra (Linea Profesional)"},"content":{"rendered":"<p>Guitares Alhambra d&rsquo;Espagne<\/p>\n<p>Par Javier et Mengual<\/p>\n<p>Mod\u00e8le Linea Professionnel (LP-3847)<\/p>\n<p>Guitare classique N-1109<\/p>\n<p>Fabriqu\u00e9 en 2023<\/p>\n<p>\u00c9chelle de 650 mm avec sillet de 52 mm<\/p>\n<p>Table en c\u00e8dre (AAA)<\/p>\n<p>Fond et \u00e9clisses en palissandre indien<\/p>\n<p>Manche en c\u00e8dre renforc\u00e9 d&rsquo;\u00e9b\u00e8ne (Ergoneck)<\/p>\n<p>Touche en \u00e9b\u00e8ne avec 20\u00e8me frette<\/p>\n<p>Pont et plaquage de la t\u00eate en palissandre du madagascar<\/p>\n<p>M\u00e9caniques Schaller Grandtune \u00ab\u00a0Classique Hauser\u00a0\u00bb<\/p>\n<p>Finition laque nitro sur le dessus<\/p>\n<p>L&rsquo;\u00e9quilibre de la guitare est avec la laque HE Gloss<\/p>\n<p>\u00c9tui rigide en cuir Alhambra inclus<\/p>\n<p>&nbsp;<\/p>\n<p>Le poids de la guitare est de 1,70 kg \/ 3,527 lbs<\/p>\n<p>Mesure 101 cm \/ 39,76 pouces de hauteur<\/p>\n<p>La longueur du corps est de 49 cm \/ 19,29 pouces<\/p>\n<p>La profondeur du corps est de 10,16 cm \/ 4 pouces<\/p>\n<p>Le bout sup\u00e9rieur mesure 28,5\u00a0cm\u00a0\/\u00a011,22\u00a0pouces<\/p>\n<p>Le bout inf\u00e9rieur est de 37,5 cm \/ 14,76 pouces<\/p>\n<p>Sillet en os suppl\u00e9mentaire est incluse avec la guitare<\/p>\n<p>Parmi tous les mod\u00e8les professionnels Alhambra, celui-ci occupe une place de choix dans la gamme professionnelle gr\u00e2ce \u00e0 sa finition parfaite et \u00e0 son confort de jeu.<\/p>\n<p>La Linea Profesional est un instrument de concert au caract\u00e8re espagnol marqu\u00e9, une guitare offrant une infinit\u00e9 de couleurs sonores et une large palette sonore. C&rsquo;est un instrument \u00e9quilibr\u00e9 et facile \u00e0 jouer, qui transmet puret\u00e9, puissance, couleur et projection.<\/p>\n<p>Le barrage \u00ab\u00a0CAT\u00a0\u00bb a \u00e9t\u00e9 utilis\u00e9 pour la conception de la Linea Profesional. La disposition asym\u00e9trique des barres harmoniques assure une duret\u00e9 ad\u00e9quate et la projection requise pour une guitare de concert.<\/p>\n<p>La Linea Profesional, avec sa table en c\u00e8dre massif (laca nitro) et son fond et ses \u00e9clisses en palissandre, apporte chaleur, richesse, clart\u00e9 et perfection \u00e0 toute pi\u00e8ce musicale. Finition nitro, et magnifique palissandre indien pour les \u00e9clisses et le fond.<\/p>\n<p>Le manche en c\u00e8dre a \u00e9t\u00e9 fabriqu\u00e9 par les luthiers d&rsquo;Alhambra pour r\u00e9pondre aux exigences de tous les guitaristes. Son design, baptis\u00e9 Ergoneck, offre un toucher et une jouabilit\u00e9 exceptionnels. Pour un accordage pr\u00e9cis, le mod\u00e8le Linea Profesional est \u00e9quip\u00e9 de m\u00e9caniques Schaller Grand Tune Classic Hauser, un composant \u00e9l\u00e9gant et de haute qualit\u00e9.<\/p>\n","protected":false},"excerpt":{"rendered":"<p>L\u00e9g\u00e8rement utilis\u00e9, en excellent \u00e9tat\u00a0!<\/p>\n<p>S\u00e9rie de luthiers Javier &amp; Mengual<\/p>\n<p>Le mod\u00e8le Linea Profesional est un instrument de concert au caract\u00e8re espagnol marqu\u00e9, une guitare offrant une infinit\u00e9 de couleurs sonores et une large palette sonore.<\/p>\n<p>C&rsquo;est un instrument \u00e9quilibr\u00e9 et facile \u00e0 jouer, qui transmet puret\u00e9, puissance, couleur et projection.<\/p>\n","protected":false},"featured_media":56066,"comment_status":"closed","ping_status":"closed","template":"","meta":{"_mo_disable_npp":""},"product_brand":[],"product_cat":[1058,1057],"product_tag":[],"class_list":{"0":"post-56064","1":"product","2":"type-product","3":"status-publish","4":"has-post-thumbnail","6":"product_cat-guitares","7":"product_cat-guitares-classique","8":"sales-flash-overlay","9":"woocommerce-text-align-left","10":"woocommerce-image-align-center","11":"do-quantity-buttons","12":"wc-has-gallery","14":"first","15":"outofstock","16":"sold-individually","17":"taxable","18":"shipping-taxable","19":"product-type-simple"},"_links":{"self":[{"href":"https:\/\/www.grandsalondeguitare.com\/fr\/wp-json\/wp\/v2\/product\/56064","targetHints":{"allow":["GET"]}}],"collection":[{"href":"https:\/\/www.grandsalondeguitare.com\/fr\/wp-json\/wp\/v2\/product"}],"about":[{"href":"https:\/\/www.grandsalondeguitare.com\/fr\/wp-json\/wp\/v2\/types\/product"}],"replies":[{"embeddable":true,"href":"https:\/\/www.grandsalondeguitare.com\/fr\/wp-json\/wp\/v2\/comments?post=56064"}],"wp:featuredmedia":[{"embeddable":true,"href":"https:\/\/www.grandsalondeguitare.com\/fr\/wp-json\/wp\/v2\/media\/56066"}],"wp:attachment":[{"href":"https:\/\/www.grandsalondeguitare.com\/fr\/wp-json\/wp\/v2\/media?parent=56064"}],"wp:term":[{"taxonomy":"product_brand","embeddable":true,"href":"https:\/\/www.grandsalondeguitare.com\/fr\/wp-json\/wp\/v2\/product_brand?post=56064"},{"taxonomy":"product_cat","embeddable":true,"href":"https:\/\/www.grandsalondeguitare.com\/fr\/wp-json\/wp\/v2\/product_cat?post=56064"},{"taxonomy":"product_tag","embeddable":true,"href":"https:\/\/www.grandsalondeguitare.com\/fr\/wp-json\/wp\/v2\/product_tag?post=56064"}],"curies":[{"name":"wp","href":"https:\/\/api.w.org\/{rel}","templated":true}]}}