{"id":56011,"date":"2025-06-23T14:14:47","date_gmt":"2025-06-23T19:14:48","guid":{"rendered":"https:\/\/www.grandsalondeguitare.com\/?post_type=product&#038;p=56011"},"modified":"2025-07-17T17:27:57","modified_gmt":"2025-07-17T22:27:57","slug":"c-508-w-jellinghaus-modelo-114-copy-2","status":"publish","type":"product","link":"https:\/\/www.grandsalondeguitare.com\/fr\/produit\/c-508-w-jellinghaus-modelo-114-copy-2\/","title":{"rendered":"C-829, Lorenzo Masini (Italie)"},"content":{"rendered":"<p>Guitare neuve du luthier Lorenzo Masini<\/p>\n<p>R\u00e9plique d&rsquo;Antonio De Torres \u00ab\u00a0Modelo 114\u00a0\u00bb<\/p>\n<p>Ann\u00e9e 2024<\/p>\n<p>Diapason de 650\u00a0mm avec sillet de t\u00eate de 52\u00a0mm<\/p>\n<p>Table en \u00e9pic\u00e9a suisse<\/p>\n<p>Dos et \u00e9clisses en palissandre indien (3 pi\u00e8ces) avec inserts en c\u00e8dre<\/p>\n<p>Manche en c\u00e8dre<\/p>\n<p>Touche en \u00e9b\u00e8ne<\/p>\n<p>Rosace faite main<\/p>\n<p>R\u00e9plique exacte des filets Torres<\/p>\n<p>Placage de la t\u00eate en palissandre<\/p>\n<p>R\u00e9plique des m\u00e9caniques Torres par Rubner \u00ab\u00a0El Sonido\u00a0\u00bb<\/p>\n<p>Finition vernis au tampon \u00e0 la main<\/p>\n<p>\u00c9tui rigide inclus<\/p>\n<p>&nbsp;<\/p>\n<p>Longueur du corps\u00a0: 48,25\u00a0cm<\/p>\n<p>Hauteur du manche\u00a0: 27,5\u00a0cm<\/p>\n<p>Hauteur du manche\u00a0: 36,195\u00a0cm<\/p>\n<p>Largeur du manche\u00a0: 9,5\u00a0cm<\/p>\n<p>Poids : 1,480 kg<\/p>\n<p>&nbsp;<\/p>\n<p>N\u00e9 en 2000 \u00e0 Sarzana, une petite ville de Ligurie, Lorenzo se passionne tr\u00e8s t\u00f4t pour la musique, puis pour la lutherie.<\/p>\n<p>Il a jou\u00e9 de la fl\u00fbte traversi\u00e8re pendant 13 ans, baignant dans un univers musical d\u00e8s son plus jeune \u00e2ge.<\/p>\n<p>C&rsquo;est au lyc\u00e9e de musique de La Spezia qu&rsquo;il d\u00e9couvre l&rsquo;art de la lutherie. Captiv\u00e9 par ce m\u00e9tier, il s&rsquo;inscrit \u00e0 l&rsquo;\u00c9cole civique de lutherie de Milan, sous la direction du Maestro Pietro Forlani. Il y re\u00e7oit une formation pratique et approfondit ses connaissances.<\/p>\n<p>Guid\u00e9 par des professeurs renomm\u00e9s tels que M\u00b0 Roberto De Miranda, M\u00b0 Silvia Zanchi, M\u00b0 Ivan Bruna et M\u00b0 Bob Van de Kerckhove, Lorenzo obtient son dipl\u00f4me en 2023.<\/p>\n<p>L&rsquo;ann\u00e9e suivante, il effectue un stage aupr\u00e8s du M\u00b0 Marco Gilioli, o\u00f9 il perfectionne ses comp\u00e9tences en construction instrumentale et en artisanat de pr\u00e9cision.<\/p>\n<p>Depuis 2024, il fabrique des guitares classiques dans son atelier de Fosdinovo, un village pittoresque de Lunigiana. Inspir\u00e9 par les grands ma\u00eetres, notamment Antonio de Torres, ses guitares respectent les m\u00e9thodes traditionnelles, offrant un son doux et \u00e9quilibr\u00e9, une jouabilit\u00e9 et une projection excellentes.<\/p>\n","protected":false},"excerpt":{"rendered":"[youtube v=kBcwoQmHz2g maxwidth=\"800px\"]\n<p>&nbsp;<\/p>\n<p>R\u00e9plique de la derni\u00e8re guitare de Tarrega\u00a0!<\/p>\n<p>En 1888, Torres re\u00e7ut une nouvelle commande de Tarrega. Cette fois, il construisit deux guitares de ses \u00ab\u00a0Finas\u00a0\u00bb (guitares de concert de taille standard) afin de trouver la meilleure sonorit\u00e9. La FE 113 avait un fond en deux parties, la 114 en trois.<\/p>\n<p>Une replique avec une sonorit\u00e9 magnifique&#8230;excellente facture et une jouabilit\u00e9 exceptionnelle !<\/p>\n<p>Un essaie s&rsquo;impose !!<\/p>\n","protected":false},"featured_media":56017,"comment_status":"closed","ping_status":"closed","template":"","meta":{"_mo_disable_npp":""},"product_brand":[],"product_cat":[1058,1057],"product_tag":[1834,1225,1835],"class_list":{"0":"post-56011","1":"product","2":"type-product","3":"status-publish","4":"has-post-thumbnail","6":"product_cat-guitares","7":"product_cat-guitares-classique","8":"product_tag-antonio-de-torres-1817-1892-classical-guitar-fr","9":"product_tag-antonio-de-torres-classical-guitar-fr","10":"product_tag-tarregas-last-torres-guitar-fr","11":"sales-flash-overlay","12":"woocommerce-text-align-left","13":"woocommerce-image-align-center","14":"do-quantity-buttons","15":"wc-has-gallery","17":"first","18":"outofstock","19":"taxable","20":"shipping-taxable","21":"product-type-simple"},"_links":{"self":[{"href":"https:\/\/www.grandsalondeguitare.com\/fr\/wp-json\/wp\/v2\/product\/56011","targetHints":{"allow":["GET"]}}],"collection":[{"href":"https:\/\/www.grandsalondeguitare.com\/fr\/wp-json\/wp\/v2\/product"}],"about":[{"href":"https:\/\/www.grandsalondeguitare.com\/fr\/wp-json\/wp\/v2\/types\/product"}],"replies":[{"embeddable":true,"href":"https:\/\/www.grandsalondeguitare.com\/fr\/wp-json\/wp\/v2\/comments?post=56011"}],"wp:featuredmedia":[{"embeddable":true,"href":"https:\/\/www.grandsalondeguitare.com\/fr\/wp-json\/wp\/v2\/media\/56017"}],"wp:attachment":[{"href":"https:\/\/www.grandsalondeguitare.com\/fr\/wp-json\/wp\/v2\/media?parent=56011"}],"wp:term":[{"taxonomy":"product_brand","embeddable":true,"href":"https:\/\/www.grandsalondeguitare.com\/fr\/wp-json\/wp\/v2\/product_brand?post=56011"},{"taxonomy":"product_cat","embeddable":true,"href":"https:\/\/www.grandsalondeguitare.com\/fr\/wp-json\/wp\/v2\/product_cat?post=56011"},{"taxonomy":"product_tag","embeddable":true,"href":"https:\/\/www.grandsalondeguitare.com\/fr\/wp-json\/wp\/v2\/product_tag?post=56011"}],"curies":[{"name":"wp","href":"https:\/\/api.w.org\/{rel}","templated":true}]}}