{"id":55997,"date":"2025-06-17T13:37:46","date_gmt":"2025-06-17T18:37:46","guid":{"rendered":"https:\/\/www.grandsalondeguitare.com\/?post_type=product&#038;p=55997"},"modified":"2025-10-28T10:51:02","modified_gmt":"2025-10-28T15:51:02","slug":"a-304-knobloch-ldn-33-5-mt-copy","status":"publish","type":"product","link":"https:\/\/www.grandsalondeguitare.com\/fr\/produit\/a-304-knobloch-ldn-33-5-mt-copy\/","title":{"rendered":"A-401, Knobloch \u00ab\u00a0DM-31.5\u00a0\u00bb LT"},"content":{"rendered":"<p><strong>DIEGO DEL MORAO<\/strong><\/p>\n<p>Cordes pour guitare flamenco<\/p>\n<p>DM 31.5, tension basse<\/p>\n<p><strong>Cordes graves<\/strong>\u00a0: Luna Double Silver, Dark<\/p>\n<p><strong>Cordes aigu\u00ebs<\/strong>\u00a0: QZ Nylon \u00e9lastique, Mellow<\/p>\n<p>Cr\u00e9\u00e9es pour les musiciens qui souhaitent jouer du flamenco avec swing et recherchent un son flamenco naturel associ\u00e9 \u00e0 des basses profondes et rondes. Le niveau de confort des cordes de 31,5 garantit une jouabilit\u00e9 prolong\u00e9e.<\/p>\n<p><strong>Combinaison sonore\u00a0:<\/strong><\/p>\n<p>Les aigus purs et riches du nylon QZ se marient dans une version \u00e0 tension basse, pour un son culminant dans le jeu sombre Luna Flamenca de Diego del Morao.<\/p>\n<p>\u00c9quilibre parfait entre les graves et les aigus. Cet \u00e9quilibre in\u00e9gal\u00e9 entre \u00e9lasticit\u00e9 et tension permet un jeu puissant et souple. Facilit\u00e9 de jeu dans toutes les positions, avec ou sans capodastre, y compris les picados, notamment sur les cordes R\u00e94 et Mi1.<\/p>\n<p><strong>Caract\u00e9ristiques\u00a0:<\/strong><\/p>\n<p>Son homog\u00e8ne entre les graves et les aigus, rond, naturel et moelleux<\/p>\n<p><strong>Jouabilit\u00e9\u00a0:<\/strong><\/p>\n<p>Jeu bien \u00e9quilibr\u00e9, facile \u00e0 jouer \u00e0 la main gauche comme \u00e0 la main droite, avec une \u00e9lasticit\u00e9 \u00e9quilibr\u00e9e.<\/p>\n<p>&nbsp;<\/p>\n<p><strong>Diego et Knobloch<\/strong> ont collabor\u00e9 pendant plus de 10 ans pour cr\u00e9er la gamme <strong>DM<\/strong>, le mod\u00e8le en b\u00e9ton \u00e9tant en d\u00e9veloppement depuis 2 ans. Notre objectif \u00e9tait de trouver un jeu de cordes adapt\u00e9 aux guitares et \u00e0 la technique de jeu de Diego.<\/p>\n<p>Naturellement, notre priorit\u00e9 \u00e9tait de conserver un son chaud et rond, tout en garantissant une intonation impeccable, une durabilit\u00e9 et une jouabilit\u00e9 exceptionnelles.<\/p>\n<p>La polyvalence de ces cordes les rend adapt\u00e9es \u00e0 toutes les guitares flamenco. Le timbre riche et profond caract\u00e9ristique de Luna Flamenca \u00e9voque les sonorit\u00e9s gitanes, anciennes comme nouvelles.<br \/>\nCon\u00e7ues pour les musiciens recherchant les cordes signatures Knobloch, parfaitement \u00e9quilibr\u00e9es, pour toutes les occasions, du concert au studio d&rsquo;enregistrement.<\/p>\n","protected":false},"excerpt":{"rendered":"<p><strong>DIEGO DEL MORAO<\/strong><\/p>\n<p><strong>DM 31.5<\/strong><\/p>\n<p><strong>Tension basse<\/strong><\/p>\n<p><strong>Diego et Knobloch<\/strong> ont collabor\u00e9 pendant plus de 10 ans pour cr\u00e9er la gamme DM, le mod\u00e8le en b\u00e9ton \u00e9tant en d\u00e9veloppement depuis 2 ans. Notre objectif \u00e9tait de trouver un jeu de cordes adapt\u00e9 aux guitares et \u00e0 la technique de jeu de Diego. Naturellement, notre priorit\u00e9 \u00e9tait de conserver un son chaud et rond, tout en garantissant une intonation impeccable, une durabilit\u00e9 et une jouabilit\u00e9 exceptionnelles.<br \/>\nLa polyvalence de ces cordes les rend adapt\u00e9es \u00e0 toutes les guitares flamenco. Le timbre riche et profond caract\u00e9ristique de Luna Flamenca \u00e9voque les sonorit\u00e9s gitanes, anciennes comme nouvelles.<br \/>\nCon\u00e7ues pour les musiciens recherchant les cordes signatures Knobloch, parfaitement \u00e9quilibr\u00e9es, pour toutes les occasions, du concert au studio d&rsquo;enregistrement.<\/p>\n","protected":false},"featured_media":55999,"comment_status":"closed","ping_status":"closed","template":"","meta":{"_mo_disable_npp":""},"product_brand":[],"product_cat":[1052,1054],"product_tag":[],"class_list":{"0":"post-55997","1":"product","2":"type-product","3":"status-publish","4":"has-post-thumbnail","6":"product_cat-accessoires","7":"product_cat-cordes","8":"sales-flash-overlay","9":"woocommerce-text-align-left","10":"woocommerce-image-align-center","11":"do-quantity-buttons","13":"first","14":"instock","15":"taxable","16":"shipping-taxable","17":"purchasable","18":"product-type-simple"},"_links":{"self":[{"href":"https:\/\/www.grandsalondeguitare.com\/fr\/wp-json\/wp\/v2\/product\/55997","targetHints":{"allow":["GET"]}}],"collection":[{"href":"https:\/\/www.grandsalondeguitare.com\/fr\/wp-json\/wp\/v2\/product"}],"about":[{"href":"https:\/\/www.grandsalondeguitare.com\/fr\/wp-json\/wp\/v2\/types\/product"}],"replies":[{"embeddable":true,"href":"https:\/\/www.grandsalondeguitare.com\/fr\/wp-json\/wp\/v2\/comments?post=55997"}],"wp:featuredmedia":[{"embeddable":true,"href":"https:\/\/www.grandsalondeguitare.com\/fr\/wp-json\/wp\/v2\/media\/55999"}],"wp:attachment":[{"href":"https:\/\/www.grandsalondeguitare.com\/fr\/wp-json\/wp\/v2\/media?parent=55997"}],"wp:term":[{"taxonomy":"product_brand","embeddable":true,"href":"https:\/\/www.grandsalondeguitare.com\/fr\/wp-json\/wp\/v2\/product_brand?post=55997"},{"taxonomy":"product_cat","embeddable":true,"href":"https:\/\/www.grandsalondeguitare.com\/fr\/wp-json\/wp\/v2\/product_cat?post=55997"},{"taxonomy":"product_tag","embeddable":true,"href":"https:\/\/www.grandsalondeguitare.com\/fr\/wp-json\/wp\/v2\/product_tag?post=55997"}],"curies":[{"name":"wp","href":"https:\/\/api.w.org\/{rel}","templated":true}]}}