{"id":55942,"date":"2025-06-16T14:55:01","date_gmt":"2025-06-16T19:55:01","guid":{"rendered":"https:\/\/www.grandsalondeguitare.com\/?post_type=product&#038;p=55942"},"modified":"2025-07-21T08:47:46","modified_gmt":"2025-07-21T13:47:46","slug":"c-815-dan-kellaway-australie-copy","status":"publish","type":"product","link":"https:\/\/www.grandsalondeguitare.com\/fr\/produit\/c-815-dan-kellaway-australie-copy\/","title":{"rendered":"C-828, Allan Bull (Australie)"},"content":{"rendered":"<p>Guitare classique de concert neuve<\/p>\n<p>ID CLG325, fabriqu\u00e9e en 2025<\/p>\n<p>Diapason de 650 mm avec sillet de t\u00eate de 52 mm<\/p>\n<p>Table en c\u00e8dre blond canadien<\/p>\n<p><em>(L\u00e9g\u00e8re et effil\u00e9e sur les bords pour une efficacit\u00e9 optimale)<\/em><\/p>\n<p><em>(Barrage en \u00e9pic\u00e9a avec grille asym\u00e9trique, compos\u00e9 de 6 barreaux longitudinaux et de 5 barreaux lat\u00e9raux)<\/em><\/p>\n<p>Dos et \u00e9clisses en \u00ab\u00a0Blackwood\u00a0\u00bb de Tasmanie<\/p>\n<p><em>(Le dos bomb\u00e9 est sans barreaux et, pour am\u00e9liorer la projection et le sustain, le dos et les eclisses sont renforc\u00e9s par 3 lamelles suppl\u00e9mentaires)<\/em><\/p>\n<p>Manche sur\u00e9lev\u00e9 en c\u00e8dre australien<\/p>\n<p><em>(Renforc\u00e9 par un canal en fibre de carbone en V et un insert en bois dur)<\/em><\/p>\n<p>Chevalet, repose-bras et touche en \u00e9b\u00e8ne de Nouvelle-Guin\u00e9e<\/p>\n<p><em>(20 frettes, Do aigu sur la 1re corde et Sol sur la 2e corde)<\/em><\/p>\n<p>Port de son avec tornavoz et Repose-bras<\/p>\n<p>Placage de la t\u00eate en \u00e9b\u00e8ne et \u00ab\u00a0Blackwood\u00a0\u00bb<\/p>\n<p>Filets en \u00e9b\u00e8ne de Sabah<\/p>\n<p>M\u00e9caniques Barnett fabriqu\u00e9es \u00e0 la main avec boutons en \u00e9b\u00e8ne<\/p>\n<p>Finition : vernis tampon et vernis pr\u00e9catalys\u00e9.<\/p>\n<p>La table d&rsquo;harmonie est vernie satin\u00e9e et le reste de la guitare est brillant.<\/p>\n<p>\u00c9tui noir Visesnut Active inclus.<\/p>\n<p>&nbsp;<\/p>\n<p>Largeur du manche au sillet : 52 mm<\/p>\n<p>Largeur du manche au corps : 62 mm<\/p>\n<p>Profondeur du corps : 100 \u00e0 105 mm<\/p>\n<p>Largeur du corps \u00e0 la partie inf\u00e9rieure : 360 mm<\/p>\n<p>Largeur du corps \u00e0 la partie sup\u00e9rieure : 280 mm<\/p>\n<p>Largeur au niveau de la taille : 245 mm<\/p>\n<p>Longueur du corps : 485 mm<\/p>\n<p>Poids : 2,35 kg<\/p>\n<p>&nbsp;<\/p>\n<p>La construction de cette guitare pr\u00e9sente plusieurs caract\u00e9ristiques propres aux guitares Bull.<\/p>\n<p>Tout d&rsquo;abord, le manche est amovible et fix\u00e9 au manche. Ce syst\u00e8me, dot\u00e9 d&rsquo;un bloc\/berceau et de vis \u00e0 six pans creux, pr\u00e9sente des avantages en termes de construction et d&rsquo;entretien \u00e0 long terme. Il assure \u00e9galement une jonction manche\/corps tr\u00e8s rigide avec un soutien important sous la touche sup\u00e9rieure, ce qui am\u00e9liore les performances gr\u00e2ce \u00e0 un sustain accru.<\/p>\n<p>La guitare est \u00e9quip\u00e9e d&rsquo;un port de son qui offre au musicien une meilleure perception du son, un peu comme un petit haut-parleur de repli. Cet \u00e9vent est \u00e9quip\u00e9 d&rsquo;un tornavoz pour abaisser la fr\u00e9quence de r\u00e9sonance de l&rsquo;air de la cavit\u00e9 et augmenter le support des graves.<\/p>\n<p>Le diapason est compens\u00e9 individuellement sur chaque corde, au sillet de t\u00eate pour l&rsquo;\u00e9tirement des frettes et au chevalet pour l&rsquo;\u00e9tirement des frettes. Cela garantit une intonation pr\u00e9cise sur toutes les cordes.<\/p>\n<p>La finition est une combinaison de vernis au tampon et de vernis pr\u00e9catalys\u00e9. Un vernis satin\u00e9 est utilis\u00e9 sur la table d&rsquo;harmonie et un vernis brillant sur le reste de la guitare. Ce vernis est flexible mais relativement dur et r\u00e9sistant aux rayures. Cependant, il n&rsquo;est pas plus dur que le support sur lequel il est appliqu\u00e9. Le rev\u00eatement de la table d&rsquo;harmonie est assez fin pour r\u00e9duire le poids et am\u00e9liorer le son. Il doit \u00eatre trait\u00e9 avec un soin particulier.<\/p>\n","protected":false},"excerpt":{"rendered":"[youtube v=wPRTU_GU3U4 maxwidth=\"800px\"]\n<p>&nbsp;<\/p>\n<p>Directement de Lindisfarne, en Tasmanie !!<\/p>\n<p>Nous sommes ravis de recevoir notre premi\u00e8re guitare de concert d&rsquo;Allan Bull !<\/p>\n<p>Cette guitare offre un timbre et une esth\u00e9tique exceptionnels, avec un chant tr\u00e8s attrayant, une projection distincte et un sustain exceptionnel !<\/p>\n<p>La table d&rsquo;harmonie l\u00e9g\u00e8re, dot\u00e9e de barrages asym\u00e9triques en \u00e9pic\u00e9a, offre une attaque et une r\u00e9ponse rapides et un soutien uniforme sur toute la tessiture, avec une grande int\u00e9grit\u00e9 structurelle.<\/p>\n<p>Allan ne produit que 6 guitares par an !!<\/p>\n<p>Un essaie s&rsquo;impose !!<\/p>\n","protected":false},"featured_media":55944,"comment_status":"closed","ping_status":"closed","template":"","meta":{"_mo_disable_npp":""},"product_brand":[],"product_cat":[1058,1057],"product_tag":[],"class_list":{"0":"post-55942","1":"product","2":"type-product","3":"status-publish","4":"has-post-thumbnail","6":"product_cat-guitares","7":"product_cat-guitares-classique","8":"sales-flash-overlay","9":"woocommerce-text-align-left","10":"woocommerce-image-align-center","11":"do-quantity-buttons","12":"wc-has-gallery","14":"first","15":"outofstock","16":"sold-individually","17":"taxable","18":"shipping-taxable","19":"product-type-simple"},"_links":{"self":[{"href":"https:\/\/www.grandsalondeguitare.com\/fr\/wp-json\/wp\/v2\/product\/55942","targetHints":{"allow":["GET"]}}],"collection":[{"href":"https:\/\/www.grandsalondeguitare.com\/fr\/wp-json\/wp\/v2\/product"}],"about":[{"href":"https:\/\/www.grandsalondeguitare.com\/fr\/wp-json\/wp\/v2\/types\/product"}],"replies":[{"embeddable":true,"href":"https:\/\/www.grandsalondeguitare.com\/fr\/wp-json\/wp\/v2\/comments?post=55942"}],"wp:featuredmedia":[{"embeddable":true,"href":"https:\/\/www.grandsalondeguitare.com\/fr\/wp-json\/wp\/v2\/media\/55944"}],"wp:attachment":[{"href":"https:\/\/www.grandsalondeguitare.com\/fr\/wp-json\/wp\/v2\/media?parent=55942"}],"wp:term":[{"taxonomy":"product_brand","embeddable":true,"href":"https:\/\/www.grandsalondeguitare.com\/fr\/wp-json\/wp\/v2\/product_brand?post=55942"},{"taxonomy":"product_cat","embeddable":true,"href":"https:\/\/www.grandsalondeguitare.com\/fr\/wp-json\/wp\/v2\/product_cat?post=55942"},{"taxonomy":"product_tag","embeddable":true,"href":"https:\/\/www.grandsalondeguitare.com\/fr\/wp-json\/wp\/v2\/product_tag?post=55942"}],"curies":[{"name":"wp","href":"https:\/\/api.w.org\/{rel}","templated":true}]}}