{"id":55929,"date":"2025-06-16T13:24:49","date_gmt":"2025-06-16T18:24:49","guid":{"rendered":"https:\/\/www.grandsalondeguitare.com\/?post_type=product&#038;p=55929"},"modified":"2025-06-16T13:49:52","modified_gmt":"2025-06-16T18:49:52","slug":"a-390-la-bella-preferita-mtcl-copy","status":"publish","type":"product","link":"https:\/\/www.grandsalondeguitare.com\/fr\/produit\/a-390-la-bella-preferita-mtcl-copy\/","title":{"rendered":"A-400, CD &#8211; \u00c9vocation"},"content":{"rendered":"<p>Nouveau CD &#8211; \u00c9vocation<\/p>\n<p>\u00ab\u00a0La guitare espagnole entre deux si\u00e8cles \u00a0\u00bb<\/p>\n<p>Par\u00a0Renaud Charbonneau Ryffranck<\/p>\n<p>Virtuose montr\u00e9alais de la guitare classique, Renaud est reconnu pour son jeu empreint d\u2019une \u00e9l\u00e9gance captivante et d\u2019une profondeur in\u00e9gal\u00e9e. Il est titulaire d\u2019un baccalaur\u00e9at en interpr\u00e9tation de la guitare classique de l\u2019Universit\u00e9 de Montr\u00e9al, o\u00f9 il a \u00e9tudi\u00e9 sous la direction de Peter McCutcheon.<\/p>\n<p>\u200b\u00a0\u00bb<em>C&rsquo;est un musicien extr\u00eamement expressif, caract\u00e9ris\u00e9 par une technique solide et un timbre chaleureux et ample. Son r\u00e9cital de fin d&rsquo;\u00e9tudes est l&rsquo;un des meilleurs que j&rsquo;aie entendus \u00e0 ce niveau. Il a toujours fait preuve d&rsquo;un grand enthousiasme, toujours ouvert aux id\u00e9es et aux pistes de perfectionnement. C&rsquo;est une personne sensible et d\u00e9vou\u00e9e, dot\u00e9e d&rsquo;une grande aisance tactile et d&rsquo;une capacit\u00e9 inn\u00e9e \u00e0 comprendre son instrument\u00a0\u00bb \u2014 Peter McCutcheon<\/em><\/p>\n<p>Poursuivant son perfectionnement, il obtient une ma\u00eetrise en musique \u00e0 la m\u00eame institution sous la supervision d\u2019Andr\u00e9 Rodrigues, distinction couronn\u00e9e par une mention d\u2019honneur.<\/p>\n<p><em>\u00ab\u00a0Quand il a d\u00e9but\u00e9 sa ma\u00eetrise dans ma classe \u00e0 l\u2019Universit\u00e9 de Montr\u00e9al, j\u2019ai pu constater qu\u2019il \u00e9tait d\u00e9sormais un musicien mature, qui dominait un vaste r\u00e9pertoire couvrant plusieurs p\u00e9riodes et styles, en plus d\u2019avoir une excellente technique instrumentale.\u00a0\u00bb \u2014Andr\u00e9 Rodrigues<\/em><\/p>\n<p>\u200bCherchant \u00e0 parfaire son art, Renaud s&rsquo;est envol\u00e9 pour l&rsquo;Espagne, o\u00f9 il a compl\u00e9t\u00e9 une seconde ma\u00eetrise au sein du prestigieux programme d&rsquo;\u00e9tudes \u00e0 Alicante. L\u00e0-bas, il a b\u00e9n\u00e9fici\u00e9 de l&rsquo;enseignement de grands noms de la guitare classique, notamment Ignacio Rodes, David Russell, Manuel Barrueco, Fabio Zanon, Paul O&rsquo;Dette, Xavier D\u00edaz Latorre, ainsi que le Brazil Guitar Duo.<\/p>\n<p>\u200bC\u2019est \u00e0 Alicante, berceau de la guitare espagnole, que Renaud a puis\u00e9 une inspiration majeure pour son premier album \u00c9vocation. Cet opus enchanteur transporte l\u2019auditeur dans un voyage explorant l\u2019univers de la guitare espagnole \u00e0 cheval entre deux si\u00e8cles. Mettant en lumi\u00e8re les chefs-d&rsquo;\u0153uvre de grands compositeurs comme Francisco T\u00e1rrega et Federico Moreno Torroba, il rend hommage \u00e0 une tradition musicale riche tout en y insufflant sa propre sensibilit\u00e9 artistique.<\/p>\n<p>\u200bIl travaille pr\u00e9sentement sur un nouveau projet d&rsquo;album en duo avec le guitariste Hubi Miguel. Du choro br\u00e9silien au ragtime am\u00e9ricain, cet album intitul\u00e9 \u00a0\u00bbLa musique des Am\u00e9riques\u00a0\u00bb, mettra en lumi\u00e8re la richesse et la vari\u00e9t\u00e9 du folklore des am\u00e9riques. Entre virtuosit\u00e9 et expressivit\u00e9, ils fa\u00e7onnent une interpr\u00e9tation authentique de ces styles embl\u00e9matiques, offrant un voyage musical en constante \u00e9volution.<\/p>\n","protected":false},"excerpt":{"rendered":"<p>Nouveau CD &#8211; \u00c9vocation \u00ab\u00a0La guitare espagnole entre deux si\u00e8cles\u00a0\u00bb<\/p>\n<p>C\u2019est \u00e0 Alicante, berceau de la guitare espagnole, que Renaud a puis\u00e9 une inspiration majeure pour son premier album \u00c9vocation. Cet opus enchanteur transporte l\u2019auditeur dans un voyage explorant l\u2019univers de la guitare espagnole \u00e0 cheval entre deux si\u00e8cles.<\/p>\n<p>Mettant en lumi\u00e8re les chefs-d&rsquo;\u0153uvre de grands compositeurs comme Francisco T\u00e1rrega et Federico Moreno Torroba, il rend hommage \u00e0 une tradition musicale riche tout en y insufflant sa propre sensibilit\u00e9 artistique.<\/p>\n","protected":false},"featured_media":55931,"comment_status":"closed","ping_status":"closed","template":"","meta":{"_mo_disable_npp":""},"product_brand":[],"product_cat":[1052,1058,1057],"product_tag":[],"class_list":{"0":"post-55929","1":"product","2":"type-product","3":"status-publish","4":"has-post-thumbnail","6":"product_cat-accessoires","7":"product_cat-guitares","8":"product_cat-guitares-classique","9":"sales-flash-overlay","10":"woocommerce-text-align-left","11":"woocommerce-image-align-center","12":"do-quantity-buttons","13":"wc-has-gallery","15":"first","16":"instock","17":"taxable","18":"shipping-taxable","19":"purchasable","20":"product-type-simple"},"_links":{"self":[{"href":"https:\/\/www.grandsalondeguitare.com\/fr\/wp-json\/wp\/v2\/product\/55929","targetHints":{"allow":["GET"]}}],"collection":[{"href":"https:\/\/www.grandsalondeguitare.com\/fr\/wp-json\/wp\/v2\/product"}],"about":[{"href":"https:\/\/www.grandsalondeguitare.com\/fr\/wp-json\/wp\/v2\/types\/product"}],"replies":[{"embeddable":true,"href":"https:\/\/www.grandsalondeguitare.com\/fr\/wp-json\/wp\/v2\/comments?post=55929"}],"wp:featuredmedia":[{"embeddable":true,"href":"https:\/\/www.grandsalondeguitare.com\/fr\/wp-json\/wp\/v2\/media\/55931"}],"wp:attachment":[{"href":"https:\/\/www.grandsalondeguitare.com\/fr\/wp-json\/wp\/v2\/media?parent=55929"}],"wp:term":[{"taxonomy":"product_brand","embeddable":true,"href":"https:\/\/www.grandsalondeguitare.com\/fr\/wp-json\/wp\/v2\/product_brand?post=55929"},{"taxonomy":"product_cat","embeddable":true,"href":"https:\/\/www.grandsalondeguitare.com\/fr\/wp-json\/wp\/v2\/product_cat?post=55929"},{"taxonomy":"product_tag","embeddable":true,"href":"https:\/\/www.grandsalondeguitare.com\/fr\/wp-json\/wp\/v2\/product_tag?post=55929"}],"curies":[{"name":"wp","href":"https:\/\/api.w.org\/{rel}","templated":true}]}}