{"id":55877,"date":"2025-06-12T13:48:46","date_gmt":"2025-06-12T18:48:46","guid":{"rendered":"https:\/\/www.grandsalondeguitare.com\/?post_type=product&#038;p=55877"},"modified":"2025-12-22T16:29:27","modified_gmt":"2025-12-22T21:29:27","slug":"c-782-elias-bonet-monne-espagne-copy","status":"publish","type":"product","link":"https:\/\/www.grandsalondeguitare.com\/fr\/produit\/c-782-elias-bonet-monne-espagne-copy\/","title":{"rendered":"C-827, Elias Bonet Monn\u00e9 (Espagne)"},"content":{"rendered":"<p>Nouvelle guitare classique de concert<\/p>\n<p>\u00ab Mod\u00e8le Projecte Aire \u00bb<\/p>\n<p>N-139,<\/p>\n<p>Fabriqu\u00e9 en 2025<\/p>\n<p>\u00c9chelle de 650 mm avec sillet de 52 mm<\/p>\n<p>Table en c\u00e8dre (Thuya plicata)<\/p>\n<p>Dos et \u00e9clisses en palissandre de Madagascar (Dalbergia baronii)<\/p>\n<p>Manche en c\u00e8dre du Honduras<\/p>\n<p>Touche en \u00e9b\u00e8ne africain<\/p>\n<p>Chevalet en \u00e9b\u00e8ne de Makassar<\/p>\n<p>Placage de la tete \u00a0en \u00e9b\u00e8ne Africain, wengue &amp; \u00e9rable fris\u00e9<\/p>\n<p>Filets en palissandre Indien, \u00e9rable fris\u00e9 et \u00e9b\u00e8ne de Makassar<\/p>\n<p>M\u00e9caniques Pagos avec boutons en \u00e9b\u00e8ne<\/p>\n<p>Finition au tampon en polis Fran\u00e7ais<\/p>\n<p>\u00c9tui Hiscox Liteflite PROII inclus<\/p>\n<p>&nbsp;<\/p>\n<p>La longueur totale de la guitare est de 97 cm \/ 38,189 pouces<\/p>\n<p>La longueur du corps est de 47,5 cm\/18,70 pouces<\/p>\n<p>Le bout sup\u00e9rieur est de 27 cm \/ 10,63 pouces<\/p>\n<p>Le bout inf\u00e9rieur mesure 36 cm \/ 14,173 pouces<\/p>\n<p>La largeur est de 9,7 cm \/ 3,818 pouces<\/p>\n<p>Le poids de la \u00a0guitare est de 1,6 kg \/ 3,52 lbs<\/p>\n<p>&nbsp;<\/p>\n<p><em><strong>Le processus \u00ab\u00a0Projecte Aire\u00a0\u00bb<\/strong><\/em><\/p>\n<p>Ce mod\u00e8le s\u2019adresse aux guitaristes qui sont plong\u00e9s dans la dynamique des comp\u00e9titions et qui ont besoin d\u2019un instrument plus puissant et plus facile \u00e0 jouer, qui leur donnera confiance sur sc\u00e8ne. Il est \u00e9galement con\u00e7u pour \u00eatre jou\u00e9 dans des contextes de musique de chambre, o\u00f9 cette puissance suppl\u00e9mentaire aidera le guitariste \u00e0 se m\u00e9langer aux autres instrumentistes sans souffrir du d\u00e9savantage du volume sonore, trop fr\u00e9quent sur la guitare.<\/p>\n<p>Mais ce n\u2019est pas tout. La motivation de ce projet vient du d\u00e9sir d\u2019augmenter le volume sans perdre en qualit\u00e9 sonore. Cela nous am\u00e8ne au proc\u00e9d\u00e9 sp\u00e9cial de construction de la table d\u2019harmonie de ce mod\u00e8le, qui s\u2019inspire de l\u2019\u00e9tude des guitares cr\u00e9\u00e9es par le luthier allemand Antonius M\u00fcller. Son id\u00e9e d\u2019une double table d\u2019harmonie est celle qui m\u2019a le plus int\u00e9ress\u00e9 afin d\u2019am\u00e9liorer la qualit\u00e9 du timbre.<\/p>\n<p>Le r\u00e9sultat est une guitare plus r\u00e9active, \u00e9quilibr\u00e9e et coh\u00e9rente, avec plus de sustain, plus facile \u00e0 contr\u00f4ler et une meilleure projection sonore. De plus, tout cela est r\u00e9alis\u00e9 sans perdre le timbre riche qui fait de cette guitare un instrument si sp\u00e9cial. La possibilit\u00e9 de perte de timbre \u00e9tait ce qui m&rsquo;inqui\u00e9tait le plus au d\u00e9but du d\u00e9veloppement de ce mod\u00e8le, mais si le son est un peu plus fin que dans le mod\u00e8le traditionnel, cette guitare fournit \u00e9galement des notes individuelles mieux d\u00e9finies lorsque quatre cordes ou plus sonnent en m\u00eame temps.<\/p>\n<p>L&rsquo;utilisation de mat\u00e9riaux contemporains tels que la fibre de carbone et l&rsquo;\u00e9paisseur du bois nous permettent de jouer avec la rigidit\u00e9 et la r\u00e9partition du poids dans la structure de la guitare. Cela est essentiel pour obtenir un instrument qui nous offrira toujours la plus haute qualit\u00e9 de son dans n&rsquo;importe quelle gamme dynamique, aussi bien pour le pianissimo que pour le fortissimo.<\/p>\n<p>&nbsp;<\/p>\n<p><em><strong>Guitares<\/strong><\/em><\/p>\n<p>Je construis les guitares une \u00e0 la fois, moi-m\u00eame et du d\u00e9but \u00e0 la fin, en consacrant tout le temps n\u00e9cessaire \u00e0 chaque d\u00e9tail. De plus, j&rsquo;utilise toujours les meilleurs mat\u00e9riaux possibles et cr\u00e9e personnellement la finition de haute qualit\u00e9 gr\u00e2ce \u00e0 l&rsquo;application de techniques de polissage fran\u00e7aises \u00e0 l&rsquo;ensemble de la guitare.<\/p>\n<p>Essentiellement, la guitare et le musicien doivent fusionner en un seul ; sinon, il n&rsquo;y a pas d&rsquo;expressivit\u00e9. Mais pour qu\u2019une telle union ait lieu, il faut qu\u2019il y ait un instrument plein de vie et de sensibilit\u00e9. Construire de telles guitares pleines de vie, c&rsquo;est le faire de toute son \u00e2me.<\/p>\n<p>La facilit\u00e9, la sensibilit\u00e9, la couleur, la nuance, la dynamique et la pr\u00e9cision sont les principaux \u00e9l\u00e9ments qui fa\u00e7onnent mon style de construction instrumentale : ce sont des caract\u00e9ristiques sans lesquelles une guitare cesse tout simplement de sonner comme une guitare. Par ailleurs, comme la richesse du timbre distingue la guitare des autres instruments, mes guitares cherchent toujours \u00e0 offrir la palette de couleurs tonales la plus large possible ; ce sont ces qualit\u00e9s qui permettent \u00e0 un musicien d&rsquo;exprimer toute la sensibilit\u00e9 qu&rsquo;il porte en lui. La musique est une \u00e9motion et donc l&rsquo;instrument doit \u00e9mouvoir les gens.<\/p>\n<p>J&rsquo;utilise les meilleurs mat\u00e9riaux et j&rsquo;y apporte le plus grand soin. Les instruments qui en r\u00e9sultent, model\u00e9s par le caract\u00e8re de mes propres mains, ont un son tr\u00e8s particulier et riche de personnalit\u00e9. En fait, les guitares refl\u00e8tent essentiellement les caract\u00e9ristiques fondamentales de mes deux professeurs : une passion pour le d\u00e9tail et une obsession pour le son. Ceux-ci, combin\u00e9s \u00e0 ma propre personnalit\u00e9 et \u00e0 ma relation avec le m\u00e9tier que j&rsquo;ai choisi, aboutissent \u00e0 une qualit\u00e9 tonale tr\u00e8s personnelle.<\/p>\n<p><em><strong>Du site Web du luthier&#8230;<\/strong><\/em><\/p>\n<p>Je suis n\u00e9 \u00e0 Barcelone en 1977. J&rsquo;ai obtenu un dipl\u00f4me en design industriel au Centre d&rsquo;Art et de Design EINA de Barcelone, puis j&rsquo;ai \u00e9tudi\u00e9 la guitare classique et flamenco au Conservatoire du Liceu de la m\u00eame ville.<\/p>\n<p>J&rsquo;ai \u00e9galement \u00e9t\u00e9 plusieurs fois champion du monde de v\u00e9lo de trial.<\/p>\n<p>En 2000, j&rsquo;ai cofond\u00e9 Lacreativa.com, un studio de design, mais en 2009 j&rsquo;ai quitt\u00e9 le monde du design industriel pour me consacrer professionnellement \u00e0 la fabrication de guitares.<\/p>\n<p>Tout a commenc\u00e9 le jour o\u00f9 j&rsquo;ai d\u00fb r\u00e9soudre des probl\u00e8mes d&rsquo;accordage avec la guitare que j&rsquo;utilisais pour mes \u00e9tudes. Le destin m&rsquo;a conduit \u00e0 l&rsquo;atelier dirig\u00e9 par les fr\u00e8res Yag\u00fce, o\u00f9 Ra\u00fal, le plus jeune des deux, a accept\u00e9 d&rsquo;examiner ma guitare et a non seulement r\u00e9solu le probl\u00e8me, mais l&rsquo;a vraiment am\u00e9lior\u00e9e en tant qu&rsquo;instrument. Alors que mes visites \u00e0 son atelier devenaient monnaie courante, quelque chose s\u2019est produit et nous avons nou\u00e9 une forte amiti\u00e9.<\/p>\n<p>Puis, un jour, j&rsquo;ai d\u00e9cid\u00e9 de lui commander une nouvelle guitare. Cependant, il a refus\u00e9 de la fabriquer pour moi, me disant que si je voulais une guitare, je pourrais la fabriquer moi-m\u00eame dans son atelier et qu&rsquo;il m&rsquo;apprendrait. Une fois sa proposition accept\u00e9e, je n&rsquo;ai pas h\u00e9sit\u00e9 davantage et j&rsquo;ai plong\u00e9 directement. D\u00e8s la premi\u00e8re exp\u00e9rience de ciselage du bois, j&rsquo;ai \u00e9t\u00e9 compl\u00e8tement accro et c&rsquo;est ainsi que Ra\u00fal m&rsquo;a ouvert tout son univers du bois et m&rsquo;a transmis sa passion. pour construire ces instruments. Il a fait de moi son \u00e9l\u00e8ve et s&rsquo;est fait mon professeur mais, surtout, nous \u00e9tions de tr\u00e8s bons amis.<\/p>\n<p>J&rsquo;ai visit\u00e9 l&rsquo;atelier Yag\u00fce pendant six ans et l\u00e0, entour\u00e9 de copeaux de mille bois diff\u00e9rents, j&rsquo;ai rencontr\u00e9 des personnes qui ont \u00e9t\u00e9 tr\u00e8s importantes pour ma vie de luthier. L\u2019un d\u2019eux \u00e9tait Juan Antonio Reyes Torres, un autre excellent luthier. D&rsquo;une gentillesse infinie, il m&rsquo;a \u00e9galement ouvert les portes de son atelier et, comme Ra\u00fal, a souhait\u00e9 partager avec moi ses connaissances de luthier. Un autre professeur, un autre ami. Me sentant soutenu par ces deux professeurs, le jour est alors venu o\u00f9 j&rsquo;ai pu prendre l&rsquo;\u00e9lan n\u00e9cessaire et ouvrir mon propre atelier. C&rsquo;\u00e9tait en mars 2009.<\/p>\n<p>Je me sens vraiment chanceux d&rsquo;avoir rencontr\u00e9 ces deux grands luthiers et outre leur ma\u00eetrise de ce m\u00e9tier, j&rsquo;appr\u00e9cie fortement leur chaleur et leur gentillesse. En effet, je leur suis profond\u00e9ment reconnaissant de m&rsquo;avoir ouvert les portes de leurs ateliers et surtout de leur domicile.<\/p>\n<p>Merci beaucoup, Ra\u00fal. Merci beaucoup Juan.<\/p>\n<p>&nbsp;<\/p>\n","protected":false},"excerpt":{"rendered":"<div id=\"show_less_content\">\n[youtube v=lcP_XS1ef78 maxwidth=\"800px\"]\n<p>&nbsp;<\/p>\n[youtube v=SC8zW9J_DF8 maxwidth=\"800px\"]\n<p>&nbsp;<\/p>\n<p><em><strong>Le processus \u00ab\u00a0Projecte Aire\u00a0\u00bb<\/strong><\/em><\/p>\n<p>Ce mod\u00e8le s\u2019adresse aux guitaristes qui sont plong\u00e9s dans la dynamique des comp\u00e9titions et qui ont besoin d\u2019un instrument plus puissant et plus facile \u00e0 jouer, qui leur donnera confiance sur sc\u00e8ne.<\/p>\n<p>Il est \u00e9galement con\u00e7u pour \u00eatre jou\u00e9 dans des contextes de musique de chambre, o\u00f9 cette puissance suppl\u00e9mentaire aidera le guitariste \u00e0 se m\u00e9langer aux autres instrumentistes sans souffrir du d\u00e9savantage du volume sonore, trop fr\u00e9quent sur la guitare.<\/p>\n<p>Mais ce n\u2019est pas tout. La motivation de ce projet vient du d\u00e9sir d\u2019augmenter le volume sans perdre en qualit\u00e9 sonore. Cela nous am\u00e8ne au proc\u00e9d\u00e9 sp\u00e9cial de construction de la table d\u2019harmonie de ce mod\u00e8le, qui s\u2019inspire de l\u2019\u00e9tude des guitares cr\u00e9\u00e9es par le luthier allemand Antonius M\u00fcller.<\/p>\n<p>Son id\u00e9e d\u2019une double table d\u2019harmonie est celle qui m\u2019a le plus int\u00e9ress\u00e9 afin d\u2019am\u00e9liorer la qualit\u00e9 du timbre.<\/p>\n<p>&nbsp;<\/p>\n<\/div>\n","protected":false},"featured_media":55879,"comment_status":"open","ping_status":"closed","template":"","meta":{"_mo_disable_npp":""},"product_brand":[],"product_cat":[1058,1057],"product_tag":[1104,1223],"class_list":{"0":"post-55877","1":"product","2":"type-product","3":"status-publish","4":"has-post-thumbnail","6":"product_cat-guitares","7":"product_cat-guitares-classique","8":"product_tag-hand-made-spanish-guitars-from-spain-fr","9":"product_tag-montreal-guitar-showroom-fr","10":"sales-flash-overlay","11":"woocommerce-text-align-left","12":"woocommerce-image-align-center","13":"do-quantity-buttons","14":"wc-has-gallery","16":"first","17":"instock","18":"taxable","19":"shipping-taxable","20":"purchasable","21":"product-type-simple"},"_links":{"self":[{"href":"https:\/\/www.grandsalondeguitare.com\/fr\/wp-json\/wp\/v2\/product\/55877","targetHints":{"allow":["GET"]}}],"collection":[{"href":"https:\/\/www.grandsalondeguitare.com\/fr\/wp-json\/wp\/v2\/product"}],"about":[{"href":"https:\/\/www.grandsalondeguitare.com\/fr\/wp-json\/wp\/v2\/types\/product"}],"replies":[{"embeddable":true,"href":"https:\/\/www.grandsalondeguitare.com\/fr\/wp-json\/wp\/v2\/comments?post=55877"}],"wp:featuredmedia":[{"embeddable":true,"href":"https:\/\/www.grandsalondeguitare.com\/fr\/wp-json\/wp\/v2\/media\/55879"}],"wp:attachment":[{"href":"https:\/\/www.grandsalondeguitare.com\/fr\/wp-json\/wp\/v2\/media?parent=55877"}],"wp:term":[{"taxonomy":"product_brand","embeddable":true,"href":"https:\/\/www.grandsalondeguitare.com\/fr\/wp-json\/wp\/v2\/product_brand?post=55877"},{"taxonomy":"product_cat","embeddable":true,"href":"https:\/\/www.grandsalondeguitare.com\/fr\/wp-json\/wp\/v2\/product_cat?post=55877"},{"taxonomy":"product_tag","embeddable":true,"href":"https:\/\/www.grandsalondeguitare.com\/fr\/wp-json\/wp\/v2\/product_tag?post=55877"}],"curies":[{"name":"wp","href":"https:\/\/api.w.org\/{rel}","templated":true}]}}