{"id":55866,"date":"2025-06-12T13:35:21","date_gmt":"2025-06-12T18:35:21","guid":{"rendered":"https:\/\/www.grandsalondeguitare.com\/?post_type=product&#038;p=55866"},"modified":"2025-06-20T12:06:54","modified_gmt":"2025-06-20T17:06:54","slug":"a-109-oasis-grip-strip-oh-22-copy","status":"publish","type":"product","link":"https:\/\/www.grandsalondeguitare.com\/fr\/produit\/a-109-oasis-grip-strip-oh-22-copy\/","title":{"rendered":"A-399, Oasis \u00ab\u00a0Grip Strip Plus\u00a0\u00bb"},"content":{"rendered":"<p><strong>Grip Strip OH-22+<\/strong><\/p>\n<p>Comme le Grip Strip original, le Grip-Strip +\u2122 est fabriqu\u00e9 \u00e0 partir de caoutchouc n\u00e9opr\u00e8ne textur\u00e9 de haute qualit\u00e9 et dot\u00e9 de rainures antid\u00e9rapantes pour une prise en main s\u00fbre de votre guitare lorsqu&rsquo;elle repose sur votre jambe.<\/p>\n<p><strong>Le OH-22+<\/strong> est beaucoup plus grand que l&rsquo;original et mesure <strong>15 x 30 cm<\/strong> contre 10 x 20 cm.<\/p>\n<p>Cela offre une plus grande flexibilit\u00e9 de positionnement.<\/p>\n<p>Compatible avec les guitares \u00e0 cordes d&rsquo;acier et les guitares classiques.<\/p>\n<p>Le Grip-Strip n&rsquo;ab\u00eeme pas le vernis tampon des guitares classiques.<\/p>\n<p>D\u00e9conseill\u00e9 pour les instruments avec une finition neuve.<\/p>\n","protected":false},"excerpt":{"rendered":"<p><strong>Le OH-22+<\/strong> est beaucoup plus grand que l&rsquo;original et mesure <strong>15 x 30 cm<\/strong> versus 10 x 20 cm.<\/p>\n<p>Cela offre une plus grande flexibilit\u00e9 de positionnement.<\/p>\n<p>Compatible avec les guitares \u00e0 cordes d&rsquo;acier et les guitares classiques.<\/p>\n<p>&nbsp;<\/p>\n","protected":false},"featured_media":55868,"comment_status":"closed","ping_status":"closed","template":"","meta":{"_mo_disable_npp":""},"product_brand":[],"product_cat":[1052,1672],"product_tag":[],"class_list":{"0":"post-55866","1":"product","2":"type-product","3":"status-publish","4":"has-post-thumbnail","6":"product_cat-accessoires","7":"product_cat-anti-derapant","8":"sales-flash-overlay","9":"woocommerce-text-align-left","10":"woocommerce-image-align-center","11":"do-quantity-buttons","12":"wc-has-gallery","14":"first","15":"instock","16":"taxable","17":"shipping-taxable","18":"purchasable","19":"product-type-simple"},"_links":{"self":[{"href":"https:\/\/www.grandsalondeguitare.com\/fr\/wp-json\/wp\/v2\/product\/55866","targetHints":{"allow":["GET"]}}],"collection":[{"href":"https:\/\/www.grandsalondeguitare.com\/fr\/wp-json\/wp\/v2\/product"}],"about":[{"href":"https:\/\/www.grandsalondeguitare.com\/fr\/wp-json\/wp\/v2\/types\/product"}],"replies":[{"embeddable":true,"href":"https:\/\/www.grandsalondeguitare.com\/fr\/wp-json\/wp\/v2\/comments?post=55866"}],"wp:featuredmedia":[{"embeddable":true,"href":"https:\/\/www.grandsalondeguitare.com\/fr\/wp-json\/wp\/v2\/media\/55868"}],"wp:attachment":[{"href":"https:\/\/www.grandsalondeguitare.com\/fr\/wp-json\/wp\/v2\/media?parent=55866"}],"wp:term":[{"taxonomy":"product_brand","embeddable":true,"href":"https:\/\/www.grandsalondeguitare.com\/fr\/wp-json\/wp\/v2\/product_brand?post=55866"},{"taxonomy":"product_cat","embeddable":true,"href":"https:\/\/www.grandsalondeguitare.com\/fr\/wp-json\/wp\/v2\/product_cat?post=55866"},{"taxonomy":"product_tag","embeddable":true,"href":"https:\/\/www.grandsalondeguitare.com\/fr\/wp-json\/wp\/v2\/product_tag?post=55866"}],"curies":[{"name":"wp","href":"https:\/\/api.w.org\/{rel}","templated":true}]}}