{"id":55675,"date":"2025-05-30T13:53:30","date_gmt":"2025-05-30T18:53:31","guid":{"rendered":"https:\/\/www.grandsalondeguitare.com\/?post_type=product&#038;p=55675"},"modified":"2025-05-30T14:01:41","modified_gmt":"2025-05-30T19:01:41","slug":"a-318-guitarlift-he-md-long-carbon-pan-coupe-copy","status":"publish","type":"product","link":"https:\/\/www.grandsalondeguitare.com\/fr\/produit\/a-318-guitarlift-he-md-long-carbon-pan-coupe-copy\/","title":{"rendered":"A-398, Guitarlift HE Md-Long Carbon"},"content":{"rendered":"<div id=\"erdyt-6a00882972ced\" data-id=\"ehWnm9Ac-ts\" class=\"erd-youtube-responsive\" style=\"display:block;position:relative;clear:both;width:100%;max-width:800px;margin-left:auto;margin-right:auto;\"><div style=\"padding-bottom:56.25%;\"><div class=\"erd-ytplay\" id=\"erdytp-ehWnm9Ac-ts-6a00882972ced\" data-vid=\"ehWnm9Ac-ts\"   data-src=\"https:\/\/www.youtube.com\/embed\/ehWnm9Ac-ts?loop=1&#038;autoplay=1&#038;rel=0\" data-allowfullscreen=\"true\"><img decoding=\"async\" src=\"https:\/\/i.ytimg.com\/vi\/ehWnm9Ac-ts\/hqdefault.jpg\" alt=\"YouTube Video\" \/><\/div><\/div><\/div>\n<p>&nbsp;<\/p>\n<p>Guitar Lift<\/p>\n<p>\u00ab\u00a0Serie Haut de gamme \u00a0\u00bb<\/p>\n<p>Medium Matt Carbon Noir<\/p>\n<p>Con\u00e7u par\u00a0:\u00a0F\u00e9lix\u00a0Justen<\/p>\n<p>Caract\u00e9ristiques sp\u00e9cifiques du produit :<\/p>\n<p>Dimensions ext\u00e9rieures : 42 x 23cm<\/p>\n<p>Coupe de jambe : 17,5 cm<\/p>\n<p>Poids du produit : env. 610g<\/p>\n<p>Multifonctionnel comme la grande plaque, mais pour les petites guitares et utilisable comme demi-plaque pour les grandes guitares. D\u00e9coupe de jambe nettement plus \u00e9troite, avec le m\u00eame coussin que dans la grande assiette ou la demi-assiette.<\/p>\n<p>Con\u00e7u pour s&rsquo;adapter confortablement \u00e0 chaque jambe, le GUITARLIFT est dot\u00e9 d&rsquo;un grand coussin en caoutchouc spongieux \u00ab\u00a0si\u00e8ge\u00a0\u00bb souple pour tenir parfaitement la guitare.<\/p>\n<p>\u00c9quip\u00e9 de ventouses premium (diam\u00e8tre 50 mm).<\/p>\n<p>Fabriqu\u00e9 en Perspex (6 mm, filetage ext\u00e9rieur max: 23 x 42 cm), emball\u00e9 individuellement, avec grand coussin en caoutchouc mousse (circulaire 25 mm, dimension int\u00e9rieure 3 mm) d\u00e9coupe pour les jambes (17,5 cm), 4 ventouses transparentes ( diam\u00e8tre 50 mm) avec clapet de d\u00e9verrouillage, filetage M4 et \u00e9crou molet\u00e9 en acier galvanis\u00e9.<\/p>\n<p>Avec manuel d&rsquo;instructions.<\/p>\n<p>Veuillez noter:<\/p>\n<p>Les tampons auto-adh\u00e9sif sont UNIQUEMENT n\u00e9cessaires sur les surfaces \u00e0 pores ouverts ou les guitares laqu\u00e9es mates, car l&rsquo;air p\u00e9n\u00e8tre sous la ventouse \u00e0 travers les pores et se desserre ensuite. Les guitares huil\u00e9es et laqu\u00e9es mates et les dos de guitare avec des finitions laqu\u00e9es anciennes et us\u00e9es sont poreux.<\/p>\n<p>Cela peut \u00e9galement s&rsquo;appliquer au vernis fran\u00e7ais, car ce type de vernis est sensible \u00e0 l&rsquo;humidit\u00e9 (la sueur) et \u00e0 l&rsquo;abrasion m\u00e9canique. Vous n&rsquo;avez pas besoin de feuilles sur un bon nouveau vernis fran\u00e7ais.<\/p>\n<p>Veuillez consulter un luthier avant de choisir de les mettre sur votre guitare.<\/p>\n<p>**\u00a0Le jeu de tampons auto-adh\u00e9sifs N&rsquo;EST PAS INCLUS avec le GUITARLIFT **<\/p>\n<p>Chaque commande comprend un Guitarlift\u00ae enti\u00e8rement assembl\u00e9 ainsi qu&rsquo;une cl\u00e9 et un manuel.<\/p>\n<p>&nbsp;<\/p>\n<p>*** Les ensembles de tampons adh\u00e9sifs en feuille peuvent \u00eatre command\u00e9s s\u00e9par\u00e9ment sur notre site ***<\/p>\n","protected":false},"excerpt":{"rendered":"<p>S\u00e9rie Haut de gamme<\/p>\n<p>HE Medium Matt Carbon Noir<\/p>\n<p>Pour les joueurs, minces, moyens \u00e0 grands.<\/p>\n<p>La Medium Plate est notre best-seller et en termes d&rsquo;options de personnalisation, notre produit le plus flexible. Il a \u00e9galement une coupe de jambe nettement plus petite que le Big and Half Plate.<\/p>\n<p>Hauteur atteignable : 8 \u00e0 23 cm.<\/p>\n<p>Lev\u00e9e maximale: 6 pouces \/ 15,24 cm<\/p>\n","protected":false},"featured_media":55687,"comment_status":"open","ping_status":"closed","template":"","meta":{"_mo_disable_npp":""},"product_brand":[],"product_cat":[1052,1069],"product_tag":[],"class_list":{"0":"post-55675","1":"product","2":"type-product","3":"status-publish","4":"has-post-thumbnail","6":"product_cat-accessoires","7":"product_cat-supports-pour-guitare","8":"sales-flash-overlay","9":"woocommerce-text-align-left","10":"woocommerce-image-align-center","11":"do-quantity-buttons","12":"wc-has-gallery","14":"first","15":"instock","16":"taxable","17":"shipping-taxable","18":"purchasable","19":"product-type-simple"},"_links":{"self":[{"href":"https:\/\/www.grandsalondeguitare.com\/fr\/wp-json\/wp\/v2\/product\/55675","targetHints":{"allow":["GET"]}}],"collection":[{"href":"https:\/\/www.grandsalondeguitare.com\/fr\/wp-json\/wp\/v2\/product"}],"about":[{"href":"https:\/\/www.grandsalondeguitare.com\/fr\/wp-json\/wp\/v2\/types\/product"}],"replies":[{"embeddable":true,"href":"https:\/\/www.grandsalondeguitare.com\/fr\/wp-json\/wp\/v2\/comments?post=55675"}],"wp:featuredmedia":[{"embeddable":true,"href":"https:\/\/www.grandsalondeguitare.com\/fr\/wp-json\/wp\/v2\/media\/55687"}],"wp:attachment":[{"href":"https:\/\/www.grandsalondeguitare.com\/fr\/wp-json\/wp\/v2\/media?parent=55675"}],"wp:term":[{"taxonomy":"product_brand","embeddable":true,"href":"https:\/\/www.grandsalondeguitare.com\/fr\/wp-json\/wp\/v2\/product_brand?post=55675"},{"taxonomy":"product_cat","embeddable":true,"href":"https:\/\/www.grandsalondeguitare.com\/fr\/wp-json\/wp\/v2\/product_cat?post=55675"},{"taxonomy":"product_tag","embeddable":true,"href":"https:\/\/www.grandsalondeguitare.com\/fr\/wp-json\/wp\/v2\/product_tag?post=55675"}],"curies":[{"name":"wp","href":"https:\/\/api.w.org\/{rel}","templated":true}]}}