{"id":55573,"date":"2025-05-28T14:14:25","date_gmt":"2025-05-28T19:14:25","guid":{"rendered":"https:\/\/www.grandsalondeguitare.com\/?post_type=product&#038;p=55573"},"modified":"2025-10-21T09:00:01","modified_gmt":"2025-10-21T14:00:01","slug":"c-706-david-ryer-canada-copy-3","status":"publish","type":"product","link":"https:\/\/www.grandsalondeguitare.com\/fr\/produit\/c-706-david-ryer-canada-copy-3\/","title":{"rendered":"C-822, David Ryer (Canada)"},"content":{"rendered":"<p>Nouvelle guitare classique double table de concert<\/p>\n<p>Ann\u00e9e 2025<\/p>\n<p>N-010523C<\/p>\n<p>Longueur d&rsquo;\u00e9chelle de 645 mm avec sillet de 52 mm<\/p>\n<p>Double table en c\u00e8dre (griffes d&rsquo;ours)<\/p>\n<p>Couche interne en paulownia<\/p>\n<p>Dos et \u00e9clisses en \u00e9rable mouchet\u00e9<\/p>\n<p>\u00c9clisses et fond lamin\u00e9s \u00e0 l&rsquo;int\u00e9rieur en c\u00e8dre espagnol<\/p>\n<p>Touche en \u00e9b\u00e8ne Indien avec 20e frette<\/p>\n<p>Manche viss\u00e9 sur\u00e9lev\u00e9 en c\u00e8dre espagnol (finition soie) renforc\u00e9 de fibre de carbone<\/p>\n<p>Chevalet en \u00e9b\u00e8ne Indien<\/p>\n<p>Port de son et couvercle<\/p>\n<p>Filets, repose-bras, placages de t\u00eate et couvert du port de son en \u00e9rable mouchet\u00e9<\/p>\n<p>M\u00e9caniques Barnett avec boutons en \u00e9rable<\/p>\n<p>Frettes EVO dor\u00e9es<\/p>\n<p>Finition polyur\u00e9thane brillante sur la table, le dos, les \u00e9clisses, le repose-bras et le couvercle du port de son<\/p>\n<p><span style=\"font-size: inherit; font-family: -apple-system, system-ui, BlinkMacSystemFont, 'Segoe UI', Helvetica, Arial, sans-serif, 'Apple Color Emoji', 'Segoe UI Emoji', 'Segoe UI Symbol';\">Etuis rigide inclus<\/span><\/p>\n<p>&nbsp;<\/p>\n<p>Poids de la guitare\u00a0: 1,70 kg<\/p>\n<p>Longueur du corps\u00a0: 48 cm<\/p>\n<p>Haut de caisse\u00a0: 28,5 cm \/ 11,22 pouces<\/p>\n<p>La partie inf\u00e9rieure mesure 38 cm \/ 14,96 pouces<\/p>\n<p>La profondeur du corps est de 9,8 cm \/ 3 7\/8 pouces<\/p>\n<p>&nbsp;<\/p>\n<p>Du site Web de David Ryer&#8230;<\/p>\n<p>J&rsquo;ai toujours eu une profonde appr\u00e9ciation pour le travail du bois fin, en particulier en ce qui concerne les instruments de musique.<\/p>\n<p>\u00c0 la fin des ann\u00e9es 1980, j&rsquo;ai r\u00e9par\u00e9 des instruments \u00e0 cordes pour des magasins de musique locaux et depuis le tournant du mill\u00e9naire, j&rsquo;ai nourri mon \u00e2me tout en apprenant l&rsquo;art de fabriquer des guitares acoustiques\/classiques de haute qualit\u00e9.<\/p>\n<p>J&rsquo;ai eu la chance d&rsquo;avoir acquis ma formation initiale aupr\u00e8s de Sergei de Jonge en 2000 et encore une fois, j&rsquo;ai pu travailler avec Sergei pendant plus de 2 ans dans sa boutique.<\/p>\n<p>J&rsquo;ai r\u00e9alis\u00e9 qu&rsquo;il n&rsquo;y a pas de meilleure fa\u00e7on de vivre que de faire ce qui me passionne. L&rsquo;art et l&rsquo;artisanat de construire quelque chose de si magnifiquement majestueux, riche en d\u00e9tails, technologiquement avanc\u00e9 et pourtant si simple.<\/p>\n<p>La guitare, sous toutes ses formes, existe depuis des \u00e9ons, si largement reconnue et appr\u00e9ci\u00e9e dans le monde entier et pourtant, il y a encore tant \u00e0 apprendre, tant de nuances qui rendent chaque guitare unique et personnelle.<\/p>\n<p>Je ne m&rsquo;attends pas et je ne veux pas que l&rsquo;apprentissage se termine. La construction des guitares est un travail d&rsquo;amour de toute une vie o\u00f9 l&rsquo;apprentissage ne s&rsquo;arr\u00eate jamais.<\/p>\n","protected":false},"excerpt":{"rendered":"[youtube v=zhx0H3KSRpU maxwidth=\"800px\"]\n<p>&nbsp;<\/p>\n<p>Excellente nouvelle double table par David Ryer !<\/p>\n<p>Double c\u00e8dre avec dos et \u00e9clisses en \u00e9rable mouchet\u00e9<\/p>\n<p>Belle voix chantante, facile \u00e0 jouer avec projection de niveau concert !<\/p>\n<p>Un essaie s&rsquo;impose<\/p>\n","protected":false},"featured_media":55575,"comment_status":"closed","ping_status":"closed","template":"","meta":{"_mo_disable_npp":""},"product_brand":[],"product_cat":[2258,1058,1057],"product_tag":[],"class_list":{"0":"post-55573","1":"product","2":"type-product","3":"status-publish","4":"has-post-thumbnail","6":"product_cat-double-tops","7":"product_cat-guitares","8":"product_cat-guitares-classique","9":"sales-flash-overlay","10":"woocommerce-text-align-left","11":"woocommerce-image-align-center","12":"do-quantity-buttons","13":"wc-has-gallery","15":"first","16":"instock","17":"taxable","18":"shipping-taxable","19":"purchasable","20":"product-type-simple"},"_links":{"self":[{"href":"https:\/\/www.grandsalondeguitare.com\/fr\/wp-json\/wp\/v2\/product\/55573","targetHints":{"allow":["GET"]}}],"collection":[{"href":"https:\/\/www.grandsalondeguitare.com\/fr\/wp-json\/wp\/v2\/product"}],"about":[{"href":"https:\/\/www.grandsalondeguitare.com\/fr\/wp-json\/wp\/v2\/types\/product"}],"replies":[{"embeddable":true,"href":"https:\/\/www.grandsalondeguitare.com\/fr\/wp-json\/wp\/v2\/comments?post=55573"}],"wp:featuredmedia":[{"embeddable":true,"href":"https:\/\/www.grandsalondeguitare.com\/fr\/wp-json\/wp\/v2\/media\/55575"}],"wp:attachment":[{"href":"https:\/\/www.grandsalondeguitare.com\/fr\/wp-json\/wp\/v2\/media?parent=55573"}],"wp:term":[{"taxonomy":"product_brand","embeddable":true,"href":"https:\/\/www.grandsalondeguitare.com\/fr\/wp-json\/wp\/v2\/product_brand?post=55573"},{"taxonomy":"product_cat","embeddable":true,"href":"https:\/\/www.grandsalondeguitare.com\/fr\/wp-json\/wp\/v2\/product_cat?post=55573"},{"taxonomy":"product_tag","embeddable":true,"href":"https:\/\/www.grandsalondeguitare.com\/fr\/wp-json\/wp\/v2\/product_tag?post=55573"}],"curies":[{"name":"wp","href":"https:\/\/api.w.org\/{rel}","templated":true}]}}