{"id":55555,"date":"2025-05-26T17:03:39","date_gmt":"2025-05-26T22:03:39","guid":{"rendered":"https:\/\/www.grandsalondeguitare.com\/?post_type=product&#038;p=55555"},"modified":"2025-05-27T07:20:36","modified_gmt":"2025-05-27T12:20:36","slug":"a-396-kna-ng-2-micro-piezo-copy","status":"publish","type":"product","link":"https:\/\/www.grandsalondeguitare.com\/fr\/produit\/a-396-kna-ng-2-micro-piezo-copy\/","title":{"rendered":"A-397, KNA NG-2 7S Micro Piezo"},"content":{"rendered":"<p><strong>Pi\u00e9zo portable mont\u00e9 sur le chevalet pour guitare \u00e0 nylon de 7 cordes avec control de volume<\/strong><\/p>\n<p><strong>Le NG-2 7S<\/strong> est le micro id\u00e9al pour les guitaristes classique a cordes de nylon de 7 cordes, qui recherchent un pi\u00e9zo pour restituer le son naturel de leur instrument \u00e0 un amplificateur sans aucune modification.<\/p>\n<p><strong>Gr\u00e2ce au contr\u00f4le de volume int\u00e9gr\u00e9, <\/strong>les musiciens peuvent contr\u00f4ler le signal de sortie sur sc\u00e8ne ou en studio, directement avec le bouton de volume int\u00e9gr\u00e9.<\/p>\n<p><strong>Bo\u00eetier en bois\u00a0:<\/strong> L&rsquo;\u00e9l\u00e9ment pi\u00e9zo est gain\u00e9 d&rsquo;acajou \u00e9l\u00e9gant et raffin\u00e9. Son assemblage l\u00e9ger offre une sensibilit\u00e9 tonale maximale.<\/p>\n<p><strong>Son naturel\u00a0:<\/strong> <strong>Le NG-2 7S<\/strong> est dot\u00e9 d&rsquo;une conception passive qui reproduit le son naturel de l&rsquo;instrument sans pile.<\/p>\n<p><strong>Kit complet\u00a0:<\/strong> Deux c\u00e2bles sont inclus : un c\u00e2ble de 2,7 m (3,25 cm) vers 6,35 mm (1\/8\u2033) et un c\u00e2ble de 90 cm (3,25 cm) vers 6,35 mm (femelle) avec clip de s\u00e9curit\u00e9 pour le raccordement au c\u00e2ble de votre instrument.<\/p>\n<aside id=\"same-category\" class=\"container-xl\">\n<section class=\"list-products my-4\"><\/section>\n<\/aside>\n<table class=\"mb-0 table table-sm table-specifications\">\n<tbody>\n<tr>\n<td colspan=\"6\">Specifications<\/td>\n<\/tr>\n<tr>\n<td>Poids<\/td>\n<td colspan=\"5\">5g. \/ 0.176oz<\/td>\n<\/tr>\n<tr>\n<td>Bois<\/td>\n<td colspan=\"5\">Acajou<\/td>\n<\/tr>\n<tr>\n<td>Impedance maximum<\/td>\n<td colspan=\"5\">500\u00a0\u2126<\/td>\n<\/tr>\n<tr>\n<td colspan=\"6\">Cables<\/td>\n<\/tr>\n<tr>\n<td>Jumper cable with safety clip<\/td>\n<td colspan=\"5\">1meter \/ 3&prime;<\/td>\n<\/tr>\n<tr>\n<td>Cable ampli<\/td>\n<td colspan=\"5\">3meter \/ 9&prime;<\/td>\n<\/tr>\n<tr>\n<td colspan=\"6\">Mesures<\/td>\n<\/tr>\n<tr>\n<td>Pieces Specifiee<\/td>\n<td>Lettre<\/td>\n<td>Grandeur en MM (De*)<\/td>\n<td>Grandeur en MM (A*)<\/td>\n<td>Grandeur en Pouce (De*)<\/td>\n<td>Grandeur en Pouce (A*)<\/td>\n<\/tr>\n<tr>\n<td>Longueur du transduceur<\/td>\n<td>a<\/td>\n<td>88,6<\/td>\n<td>88,8<\/td>\n<td>3,488<\/td>\n<td>3,496<\/td>\n<\/tr>\n<tr>\n<td>Longueur du cable<\/td>\n<td>b<\/td>\n<td>32,5<\/td>\n<td>32,6<\/td>\n<td>1,280<\/td>\n<td>1,283<\/td>\n<\/tr>\n<tr>\n<td>Longueur total du micro<\/td>\n<td>c<\/td>\n<td>121,2<\/td>\n<td>121,3<\/td>\n<td>4,772<\/td>\n<td>4,776<\/td>\n<\/tr>\n<tr>\n<td>largeur du transduceur<\/td>\n<td>d<\/td>\n<td>9,3<\/td>\n<td>9,4<\/td>\n<td>0,366<\/td>\n<td>0,370<\/td>\n<\/tr>\n<tr>\n<td>largeur du cable<\/td>\n<td>e<\/td>\n<td>19,1<\/td>\n<td>19,2<\/td>\n<td>0,752<\/td>\n<td>0,756<\/td>\n<\/tr>\n<tr>\n<td>Active signal transfer area length<\/td>\n<td>f<\/td>\n<td>85,0<\/td>\n<td>&#8211;<\/td>\n<td>3,346<\/td>\n<td>&#8211;<\/td>\n<\/tr>\n<tr>\n<td>Epaisseur du transduceur<\/td>\n<td>g<\/td>\n<td>2,1<\/td>\n<td>2,2<\/td>\n<td>0,083<\/td>\n<td>0,087<\/td>\n<\/tr>\n<tr>\n<td>Hauteur du cable sans le potentiometre<\/td>\n<td>h<\/td>\n<td>10,7<\/td>\n<td>10,8<\/td>\n<td>0,421<\/td>\n<td>0,425<\/td>\n<\/tr>\n<tr>\n<td>Hauteur du cable avec potentiometre<\/td>\n<td>i<\/td>\n<td>16,3<\/td>\n<td>16,4<\/td>\n<td>0,642<\/td>\n<td>0,646<\/td>\n<\/tr>\n<tr>\n<td colspan=\"6\">*Nos micros faits \u00e0 la main peuvent varier l\u00e9g\u00e8rement en taille en raison de la nature du fabrication<\/td>\n<\/tr>\n<\/tbody>\n<\/table>\n","protected":false},"excerpt":{"rendered":"<h6>[youtube v=-0IMpE5lsfc maxwidth=\"800px\"]<\/h6>\n<p>&nbsp;<\/p>\n<p><strong>Pi\u00e9zo portable mont\u00e9 sur le chevalet pour guitare \u00e0 nylon de 7 cordes avec control de volume<\/strong><\/p>\n<p><strong>Le NG-2<\/strong> <strong>7S<\/strong>, est le micro id\u00e9al pour les guitaristes classiques \u00e0 cordes de nylon 7 cordes qui recherchent un pi\u00e9zo pour restituer le son naturel de leur instrument \u00e0 un amplificateur sans aucune modification.<\/p>\n<p><strong>Gr\u00e2ce au contr\u00f4le de volume, <\/strong>les musiciens peuvent contr\u00f4ler le signal de sortie sur sc\u00e8ne ou en studio, directement avec le bouton de volume int\u00e9gr\u00e9.<\/p>\n","protected":false},"featured_media":55565,"comment_status":"closed","ping_status":"closed","template":"","meta":{"_mo_disable_npp":""},"product_brand":[],"product_cat":[1052,1277,2252,1058,1057,1053],"product_tag":[],"class_list":{"0":"post-55555","1":"product","2":"type-product","3":"status-publish","4":"has-post-thumbnail","6":"product_cat-accessoires","7":"product_cat-amplificateurs","8":"product_cat-capteurs-guitare","9":"product_cat-guitares","10":"product_cat-guitares-classique","11":"product_cat-guitares-flamenco","12":"sales-flash-overlay","13":"woocommerce-text-align-left","14":"woocommerce-image-align-center","15":"do-quantity-buttons","16":"wc-has-gallery","18":"first","19":"instock","20":"taxable","21":"shipping-taxable","22":"purchasable","23":"product-type-simple"},"_links":{"self":[{"href":"https:\/\/www.grandsalondeguitare.com\/fr\/wp-json\/wp\/v2\/product\/55555","targetHints":{"allow":["GET"]}}],"collection":[{"href":"https:\/\/www.grandsalondeguitare.com\/fr\/wp-json\/wp\/v2\/product"}],"about":[{"href":"https:\/\/www.grandsalondeguitare.com\/fr\/wp-json\/wp\/v2\/types\/product"}],"replies":[{"embeddable":true,"href":"https:\/\/www.grandsalondeguitare.com\/fr\/wp-json\/wp\/v2\/comments?post=55555"}],"wp:featuredmedia":[{"embeddable":true,"href":"https:\/\/www.grandsalondeguitare.com\/fr\/wp-json\/wp\/v2\/media\/55565"}],"wp:attachment":[{"href":"https:\/\/www.grandsalondeguitare.com\/fr\/wp-json\/wp\/v2\/media?parent=55555"}],"wp:term":[{"taxonomy":"product_brand","embeddable":true,"href":"https:\/\/www.grandsalondeguitare.com\/fr\/wp-json\/wp\/v2\/product_brand?post=55555"},{"taxonomy":"product_cat","embeddable":true,"href":"https:\/\/www.grandsalondeguitare.com\/fr\/wp-json\/wp\/v2\/product_cat?post=55555"},{"taxonomy":"product_tag","embeddable":true,"href":"https:\/\/www.grandsalondeguitare.com\/fr\/wp-json\/wp\/v2\/product_tag?post=55555"}],"curies":[{"name":"wp","href":"https:\/\/api.w.org\/{rel}","templated":true}]}}