{"id":55539,"date":"2025-05-26T16:24:09","date_gmt":"2025-05-26T21:24:09","guid":{"rendered":"https:\/\/www.grandsalondeguitare.com\/?post_type=product&#038;p=55539"},"modified":"2025-07-23T19:06:28","modified_gmt":"2025-07-24T00:06:28","slug":"a-395-kna-ng-1-micro-piezo-copy","status":"publish","type":"product","link":"https:\/\/www.grandsalondeguitare.com\/fr\/produit\/a-395-kna-ng-1-micro-piezo-copy\/","title":{"rendered":"A-396, KNA NG-2 Micro Piezo"},"content":{"rendered":"<p><strong>Pi\u00e9zo portable mont\u00e9 sur le chevalet pour guitare \u00e0 cordes de nylon avec control de volume<\/strong><\/p>\n<p><strong>Le NG-2<\/strong> est le micro id\u00e9al pour les guitaristes \u00e0 cordes nylon qui recherchent un pi\u00e9zo pour restituer le son naturel de leur instrument \u00e0 un amplificateur sans aucune modification.<\/p>\n<p><strong>Gr\u00e2ce au contr\u00f4le de volume int\u00e9gr\u00e9, <\/strong>les musiciens peuvent contr\u00f4ler le signal de sortie sur sc\u00e8ne ou en studio, directement avec le bouton de volume int\u00e9gr\u00e9.<\/p>\n<p><strong>Bo\u00eetier en bois\u00a0:<\/strong> L&rsquo;\u00e9l\u00e9ment pi\u00e9zo est gain\u00e9 d&rsquo;acajou \u00e9l\u00e9gant et raffin\u00e9. Son assemblage l\u00e9ger offre une sensibilit\u00e9 tonale maximale.<\/p>\n<p><strong>Son naturel\u00a0:<\/strong> Le NG-2 est dot\u00e9 d&rsquo;une conception passive qui reproduit le son naturel de l&rsquo;instrument sans pile.<\/p>\n<p><strong>Kit complet\u00a0:<\/strong> Deux c\u00e2bles sont inclus : un c\u00e2ble de 2,7 m (3,25 cm) vers 6,35 mm (1\/8\u2033) et un c\u00e2ble de 90 cm (3,25 cm) vers 6,35 mm (femelle) avec clip de s\u00e9curit\u00e9 pour le raccordement au c\u00e2ble de votre instrument.<\/p>\n<article>\n<div class=\"container-xl py-4\">\n<div class=\"row\">\n<div class=\"col-lg-6 order-lg-1\">\n<div class=\"align-items-center bg-white d-flex h-100\"><\/div>\n<\/div>\n<div class=\"col-lg-6\">\n<table class=\"mb-0 table table-sm table-specifications\">\n<tbody>\n<tr>\n<td colspan=\"6\"><strong>Specifications \u00a0<\/strong><\/td>\n<\/tr>\n<tr>\n<td>Poids<\/td>\n<td colspan=\"5\">5g. \/ 0.176oz<\/td>\n<\/tr>\n<tr>\n<td>Bois<\/td>\n<td colspan=\"5\">Mahogany<\/td>\n<\/tr>\n<tr>\n<td>Impedance maximum<\/td>\n<td colspan=\"5\">500\u00a0\u2126<\/td>\n<\/tr>\n<tr>\n<td colspan=\"6\">Cables<\/td>\n<\/tr>\n<tr>\n<td>Jumper cable with safety clip<\/td>\n<td colspan=\"5\">1meter \/ 3&prime;<\/td>\n<\/tr>\n<tr>\n<td>Cable ampli<\/td>\n<td colspan=\"5\">3meter \/ 9&prime;<\/td>\n<\/tr>\n<tr>\n<td colspan=\"6\">Mesures<\/td>\n<\/tr>\n<tr>\n<td>Pi\u00e8ce sp\u00e9cifi\u00e9e<\/td>\n<td>Lettre<\/td>\n<td>Grandeur\u00a0 MM (De*)<\/td>\n<td>Grandeur MM (A*)<\/td>\n<td>Grandeur Pouce (De*)<\/td>\n<td>Grandeur Pouce (A*)<\/td>\n<\/tr>\n<tr>\n<td>Longueur du transducteur<\/td>\n<td>a<\/td>\n<td>73,2<\/td>\n<td>73,3<\/td>\n<td>2,882<\/td>\n<td>2,886<\/td>\n<\/tr>\n<tr>\n<td>Longueur du bo\u00eetier du cric<\/td>\n<td>b<\/td>\n<td>32,5<\/td>\n<td>32,6<\/td>\n<td>1,280<\/td>\n<td>1,283<\/td>\n<\/tr>\n<tr>\n<td>Longueur totale du micro<\/td>\n<td>c<\/td>\n<td>105,8<\/td>\n<td>&#8211;<\/td>\n<td>4,165<\/td>\n<td>&#8211;<\/td>\n<\/tr>\n<tr>\n<td>Largeur du transducteur<\/td>\n<td>d<\/td>\n<td>9,3<\/td>\n<td>9,4<\/td>\n<td>0,366<\/td>\n<td>0,370<\/td>\n<\/tr>\n<tr>\n<td>Longueur de la zone de transfert du signal actif<\/td>\n<td>e<\/td>\n<td>69,1<\/td>\n<td>69,2<\/td>\n<td>2,720<\/td>\n<td>2,724<\/td>\n<\/tr>\n<tr>\n<td>\u00c9paisseur du transducteur<\/td>\n<td>f<\/td>\n<td>2,1<\/td>\n<td>2,2<\/td>\n<td>0,083<\/td>\n<td>0,087<\/td>\n<\/tr>\n<tr>\n<td>Hauteur du bo\u00eetier jack sans potentiom\u00e8tre<\/td>\n<td>g<\/td>\n<td>10,7<\/td>\n<td>10,8<\/td>\n<td>0,421<\/td>\n<td>0,425<\/td>\n<\/tr>\n<tr>\n<td>Hauteur du bo\u00eetier jack avec potentiom\u00e8tre<\/td>\n<td>h<\/td>\n<td>16,3<\/td>\n<td>16,4<\/td>\n<td>0,642<\/td>\n<td>0,646<\/td>\n<\/tr>\n<tr>\n<td colspan=\"6\">*Nos micros faits a la main peuvent varier l\u00e9g\u00e8rement en taille en raison de la nature du b\u00e2timent.<\/td>\n<\/tr>\n<\/tbody>\n<\/table>\n<\/div>\n<\/div>\n<\/div>\n<\/article>\n<aside id=\"same-category\" class=\"container-xl\">\n<section class=\"list-products my-4\"><\/section>\n<\/aside>\n<p>&nbsp;<\/p>\n","protected":false},"excerpt":{"rendered":"<h6>[youtube v=ojyo2Y3ahJk maxwidth=\"800px\"]<\/h6>\n<p>&nbsp;<\/p>\n<p><strong>Pi\u00e9zo portable mont\u00e9 sur le chevalet pour guitare \u00e0 cordes de nylon avec control de volume<\/strong><\/p>\n<p><strong>Le NG-2<\/strong> est le micro id\u00e9al pour les guitaristes \u00e0 cordes de nylon qui recherchent un pi\u00e9zo pour restituer le son naturel de leur instrument \u00e0 un amplificateur sans aucune modification.<\/p>\n<p><strong>Gr\u00e2ce au contr\u00f4le de volume, <\/strong>les musiciens peuvent contr\u00f4ler le signal de sortie sur sc\u00e8ne ou en studio, directement avec le bouton de volume int\u00e9gr\u00e9.<\/p>\n","protected":false},"featured_media":55543,"comment_status":"closed","ping_status":"closed","template":"","meta":{"_mo_disable_npp":""},"product_brand":[],"product_cat":[1052,2252,1058,1057,1053],"product_tag":[],"class_list":{"0":"post-55539","1":"product","2":"type-product","3":"status-publish","4":"has-post-thumbnail","6":"product_cat-accessoires","7":"product_cat-capteurs-guitare","8":"product_cat-guitares","9":"product_cat-guitares-classique","10":"product_cat-guitares-flamenco","11":"sales-flash-overlay","12":"woocommerce-text-align-left","13":"woocommerce-image-align-center","14":"do-quantity-buttons","15":"wc-has-gallery","17":"first","18":"onbackorder","19":"taxable","20":"shipping-taxable","21":"purchasable","22":"product-type-simple"},"_links":{"self":[{"href":"https:\/\/www.grandsalondeguitare.com\/fr\/wp-json\/wp\/v2\/product\/55539","targetHints":{"allow":["GET"]}}],"collection":[{"href":"https:\/\/www.grandsalondeguitare.com\/fr\/wp-json\/wp\/v2\/product"}],"about":[{"href":"https:\/\/www.grandsalondeguitare.com\/fr\/wp-json\/wp\/v2\/types\/product"}],"replies":[{"embeddable":true,"href":"https:\/\/www.grandsalondeguitare.com\/fr\/wp-json\/wp\/v2\/comments?post=55539"}],"wp:featuredmedia":[{"embeddable":true,"href":"https:\/\/www.grandsalondeguitare.com\/fr\/wp-json\/wp\/v2\/media\/55543"}],"wp:attachment":[{"href":"https:\/\/www.grandsalondeguitare.com\/fr\/wp-json\/wp\/v2\/media?parent=55539"}],"wp:term":[{"taxonomy":"product_brand","embeddable":true,"href":"https:\/\/www.grandsalondeguitare.com\/fr\/wp-json\/wp\/v2\/product_brand?post=55539"},{"taxonomy":"product_cat","embeddable":true,"href":"https:\/\/www.grandsalondeguitare.com\/fr\/wp-json\/wp\/v2\/product_cat?post=55539"},{"taxonomy":"product_tag","embeddable":true,"href":"https:\/\/www.grandsalondeguitare.com\/fr\/wp-json\/wp\/v2\/product_tag?post=55539"}],"curies":[{"name":"wp","href":"https:\/\/api.w.org\/{rel}","templated":true}]}}