{"id":55497,"date":"2025-05-26T14:41:14","date_gmt":"2025-05-26T19:41:14","guid":{"rendered":"https:\/\/www.grandsalondeguitare.com\/?post_type=product&#038;p=55497"},"modified":"2025-05-27T07:03:05","modified_gmt":"2025-05-27T12:03:05","slug":"a-340-lampe-pour-pupitre-ohl-1-copy","status":"publish","type":"product","link":"https:\/\/www.grandsalondeguitare.com\/fr\/produit\/a-340-lampe-pour-pupitre-ohl-1-copy\/","title":{"rendered":"A-395, KNA NG-1 Micro Piezo"},"content":{"rendered":"<p><strong>Pi\u00e9zo portable mont\u00e9 sur le chevalet pour guitare \u00e0 cordes de nylon<\/strong><\/p>\n<p><strong>Le NG-1<\/strong> est le micro id\u00e9al pour les guitaristes \u00e0 cordes nylon qui recherchent un pi\u00e9zo pour restituer le son naturel de leur instrument \u00e0 un amplificateur sans aucune modification.<\/p>\n<p><strong>Bo\u00eetier en bois\u00a0:<\/strong> L&rsquo;\u00e9l\u00e9ment pi\u00e9zo est gain\u00e9 d&rsquo;acajou \u00e9l\u00e9gant et raffin\u00e9. Son assemblage l\u00e9ger offre une sensibilit\u00e9 tonale maximale.<\/p>\n<p><strong>Son naturel\u00a0:<\/strong> Le NG-1 est dot\u00e9 d&rsquo;une conception passive qui reproduit le son naturel de l&rsquo;instrument sans pile.<\/p>\n<p><strong>Kit complet\u00a0:<\/strong> Deux c\u00e2bles sont inclus : un c\u00e2ble de 2,7 m (3,25 cm) vers 6,35 mm (1\/8\u2033) et un c\u00e2ble de 90 cm (3,25 cm) vers 6,35 mm (femelle) avec clip de s\u00e9curit\u00e9 pour le raccordement au c\u00e2ble de votre instrument.<\/p>\n<table class=\"mb-0 table table-sm table-specifications\" style=\"font-family: -apple-system, system-ui, BlinkMacSystemFont, 'Segoe UI', Helvetica, Arial, sans-serif, 'Apple Color Emoji', 'Segoe UI Emoji', 'Segoe UI Symbol';\">\n<tbody>\n<tr>\n<td colspan=\"6\"><strong>Caract\u00e9ristiques<\/strong><\/td>\n<\/tr>\n<tr>\n<td>Poids<\/td>\n<td colspan=\"5\">3.8g. \/ 0.137oz<\/td>\n<\/tr>\n<tr>\n<td>Bois<\/td>\n<td colspan=\"5\">Acajou<\/td>\n<\/tr>\n<tr>\n<td>Imp\u00e9dance maximale<\/td>\n<td colspan=\"5\">500\u00a0\u2126<\/td>\n<\/tr>\n<tr>\n<td>C\u00e2bles<\/td>\n<td colspan=\"5\">3 m\u00e8tres \/ 9 pi<\/td>\n<\/tr>\n<tr>\n<td colspan=\"6\">Dimensions<\/td>\n<\/tr>\n<tr>\n<td>Pi\u00e8ce sp\u00e9cifi\u00e9e<\/td>\n<td>Lettre<\/td>\n<td>Taille MM (de*)<\/td>\n<td>Taille MM (a*)<\/td>\n<td>Taille-pouce(de*)<\/td>\n<td>Taille-pouce (a*)<\/td>\n<\/tr>\n<tr>\n<td>Longueur du transducteur<\/td>\n<td>a<\/td>\n<td>76,0<\/td>\n<td>77,0<\/td>\n<td>2,992<\/td>\n<td>3,031<\/td>\n<\/tr>\n<tr>\n<td>Longueur du bo\u00eetier du cable<\/td>\n<td>b<\/td>\n<td>17,3<\/td>\n<td>17,4<\/td>\n<td>0,681<\/td>\n<td>0,685<\/td>\n<\/tr>\n<tr>\n<td>Longueur totale du capteur<\/td>\n<td>c<\/td>\n<td>95,0<\/td>\n<td>&#8211;<\/td>\n<td>3,740<\/td>\n<td>&#8211;<\/td>\n<\/tr>\n<tr>\n<td>Largeur du transducteur<\/td>\n<td>d<\/td>\n<td>9,4<\/td>\n<td>&#8211;<\/td>\n<td>0,370<\/td>\n<td>&#8211;<\/td>\n<\/tr>\n<tr>\n<td>Longueur zone de transfert du signal<\/td>\n<td>e<\/td>\n<td>69,1<\/td>\n<td>69,2<\/td>\n<td>2,720<\/td>\n<td>2,724<\/td>\n<\/tr>\n<tr>\n<td>\u00c9paisseur du transducteur<\/td>\n<td>f<\/td>\n<td>2,1<\/td>\n<td>2,2<\/td>\n<td>0,083<\/td>\n<td>0,087<\/td>\n<\/tr>\n<tr>\n<td>Hauteur du bo\u00eetier du cable<\/td>\n<td>g<\/td>\n<td>9,2<\/td>\n<td>9,3<\/td>\n<td>0,362<\/td>\n<td>0,366<\/td>\n<\/tr>\n<tr>\n<td colspan=\"6\">*Nos micros faits a la main peuvent varier l\u00e9g\u00e8rement en taille en raison de la nature du b\u00e2timent.<\/td>\n<\/tr>\n<\/tbody>\n<\/table>\n<p>&nbsp;<\/p>\n","protected":false},"excerpt":{"rendered":"[youtube v=mjnr9JFhg54 maxwidth=\"800px\"]\n<p>&nbsp;<\/p>\n<p><strong>Piezo portable mont\u00e9 sur chevalet pour guitare \u00e0 cordes de nylon<\/strong><\/p>\n<p><strong>Le NG-1<\/strong> est un micro pi\u00e9zo passif amovible qui reproduit le son authentique des guitares en cordes de nylon sans aucune modification de l&rsquo;instrument. Il peut rester en place lorsqu&rsquo;il n&rsquo;est pas utilis\u00e9.<\/p>\n<p>Le micro pi\u00e9zo id\u00e9al pour les guitaristes classiques ou flamenco qui recherchent un micro pi\u00e9zo pour restituer le son naturel de leur instrument \u00e0 un amplificateur.<\/p>\n","protected":false},"featured_media":55520,"comment_status":"closed","ping_status":"closed","template":"","meta":{"_mo_disable_npp":""},"product_brand":[],"product_cat":[1052,1277,2252,1058,1057,1053],"product_tag":[],"class_list":{"0":"post-55497","1":"product","2":"type-product","3":"status-publish","4":"has-post-thumbnail","6":"product_cat-accessoires","7":"product_cat-amplificateurs","8":"product_cat-capteurs-guitare","9":"product_cat-guitares","10":"product_cat-guitares-classique","11":"product_cat-guitares-flamenco","12":"sales-flash-overlay","13":"woocommerce-text-align-left","14":"woocommerce-image-align-center","15":"do-quantity-buttons","16":"wc-has-gallery","18":"first","19":"instock","20":"taxable","21":"shipping-taxable","22":"purchasable","23":"product-type-simple"},"_links":{"self":[{"href":"https:\/\/www.grandsalondeguitare.com\/fr\/wp-json\/wp\/v2\/product\/55497","targetHints":{"allow":["GET"]}}],"collection":[{"href":"https:\/\/www.grandsalondeguitare.com\/fr\/wp-json\/wp\/v2\/product"}],"about":[{"href":"https:\/\/www.grandsalondeguitare.com\/fr\/wp-json\/wp\/v2\/types\/product"}],"replies":[{"embeddable":true,"href":"https:\/\/www.grandsalondeguitare.com\/fr\/wp-json\/wp\/v2\/comments?post=55497"}],"wp:featuredmedia":[{"embeddable":true,"href":"https:\/\/www.grandsalondeguitare.com\/fr\/wp-json\/wp\/v2\/media\/55520"}],"wp:attachment":[{"href":"https:\/\/www.grandsalondeguitare.com\/fr\/wp-json\/wp\/v2\/media?parent=55497"}],"wp:term":[{"taxonomy":"product_brand","embeddable":true,"href":"https:\/\/www.grandsalondeguitare.com\/fr\/wp-json\/wp\/v2\/product_brand?post=55497"},{"taxonomy":"product_cat","embeddable":true,"href":"https:\/\/www.grandsalondeguitare.com\/fr\/wp-json\/wp\/v2\/product_cat?post=55497"},{"taxonomy":"product_tag","embeddable":true,"href":"https:\/\/www.grandsalondeguitare.com\/fr\/wp-json\/wp\/v2\/product_tag?post=55497"}],"curies":[{"name":"wp","href":"https:\/\/api.w.org\/{rel}","templated":true}]}}