{"id":55438,"date":"2025-05-19T17:37:59","date_gmt":"2025-05-19T22:37:59","guid":{"rendered":"https:\/\/www.grandsalondeguitare.com\/?post_type=product&#038;p=55438"},"modified":"2025-05-19T17:59:53","modified_gmt":"2025-05-19T22:59:53","slug":"c-820-angel-benito-aguado-espagne-copy","status":"publish","type":"product","link":"https:\/\/www.grandsalondeguitare.com\/fr\/produit\/c-820-angel-benito-aguado-espagne-copy\/","title":{"rendered":"C-821, Jose Ramirez (Espagne)"},"content":{"rendered":"<p>Guitare classique Jos\u00e9 Ramirez<\/p>\n<p>Mod\u00e8le Del Vino \u00c9dition sp\u00e9ciale, fabriqu\u00e9 en Espagne<\/p>\n<p>N-90, fabriqu\u00e9e en 2011<\/p>\n<p>Diapason de 650 mm avec sillet de t\u00eate de 52 mm<\/p>\n<p>Table en c\u00e8dre canadien<\/p>\n<p>Dos et \u00e9clisses en padauk<\/p>\n<p>Bande centrale en ch\u00eane<\/p>\n<p>Manche en c\u00e8dre<\/p>\n<p>Touche en \u00e9b\u00e8ne<\/p>\n<p>M\u00e9caniques Deluxe<\/p>\n<p>Finition au laque<\/p>\n<p>\u00c9tui rigide en cuir inclus<\/p>\n<p>&nbsp;<\/p>\n<p>Poids de la guitare est de 1,60 kg<\/p>\n<p>Longueur du corps\u00a0: 48 cm<\/p>\n<p>Profondeur du corps\u00a0: 10 cm<\/p>\n<p>Longueur du haut : 28,5 cm<\/p>\n<p>Longueur du bas : 38 cm<\/p>\n<p>&nbsp;<\/p>\n<p>Cette guitare classique est une \u00e9dition limit\u00e9e num\u00e9rot\u00e9e. Elle a \u00e9t\u00e9 fabriqu\u00e9e dans l&rsquo;atelier Jos\u00e9 Ramirez, au 8, Calle de la Paz, \u00e0 Madrid. Ces guitares sont un projet sp\u00e9cial cr\u00e9\u00e9 par Amalia Ramirez.<\/p>\n<p>Cette guitare Ramirez atteint l&rsquo;objectif d&rsquo;Amalia\u00a0: recr\u00e9er le v\u00e9ritable son espagnol des guitares construites par son arri\u00e8re-grand-p\u00e8re Jos\u00e9 Ramirez Ier. Sa caisse moyenne offre un excellent sustain dans les graves. Les aigus sont chauds et riches.<\/p>\n<p>Les guitares du d\u00e9but du XXe\u00a0si\u00e8cle \u00e9taient des instruments que l&rsquo;on jouait dans les caf\u00e9s avec les danseurs. Elles devaient pouvoir jouer tous les styles de musique, des ballades folk au flamenco. Cette guitare a \u00e9t\u00e9 recr\u00e9\u00e9e par Amalia pour retranscrire exactement cette capacit\u00e9, et elle y parvient.<\/p>\n<p>La Del Vino se distingue des guitares similaires en \u00e9dition limit\u00e9e par son choix de bois. Le dos et les \u00e9clisses sont en palissandre padouk, avec une bande centrale en ch\u00eane \u00e0 l&rsquo;arri\u00e8re, rappelant l&rsquo;inspiration originale du tonneau \u00e0 vin.<\/p>\n<p>Cette guitare fabriqu\u00e9e \u00e0 la main est en palissandre padauk massif pour le dos et les \u00e9clisses, avec un manche et une table en c\u00e8dre massif. Le filet ext\u00e9rieur et le couvre-t\u00eate sont en palissandre de haute qualit\u00e9. La guitare est orn\u00e9e d&rsquo;une rosace complexe \u00e0 motifs de raisin et de vigne, utilis\u00e9e uniquement sur le mod\u00e8le Del Vino, avec un motif assorti sur le dessus du chevalet.<\/p>\n","protected":false},"excerpt":{"rendered":"<p>En excellent \u00e9tat\u00a0!<\/p>\n<p>Il s&rsquo;agit d&rsquo;une guitare classique en \u00e9dition limit\u00e9e num\u00e9rot\u00e9e. Elle a \u00e9t\u00e9 fabriqu\u00e9e dans l&rsquo;atelier Jos\u00e9 Ramirez, au 8 Calle de la Paz, \u00e0 Madrid. Ces guitares sont un projet sp\u00e9cial cr\u00e9\u00e9 par Amalia Ramirez.<\/p>\n<p>Cette guitare Ramirez r\u00e9pond \u00e0 l&rsquo;objectif d&rsquo;Amalia, recr\u00e9er le v\u00e9ritable son espagnol des guitares construites par son arri\u00e8re-grand-p\u00e8re Jos\u00e9 Ramirez Ier. Sa caisse moyenne offre un excellent sustain dans les graves, tandis que les aigus sont \u00e9galement riches et chaleureux \u2026<\/p>\n<p>Une superbe trouvaille\u00a0!<\/p>\n","protected":false},"featured_media":55440,"comment_status":"open","ping_status":"closed","template":"","meta":{"_mo_disable_npp":""},"product_brand":[],"product_cat":[1058,1057],"product_tag":[],"class_list":{"0":"post-55438","1":"product","2":"type-product","3":"status-publish","4":"has-post-thumbnail","6":"product_cat-guitares","7":"product_cat-guitares-classique","8":"sales-flash-overlay","9":"woocommerce-text-align-left","10":"woocommerce-image-align-center","11":"do-quantity-buttons","12":"wc-has-gallery","14":"first","15":"outofstock","16":"sold-individually","17":"taxable","18":"shipping-taxable","19":"product-type-simple"},"_links":{"self":[{"href":"https:\/\/www.grandsalondeguitare.com\/fr\/wp-json\/wp\/v2\/product\/55438","targetHints":{"allow":["GET"]}}],"collection":[{"href":"https:\/\/www.grandsalondeguitare.com\/fr\/wp-json\/wp\/v2\/product"}],"about":[{"href":"https:\/\/www.grandsalondeguitare.com\/fr\/wp-json\/wp\/v2\/types\/product"}],"replies":[{"embeddable":true,"href":"https:\/\/www.grandsalondeguitare.com\/fr\/wp-json\/wp\/v2\/comments?post=55438"}],"wp:featuredmedia":[{"embeddable":true,"href":"https:\/\/www.grandsalondeguitare.com\/fr\/wp-json\/wp\/v2\/media\/55440"}],"wp:attachment":[{"href":"https:\/\/www.grandsalondeguitare.com\/fr\/wp-json\/wp\/v2\/media?parent=55438"}],"wp:term":[{"taxonomy":"product_brand","embeddable":true,"href":"https:\/\/www.grandsalondeguitare.com\/fr\/wp-json\/wp\/v2\/product_brand?post=55438"},{"taxonomy":"product_cat","embeddable":true,"href":"https:\/\/www.grandsalondeguitare.com\/fr\/wp-json\/wp\/v2\/product_cat?post=55438"},{"taxonomy":"product_tag","embeddable":true,"href":"https:\/\/www.grandsalondeguitare.com\/fr\/wp-json\/wp\/v2\/product_tag?post=55438"}],"curies":[{"name":"wp","href":"https:\/\/api.w.org\/{rel}","templated":true}]}}