{"id":55386,"date":"2025-05-15T16:16:21","date_gmt":"2025-05-15T21:16:21","guid":{"rendered":"https:\/\/www.grandsalondeguitare.com\/product\/c-819-andreas-madimenos-greece\/"},"modified":"2025-12-13T11:11:59","modified_gmt":"2025-12-13T16:11:59","slug":"c-819-andreas-madimenos-greece","status":"publish","type":"product","link":"https:\/\/www.grandsalondeguitare.com\/fr\/produit\/c-819-andreas-madimenos-greece\/","title":{"rendered":"C-819, Andreas Madimenos (Grece)"},"content":{"rendered":"<p>Guitare classique de concert<\/p>\n<p>N-63<\/p>\n<p>Fabriqu\u00e9e en 2023<\/p>\n<p>Diapason de 650 mm avec sillet de t\u00eate de 52 mm<\/p>\n<p>Table en c\u00e8dre rouge de l&rsquo;Ouest<\/p>\n<p>Barrage en treillis avec structure en balsa\/carbone<\/p>\n<p>Dos et \u00e9clisses en ziricote<\/p>\n<p>Manche sur\u00e9lev\u00e9 en c\u00e8dre espagnol<\/p>\n<p>Touche en \u00e9b\u00e8ne avec renfort<\/p>\n<p>M\u00e9caniques Pagos avec boutons en \u00e9b\u00e8ne<\/p>\n<p>Finition vernis au tampon frott\u00e9 \u00e0 la main<\/p>\n<p>\u00c9tui Visesnut mod\u00e8le Active inclus<\/p>\n<p>&nbsp;<\/p>\n<p>Poids de la guitare\u00a0: 2,95\u00a0kg<\/p>\n<p>Longueur du corps\u00a0: 49\u00a0cm<\/p>\n<p>Hauteur du corps\u00a0: 28,5\u00a0cm<\/p>\n<p>Hauteur du corps\u00a0: 37,5\u00a0cm<\/p>\n<p>Profondeur du corps\u00a0: 9,8\u00a0cm \u00e0 10,5\u00a0cm<\/p>\n<p>&nbsp;<\/p>\n<p>Andreas Madimenos, n\u00e9 \u00e0 Ath\u00e8nes, en Gr\u00e8ce, en 1984, a d\u00e9but\u00e9 sa carri\u00e8re musicale \u00e0 l&rsquo;\u00e2ge de 7\u00a0ans et a ensuite poursuivi des \u00e9tudes musicales. Parall\u00e8lement \u00e0 cela, il a obtenu une licence et un master en finance \u00e0 l&rsquo;Universit\u00e9 d&rsquo;\u00e9conomie et de commerce d&rsquo;Ath\u00e8nes.<\/p>\n<p>Cependant, c&rsquo;est sa fascination in\u00e9branlable pour le travail du bois et sa passion pour les guitares qui l&rsquo;ont conduit \u00e0 rejoindre l&rsquo;atelier de Pavlos Gypas en 2014.<\/p>\n<p>Madimenos n&rsquo;est pas seulement un artisan\u00a0; c&rsquo;est un innovateur qui con\u00e7oit ses propres mod\u00e8les et utilise des structures brevet\u00e9es. Ses guitares int\u00e8grent des mat\u00e9riaux et des techniques modernes, avec une attention m\u00e9ticuleuse aux d\u00e9tails, pour des instruments de haute qualit\u00e9.<\/p>\n<p>Chaque aspect de la construction de ses guitares, de la conception de la table d&rsquo;harmonie \u00e0 la rosace, est adapt\u00e9 aux pr\u00e9f\u00e9rences de chaque musicien. Fabriqu\u00e9es \u00e0 la main avec une perfection irr\u00e9prochable, son atelier en Gr\u00e8ce est l&rsquo;un des plus sophistiqu\u00e9s du monde des instruments de musique.<\/p>\n<p>Les guitares de Madimenos se distinguent par leur facilit\u00e9 de jeu, offrant un son moderne, pr\u00e9cis et puissant qui captive musiciens et passionn\u00e9s.<\/p>\n<p>Alors qu&rsquo;il continue de tracer son chemin dans le monde de la lutherie, Andreas Madimenos est un nom \u00e0 surveiller, offrant un m\u00e9lange harmonieux de tradition et d&rsquo;innovation dans chaque note.<\/p>\n","protected":false},"excerpt":{"rendered":"[youtube v=Qgadwe6e63w maxwidth=\"800px\"]\n<p>&nbsp;<\/p>\n<p>Andreas Madimenos est une \u00e9toile montante dans le monde de la lutherie. S&rsquo;appuyant sur son h\u00e9ritage, il pr\u00e9sente un nouveau mod\u00e8le qui rivalise les guitares lattice australiennes les plus r\u00e9put\u00e9es.<\/p>\n<p>Il ne s&rsquo;agit pas d&rsquo;une copie de Greg Smallman, mais d&rsquo;une guitare \u00e0 barrage lattice con\u00e7ue par Andreas, int\u00e9grant un barrage en carbone\/balsa et un grand cadre structurel \u00e0 l&rsquo;int\u00e9rieur de la guitare.<\/p>\n<p>Une guitare puissante avec des basses profondes et sombres, des aigus doux et chantants et un sustain exceptionnel !<\/p>\n<p>Les guitares Madimenos se distinguent par leur facilit\u00e9 de jeu, offrant un son moderne, pr\u00e9cis et puissant qui captive musiciens et passionn\u00e9s.<\/p>\n<p>Alors qu&rsquo;il continue de se frayer un chemin dans le monde de la lutherie, Andreas Madimenos est un nom \u00e0 suivre, offrant un m\u00e9lange harmonieux de tradition et d&rsquo;innovation dans chaque note\u2026<\/p>\n","protected":false},"featured_media":55341,"comment_status":"closed","ping_status":"closed","template":"","meta":{"_mo_disable_npp":""},"product_brand":[],"product_cat":[1058,1057],"product_tag":[2196,2199],"class_list":{"0":"post-55386","1":"product","2":"type-product","3":"status-publish","4":"has-post-thumbnail","6":"product_cat-guitares","7":"product_cat-guitares-classique","8":"product_tag-high-end-lattice-braced-guitars-montreal-canada-fr","9":"product_tag-smallman-style-guitars-montreal-canada-fr","10":"sales-flash-overlay","11":"woocommerce-text-align-left","12":"woocommerce-image-align-center","13":"do-quantity-buttons","14":"wc-has-gallery","16":"first","17":"outofstock","18":"sold-individually","19":"taxable","20":"shipping-taxable","21":"product-type-simple"},"_links":{"self":[{"href":"https:\/\/www.grandsalondeguitare.com\/fr\/wp-json\/wp\/v2\/product\/55386","targetHints":{"allow":["GET"]}}],"collection":[{"href":"https:\/\/www.grandsalondeguitare.com\/fr\/wp-json\/wp\/v2\/product"}],"about":[{"href":"https:\/\/www.grandsalondeguitare.com\/fr\/wp-json\/wp\/v2\/types\/product"}],"replies":[{"embeddable":true,"href":"https:\/\/www.grandsalondeguitare.com\/fr\/wp-json\/wp\/v2\/comments?post=55386"}],"wp:featuredmedia":[{"embeddable":true,"href":"https:\/\/www.grandsalondeguitare.com\/fr\/wp-json\/wp\/v2\/media\/55341"}],"wp:attachment":[{"href":"https:\/\/www.grandsalondeguitare.com\/fr\/wp-json\/wp\/v2\/media?parent=55386"}],"wp:term":[{"taxonomy":"product_brand","embeddable":true,"href":"https:\/\/www.grandsalondeguitare.com\/fr\/wp-json\/wp\/v2\/product_brand?post=55386"},{"taxonomy":"product_cat","embeddable":true,"href":"https:\/\/www.grandsalondeguitare.com\/fr\/wp-json\/wp\/v2\/product_cat?post=55386"},{"taxonomy":"product_tag","embeddable":true,"href":"https:\/\/www.grandsalondeguitare.com\/fr\/wp-json\/wp\/v2\/product_tag?post=55386"}],"curies":[{"name":"wp","href":"https:\/\/api.w.org\/{rel}","templated":true}]}}