{"id":55280,"date":"2025-05-07T11:31:10","date_gmt":"2025-05-07T16:31:11","guid":{"rendered":"https:\/\/www.grandsalondeguitare.com\/?post_type=product&#038;p=55280"},"modified":"2025-06-02T09:23:23","modified_gmt":"2025-06-02T14:23:23","slug":"c-808-oscar-munoz-espagne-copy","status":"publish","type":"product","link":"https:\/\/www.grandsalondeguitare.com\/fr\/produit\/c-808-oscar-munoz-espagne-copy\/","title":{"rendered":"C-818, Francisaco Mu\u00f1oz Alba (Espagne)"},"content":{"rendered":"<p>Nouvelle guitare classique de concert<\/p>\n<p>Fabriqu\u00e9e \u00e0 Grenade, Espagne<\/p>\n<p>Mod\u00e8le sp\u00e9cial \u00abHomenaje\u00bb<\/p>\n<p>N-121, ann\u00e9e 2025<\/p>\n<p>Diapason de 650 mm avec sillet de 52 mm<\/p>\n<p>Table en c\u00e8dre rouge de l&rsquo;Ouest (barrage en \u00e9ventail)<\/p>\n<p>Fond et \u00e9clisses en cocobolo<\/p>\n<p>Manche en c\u00e8dre<\/p>\n<p>Touche en \u00e9b\u00e8ne<\/p>\n<p>Rosace fabriqu\u00e9e \u00e0 la main<\/p>\n<p>Chevalet et plaquage de la t\u00eate en cocobolo<\/p>\n<p>M\u00e9caniques Aparicio Toledo avec boutons en \u00e9b\u00e8ne<\/p>\n<p>Finition au tampon \u00e0 la main en polis Francais<\/p>\n<p>\u00c9tui Hiscox Liteflite PROII inclus<\/p>\n<p>&nbsp;<\/p>\n<p>Longueur du corps\u00a0: 49 cm<\/p>\n<p>Haut du corps : 28 cm<\/p>\n<p>Bas du corps: 37,5 cm<\/p>\n<p>Epaisseur du corps : 9,8 cm<\/p>\n<p>Poids\u00a0: 1,60 kg lbs<\/p>\n<p>&nbsp;<\/p>\n<p>Francisco Mu\u00f1oz Alba est l&rsquo;un des luthiers les plus remarquables de la nouvelle g\u00e9n\u00e9ration espagnole.<\/p>\n<p>N\u00e9 dans l&rsquo;Albaicin de Grenade, Francisco a grandi dans une ville de luthiers, apprenant aupr\u00e8s des meilleurs pendant plusieurs d\u00e9cennies. Au fil des ans, Francisco a perfectionn\u00e9 son savoir-faire \u00e0 un tel point qu&rsquo;il a remport\u00e9 le premier prix du 2e concours international de lutherie Antonio Marin Montero\u00a0!<\/p>\n<p>Cette guitare est fid\u00e8lement reproduite sur les sp\u00e9cifications de la guitare gagnante (la seule diff\u00e9rence r\u00e9side dans les mat\u00e9riaux du fond et des \u00e9clisses). On remarque imm\u00e9diatement la virtuosit\u00e9 et la pr\u00e9cision des d\u00e9tails\u00a0: la mosa\u00efque de la rosace utilise une \u00ab\u00a0fleur de lys\u00a0\u00bb comme \u00e9l\u00e9ment principal, qui fournit le motif qui guide le reste des incrustations. Les courbes gracieuses (plut\u00f4t que les lignes droites) se retrouvent non seulement dans les filets des bords, mais aussi dans les incrustations de la couture centrale du fond.<\/p>\n<p>Les filets bris\u00e9s sur les bords de la mosa\u00efque de la rosace se retrouvent \u00e9galement avec go\u00fbt dans les filets du bloc de liaison et de la table int\u00e9rieure, donnant \u00e0 la guitare une esth\u00e9tique harmonieuse et harmonieuse.<\/p>\n<p>Un instrument d&rsquo;une grande classe \u00e0 tous \u00e9gards\u00a0!<\/p>\n<p>Nous sommes fiers d&rsquo;\u00eatre le distributeur exclusif canadien des guitares Francisco Mu\u00f1oz Alba.<\/p>\n","protected":false},"excerpt":{"rendered":"<p><span class=\"wixui-rich-text__text\"><span class=\"color_36 wixui-rich-text__text\">[youtube v=ZhiAr4gdPrI maxwidth=\"800px\"]<\/span><\/span><\/p>\n<p>&nbsp;<\/p>\n<p>Directement d&rsquo;Espagne, une excellente guitare classique de concert, avec de magnifiques combinaisons de bois et tout un savoir-faire !!<\/p>\n<p>On comprend imm\u00e9diatement pourquoi Francisco a remport\u00e9 le premier prix du c\u00e9l\u00e8bre concours de guitare Antonio Marin. Sa construction est superbe et son timbre particuli\u00e8rement chaud, rond et intense est impressionnant !!<\/p>\n<p>La r\u00e9ponse est tr\u00e8s rapide et les aigus chantent avec lyrisme et expressivit\u00e9. Le confort de jeu \u00e0 la main gauche est \u00e9galement excellent et permet au guitariste de se sentir \u00e0 l&rsquo;aise m\u00eame dans les passages tres rapides.<\/p>\n<p>En r\u00e9sum\u00e9, une guitare incroyable venue du c\u0153ur de Grenade\u00a0!<\/p>\n","protected":false},"featured_media":55282,"comment_status":"closed","ping_status":"closed","template":"","meta":{"_mo_disable_npp":""},"product_brand":[],"product_cat":[1058,1057],"product_tag":[1562,1564,2078],"class_list":{"0":"post-55280","1":"product","2":"type-product","3":"status-publish","4":"has-post-thumbnail","6":"product_cat-guitares","7":"product_cat-guitares-classique","8":"product_tag-granada-guitars-in-montreal-fr","9":"product_tag-luthier-guitars-montreal-canada-fr","10":"product_tag-oscar-munoz-luthier-granada-spain-fr","11":"sales-flash-overlay","12":"woocommerce-text-align-left","13":"woocommerce-image-align-center","14":"do-quantity-buttons","15":"wc-has-gallery","17":"first","18":"outofstock","19":"taxable","20":"shipping-taxable","21":"product-type-simple"},"_links":{"self":[{"href":"https:\/\/www.grandsalondeguitare.com\/fr\/wp-json\/wp\/v2\/product\/55280","targetHints":{"allow":["GET"]}}],"collection":[{"href":"https:\/\/www.grandsalondeguitare.com\/fr\/wp-json\/wp\/v2\/product"}],"about":[{"href":"https:\/\/www.grandsalondeguitare.com\/fr\/wp-json\/wp\/v2\/types\/product"}],"replies":[{"embeddable":true,"href":"https:\/\/www.grandsalondeguitare.com\/fr\/wp-json\/wp\/v2\/comments?post=55280"}],"wp:featuredmedia":[{"embeddable":true,"href":"https:\/\/www.grandsalondeguitare.com\/fr\/wp-json\/wp\/v2\/media\/55282"}],"wp:attachment":[{"href":"https:\/\/www.grandsalondeguitare.com\/fr\/wp-json\/wp\/v2\/media?parent=55280"}],"wp:term":[{"taxonomy":"product_brand","embeddable":true,"href":"https:\/\/www.grandsalondeguitare.com\/fr\/wp-json\/wp\/v2\/product_brand?post=55280"},{"taxonomy":"product_cat","embeddable":true,"href":"https:\/\/www.grandsalondeguitare.com\/fr\/wp-json\/wp\/v2\/product_cat?post=55280"},{"taxonomy":"product_tag","embeddable":true,"href":"https:\/\/www.grandsalondeguitare.com\/fr\/wp-json\/wp\/v2\/product_tag?post=55280"}],"curies":[{"name":"wp","href":"https:\/\/api.w.org\/{rel}","templated":true}]}}