{"id":55149,"date":"2025-04-24T15:56:57","date_gmt":"2025-04-24T20:56:57","guid":{"rendered":"https:\/\/www.grandsalondeguitare.com\/?post_type=product&#038;p=55149"},"modified":"2025-10-21T09:03:35","modified_gmt":"2025-10-21T14:03:35","slug":"c-784-daniel-stark-allemagne-copy-3","status":"publish","type":"product","link":"https:\/\/www.grandsalondeguitare.com\/fr\/produit\/c-784-daniel-stark-allemagne-copy-3\/","title":{"rendered":"C-816, Frederich Holtier (Etats-Unis)"},"content":{"rendered":"<p>Guitare classique Double Table de concert<\/p>\n<p>N-140<\/p>\n<p>Fabriqu\u00e9e dans l&rsquo;Ohio en 2019<\/p>\n<p>Diapason de 650 mm avec sillet de 52 mm<\/p>\n<p>\u00ab\u00a0Double Table\u00a0\u00bb<\/p>\n<p>\u00c9pic\u00e9a europ\u00e9en s\u00e9lectionn\u00e9<\/p>\n<p>Barrage en \u00e9ventail avec \u00e2me en nid d&rsquo;abeille tout en bois\u00a0!<\/p>\n<p>Fond et \u00e9clisses en \u00e9rable flamm\u00e9<\/p>\n<p>Manche en acajou renforc\u00e9 en graphite<\/p>\n<p>Touche en \u00e9b\u00e8ne avec 20 frettes<\/p>\n<p>Placage de la t\u00eate en \u00e9rable avec incrustations<\/p>\n<p>M\u00e9caniques Gotoh<\/p>\n<p>Vernis au tampon frott\u00e9 \u00e0 la main sur la table<\/p>\n<p>Vernis \u00e0 l&rsquo;huile poli \u00e0 la main sur le reste de la guitare<\/p>\n<p>\u00c9tui rigide inclus<\/p>\n<p>&nbsp;<\/p>\n<p>Poids de la guitare\u00a0: 1,60\u00a0kg<\/p>\n<p>Longueur du corps\u00a0: 49,5\u00a0cm<\/p>\n<p>Profondeur du corps\u00a0: 9,6\u00a0cm<\/p>\n<p>Hauteur du corps\u00a0: 29\u00a0cm<\/p>\n<p>Hauteur du corps\u00a0: 37\u00a0cm<\/p>\n<p>&nbsp;<\/p>\n<p>Frederich Holtier cr\u00e9e un son tr\u00e8s naturel en utilisant uniquement du bois pour le nid d&rsquo;abeille, usin\u00e9 CNC directement sur l&rsquo;\u00e9paisseur de la table ! Les trous sont ensuite obtur\u00e9s par une fine couche d&rsquo;\u00e9pic\u00e9a.<\/p>\n<p>Le fait que le laminage n&rsquo;atteigne pas les bords de la table conf\u00e8re \u00e0 la guitare un son plus naturel et traditionnel.<\/p>\n<p>J&rsquo;ai commenc\u00e9 \u00e0 cr\u00e9er ce mod\u00e8le en 2003, en y apportant quelques modifications au fil des ans..<\/p>\n<p>Frederich Holtier est n\u00e9 en 1947 en Roumanie. Il a commenc\u00e9 ses \u00e9tudes musicales \u00e0 l&rsquo;\u00e2ge de onze ans, apprenant le violoncelle. Plus tard, il a int\u00e9gr\u00e9 le Conservatoire de musique de Bucarest, o\u00f9 il a obtenu un master en th\u00e9orie et p\u00e9dagogie musicales. C&rsquo;est durant ses \u00e9tudes qu&rsquo;il a d\u00e9couvert la facture instrumentale en aidant son p\u00e8re \u00e0 fabriquer des guitares.<\/p>\n<p>Il s&rsquo;est ensuite lanc\u00e9 dans une carri\u00e8re de professeur de musique. Apr\u00e8s six ans d&rsquo;enseignement, il a d\u00e9cid\u00e9 de changer de voie et de se lancer dans le design industriel.<\/p>\n<p>En 1988, il a quitt\u00e9 la Roumanie pour \u00e9migrer d&rsquo;abord en Allemagne, puis aux \u00c9tats-Unis. Depuis 1995, Frederich fabrique des guitares classiques et flamencas de mani\u00e8re professionnelle.<\/p>\n<p>Luthier autodidacte, il a appris \u00e0 construire des guitares classiques et flamenco. Malgr\u00e9 les difficult\u00e9s li\u00e9es \u00e0 ce processus, il ne peut imaginer avoir fait autrement. Le fait de n&rsquo;avoir ni cherch\u00e9 ni re\u00e7u de conseils lui a donn\u00e9 la libert\u00e9 de suivre sa propre voie, loin des mythes et des id\u00e9es re\u00e7ues. La musique et la technique de Frederich \u00e9taient \u00e0 la fois empreintes de sens. Ses exp\u00e9riences conf\u00e8rent \u00e0 son travail un caract\u00e8re distingu\u00e9, recherch\u00e9 par les musiciens exigeants.<\/p>\n<p>Il est membre de la Guild of American Luthiers (GAL) et a expos\u00e9 ses \u0153uvres aux congr\u00e8s de la Guitar Foundation of America (GFA) \u00e0 Charleston (Caroline du Nord), Montr\u00e9al (Canada) et Oberlin (Ohio). Parmi les autres festivals, citons : Healdsburg (Californie), Akron (Ohio), Buffalo (New York), Sinaia (Roumanie) et Acadia (Nouvelle-\u00c9cosse). *<\/p>\n<p>*Tir\u00e9 directement du site web de Frederich consacr\u00e9 aux guitares classiques<\/p>\n","protected":false},"excerpt":{"rendered":"[youtube v=oshr1HljhtM maxwidth=\"800px\"]\n<p>&nbsp;<\/p>\n<p>L\u00e9g\u00e8rement utilis\u00e9e, en excellent \u00e9tat !<\/p>\n<p>Une magnifique guitare con\u00e7ue par le ma\u00eetre luthier de l&rsquo;Ohio !<\/p>\n<p>Dos et \u00e9clisses en \u00e9rable flamm\u00e9, associ\u00e9s \u00e0 une double table en \u00e9pic\u00e9a de qualit\u00e9, cette guitare offre un timbre chaleureux et tres somptueux&#8230; Excellent separations des voix, sustain et projection de niveau concert !! Manche tr\u00e8s confortables et tres faciles a jouer !!<\/p>\n<p>Un essaie s&rsquo;impose !!<\/p>\n","protected":false},"featured_media":55151,"comment_status":"closed","ping_status":"closed","template":"","meta":{"_mo_disable_npp":""},"product_brand":[],"product_cat":[2258,1058,1057],"product_tag":[2181,1060,1061,1062,2182],"class_list":{"0":"post-55149","1":"product","2":"type-product","3":"status-publish","4":"has-post-thumbnail","6":"product_cat-double-tops","7":"product_cat-guitares","8":"product_cat-guitares-classique","9":"product_tag-daniel-stark-classical-guitars-fr","10":"product_tag-daniel-stark-german-luthier-montreal-canada-fr","11":"product_tag-double-top-guitars-montreal-canada-fr","12":"product_tag-high-end-guitar-showroom-montreal-canada-fr","13":"product_tag-stark-concert-classical-guitars-fr","14":"sales-flash-overlay","15":"woocommerce-text-align-left","16":"woocommerce-image-align-center","17":"do-quantity-buttons","18":"wc-has-gallery","20":"first","21":"instock","22":"sold-individually","23":"taxable","24":"shipping-taxable","25":"purchasable","26":"product-type-simple"},"_links":{"self":[{"href":"https:\/\/www.grandsalondeguitare.com\/fr\/wp-json\/wp\/v2\/product\/55149","targetHints":{"allow":["GET"]}}],"collection":[{"href":"https:\/\/www.grandsalondeguitare.com\/fr\/wp-json\/wp\/v2\/product"}],"about":[{"href":"https:\/\/www.grandsalondeguitare.com\/fr\/wp-json\/wp\/v2\/types\/product"}],"replies":[{"embeddable":true,"href":"https:\/\/www.grandsalondeguitare.com\/fr\/wp-json\/wp\/v2\/comments?post=55149"}],"wp:featuredmedia":[{"embeddable":true,"href":"https:\/\/www.grandsalondeguitare.com\/fr\/wp-json\/wp\/v2\/media\/55151"}],"wp:attachment":[{"href":"https:\/\/www.grandsalondeguitare.com\/fr\/wp-json\/wp\/v2\/media?parent=55149"}],"wp:term":[{"taxonomy":"product_brand","embeddable":true,"href":"https:\/\/www.grandsalondeguitare.com\/fr\/wp-json\/wp\/v2\/product_brand?post=55149"},{"taxonomy":"product_cat","embeddable":true,"href":"https:\/\/www.grandsalondeguitare.com\/fr\/wp-json\/wp\/v2\/product_cat?post=55149"},{"taxonomy":"product_tag","embeddable":true,"href":"https:\/\/www.grandsalondeguitare.com\/fr\/wp-json\/wp\/v2\/product_tag?post=55149"}],"curies":[{"name":"wp","href":"https:\/\/api.w.org\/{rel}","templated":true}]}}