{"id":55029,"date":"2025-04-16T14:00:50","date_gmt":"2025-04-16T19:00:50","guid":{"rendered":"https:\/\/www.grandsalondeguitare.com\/?post_type=product&#038;p=55029"},"modified":"2025-10-21T09:05:19","modified_gmt":"2025-10-21T14:05:19","slug":"c-729-martin-blackwell-canada-copy","status":"publish","type":"product","link":"https:\/\/www.grandsalondeguitare.com\/fr\/produit\/c-729-martin-blackwell-canada-copy\/","title":{"rendered":"C-814, Martin Blackwell (Canada)"},"content":{"rendered":"<p>Guitare classique de concert \u00e0 double table<\/p>\n<p>N-52<\/p>\n<p>Fabriqu\u00e9e en 2009<\/p>\n<p>Diapason de 650 mm avec sillet de 52 mm<\/p>\n<p>C\u00e8dre sur c\u00e8dre provenant de tr\u00e8s vieux arbres&#8230;<\/p>\n<p>Barrage en \u00e9ventail avec \u00e2me en Nomex<\/p>\n<p>Dos et \u00e9clisses en palissandre Indien<\/p>\n<p>Manche en c\u00e8dre<\/p>\n<p>Touche en \u00e9b\u00e8ne avec 20e frette<\/p>\n<p>Filets en Bloodwood<\/p>\n<p>Port de son<\/p>\n<p>M\u00e9caniques Gotoh s\u00e9rie 510<\/p>\n<p>Finition vernis au tampon en polis Francais<\/p>\n<p>\u00c9tuis rigide et certificat d&rsquo;origine du luthier inclus<\/p>\n<p>&nbsp;<\/p>\n<p>Poids de la guitare\u00a0: 1,45\u00a0kg<\/p>\n<p>Longueur du corps\u00a0: 48,5\u00a0cm<\/p>\n<p>Profondeur du corps\u00a0: 10,6\u00a0cm<\/p>\n<p>Hauteur de la table sup\u00e9rieure\u00a0: 28,5\u00a0cm<\/p>\n<p>Hauteur de la table inf\u00e9rieure\u00a0: 37\u00a0cm<\/p>\n","protected":false},"excerpt":{"rendered":"<p>J&rsquo;ai vendu plus de 45\u00a0guitares Blackwell DT depuis 2007\u2026 cette guitare date de l&rsquo;\u00e9poque o\u00f9 Blackwell avait acc\u00e8s \u00e0 de tr\u00e8s vieilles tables en c\u00e8dre r\u00e9cup\u00e9r\u00e9es sur des arbres tomb\u00e9s naturellement sur l&rsquo;\u00eele de Vancouver\u00a0!<\/p>\n<p>Ces tables en c\u00e8dre brun foncer offrent un son tr\u00e8s sombre et bois\u00e9, avec beaucoup de profondeur, de pr\u00e9sence et de magnifiques aigus chantants. Le volume n&rsquo;est peut-\u00eatre pas aussi \u00e9lev\u00e9 qu&rsquo;aujourd&rsquo;hui, mais le timbre de la guitare est beaucoup plus naturel, comme celui d&rsquo;une excellente guitare traditionnelle !!<\/p>\n<p>Elle poss\u00e8de \u00e9galement la rosace d&rsquo;origine que j&rsquo;aimais beaucoup et des filets en bois de sang assortis\u00a0!<\/p>\n<p>Une belle trouvaille\u2026 en tr\u00e8s bon \u00e9tat\u00a0!<\/p>\n","protected":false},"featured_media":55031,"comment_status":"open","ping_status":"closed","template":"","meta":{"_mo_disable_npp":""},"product_brand":[],"product_cat":[2257,1058,1057],"product_tag":[],"class_list":{"0":"post-55029","1":"product","2":"type-product","3":"status-publish","4":"has-post-thumbnail","6":"product_cat-double-tables","7":"product_cat-guitares","8":"product_cat-guitares-classique","9":"sales-flash-overlay","10":"woocommerce-text-align-left","11":"woocommerce-image-align-center","12":"do-quantity-buttons","13":"wc-has-gallery","15":"first","16":"outofstock","17":"taxable","18":"shipping-taxable","19":"product-type-simple"},"_links":{"self":[{"href":"https:\/\/www.grandsalondeguitare.com\/fr\/wp-json\/wp\/v2\/product\/55029","targetHints":{"allow":["GET"]}}],"collection":[{"href":"https:\/\/www.grandsalondeguitare.com\/fr\/wp-json\/wp\/v2\/product"}],"about":[{"href":"https:\/\/www.grandsalondeguitare.com\/fr\/wp-json\/wp\/v2\/types\/product"}],"replies":[{"embeddable":true,"href":"https:\/\/www.grandsalondeguitare.com\/fr\/wp-json\/wp\/v2\/comments?post=55029"}],"wp:featuredmedia":[{"embeddable":true,"href":"https:\/\/www.grandsalondeguitare.com\/fr\/wp-json\/wp\/v2\/media\/55031"}],"wp:attachment":[{"href":"https:\/\/www.grandsalondeguitare.com\/fr\/wp-json\/wp\/v2\/media?parent=55029"}],"wp:term":[{"taxonomy":"product_brand","embeddable":true,"href":"https:\/\/www.grandsalondeguitare.com\/fr\/wp-json\/wp\/v2\/product_brand?post=55029"},{"taxonomy":"product_cat","embeddable":true,"href":"https:\/\/www.grandsalondeguitare.com\/fr\/wp-json\/wp\/v2\/product_cat?post=55029"},{"taxonomy":"product_tag","embeddable":true,"href":"https:\/\/www.grandsalondeguitare.com\/fr\/wp-json\/wp\/v2\/product_tag?post=55029"}],"curies":[{"name":"wp","href":"https:\/\/api.w.org\/{rel}","templated":true}]}}