{"id":54928,"date":"2025-04-14T15:49:04","date_gmt":"2025-04-14T20:49:05","guid":{"rendered":"https:\/\/www.grandsalondeguitare.com\/?post_type=product&#038;p=54928"},"modified":"2025-04-14T16:29:56","modified_gmt":"2025-04-14T21:29:56","slug":"c-663-sergei-de-jonge-canada-copy-2","status":"publish","type":"product","link":"https:\/\/www.grandsalondeguitare.com\/fr\/produit\/c-663-sergei-de-jonge-canada-copy-2\/","title":{"rendered":"C-812, Sergei De Jonge (Canada)"},"content":{"rendered":"<p>Guitare classique de concert<\/p>\n<p>Fabriqu\u00e9e en 1997<\/p>\n<p>Diapason de 655 mm avec sillet de t\u00eate de 52 mm<\/p>\n<p>Table en c\u00e8dre rouge de l&rsquo;Ouest avec barrage \u00ab\u00a0lattice\u00a0\u00bb tout en bois<\/p>\n<p>Dos et \u00e9clisses en palissandre du Br\u00e9sil<\/p>\n<p>Manche en acajou du Honduras<\/p>\n<p>Touche en \u00e9b\u00e8ne<\/p>\n<p>Chevalet sculpt\u00e9 \u00e0 la main en palissandre du Br\u00e9sil<\/p>\n<p>M\u00e9caniques Irving Sloane<\/p>\n<p>Finition enti\u00e8rement au laque<\/p>\n<p>\u00c9tui rigide inclus<\/p>\n<p>&nbsp;<\/p>\n<p>Longueur du corps\u00a0: 49 cm<\/p>\n<p>Hauteur du manche\u00a0: 28,5 cm<\/p>\n<p>Hauteur du manche\u00a0: 37,5 cm<\/p>\n<p>Largeur\u00a0: 10 cm<\/p>\n<p>Poids\u00a0: 1,80 kg<\/p>\n","protected":false},"excerpt":{"rendered":"<p>Cette guitare a \u00e9t\u00e9 fabriqu\u00e9e \u00e0 Oshawa par \u00abSagen\u00bb le fils de Sergei De Jonge !!<\/p>\n<p>Elle est dot\u00e9e d&rsquo;une table en c\u00e8dre rouge de l&rsquo;Ouest et d&rsquo;un magnifique fond et \u00e9clisses en palissandre du Br\u00e9sil\u00a0!<\/p>\n<p>Cette guitare puissante avec barrage lattice tout en bois, offre une pr\u00e9sence exceptionnelle, des basses profondes, chaleureuses et des aigus per\u00e7ants\u2026<\/p>\n<p>Un essaie s&rsquo;impose&#8230;<\/p>\n","protected":false},"featured_media":54930,"comment_status":"closed","ping_status":"closed","template":"","meta":{"_mo_disable_npp":""},"product_brand":[],"product_cat":[1058,1057],"product_tag":[1141,1851,1229,1852],"class_list":{"0":"post-54928","1":"product","2":"type-product","3":"status-publish","4":"has-post-thumbnail","6":"product_cat-guitares","7":"product_cat-guitares-classique","8":"product_tag-concert-classical-guitars-in-montreal-canada-fr","9":"product_tag-left-handed-classical-guitar-fr","10":"product_tag-sergei-de-jonge-luthier-fr","11":"product_tag-short-scale-left-handed-guitar-fr","12":"sales-flash-overlay","13":"woocommerce-text-align-left","14":"woocommerce-image-align-center","15":"do-quantity-buttons","16":"wc-has-gallery","18":"first","19":"instock","20":"sold-individually","21":"taxable","22":"shipping-taxable","23":"purchasable","24":"product-type-simple"},"_links":{"self":[{"href":"https:\/\/www.grandsalondeguitare.com\/fr\/wp-json\/wp\/v2\/product\/54928","targetHints":{"allow":["GET"]}}],"collection":[{"href":"https:\/\/www.grandsalondeguitare.com\/fr\/wp-json\/wp\/v2\/product"}],"about":[{"href":"https:\/\/www.grandsalondeguitare.com\/fr\/wp-json\/wp\/v2\/types\/product"}],"replies":[{"embeddable":true,"href":"https:\/\/www.grandsalondeguitare.com\/fr\/wp-json\/wp\/v2\/comments?post=54928"}],"wp:featuredmedia":[{"embeddable":true,"href":"https:\/\/www.grandsalondeguitare.com\/fr\/wp-json\/wp\/v2\/media\/54930"}],"wp:attachment":[{"href":"https:\/\/www.grandsalondeguitare.com\/fr\/wp-json\/wp\/v2\/media?parent=54928"}],"wp:term":[{"taxonomy":"product_brand","embeddable":true,"href":"https:\/\/www.grandsalondeguitare.com\/fr\/wp-json\/wp\/v2\/product_brand?post=54928"},{"taxonomy":"product_cat","embeddable":true,"href":"https:\/\/www.grandsalondeguitare.com\/fr\/wp-json\/wp\/v2\/product_cat?post=54928"},{"taxonomy":"product_tag","embeddable":true,"href":"https:\/\/www.grandsalondeguitare.com\/fr\/wp-json\/wp\/v2\/product_tag?post=54928"}],"curies":[{"name":"wp","href":"https:\/\/api.w.org\/{rel}","templated":true}]}}