{"id":54926,"date":"2025-04-14T12:53:26","date_gmt":"2025-04-14T17:53:26","guid":{"rendered":"https:\/\/www.grandsalondeguitare.com\/?post_type=product&#038;p=54926"},"modified":"2025-11-12T19:48:12","modified_gmt":"2025-11-13T00:48:12","slug":"a-271-kit-ventouse-guitarlift-copy","status":"publish","type":"product","link":"https:\/\/www.grandsalondeguitare.com\/fr\/produit\/a-271-kit-ventouse-guitarlift-copy\/","title":{"rendered":"A-394, Kit Ventouse Guitarlift (VL)"},"content":{"rendered":"","protected":false},"excerpt":{"rendered":"<p>Kit de ventouse GUITARLIFT avec vis longue de 10mm<\/p>\n<p>Comprends 4 ventouses avec 2&Prime; de diam\u00e8tre et vis de 10mm, 4 \u00e9crous et 1 cl\u00e9 \u00e0 ventouse.<\/p>\n<p>Fonctionne avec les supports GUITARLIFT Premium Trans, HE, Ultimate Matte et One For All<\/p>\n","protected":false},"featured_media":19587,"comment_status":"open","ping_status":"closed","template":"","meta":{"_mo_disable_npp":""},"product_brand":[],"product_cat":[1052,1069],"product_tag":[],"class_list":{"0":"post-54926","1":"product","2":"type-product","3":"status-publish","4":"has-post-thumbnail","6":"product_cat-accessoires","7":"product_cat-supports-pour-guitare","8":"sales-flash-overlay","9":"woocommerce-text-align-left","10":"woocommerce-image-align-center","11":"do-quantity-buttons","12":"wc-has-gallery","14":"first","15":"instock","16":"taxable","17":"shipping-taxable","18":"purchasable","19":"product-type-simple"},"_links":{"self":[{"href":"https:\/\/www.grandsalondeguitare.com\/fr\/wp-json\/wp\/v2\/product\/54926","targetHints":{"allow":["GET"]}}],"collection":[{"href":"https:\/\/www.grandsalondeguitare.com\/fr\/wp-json\/wp\/v2\/product"}],"about":[{"href":"https:\/\/www.grandsalondeguitare.com\/fr\/wp-json\/wp\/v2\/types\/product"}],"replies":[{"embeddable":true,"href":"https:\/\/www.grandsalondeguitare.com\/fr\/wp-json\/wp\/v2\/comments?post=54926"}],"wp:featuredmedia":[{"embeddable":true,"href":"https:\/\/www.grandsalondeguitare.com\/fr\/wp-json\/wp\/v2\/media\/19587"}],"wp:attachment":[{"href":"https:\/\/www.grandsalondeguitare.com\/fr\/wp-json\/wp\/v2\/media?parent=54926"}],"wp:term":[{"taxonomy":"product_brand","embeddable":true,"href":"https:\/\/www.grandsalondeguitare.com\/fr\/wp-json\/wp\/v2\/product_brand?post=54926"},{"taxonomy":"product_cat","embeddable":true,"href":"https:\/\/www.grandsalondeguitare.com\/fr\/wp-json\/wp\/v2\/product_cat?post=54926"},{"taxonomy":"product_tag","embeddable":true,"href":"https:\/\/www.grandsalondeguitare.com\/fr\/wp-json\/wp\/v2\/product_tag?post=54926"}],"curies":[{"name":"wp","href":"https:\/\/api.w.org\/{rel}","templated":true}]}}