{"id":54873,"date":"2025-04-12T07:33:59","date_gmt":"2025-04-12T12:33:59","guid":{"rendered":"https:\/\/www.grandsalondeguitare.com\/?post_type=product&#038;p=54873"},"modified":"2025-12-31T10:33:34","modified_gmt":"2025-12-31T15:33:34","slug":"c-787-rafal-turkowiak-pologne-copy","status":"publish","type":"product","link":"https:\/\/www.grandsalondeguitare.com\/fr\/produit\/c-787-rafal-turkowiak-pologne-copy\/","title":{"rendered":"C-811, Rafal Turkowiak (Pologne)"},"content":{"rendered":"<p>Guitare classique \u00ab\u00a0Double Table\u00a0\u00bb de concert<\/p>\n<p>La Reine des guitares !!<\/p>\n<p>N-478, Fabriqu\u00e9 en 2022<\/p>\n<p>Diapason courte de 630mm avec sillet de t\u00eate de 50mm<\/p>\n<p>C\u00e8dre rouge de l&rsquo;Ouest sur C\u00e8dre (tous deux de qualit\u00e9 sup\u00e9rieure avec r\u00e9sonateur Wave top)<\/p>\n<p>Dos et \u00e9clisses en Cocobolo avec aubier (qualit\u00e9 Master) press\u00e9 de haute technologie<\/p>\n<p>Profil de manche asym\u00e9trique Turkowiak en Mod.Aspen avec tubes acoustiques<\/p>\n<p>Touche en \u00e9b\u00e8ne africain de qualit\u00e9 sup\u00e9rieure avec frette en nickel-argent \u00e0 18 %<\/p>\n<p>Chevalet en \u00e9b\u00e8ne noir imp\u00e9dant avec ailes de renfort incrust\u00e9es d&rsquo;os naturel<\/p>\n<p>T\u00eate avec doubles plaques d&rsquo;\u00e9b\u00e8ne africain incrust\u00e9es d&rsquo;os naturel<\/p>\n<p>Rosace incrust\u00e9e du logo de la couronne en os naturel<\/p>\n<p>Accoudoir flottant en \u00e9b\u00e8ne africain (fixe)<\/p>\n<p>Fixations en \u00e9b\u00e8ne africain (qualit\u00e9 Master)<\/p>\n<p>Sillet en os authentique fa\u00e7onn\u00e9 \u00e0 la main, poli et semi-festonn\u00e9<\/p>\n<p>M\u00e9caniques Der Jung avec boutons en \u00e9b\u00e8ne et rouleaux en aluminium noir avec roulements et nacre blanche de renforts \u00e0 vis en nacre, ratio 18:1<\/p>\n<p>Marques lat\u00e9rales de touche au 7i\u00e8me frettes en os authentique<\/p>\n<p>Vernis hautement r\u00e9sonnant (propre recette) polis \u00e0 la main<\/p>\n<p>\u00c9tui de transport en coque dure ABS<\/p>\n<p>&nbsp;<\/p>\n<p>Le poids de la guitare est de 1,60 kg \/ 3,527 lbs<\/p>\n<p>La longueur du corps est de 49 cm \/ 19,29 pouces<\/p>\n<p>Le bout sup\u00e9rieur mesure 28 cm \/ 11,02 pouces<\/p>\n<p>Le bout inf\u00e9rieur est de 37 cm \/ 14,56 pouces<\/p>\n<p>La profondeur du corps est de 10 cm\/ 3,93 pouces<\/p>\n<p><img loading=\"lazy\" decoding=\"async\" class=\"luth_img\" src=\"https:\/\/cloudflare.shopincdn.ovh\/guitarrasluthier\/cache\/images\/luthiers\/Rafal-Turkowiak\/231x325_q100_png4_cr0_fix1\/RafalTurkowiak.jpg\" width=\"231\" height=\"325\" data-src-demand=\"luthiers\/Rafal Turkowiak\/RafalTurkowiak.jpg\" \/><\/p>\n<div class=\"large-6 medium-6 columns padt4 padlr6 padb3\">\n<p>Rafal Turkowiak est n\u00e9 le 9 janvier 1966 en Pologne.<\/p>\n<p>Sa passion et sa formation en menuiserie (son p\u00e8re et grand p\u00e8re \u00e9tant menuisier) ont rapidement guid\u00e9 ses pas et, inspir\u00e9 par le d\u00e9montage d&rsquo;une vieille guitare, Rafal a fabriqu\u00e9 son premier instrument classique en 1983.<\/p>\n<p>Des ann\u00e9es d&rsquo;exp\u00e9rience et d&rsquo;exp\u00e9rimentations ont abouti \u00e0 une s\u00e9rie de solutions innovantes pla\u00e7ant Rafal parmi les meilleurs fabricants d&rsquo;instruments au monde. Ses id\u00e9es les plus remarquables sont le r\u00e9sonateur de type \u00ab WAVE \u00bb, les tubes acoustiques situ\u00e9s \u00e0 l\u2019int\u00e9rieur du manche de la guitare et les accoudoirs int\u00e9gr\u00e9s au corps de la guitare.<\/p>\n<p>Rafal est \u00e9galement connu pour ses premiers dos et \u00e9clisses au monde en bois massif utilisant une technologie de presse de haute technologie.<\/p>\n<\/div>\n","protected":false},"excerpt":{"rendered":"[youtube v=F9CjMNARi38 maxwidth=\"800px\"]\n<p>&nbsp;<\/p>\n<p>Directe de Pologne !!! La Reine des guitares !!<\/p>\n<p>Double table c\u00e8dre\/c\u00e8dre, par le ma\u00eetre luthier Rafal Turkowiak, avec \u00e9chelle courte de 630mm !!<\/p>\n<p>Une belle voix chantante avec attaque et r\u00e9ponse rapides offrant beaucoup de pr\u00e9sence et un excellent sustain !!<\/p>\n<p>Un essaie s&rsquo;impose !!<\/p>\n","protected":false},"featured_media":54875,"comment_status":"closed","ping_status":"closed","template":"","meta":{"_mo_disable_npp":""},"product_brand":[],"product_cat":[2258,1058,1057],"product_tag":[],"class_list":{"0":"post-54873","1":"product","2":"type-product","3":"status-publish","4":"has-post-thumbnail","6":"product_cat-double-tops","7":"product_cat-guitares","8":"product_cat-guitares-classique","9":"sales-flash-overlay","10":"woocommerce-text-align-left","11":"woocommerce-image-align-center","12":"do-quantity-buttons","13":"wc-has-gallery","15":"first","16":"outofstock","17":"taxable","18":"shipping-taxable","19":"product-type-simple"},"_links":{"self":[{"href":"https:\/\/www.grandsalondeguitare.com\/fr\/wp-json\/wp\/v2\/product\/54873","targetHints":{"allow":["GET"]}}],"collection":[{"href":"https:\/\/www.grandsalondeguitare.com\/fr\/wp-json\/wp\/v2\/product"}],"about":[{"href":"https:\/\/www.grandsalondeguitare.com\/fr\/wp-json\/wp\/v2\/types\/product"}],"replies":[{"embeddable":true,"href":"https:\/\/www.grandsalondeguitare.com\/fr\/wp-json\/wp\/v2\/comments?post=54873"}],"wp:featuredmedia":[{"embeddable":true,"href":"https:\/\/www.grandsalondeguitare.com\/fr\/wp-json\/wp\/v2\/media\/54875"}],"wp:attachment":[{"href":"https:\/\/www.grandsalondeguitare.com\/fr\/wp-json\/wp\/v2\/media?parent=54873"}],"wp:term":[{"taxonomy":"product_brand","embeddable":true,"href":"https:\/\/www.grandsalondeguitare.com\/fr\/wp-json\/wp\/v2\/product_brand?post=54873"},{"taxonomy":"product_cat","embeddable":true,"href":"https:\/\/www.grandsalondeguitare.com\/fr\/wp-json\/wp\/v2\/product_cat?post=54873"},{"taxonomy":"product_tag","embeddable":true,"href":"https:\/\/www.grandsalondeguitare.com\/fr\/wp-json\/wp\/v2\/product_tag?post=54873"}],"curies":[{"name":"wp","href":"https:\/\/api.w.org\/{rel}","templated":true}]}}