{"id":54806,"date":"2025-04-09T17:32:09","date_gmt":"2025-04-09T22:32:09","guid":{"rendered":"https:\/\/www.grandsalondeguitare.com\/?post_type=product&#038;p=54806"},"modified":"2025-05-23T18:05:50","modified_gmt":"2025-05-23T23:05:50","slug":"c-809-amalio-burguet-lattice-spain-copy","status":"publish","type":"product","link":"https:\/\/www.grandsalondeguitare.com\/fr\/produit\/c-809-amalio-burguet-lattice-spain-copy\/","title":{"rendered":"C-810, Dimitris Piperidis (Gr\u00e8ce)"},"content":{"rendered":"<p>Nouvelle guitare classique de concert\u00a0!<\/p>\n<p>N-60, fabriqu\u00e9e en 2024<\/p>\n<p>Diapason de 650mm avec sillet de t\u00eate de 52mm<\/p>\n<p>Table en \u00e9pic\u00e9a europ\u00e9en (Picea abies)<\/p>\n<p>Dos et \u00e9clisses en palissandre indien (Dalbergia latifolia)<\/p>\n<p>Manche en cdre d&rsquo;Espagne (Cedrela odorata)<\/p>\n<p>Touche en \u00e9b\u00e8ne (Diospyros crassiflora)<\/p>\n<p>M\u00e9caniques Schaller Grandtune avec boutons en bois d&rsquo;amourette<\/p>\n<p>Finition vernis au tampon en polis Francais<\/p>\n<p>\u00c9tui rigide inclus<\/p>\n<p>&nbsp;<\/p>\n<p>Poids de la guitare\u00a0: 1,60 kg<\/p>\n<p>Longueur du corps\u00a0: 49 cm<\/p>\n<p>Hauteur du haut\u00a0: 28,5 cm<\/p>\n<p>Hauteur du bas\u00a0: 36,5 cm<\/p>\n<p>Profondeur du corps\u00a0: 10 cm<\/p>\n<p>&nbsp;<\/p>\n<p>*** Nous sommes fiers d&rsquo;\u00eatre le distributeur canadien de Dimitris Piperidis Guitares***<\/p>\n<p>&nbsp;<\/p>\n<p>N\u00e9 \u00e0 Ath\u00e8nes en 1973, il a grandi dans une famille de menuisiers et a pass\u00e9 la majeure partie de son enfance dans des ateliers.<\/p>\n<p>Adolescent, il a suivi quelques ann\u00e9es d&rsquo;\u00e9tudes musicales et, \u00e0 un moment donn\u00e9, ces deux univers se sont rencontr\u00e9s. C&rsquo;est alors qu&rsquo;il a fait ses premiers pas dans la fabrication d&rsquo;instruments de musique.<\/p>\n<p>Il a finalement trouv\u00e9 le chemin de l&rsquo;atelier du plus grand luthier grec, Pavlos Gypas, o\u00f9 il a \u00e9t\u00e9 son apprenti puis son collaborateur pendant plusieurs ann\u00e9es.<\/p>\n<p>Le deuxi\u00e8me professeur et mentor qui l&rsquo;a accompagn\u00e9 jusqu&rsquo;\u00e0 ce jour est le ma\u00eetre luthier Dominique Field.<\/p>\n<p>Tous deux experts en fabrication de guitares classiques traditionnelles l&rsquo;ont aid\u00e9 \u00e0 fa\u00e7onner son style dans cette m\u00eame direction.<\/p>\n<p>Depuis 2010, Dimitris poss\u00e8de son propre atelier \u00e0 Ath\u00e8nes, en Gr\u00e8ce, et ses guitares sont pr\u00e9sentes dans les salons de guitare du monde entier.<\/p>\n<p>Luthier Pavlos Gypas\u00a0:<\/p>\n<p>Des guitares magnifiques, un travail remarquable. Dimitris est vraiment en avance sur son temps, toujours en qu\u00eate de perfection, tant au niveau du son que de l&rsquo;esth\u00e9tique. Son travail m\u00e9rite assur\u00e9ment d&rsquo;\u00eatre remarqu\u00e9 et je suis certain qu&rsquo;il a beaucoup \u00e0 apporter \u00e0 l&rsquo;\u00e9volution de la lutherie en Gr\u00e8ce. Je suis tr\u00e8s heureux de ses r\u00e9alisations, car il a \u00e9t\u00e9 mon apprenti pendant de nombreuses ann\u00e9es et j&rsquo;ai suivi sa carri\u00e8re de pr\u00e8s depuis. Je vous souhaite le meilleur pour vos cr\u00e9ations.<\/p>\n<p>Luthier \u00ab\u00a0Dominique Field\u00a0\u00bb<\/p>\n<p>Au-del\u00e0 de nombreuses qualit\u00e9s telles que l&rsquo;\u00e9quilibre, le sustain, la profondeur, la puissance, la beaut\u00e9 du son, la pr\u00e9cision de la fabrication et l&rsquo;\u00e9l\u00e9gance de l&rsquo;esth\u00e9tique, les guitares Dimitris poss\u00e8dent \u00e9galement ce quelque chose de merveilleux que seuls les grands instruments de musique peuvent poss\u00e9der\u2026 une \u00e2me\u00a0!<\/p>\n<p>Un instrument de qualit\u00e9 pour tout guitariste exigeant.<\/p>\n","protected":false},"excerpt":{"rendered":"<p><span class=\"wixui-rich-text__text\"><span class=\"color_36 wixui-rich-text__text\">[youtube v=P6m4_n4MEkE maxwidth=\"800px\"]<\/span><\/span><\/p>\n<p>&nbsp;<\/p>\n<p>Directement de Gr\u00e8ce,<\/p>\n<p>La 60e guitare de Dimitri est arriv\u00e9e !!<\/p>\n<p>Quelque mot du luthier \u00ab Dominique Field \u00bb<\/p>\n<p>Au-del\u00e0 de nombreuses qualit\u00e9s telles que l&rsquo;\u00e9quilibre, le sustain, la profondeur, la puissance, la beaut\u00e9 du son, la pr\u00e9cision de la fabrication et l&rsquo;\u00e9l\u00e9gance de l&rsquo;esth\u00e9tique, les guitares Dimitris poss\u00e8dent \u00e9galement ce quelque chose de merveilleux que seuls les grands instruments de musique peuvent poss\u00e9der\u2026 une \u00e2me\u00a0!<\/p>\n<p>Un instrument de qualit\u00e9 pour tout guitariste exigeant.<\/p>\n","protected":false},"featured_media":54812,"comment_status":"open","ping_status":"closed","template":"","meta":{"_mo_disable_npp":""},"product_brand":[],"product_cat":[1058,1057],"product_tag":[1081,1214,1082,1084],"class_list":{"0":"post-54806","1":"product","2":"type-product","3":"status-publish","4":"has-post-thumbnail","6":"product_cat-guitares","7":"product_cat-guitares-classique","8":"product_tag-amalio-burguet-classical-guitars-fr","9":"product_tag-amalio-burguet-lattice-model-fr","10":"product_tag-amalio-burguet-valencia-spain-fr","11":"product_tag-luthier-amalio-burguet-fr","12":"sales-flash-overlay","13":"woocommerce-text-align-left","14":"woocommerce-image-align-center","15":"do-quantity-buttons","16":"wc-has-gallery","18":"first","19":"outofstock","20":"taxable","21":"shipping-taxable","22":"product-type-simple"},"_links":{"self":[{"href":"https:\/\/www.grandsalondeguitare.com\/fr\/wp-json\/wp\/v2\/product\/54806","targetHints":{"allow":["GET"]}}],"collection":[{"href":"https:\/\/www.grandsalondeguitare.com\/fr\/wp-json\/wp\/v2\/product"}],"about":[{"href":"https:\/\/www.grandsalondeguitare.com\/fr\/wp-json\/wp\/v2\/types\/product"}],"replies":[{"embeddable":true,"href":"https:\/\/www.grandsalondeguitare.com\/fr\/wp-json\/wp\/v2\/comments?post=54806"}],"wp:featuredmedia":[{"embeddable":true,"href":"https:\/\/www.grandsalondeguitare.com\/fr\/wp-json\/wp\/v2\/media\/54812"}],"wp:attachment":[{"href":"https:\/\/www.grandsalondeguitare.com\/fr\/wp-json\/wp\/v2\/media?parent=54806"}],"wp:term":[{"taxonomy":"product_brand","embeddable":true,"href":"https:\/\/www.grandsalondeguitare.com\/fr\/wp-json\/wp\/v2\/product_brand?post=54806"},{"taxonomy":"product_cat","embeddable":true,"href":"https:\/\/www.grandsalondeguitare.com\/fr\/wp-json\/wp\/v2\/product_cat?post=54806"},{"taxonomy":"product_tag","embeddable":true,"href":"https:\/\/www.grandsalondeguitare.com\/fr\/wp-json\/wp\/v2\/product_tag?post=54806"}],"curies":[{"name":"wp","href":"https:\/\/api.w.org\/{rel}","templated":true}]}}