{"id":54797,"date":"2025-04-09T15:13:14","date_gmt":"2025-04-09T20:13:14","guid":{"rendered":"https:\/\/www.grandsalondeguitare.com\/?post_type=product&#038;p=54797"},"modified":"2025-04-09T15:27:44","modified_gmt":"2025-04-09T20:27:44","slug":"a-240-daddario-scn-3b-copy","status":"publish","type":"product","link":"https:\/\/www.grandsalondeguitare.com\/fr\/produit\/a-240-daddario-scn-3b-copy\/","title":{"rendered":"A-391, D&rsquo;Addario LCN-3B"},"content":{"rendered":"<p>Cordes D&rsquo;Addario EJ45LP, tension normale, l\u00e9g\u00e8rement polies, LCN-3B &#8211; jeu de cordes de basse pour guitare classique<\/p>\n<p>Demi-Jeu de 3 cordes de basse (Mi, La, R\u00e9) en cuivre plaqu\u00e9 argent fil\u00e9es sur une \u00e2me multifilament Zyex.<\/p>\n<p>Remarque\u00a0: Le polissage enl\u00e8ve le placage argent, exposant ainsi l\u00e9g\u00e8rement le fil de cuivre. Par cons\u00e9quent, la couleur peut varier de l&rsquo;argent\u00e9 au brun, voire au gris.<\/p>\n","protected":false},"excerpt":{"rendered":"<p>D&rsquo;Addario LCN-3B<\/p>\n<p>Cordes de basses en cuivre plaqu\u00e9 argent l\u00e9g\u00e8rement polies fil\u00e9es<\/p>\n<p>Demi-jeu de basses \u00e0 \u00e2me composite<\/p>\n<p>Tension normale<\/p>\n","protected":false},"featured_media":54799,"comment_status":"closed","ping_status":"closed","template":"","meta":{"_mo_disable_npp":""},"product_brand":[],"product_cat":[1052,1054,2190],"product_tag":[1349,1350,1351],"class_list":{"0":"post-54797","1":"product","2":"type-product","3":"status-publish","4":"has-post-thumbnail","6":"product_cat-accessoires","7":"product_cat-cordes","8":"product_cat-half-sets","9":"product_tag-composite-core-bass-set-fr","10":"product_tag-daddario-scn-3b-bass-set-fr","11":"product_tag-pro-arte-ej45-c-composite-core-bass-set-fr","12":"sales-flash-overlay","13":"woocommerce-text-align-left","14":"woocommerce-image-align-center","15":"do-quantity-buttons","17":"first","18":"instock","19":"taxable","20":"shipping-taxable","21":"purchasable","22":"product-type-simple"},"_links":{"self":[{"href":"https:\/\/www.grandsalondeguitare.com\/fr\/wp-json\/wp\/v2\/product\/54797","targetHints":{"allow":["GET"]}}],"collection":[{"href":"https:\/\/www.grandsalondeguitare.com\/fr\/wp-json\/wp\/v2\/product"}],"about":[{"href":"https:\/\/www.grandsalondeguitare.com\/fr\/wp-json\/wp\/v2\/types\/product"}],"replies":[{"embeddable":true,"href":"https:\/\/www.grandsalondeguitare.com\/fr\/wp-json\/wp\/v2\/comments?post=54797"}],"wp:featuredmedia":[{"embeddable":true,"href":"https:\/\/www.grandsalondeguitare.com\/fr\/wp-json\/wp\/v2\/media\/54799"}],"wp:attachment":[{"href":"https:\/\/www.grandsalondeguitare.com\/fr\/wp-json\/wp\/v2\/media?parent=54797"}],"wp:term":[{"taxonomy":"product_brand","embeddable":true,"href":"https:\/\/www.grandsalondeguitare.com\/fr\/wp-json\/wp\/v2\/product_brand?post=54797"},{"taxonomy":"product_cat","embeddable":true,"href":"https:\/\/www.grandsalondeguitare.com\/fr\/wp-json\/wp\/v2\/product_cat?post=54797"},{"taxonomy":"product_tag","embeddable":true,"href":"https:\/\/www.grandsalondeguitare.com\/fr\/wp-json\/wp\/v2\/product_tag?post=54797"}],"curies":[{"name":"wp","href":"https:\/\/api.w.org\/{rel}","templated":true}]}}