{"id":54793,"date":"2020-10-26T14:34:29","date_gmt":"2020-10-26T19:34:29","guid":{"rendered":"https:\/\/www.grandsalondeguitare.com\/product\/a-229-oasis-sostenuto-nt-bass-sets\/"},"modified":"2025-04-08T17:22:32","modified_gmt":"2025-04-08T22:22:32","slug":"a-229-oasis-sostenuto-nt-bass-sets","status":"publish","type":"product","link":"https:\/\/www.grandsalondeguitare.com\/fr\/produit\/a-229-oasis-sostenuto-nt-bass-sets\/","title":{"rendered":"A-229, Oasis Sostenuto NT Bass sets"},"content":{"rendered":"","protected":false},"excerpt":{"rendered":"<p>Oasis Sostenuto<\/p>\n<p>Jeux de cordes de bass pour guitare classique<\/p>\n<p>Tension Normal<\/p>\n<p>Les cordes pour guitare classique Sostenuto\u2122 ont \u00e9t\u00e9 d\u00e9velopp\u00e9es par Oasis\u00ae pour le guitariste classique exigeant qui recherche avant tout un son lyrique et puissant, avec un sustain prolong\u00e9.<\/p>\n<p>Les cordes s&rsquo;installent rapidement et offrent une durabilit\u00e9 sup\u00e9rieure.<\/p>\n<p>Elles sont emball\u00e9es dans un sac en poly\u00e9thyl\u00e8ne r\u00e9sistant au ternissement.<\/p>\n<p>Diam\u00e8tre en pouces\u00a0:<\/p>\n<p>R\u00e9-R\u00e9, 4e = 0,029<\/p>\n<p>La-La, 5e = 0,035<\/p>\n<p>Mi-Mi, 6e = 0,043<\/p>\n","protected":false},"featured_media":16147,"comment_status":"closed","ping_status":"closed","template":"","meta":{"_mo_disable_npp":""},"product_brand":[],"product_cat":[1052,1054,2190],"product_tag":[2192,2194],"class_list":{"0":"post-54793","1":"product","2":"type-product","3":"status-publish","4":"has-post-thumbnail","6":"product_cat-accessoires","7":"product_cat-cordes","8":"product_cat-half-sets","9":"product_tag-oasis-classical-guitar-strings-fr","10":"product_tag-sostenuto-nt-bass-sets-fr","11":"sales-flash-overlay","12":"woocommerce-text-align-left","13":"woocommerce-image-align-center","14":"do-quantity-buttons","16":"first","17":"instock","18":"taxable","19":"shipping-taxable","20":"purchasable","21":"product-type-simple"},"_links":{"self":[{"href":"https:\/\/www.grandsalondeguitare.com\/fr\/wp-json\/wp\/v2\/product\/54793","targetHints":{"allow":["GET"]}}],"collection":[{"href":"https:\/\/www.grandsalondeguitare.com\/fr\/wp-json\/wp\/v2\/product"}],"about":[{"href":"https:\/\/www.grandsalondeguitare.com\/fr\/wp-json\/wp\/v2\/types\/product"}],"replies":[{"embeddable":true,"href":"https:\/\/www.grandsalondeguitare.com\/fr\/wp-json\/wp\/v2\/comments?post=54793"}],"wp:featuredmedia":[{"embeddable":true,"href":"https:\/\/www.grandsalondeguitare.com\/fr\/wp-json\/wp\/v2\/media\/16147"}],"wp:attachment":[{"href":"https:\/\/www.grandsalondeguitare.com\/fr\/wp-json\/wp\/v2\/media?parent=54793"}],"wp:term":[{"taxonomy":"product_brand","embeddable":true,"href":"https:\/\/www.grandsalondeguitare.com\/fr\/wp-json\/wp\/v2\/product_brand?post=54793"},{"taxonomy":"product_cat","embeddable":true,"href":"https:\/\/www.grandsalondeguitare.com\/fr\/wp-json\/wp\/v2\/product_cat?post=54793"},{"taxonomy":"product_tag","embeddable":true,"href":"https:\/\/www.grandsalondeguitare.com\/fr\/wp-json\/wp\/v2\/product_tag?post=54793"}],"curies":[{"name":"wp","href":"https:\/\/api.w.org\/{rel}","templated":true}]}}