{"id":54741,"date":"2025-04-07T18:28:50","date_gmt":"2025-04-07T23:28:50","guid":{"rendered":"https:\/\/www.grandsalondeguitare.com\/?post_type=product&#038;p=54741"},"modified":"2025-04-07T18:40:52","modified_gmt":"2025-04-07T23:40:52","slug":"c-809-amalio-burguet-lattice-spain","status":"publish","type":"product","link":"https:\/\/www.grandsalondeguitare.com\/fr\/produit\/c-809-amalio-burguet-lattice-spain\/","title":{"rendered":"C-809, Amalio Burguet Lattice (Spain)"},"content":{"rendered":"<p>NOUVEAU !!!<\/p>\n<p>Amalio Burguet<\/p>\n<p>Guitarrero Depuis 1966 \/ Fabricant de guitares depuis 1966<\/p>\n<p>Mod\u00e8le \u00ab\u00a0Lattice\u00a0\u00bb<\/p>\n<p>Diapason 650 mm avec sillet de t\u00eate 52 mm<\/p>\n<p>Table en \u00e9pic\u00e9a europ\u00e9en<\/p>\n<p>Dos et \u00e9clisses en palissandre de Madagascar (Dalbergia Baroni)<\/p>\n<p>Manche en c\u00e8dre<\/p>\n<p>Touche en \u00e9b\u00e8ne africain<\/p>\n<p>Chevalet en palissandre de Madagascar (Dalbergia Baroni)<\/p>\n<p>M\u00e9caniques Schaller Grandtune avec boutons en bois d&rsquo;amourette<\/p>\n<p>Finition laqu\u00e9e nitro<\/p>\n<p>\u00c9tui rigide en ABS inclus<\/p>\n<p>&nbsp;<\/p>\n<p>Poids de la guitare\u00a0: 1,65 kg<\/p>\n<p>Longueur du corps\u00a0: 48,26 cm<\/p>\n<p>Hauteur du haut\u00a0: 28,5 cm<\/p>\n<p>Hauteur du bas\u00a0: 37,5 cm<\/p>\n<p>Profondeur du corps\u00a0: 10 cm<\/p>\n<p>&nbsp;<\/p>\n<p>*** Nous sommes fiers d&rsquo;\u00eatre le Revendeur canadien des guitares Amalio Burguet***<\/p>\n<p>&nbsp;<\/p>\n<p>Amalio Burguet, l&rsquo;histoire&#8230;<\/p>\n<p>Amalio Burguet est n\u00e9 en 1951 \u00e0 Catarroja, un petit village pr\u00e8s de la ville ensoleill\u00e9e de Valence.<\/p>\n<p>D\u00e8s son plus jeune \u00e2ge, il d\u00e9veloppe un grand talent pour la fabrication de guitares en travaillant dans diff\u00e9rents ateliers. C&rsquo;est dans ces ateliers qu&rsquo;il fabrique sa premi\u00e8re guitare en 1966 et devient expert en production en s\u00e9rie.<\/p>\n<p>Cependant, il admire les guitares enti\u00e8rement fabriqu\u00e9es \u00e0 la main, dans un atelier individuel. Il reprend rapidement sa formation musicale et ses ann\u00e9es de conservatoire, et s&rsquo;int\u00e9resse de plus pr\u00e8s aux aspects les plus artisanaux. Cela implique d&rsquo;approfondir l&rsquo;\u00e9tude du traitement des mat\u00e9riaux, notamment le traitement du bois et les proc\u00e9d\u00e9s de fabrication.<\/p>\n<p>En 1984, il r\u00e9alise son r\u00eave\u00a0: il ouvre son propre atelier \u00e0 Catarroja. C&rsquo;est l\u00e0 qu&rsquo;il met en pratique tout ce qu&rsquo;il a appris, fabriquant des guitares artisanales innovantes et de haute qualit\u00e9, accessibles \u00e0 tous, \u00e9tudiants comme professionnels. En bref, Amalio est l&rsquo;alma mater du petit atelier familial. Une vie enti\u00e8re consacr\u00e9e au d\u00e9veloppement artisanal de l&rsquo;instrument qui le passionne\u00a0: la guitare espagnole.<\/p>\n<p>Amalio Burguet dirige son propre atelier \u00e0 Catarroja, en Espagne, depuis plus de 50\u00a0ans. Il est constamment \u00e0 la recherche des meilleures m\u00e9thodes pour fabriquer les meilleures guitares possibles.<\/p>\n<p>Une vie consacr\u00e9e \u00e0 la fabrication de guitares.<\/p>\n","protected":false},"excerpt":{"rendered":"<p>Directement de Valence, Espagne<\/p>\n<p>Superbe nouveau mod\u00e8le \u00ab\u00a0Lattice\u00a0\u00bb d&rsquo;Amalio Burguet<\/p>\n<p>Magnifique timbre espagnole, comme on peut s&rsquo;y attendre de toutes les guitares Burguet !<\/p>\n<p>Les mod\u00e8les Amalio Burguet sont enti\u00e8rement fabriqu\u00e9s \u00e0 la main dans l&rsquo;atelier de Catarroja. Notre objectif est de fournir des instruments de la plus haute qualit\u00e9, en utilisant uniquement des mat\u00e9riaux de haute qualit\u00e9, les meilleures colles et les vernis les plus innovants du march\u00e9\u2026<\/p>\n<p>Tous les bois massifs ont \u00e9t\u00e9 s\u00e9ch\u00e9s pendant au moins 7 ans.<\/p>\n<p>\u00c0 essayer absolument\u00a0!<\/p>\n","protected":false},"featured_media":54743,"comment_status":"open","ping_status":"closed","template":"","meta":{"_mo_disable_npp":""},"product_brand":[],"product_cat":[1058,1057],"product_tag":[1081,1214,1082,1084],"class_list":{"0":"post-54741","1":"product","2":"type-product","3":"status-publish","4":"has-post-thumbnail","6":"product_cat-guitares","7":"product_cat-guitares-classique","8":"product_tag-amalio-burguet-classical-guitars-fr","9":"product_tag-amalio-burguet-lattice-model-fr","10":"product_tag-amalio-burguet-valencia-spain-fr","11":"product_tag-luthier-amalio-burguet-fr","12":"sales-flash-overlay","13":"woocommerce-text-align-left","14":"woocommerce-image-align-center","15":"do-quantity-buttons","16":"wc-has-gallery","18":"first","19":"outofstock","20":"taxable","21":"shipping-taxable","22":"product-type-simple"},"_links":{"self":[{"href":"https:\/\/www.grandsalondeguitare.com\/fr\/wp-json\/wp\/v2\/product\/54741","targetHints":{"allow":["GET"]}}],"collection":[{"href":"https:\/\/www.grandsalondeguitare.com\/fr\/wp-json\/wp\/v2\/product"}],"about":[{"href":"https:\/\/www.grandsalondeguitare.com\/fr\/wp-json\/wp\/v2\/types\/product"}],"replies":[{"embeddable":true,"href":"https:\/\/www.grandsalondeguitare.com\/fr\/wp-json\/wp\/v2\/comments?post=54741"}],"wp:featuredmedia":[{"embeddable":true,"href":"https:\/\/www.grandsalondeguitare.com\/fr\/wp-json\/wp\/v2\/media\/54743"}],"wp:attachment":[{"href":"https:\/\/www.grandsalondeguitare.com\/fr\/wp-json\/wp\/v2\/media?parent=54741"}],"wp:term":[{"taxonomy":"product_brand","embeddable":true,"href":"https:\/\/www.grandsalondeguitare.com\/fr\/wp-json\/wp\/v2\/product_brand?post=54741"},{"taxonomy":"product_cat","embeddable":true,"href":"https:\/\/www.grandsalondeguitare.com\/fr\/wp-json\/wp\/v2\/product_cat?post=54741"},{"taxonomy":"product_tag","embeddable":true,"href":"https:\/\/www.grandsalondeguitare.com\/fr\/wp-json\/wp\/v2\/product_tag?post=54741"}],"curies":[{"name":"wp","href":"https:\/\/api.w.org\/{rel}","templated":true}]}}